{"id":363,"date":"2022-10-13T13:45:29","date_gmt":"2022-10-13T11:45:29","guid":{"rendered":"https:\/\/webfach.vxm.pl\/liceum\/?page_id=363"},"modified":"2025-12-16T10:45:32","modified_gmt":"2025-12-16T09:45:32","slug":"rekrutacja","status":"publish","type":"page","link":"https:\/\/www.pspo.edu.pl\/liceum\/strefa-rodzica\/rekrutacja\/","title":{"rendered":"Rekrutacja do Liceum na rok szkolny 2026\/2027"},"content":{"rendered":"<!-- AddThis Advanced Settings generic via filter on the_content --><!-- AddThis Share Buttons generic via filter on the_content -->","protected":false},"excerpt":{"rendered":"<p><!-- AddThis Advanced Settings generic via filter on get_the_excerpt --><!-- AddThis Share Buttons generic via filter on get_the_excerpt --><\/p>\n","protected":false},"author":1,"featured_media":0,"parent":371,"menu_order":0,"comment_status":"closed","ping_status":"closed","template":"template-files.php","meta":{"inline_featured_image":false,"ngg_post_thumbnail":0,"footnotes":""},"class_list":["post-363","page","type-page","status-publish","hentry"],"yoast_head":"<!-- This site is optimized with the Yoast SEO plugin v27.4 - https:\/\/yoast.com\/product\/yoast-seo-wordpress\/ -->\n<title>Rekrutacja do Liceum na rok szkolny 2026\/2027<\/title>\n<meta name=\"robots\" content=\"index, follow, max-snippet:-1, max-image-preview:large, max-video-preview:-1\" \/>\n<link rel=\"canonical\" href=\"https:\/\/www.pspo.edu.pl\/liceum\/strefa-rodzica\/rekrutacja\/\" \/>\n<meta property=\"og:locale\" content=\"pl_PL\" \/>\n<meta property=\"og:type\" content=\"article\" \/>\n<meta property=\"og:title\" content=\"Rekrutacja do Liceum na rok szkolny 2026\/2027\" \/>\n<meta property=\"og:url\" content=\"https:\/\/www.pspo.edu.pl\/liceum\/strefa-rodzica\/rekrutacja\/\" \/>\n<meta property=\"og:site_name\" content=\"LON\" \/>\n<meta property=\"article:modified_time\" content=\"2025-12-16T09:45:32+00:00\" \/>\n<meta name=\"twitter:card\" content=\"summary_large_image\" \/>\n<script type=\"application\/ld+json\" class=\"yoast-schema-graph\">{\"@context\":\"https:\\\/\\\/schema.org\",\"@graph\":[{\"@type\":\"NewsArticle\",\"@id\":\"https:\\\/\\\/www.pspo.edu.pl\\\/liceum\\\/strefa-rodzica\\\/rekrutacja\\\/#article\",\"isPartOf\":{\"@id\":\"https:\\\/\\\/www.pspo.edu.pl\\\/liceum\\\/strefa-rodzica\\\/rekrutacja\\\/\"},\"author\":{\"name\":\"pspoAdmin\",\"@id\":\"https:\\\/\\\/www.pspo.edu.pl\\\/liceum\\\/#\\\/schema\\\/person\\\/79340d1ebcff9ff11b2c8fe85a6914d2\"},\"headline\":\"Rekrutacja do Liceum na rok szkolny 2026\\\/2027\",\"datePublished\":\"2022-10-13T11:45:29+00:00\",\"dateModified\":\"2025-12-16T09:45:32+00:00\",\"mainEntityOfPage\":{\"@id\":\"https:\\\/\\\/www.pspo.edu.pl\\\/liceum\\\/strefa-rodzica\\\/rekrutacja\\\/\"},\"wordCount\":6,\"publisher\":{\"@id\":\"https:\\\/\\\/www.pspo.edu.pl\\\/liceum\\\/#organization\"},\"inLanguage\":\"pl-PL\"},{\"@type\":\"WebPage\",\"@id\":\"https:\\\/\\\/www.pspo.edu.pl\\\/liceum\\\/strefa-rodzica\\\/rekrutacja\\\/\",\"url\":\"https:\\\/\\\/www.pspo.edu.pl\\\/liceum\\\/strefa-rodzica\\\/rekrutacja\\\/\",\"name\":\"Rekrutacja do Liceum na rok szkolny 2026\\\/2027\",\"isPartOf\":{\"@id\":\"https:\\\/\\\/www.pspo.edu.pl\\\/liceum\\\/#website\"},\"datePublished\":\"2022-10-13T11:45:29+00:00\",\"dateModified\":\"2025-12-16T09:45:32+00:00\",\"breadcrumb\":{\"@id\":\"https:\\\/\\\/www.pspo.edu.pl\\\/liceum\\\/strefa-rodzica\\\/rekrutacja\\\/#breadcrumb\"},\"inLanguage\":\"pl-PL\",\"potentialAction\":[{\"@type\":\"ReadAction\",\"target\":[\"https:\\\/\\\/www.pspo.edu.pl\\\/liceum\\\/strefa-rodzica\\\/rekrutacja\\\/\"]}]},{\"@type\":\"BreadcrumbList\",\"@id\":\"https:\\\/\\\/www.pspo.edu.pl\\\/liceum\\\/strefa-rodzica\\\/rekrutacja\\\/#breadcrumb\",\"itemListElement\":[{\"@type\":\"ListItem\",\"position\":1,\"name\":\"Strona g\u0142\u00f3wna\",\"item\":\"https:\\\/\\\/www.pspo.edu.pl\\\/liceum\\\/\"},{\"@type\":\"ListItem\",\"position\":2,\"name\":\"Strefa rodzica\",\"item\":\"https:\\\/\\\/www.pspo.edu.pl\\\/liceum\\\/strefa-rodzica\\\/\"},{\"@type\":\"ListItem\",\"position\":3,\"name\":\"Rekrutacja do Liceum na rok szkolny 2026\\\/2027\"}]},{\"@type\":\"WebSite\",\"@id\":\"https:\\\/\\\/www.pspo.edu.pl\\\/liceum\\\/#website\",\"url\":\"https:\\\/\\\/www.pspo.edu.pl\\\/liceum\\\/\",\"name\":\"Liceum Og\u00f3lnokszta\u0142c\u0105ce Niepubliczne nr 43\",\"description\":\"Liceum Og\u00f3lnokszta\u0142c\u0105ce Niepubliczne nr 43\",\"publisher\":{\"@id\":\"https:\\\/\\\/www.pspo.edu.pl\\\/liceum\\\/#organization\"},\"alternateName\":\"LON\",\"potentialAction\":[{\"@type\":\"SearchAction\",\"target\":{\"@type\":\"EntryPoint\",\"urlTemplate\":\"https:\\\/\\\/www.pspo.edu.pl\\\/liceum\\\/?s={search_term_string}\"},\"query-input\":{\"@type\":\"PropertyValueSpecification\",\"valueRequired\":true,\"valueName\":\"search_term_string\"}}],\"inLanguage\":\"pl-PL\"},{\"@type\":\"Organization\",\"@id\":\"https:\\\/\\\/www.pspo.edu.pl\\\/liceum\\\/#organization\",\"name\":\"Liceum Og\u00f3lnokszta\u0142c\u0105ce Niepubliczne nr 43\",\"alternateName\":\"LON\",\"url\":\"https:\\\/\\\/www.pspo.edu.pl\\\/liceum\\\/\",\"logo\":{\"@type\":\"ImageObject\",\"inLanguage\":\"pl-PL\",\"@id\":\"https:\\\/\\\/www.pspo.edu.pl\\\/liceum\\\/#\\\/schema\\\/logo\\\/image\\\/\",\"url\":\"https:\\\/\\\/www.pspo.edu.pl\\\/liceum\\\/wp-content\\\/uploads\\\/sites\\\/5\\\/2022\\\/07\\\/cropped-logo.png\",\"contentUrl\":\"https:\\\/\\\/www.pspo.edu.pl\\\/liceum\\\/wp-content\\\/uploads\\\/sites\\\/5\\\/2022\\\/07\\\/cropped-logo.png\",\"width\":512,\"height\":512,\"caption\":\"Liceum Og\u00f3lnokszta\u0142c\u0105ce Niepubliczne nr 43\"},\"image\":{\"@id\":\"https:\\\/\\\/www.pspo.edu.pl\\\/liceum\\\/#\\\/schema\\\/logo\\\/image\\\/\"}},{\"@type\":\"Person\",\"@id\":\"https:\\\/\\\/www.pspo.edu.pl\\\/liceum\\\/#\\\/schema\\\/person\\\/79340d1ebcff9ff11b2c8fe85a6914d2\",\"name\":\"pspoAdmin\",\"image\":{\"@type\":\"ImageObject\",\"inLanguage\":\"pl-PL\",\"@id\":\"https:\\\/\\\/www.pspo.edu.pl\\\/liceum\\\/wp-content\\\/litespeed\\\/avatar\\\/5\\\/1bc66c6fe38709dae7c61ce2ab4d3f1d.jpg?ver=1776240858\",\"url\":\"https:\\\/\\\/www.pspo.edu.pl\\\/liceum\\\/wp-content\\\/litespeed\\\/avatar\\\/5\\\/1bc66c6fe38709dae7c61ce2ab4d3f1d.jpg?ver=1776240858\",\"contentUrl\":\"https:\\\/\\\/www.pspo.edu.pl\\\/liceum\\\/wp-content\\\/litespeed\\\/avatar\\\/5\\\/1bc66c6fe38709dae7c61ce2ab4d3f1d.jpg?ver=1776240858\",\"caption\":\"pspoAdmin\"},\"url\":\"https:\\\/\\\/www.pspo.edu.pl\\\/liceum\\\/author\\\/pspoadmin\\\/\"}]}<\/script>\n<!-- \/ Yoast SEO plugin. -->","yoast_head_json":{"title":"Rekrutacja do Liceum na rok szkolny 2026\/2027","robots":{"index":"index","follow":"follow","max-snippet":"max-snippet:-1","max-image-preview":"max-image-preview:large","max-video-preview":"max-video-preview:-1"},"canonical":"https:\/\/www.pspo.edu.pl\/liceum\/strefa-rodzica\/rekrutacja\/","og_locale":"pl_PL","og_type":"article","og_title":"Rekrutacja do Liceum na rok szkolny 2026\/2027","og_url":"https:\/\/www.pspo.edu.pl\/liceum\/strefa-rodzica\/rekrutacja\/","og_site_name":"LON","article_modified_time":"2025-12-16T09:45:32+00:00","twitter_card":"summary_large_image","schema":{"@context":"https:\/\/schema.org","@graph":[{"@type":"NewsArticle","@id":"https:\/\/www.pspo.edu.pl\/liceum\/strefa-rodzica\/rekrutacja\/#article","isPartOf":{"@id":"https:\/\/www.pspo.edu.pl\/liceum\/strefa-rodzica\/rekrutacja\/"},"author":{"name":"pspoAdmin","@id":"https:\/\/www.pspo.edu.pl\/liceum\/#\/schema\/person\/79340d1ebcff9ff11b2c8fe85a6914d2"},"headline":"Rekrutacja do Liceum na rok szkolny 2026\/2027","datePublished":"2022-10-13T11:45:29+00:00","dateModified":"2025-12-16T09:45:32+00:00","mainEntityOfPage":{"@id":"https:\/\/www.pspo.edu.pl\/liceum\/strefa-rodzica\/rekrutacja\/"},"wordCount":6,"publisher":{"@id":"https:\/\/www.pspo.edu.pl\/liceum\/#organization"},"inLanguage":"pl-PL"},{"@type":"WebPage","@id":"https:\/\/www.pspo.edu.pl\/liceum\/strefa-rodzica\/rekrutacja\/","url":"https:\/\/www.pspo.edu.pl\/liceum\/strefa-rodzica\/rekrutacja\/","name":"Rekrutacja do Liceum na rok szkolny 2026\/2027","isPartOf":{"@id":"https:\/\/www.pspo.edu.pl\/liceum\/#website"},"datePublished":"2022-10-13T11:45:29+00:00","dateModified":"2025-12-16T09:45:32+00:00","breadcrumb":{"@id":"https:\/\/www.pspo.edu.pl\/liceum\/strefa-rodzica\/rekrutacja\/#breadcrumb"},"inLanguage":"pl-PL","potentialAction":[{"@type":"ReadAction","target":["https:\/\/www.pspo.edu.pl\/liceum\/strefa-rodzica\/rekrutacja\/"]}]},{"@type":"BreadcrumbList","@id":"https:\/\/www.pspo.edu.pl\/liceum\/strefa-rodzica\/rekrutacja\/#breadcrumb","itemListElement":[{"@type":"ListItem","position":1,"name":"Strona g\u0142\u00f3wna","item":"https:\/\/www.pspo.edu.pl\/liceum\/"},{"@type":"ListItem","position":2,"name":"Strefa rodzica","item":"https:\/\/www.pspo.edu.pl\/liceum\/strefa-rodzica\/"},{"@type":"ListItem","position":3,"name":"Rekrutacja do Liceum na rok szkolny 2026\/2027"}]},{"@type":"WebSite","@id":"https:\/\/www.pspo.edu.pl\/liceum\/#website","url":"https:\/\/www.pspo.edu.pl\/liceum\/","name":"Liceum Og\u00f3lnokszta\u0142c\u0105ce Niepubliczne nr 43","description":"Liceum Og\u00f3lnokszta\u0142c\u0105ce Niepubliczne nr 43","publisher":{"@id":"https:\/\/www.pspo.edu.pl\/liceum\/#organization"},"alternateName":"LON","potentialAction":[{"@type":"SearchAction","target":{"@type":"EntryPoint","urlTemplate":"https:\/\/www.pspo.edu.pl\/liceum\/?s={search_term_string}"},"query-input":{"@type":"PropertyValueSpecification","valueRequired":true,"valueName":"search_term_string"}}],"inLanguage":"pl-PL"},{"@type":"Organization","@id":"https:\/\/www.pspo.edu.pl\/liceum\/#organization","name":"Liceum Og\u00f3lnokszta\u0142c\u0105ce Niepubliczne nr 43","alternateName":"LON","url":"https:\/\/www.pspo.edu.pl\/liceum\/","logo":{"@type":"ImageObject","inLanguage":"pl-PL","@id":"https:\/\/www.pspo.edu.pl\/liceum\/#\/schema\/logo\/image\/","url":"https:\/\/www.pspo.edu.pl\/liceum\/wp-content\/uploads\/sites\/5\/2022\/07\/cropped-logo.png","contentUrl":"https:\/\/www.pspo.edu.pl\/liceum\/wp-content\/uploads\/sites\/5\/2022\/07\/cropped-logo.png","width":512,"height":512,"caption":"Liceum Og\u00f3lnokszta\u0142c\u0105ce Niepubliczne nr 43"},"image":{"@id":"https:\/\/www.pspo.edu.pl\/liceum\/#\/schema\/logo\/image\/"}},{"@type":"Person","@id":"https:\/\/www.pspo.edu.pl\/liceum\/#\/schema\/person\/79340d1ebcff9ff11b2c8fe85a6914d2","name":"pspoAdmin","image":{"@type":"ImageObject","inLanguage":"pl-PL","@id":"https:\/\/www.pspo.edu.pl\/liceum\/wp-content\/litespeed\/avatar\/5\/1bc66c6fe38709dae7c61ce2ab4d3f1d.jpg?ver=1776240858","url":"https:\/\/www.pspo.edu.pl\/liceum\/wp-content\/litespeed\/avatar\/5\/1bc66c6fe38709dae7c61ce2ab4d3f1d.jpg?ver=1776240858","contentUrl":"https:\/\/www.pspo.edu.pl\/liceum\/wp-content\/litespeed\/avatar\/5\/1bc66c6fe38709dae7c61ce2ab4d3f1d.jpg?ver=1776240858","caption":"pspoAdmin"},"url":"https:\/\/www.pspo.edu.pl\/liceum\/author\/pspoadmin\/"}]}},"_links":{"self":[{"href":"https:\/\/www.pspo.edu.pl\/liceum\/wp-json\/wp\/v2\/pages\/363","targetHints":{"allow":["GET"]}}],"collection":[{"href":"https:\/\/www.pspo.edu.pl\/liceum\/wp-json\/wp\/v2\/pages"}],"about":[{"href":"https:\/\/www.pspo.edu.pl\/liceum\/wp-json\/wp\/v2\/types\/page"}],"author":[{"embeddable":true,"href":"https:\/\/www.pspo.edu.pl\/liceum\/wp-json\/wp\/v2\/users\/1"}],"replies":[{"embeddable":true,"href":"https:\/\/www.pspo.edu.pl\/liceum\/wp-json\/wp\/v2\/comments?post=363"}],"version-history":[{"count":26,"href":"https:\/\/www.pspo.edu.pl\/liceum\/wp-json\/wp\/v2\/pages\/363\/revisions"}],"predecessor-version":[{"id":2735,"href":"https:\/\/www.pspo.edu.pl\/liceum\/wp-json\/wp\/v2\/pages\/363\/revisions\/2735"}],"up":[{"embeddable":true,"href":"https:\/\/www.pspo.edu.pl\/liceum\/wp-json\/wp\/v2\/pages\/371"}],"wp:attachment":[{"href":"https:\/\/www.pspo.edu.pl\/liceum\/wp-json\/wp\/v2\/media?parent=363"}],"curies":[{"name":"wp","href":"https:\/\/api.w.org\/{rel}","templated":true}]}}