{"id":378,"date":"2022-10-13T13:47:36","date_gmt":"2022-10-13T11:47:36","guid":{"rendered":"https:\/\/webfach.vxm.pl\/liceum\/?page_id=378"},"modified":"2023-01-19T15:57:28","modified_gmt":"2023-01-19T14:57:28","slug":"o-nas","status":"publish","type":"page","link":"https:\/\/www.pspo.edu.pl\/liceum\/o-nas\/","title":{"rendered":"O nas"},"content":{"rendered":"<p style=\"text-align: center;\"><iframe src=\"\/\/www.youtube.com\/embed\/eGgJku-RZvQ\" width=\"560\" height=\"314\" allowfullscreen=\"allowfullscreen\"><\/iframe><\/p>\n<p><q>Szko\u0142a, do kt\u00f3rej ucz\u0119szczam jest nie tylko budynkiem, w kt\u00f3rym si\u0119 ucz\u0119, ale\u00a0\u00a0\u00a0 r\u00f3wnie\u017c miejscem, kt\u00f3re daje mi niesamowicie wiele pi\u0119knych wspomnie\u0144. Jestem\u00a0\u00a0\u00a0 bardzo zadowolona z wyboru, poniewa\u017c panuje tam \u015bwietna atmosfera, indywidualne\u00a0 podej\u015bcie nauczycieli oraz pozna\u0142am tam du\u017co wspania\u0142ych os\u00f3b.&#8221; <strong>Natalia<\/strong><\/q><\/p>\n<p>&#8222;Nasza szko\u0142a jest dla mnie bezpiecznym miejscem, w kt\u00f3rym s\u0105 ludzie, na kt\u00f3rych zawsze mog\u0119 liczy\u0107. Jestem w niej, bo nie wyobra\u017cam sobie by\u0107 w innej.&#8221; <strong>Zosia<\/strong><\/p>\n<p><em>&#8222;Dzi\u0119ki PSPO mog\u0119 realizowa\u0107 moje pasje zwi\u0105zane z wyst\u0119pami na scenie.&#8221;<\/em>\u00a0<strong>Marysia<\/strong><\/p>\n<p><em>&#8222;Nasza szko\u0142a jest wyj\u0105tkowa. Tak prawdziwe wyj\u0105tkowa, bowiem niewielu z moich znajomych, r\u00f3wnie\u017c uczni\u00f3w, idzie rano do szko\u0142y z u\u015bmiechem, a w pi\u0105tek, przed d\u0142ugim weekendem ju\u017c po trochu t\u0119skni do poniedzia\u0142ku, tak jak ja. To zas\u0142uga \u015bwietnej atmosfery, fajnych ludzi, nauczycieli z dobrym podej\u015bciem &#8211; w du\u017cej mierze r\u00f3wnie\u017c systemu, kt\u00f3ry mamy teraz w liceum. Mo\u017ce to do\u015b\u0107 oklepany tekst, ale wyj\u0105tkowo szczery. Wyj\u0105tkowo, tak jak wyj\u0105tkowa jest nasza szko\u0142a.&#8221;<\/em>\u00a0<strong>Igor<\/strong><\/p>\n<p><em>&#8222;Nasza szko\u0142a jest dla mnie przystankiem na drodze do osi\u0105gni\u0119cia moich cel\u00f3w i dostania si\u0119 na wymarzone studia. A jestem w niej bo moja mama chodzi\u0142a na ta\u0144ce z Pani\u0105 dyrektor, a potem przysz\u0142a na dzie\u0144 otwarty i Marysia przekona\u0142a j\u0105 (a p\u00f3\u017aniej mnie) \u017ce szko\u0142a jest o wiele bardziej przyjazna uczniom ni\u017c moja poprzednia&#8221;\u00a0<strong>\u00a0<\/strong><\/em><strong>Ania<\/strong><\/p>\n<p><em>&#8222;Nasza szko\u0142a jest dla mnie miejscem spotka\u0144 ze znajomymi, ale te\u017c miejscem, w kt\u00f3rym rozwijam swoje umiej\u0119tno\u015bci. Jestem akurat tutaj a nie gdzie\u015b indziej, poniewa\u017c uwa\u017cam, \u017ce w tym liceum jestem traktowany bardziej indywidualnie ni\u017c w innych szko\u0142ach.&#8221;<\/em>\u00a0\u00a0<strong>Maciek<\/strong><\/p>\n<p><em>&#8222;W odr\u00f3\u017cnieniu do innych szk\u00f3\u0142 w kt\u00f3rych sp\u0119dza\u0142am tak wiele czasu, ta jest po prostu mi\u0142a. Jest to miejsce spotkania z lud\u017ami wykszta\u0142conymi (kt\u00f3rzy ch\u0119tnie cz\u0119stuj\u0105 swoj\u0105 wiedz\u0105), a w dodatku kt\u00f3rych szczerze uwielbiam. A dlaczego w niej jestem? By\u0142am w innej, w kt\u00f3rej panowa\u0142a fatalna atmosfera i ciesz\u0119 si\u0119 \u017ce wybra\u0142am w\u0142a\u015bnie t\u0119. Gdybym mia\u0142a mo\u017cliwo\u015b\u0107 znowu dokona\u0107 wyboru, bez wahania wesz\u0142abym drugi raz w te sam\u0105\u00a0rzek\u0119&#8221;\u00a0<\/em><strong>\u00a0Mania<\/strong><\/p>\n<div><em>&#8222;Moja szko\u0142a jest miejscem do rozwijania swoich mo\u017cliwo\u015bci. Wybra\u0142am j\u0105, przede wszystkim za system tutoringu, dobry kontakt mi\u0119dzy nauczycielem a uczniem oraz za \u015bwietn\u0105 atmosfer\u0119&#8221;<\/em>\u00a0<strong>Patrycja<\/strong><\/div>\n<div><\/div>\n<div>\n<ul>\n<li>\n<div><strong>Doskonalimy\u00a0<a class=\" \" href=\"\/liceum\/jezyki-obce\/\">J\u0118ZYKI<\/a><\/strong><\/div>\n<\/li>\n<li>\n<div><strong>Mamy dobre\u00a0<a class=\" \" href=\"\/liceum\/o-nas\/atmosfera\/\">RELACJE<\/a><\/strong><\/div>\n<\/li>\n<li>\n<div><strong>Odnosimy\u00a0<a class=\" \" href=\"\/liceum\/o-nas\/absolwenci\/\">SUKCESY<\/a><\/strong><\/div>\n<\/li>\n<li>\n<div><strong>Stawiamy na\u00a0<a class=\" \" href=\"\/liceum\/o-nas\/nasze-wartosci\/\">WARTO\u015aCI<\/a><\/strong><\/div>\n<\/li>\n<li>\n<div><strong>Na szcz\u0119\u015bcie mamy\u00a0<a class=\" \" href=\"\/liceum\/strefa-ucznia\/tutoring\/\">TUTORING<\/a><\/strong><\/div>\n<\/li>\n<\/ul>\n<\/div>\n<div><\/div>\n<div>Szczeg\u00f3\u0142y dotycz\u0105ce przyj\u0119cia kandydat\u00f3w do liceum w zak\u0142adce\u00a0<strong><a class=\" \" href=\"\/liceum\/strefa-rodzica\/rekrutacja\/\">Rekrutacja<\/a><\/strong><\/div>\n<!-- AddThis Advanced Settings generic via filter on the_content --><!-- AddThis Share Buttons generic via filter on the_content -->","protected":false},"excerpt":{"rendered":"<p>Szko\u0142a, do kt\u00f3rej ucz\u0119szczam jest nie tylko budynkiem, w kt\u00f3rym si\u0119 ucz\u0119, ale\u00a0\u00a0\u00a0 r\u00f3wnie\u017c miejscem, kt\u00f3re daje mi niesamowicie wiele pi\u0119knych wspomnie\u0144. Jestem\u00a0\u00a0\u00a0 bardzo zadowolona z wyboru, poniewa\u017c panuje tam \u015bwietna atmosfera, indywidualne\u00a0 podej\u015bcie nauczycieli oraz pozna\u0142am tam du\u017co wspania\u0142ych os\u00f3b.&#8221; Natalia &#8222;Nasza szko\u0142a jest dla mnie bezpiecznym miejscem, w kt\u00f3rym s\u0105 ludzie, na kt\u00f3rych &hellip;<!-- AddThis Advanced Settings generic via filter on get_the_excerpt --><!-- AddThis Share Buttons generic via filter on get_the_excerpt --><\/p>\n","protected":false},"author":1,"featured_media":0,"parent":0,"menu_order":0,"comment_status":"closed","ping_status":"closed","template":"","meta":{"inline_featured_image":false,"ngg_post_thumbnail":0,"footnotes":""},"class_list":["post-378","page","type-page","status-publish","hentry"],"yoast_head":"<!-- This site is optimized with the Yoast SEO plugin v27.4 - https:\/\/yoast.com\/product\/yoast-seo-wordpress\/ -->\n<title>O nas - LON<\/title>\n<meta name=\"robots\" content=\"index, follow, max-snippet:-1, max-image-preview:large, max-video-preview:-1\" \/>\n<link rel=\"canonical\" href=\"https:\/\/www.pspo.edu.pl\/liceum\/o-nas\/\" \/>\n<meta property=\"og:locale\" content=\"pl_PL\" \/>\n<meta property=\"og:type\" content=\"article\" \/>\n<meta property=\"og:title\" content=\"O nas - LON\" \/>\n<meta property=\"og:description\" content=\"Szko\u0142a, do kt\u00f3rej ucz\u0119szczam jest nie tylko budynkiem, w kt\u00f3rym si\u0119 ucz\u0119, ale\u00a0\u00a0\u00a0 r\u00f3wnie\u017c miejscem, kt\u00f3re daje mi niesamowicie wiele pi\u0119knych wspomnie\u0144. Jestem\u00a0\u00a0\u00a0 bardzo zadowolona z wyboru, poniewa\u017c panuje tam \u015bwietna atmosfera, indywidualne\u00a0 podej\u015bcie nauczycieli oraz pozna\u0142am tam du\u017co wspania\u0142ych os\u00f3b.&#8221; Natalia &#8222;Nasza szko\u0142a jest dla mnie bezpiecznym miejscem, w kt\u00f3rym s\u0105 ludzie, na kt\u00f3rych &hellip;\" \/>\n<meta property=\"og:url\" content=\"https:\/\/www.pspo.edu.pl\/liceum\/o-nas\/\" \/>\n<meta property=\"og:site_name\" content=\"LON\" \/>\n<meta property=\"article:modified_time\" content=\"2023-01-19T14:57:28+00:00\" \/>\n<meta name=\"twitter:card\" content=\"summary_large_image\" \/>\n<meta name=\"twitter:label1\" content=\"Szacowany czas czytania\" \/>\n\t<meta name=\"twitter:data1\" content=\"3 minuty\" \/>\n<script type=\"application\/ld+json\" class=\"yoast-schema-graph\">{\"@context\":\"https:\\\/\\\/schema.org\",\"@graph\":[{\"@type\":\"WebPage\",\"@id\":\"https:\\\/\\\/www.pspo.edu.pl\\\/liceum\\\/o-nas\\\/\",\"url\":\"https:\\\/\\\/www.pspo.edu.pl\\\/liceum\\\/o-nas\\\/\",\"name\":\"O nas - LON\",\"isPartOf\":{\"@id\":\"https:\\\/\\\/www.pspo.edu.pl\\\/liceum\\\/#website\"},\"datePublished\":\"2022-10-13T11:47:36+00:00\",\"dateModified\":\"2023-01-19T14:57:28+00:00\",\"breadcrumb\":{\"@id\":\"https:\\\/\\\/www.pspo.edu.pl\\\/liceum\\\/o-nas\\\/#breadcrumb\"},\"inLanguage\":\"pl-PL\",\"potentialAction\":[{\"@type\":\"ReadAction\",\"target\":[\"https:\\\/\\\/www.pspo.edu.pl\\\/liceum\\\/o-nas\\\/\"]}]},{\"@type\":\"BreadcrumbList\",\"@id\":\"https:\\\/\\\/www.pspo.edu.pl\\\/liceum\\\/o-nas\\\/#breadcrumb\",\"itemListElement\":[{\"@type\":\"ListItem\",\"position\":1,\"name\":\"Strona g\u0142\u00f3wna\",\"item\":\"https:\\\/\\\/www.pspo.edu.pl\\\/liceum\\\/\"},{\"@type\":\"ListItem\",\"position\":2,\"name\":\"O nas\"}]},{\"@type\":\"WebSite\",\"@id\":\"https:\\\/\\\/www.pspo.edu.pl\\\/liceum\\\/#website\",\"url\":\"https:\\\/\\\/www.pspo.edu.pl\\\/liceum\\\/\",\"name\":\"Liceum Og\u00f3lnokszta\u0142c\u0105ce Niepubliczne nr 43\",\"description\":\"Liceum Og\u00f3lnokszta\u0142c\u0105ce Niepubliczne nr 43\",\"publisher\":{\"@id\":\"https:\\\/\\\/www.pspo.edu.pl\\\/liceum\\\/#organization\"},\"alternateName\":\"LON\",\"potentialAction\":[{\"@type\":\"SearchAction\",\"target\":{\"@type\":\"EntryPoint\",\"urlTemplate\":\"https:\\\/\\\/www.pspo.edu.pl\\\/liceum\\\/?s={search_term_string}\"},\"query-input\":{\"@type\":\"PropertyValueSpecification\",\"valueRequired\":true,\"valueName\":\"search_term_string\"}}],\"inLanguage\":\"pl-PL\"},{\"@type\":\"Organization\",\"@id\":\"https:\\\/\\\/www.pspo.edu.pl\\\/liceum\\\/#organization\",\"name\":\"Liceum Og\u00f3lnokszta\u0142c\u0105ce Niepubliczne nr 43\",\"alternateName\":\"LON\",\"url\":\"https:\\\/\\\/www.pspo.edu.pl\\\/liceum\\\/\",\"logo\":{\"@type\":\"ImageObject\",\"inLanguage\":\"pl-PL\",\"@id\":\"https:\\\/\\\/www.pspo.edu.pl\\\/liceum\\\/#\\\/schema\\\/logo\\\/image\\\/\",\"url\":\"https:\\\/\\\/www.pspo.edu.pl\\\/liceum\\\/wp-content\\\/uploads\\\/sites\\\/5\\\/2022\\\/07\\\/cropped-logo.png\",\"contentUrl\":\"https:\\\/\\\/www.pspo.edu.pl\\\/liceum\\\/wp-content\\\/uploads\\\/sites\\\/5\\\/2022\\\/07\\\/cropped-logo.png\",\"width\":512,\"height\":512,\"caption\":\"Liceum Og\u00f3lnokszta\u0142c\u0105ce Niepubliczne nr 43\"},\"image\":{\"@id\":\"https:\\\/\\\/www.pspo.edu.pl\\\/liceum\\\/#\\\/schema\\\/logo\\\/image\\\/\"}}]}<\/script>\n<!-- \/ Yoast SEO plugin. -->","yoast_head_json":{"title":"O nas - LON","robots":{"index":"index","follow":"follow","max-snippet":"max-snippet:-1","max-image-preview":"max-image-preview:large","max-video-preview":"max-video-preview:-1"},"canonical":"https:\/\/www.pspo.edu.pl\/liceum\/o-nas\/","og_locale":"pl_PL","og_type":"article","og_title":"O nas - LON","og_description":"Szko\u0142a, do kt\u00f3rej ucz\u0119szczam jest nie tylko budynkiem, w kt\u00f3rym si\u0119 ucz\u0119, ale\u00a0\u00a0\u00a0 r\u00f3wnie\u017c miejscem, kt\u00f3re daje mi niesamowicie wiele pi\u0119knych wspomnie\u0144. Jestem\u00a0\u00a0\u00a0 bardzo zadowolona z wyboru, poniewa\u017c panuje tam \u015bwietna atmosfera, indywidualne\u00a0 podej\u015bcie nauczycieli oraz pozna\u0142am tam du\u017co wspania\u0142ych os\u00f3b.&#8221; Natalia &#8222;Nasza szko\u0142a jest dla mnie bezpiecznym miejscem, w kt\u00f3rym s\u0105 ludzie, na kt\u00f3rych &hellip;","og_url":"https:\/\/www.pspo.edu.pl\/liceum\/o-nas\/","og_site_name":"LON","article_modified_time":"2023-01-19T14:57:28+00:00","twitter_card":"summary_large_image","twitter_misc":{"Szacowany czas czytania":"3 minuty"},"schema":{"@context":"https:\/\/schema.org","@graph":[{"@type":"WebPage","@id":"https:\/\/www.pspo.edu.pl\/liceum\/o-nas\/","url":"https:\/\/www.pspo.edu.pl\/liceum\/o-nas\/","name":"O nas - LON","isPartOf":{"@id":"https:\/\/www.pspo.edu.pl\/liceum\/#website"},"datePublished":"2022-10-13T11:47:36+00:00","dateModified":"2023-01-19T14:57:28+00:00","breadcrumb":{"@id":"https:\/\/www.pspo.edu.pl\/liceum\/o-nas\/#breadcrumb"},"inLanguage":"pl-PL","potentialAction":[{"@type":"ReadAction","target":["https:\/\/www.pspo.edu.pl\/liceum\/o-nas\/"]}]},{"@type":"BreadcrumbList","@id":"https:\/\/www.pspo.edu.pl\/liceum\/o-nas\/#breadcrumb","itemListElement":[{"@type":"ListItem","position":1,"name":"Strona g\u0142\u00f3wna","item":"https:\/\/www.pspo.edu.pl\/liceum\/"},{"@type":"ListItem","position":2,"name":"O nas"}]},{"@type":"WebSite","@id":"https:\/\/www.pspo.edu.pl\/liceum\/#website","url":"https:\/\/www.pspo.edu.pl\/liceum\/","name":"Liceum Og\u00f3lnokszta\u0142c\u0105ce Niepubliczne nr 43","description":"Liceum Og\u00f3lnokszta\u0142c\u0105ce Niepubliczne nr 43","publisher":{"@id":"https:\/\/www.pspo.edu.pl\/liceum\/#organization"},"alternateName":"LON","potentialAction":[{"@type":"SearchAction","target":{"@type":"EntryPoint","urlTemplate":"https:\/\/www.pspo.edu.pl\/liceum\/?s={search_term_string}"},"query-input":{"@type":"PropertyValueSpecification","valueRequired":true,"valueName":"search_term_string"}}],"inLanguage":"pl-PL"},{"@type":"Organization","@id":"https:\/\/www.pspo.edu.pl\/liceum\/#organization","name":"Liceum Og\u00f3lnokszta\u0142c\u0105ce Niepubliczne nr 43","alternateName":"LON","url":"https:\/\/www.pspo.edu.pl\/liceum\/","logo":{"@type":"ImageObject","inLanguage":"pl-PL","@id":"https:\/\/www.pspo.edu.pl\/liceum\/#\/schema\/logo\/image\/","url":"https:\/\/www.pspo.edu.pl\/liceum\/wp-content\/uploads\/sites\/5\/2022\/07\/cropped-logo.png","contentUrl":"https:\/\/www.pspo.edu.pl\/liceum\/wp-content\/uploads\/sites\/5\/2022\/07\/cropped-logo.png","width":512,"height":512,"caption":"Liceum Og\u00f3lnokszta\u0142c\u0105ce Niepubliczne nr 43"},"image":{"@id":"https:\/\/www.pspo.edu.pl\/liceum\/#\/schema\/logo\/image\/"}}]}},"_links":{"self":[{"href":"https:\/\/www.pspo.edu.pl\/liceum\/wp-json\/wp\/v2\/pages\/378","targetHints":{"allow":["GET"]}}],"collection":[{"href":"https:\/\/www.pspo.edu.pl\/liceum\/wp-json\/wp\/v2\/pages"}],"about":[{"href":"https:\/\/www.pspo.edu.pl\/liceum\/wp-json\/wp\/v2\/types\/page"}],"author":[{"embeddable":true,"href":"https:\/\/www.pspo.edu.pl\/liceum\/wp-json\/wp\/v2\/users\/1"}],"replies":[{"embeddable":true,"href":"https:\/\/www.pspo.edu.pl\/liceum\/wp-json\/wp\/v2\/comments?post=378"}],"version-history":[{"count":7,"href":"https:\/\/www.pspo.edu.pl\/liceum\/wp-json\/wp\/v2\/pages\/378\/revisions"}],"predecessor-version":[{"id":631,"href":"https:\/\/www.pspo.edu.pl\/liceum\/wp-json\/wp\/v2\/pages\/378\/revisions\/631"}],"wp:attachment":[{"href":"https:\/\/www.pspo.edu.pl\/liceum\/wp-json\/wp\/v2\/media?parent=378"}],"curies":[{"name":"wp","href":"https:\/\/api.w.org\/{rel}","templated":true}]}}