{"id":386,"date":"2022-10-13T13:48:58","date_gmt":"2022-10-13T11:48:58","guid":{"rendered":"https:\/\/webfach.vxm.pl\/liceum\/?page_id=386"},"modified":"2025-12-16T04:40:32","modified_gmt":"2025-12-16T03:40:32","slug":"zebrania","status":"publish","type":"page","link":"https:\/\/www.pspo.edu.pl\/liceum\/strefa-rodzica\/zebrania\/","title":{"rendered":"Zebrania"},"content":{"rendered":"<p><strong>Zebrania z rodzicami i dni otwarte w roku szkolnym 2025 \/ 2026<\/strong><\/p>\n<p>Zebrania zazwyczaj odbywa\u0107 si\u0119 b\u0119d\u0105 o godzinie 17.00, a dni otwarte &#8211; o 18.00.<\/p>\n<p>Godziny mog\u0105 jednak w wyj\u0105tkowych sytuacjach ulec zmianie &#8211; prosimy o sprawdzanie skrzynek mailowych.<\/p>\n<p><a href=\"https:\/\/drive.google.com\/file\/d\/1EW9wGgrwfYJWt6li0md506UKUcfEMQBb\/view?usp=sharing\">Kalendarz roku szkolnego 2025\/2026 wraz datami zebra\u0144 i dni otwartych<img decoding=\"async\" class=\"alignleft wp-image-635 size-thumbnail\" src=\"https:\/\/www.pspo.edu.pl\/liceum\/wp-content\/uploads\/sites\/5\/2023\/01\/Icon_pdf_file.svg\" alt=\"\" width=\"65\" height=\"75\" \/><\/a><\/p>\n<!-- AddThis Advanced Settings generic via filter on the_content --><!-- AddThis Share Buttons generic via filter on the_content -->","protected":false},"excerpt":{"rendered":"<p>Zebrania z rodzicami i dni otwarte w roku szkolnym 2025 \/ 2026 Zebrania zazwyczaj odbywa\u0107 si\u0119 b\u0119d\u0105 o godzinie 17.00, a dni otwarte &#8211; o 18.00. Godziny mog\u0105 jednak w wyj\u0105tkowych sytuacjach ulec zmianie &#8211; prosimy o sprawdzanie skrzynek mailowych. Kalendarz roku szkolnego 2025\/2026 wraz datami zebra\u0144 i dni otwartych<!-- AddThis Advanced Settings generic via filter on get_the_excerpt --><!-- AddThis Share Buttons generic via filter on get_the_excerpt --><\/p>\n","protected":false},"author":1,"featured_media":0,"parent":371,"menu_order":0,"comment_status":"closed","ping_status":"closed","template":"","meta":{"inline_featured_image":false,"ngg_post_thumbnail":0,"footnotes":""},"class_list":["post-386","page","type-page","status-publish","hentry"],"yoast_head":"<!-- This site is optimized with the Yoast SEO plugin v27.6 - https:\/\/yoast.com\/product\/yoast-seo-wordpress\/ -->\n<title>Zebrania - LON<\/title>\n<meta name=\"robots\" content=\"index, follow, max-snippet:-1, max-image-preview:large, max-video-preview:-1\" \/>\n<link rel=\"canonical\" href=\"https:\/\/www.pspo.edu.pl\/liceum\/strefa-rodzica\/zebrania\/\" \/>\n<meta property=\"og:locale\" content=\"pl_PL\" \/>\n<meta property=\"og:type\" content=\"article\" \/>\n<meta property=\"og:title\" content=\"Zebrania - LON\" \/>\n<meta property=\"og:description\" content=\"Zebrania z rodzicami i dni otwarte w roku szkolnym 2025 \/ 2026 Zebrania zazwyczaj odbywa\u0107 si\u0119 b\u0119d\u0105 o godzinie 17.00, a dni otwarte &#8211; o 18.00. Godziny mog\u0105 jednak w wyj\u0105tkowych sytuacjach ulec zmianie &#8211; prosimy o sprawdzanie skrzynek mailowych. Kalendarz roku szkolnego 2025\/2026 wraz datami zebra\u0144 i dni otwartych\" \/>\n<meta property=\"og:url\" content=\"https:\/\/www.pspo.edu.pl\/liceum\/strefa-rodzica\/zebrania\/\" \/>\n<meta property=\"og:site_name\" content=\"LON\" \/>\n<meta property=\"article:modified_time\" content=\"2025-12-16T03:40:32+00:00\" \/>\n<meta name=\"twitter:card\" content=\"summary_large_image\" \/>\n<meta name=\"twitter:label1\" content=\"Szacowany czas czytania\" \/>\n\t<meta name=\"twitter:data1\" content=\"1 minuta\" \/>\n<script type=\"application\/ld+json\" class=\"yoast-schema-graph\">{\"@context\":\"https:\\\/\\\/schema.org\",\"@graph\":[{\"@type\":\"WebPage\",\"@id\":\"https:\\\/\\\/www.pspo.edu.pl\\\/liceum\\\/strefa-rodzica\\\/zebrania\\\/\",\"url\":\"https:\\\/\\\/www.pspo.edu.pl\\\/liceum\\\/strefa-rodzica\\\/zebrania\\\/\",\"name\":\"Zebrania - LON\",\"isPartOf\":{\"@id\":\"https:\\\/\\\/www.pspo.edu.pl\\\/liceum\\\/#website\"},\"primaryImageOfPage\":{\"@id\":\"https:\\\/\\\/www.pspo.edu.pl\\\/liceum\\\/strefa-rodzica\\\/zebrania\\\/#primaryimage\"},\"image\":{\"@id\":\"https:\\\/\\\/www.pspo.edu.pl\\\/liceum\\\/strefa-rodzica\\\/zebrania\\\/#primaryimage\"},\"thumbnailUrl\":\"https:\\\/\\\/www.pspo.edu.pl\\\/liceum\\\/wp-content\\\/uploads\\\/sites\\\/5\\\/2023\\\/01\\\/Icon_pdf_file.svg\",\"datePublished\":\"2022-10-13T11:48:58+00:00\",\"dateModified\":\"2025-12-16T03:40:32+00:00\",\"breadcrumb\":{\"@id\":\"https:\\\/\\\/www.pspo.edu.pl\\\/liceum\\\/strefa-rodzica\\\/zebrania\\\/#breadcrumb\"},\"inLanguage\":\"pl-PL\",\"potentialAction\":[{\"@type\":\"ReadAction\",\"target\":[\"https:\\\/\\\/www.pspo.edu.pl\\\/liceum\\\/strefa-rodzica\\\/zebrania\\\/\"]}]},{\"@type\":\"ImageObject\",\"inLanguage\":\"pl-PL\",\"@id\":\"https:\\\/\\\/www.pspo.edu.pl\\\/liceum\\\/strefa-rodzica\\\/zebrania\\\/#primaryimage\",\"url\":\"https:\\\/\\\/www.pspo.edu.pl\\\/liceum\\\/wp-content\\\/uploads\\\/sites\\\/5\\\/2023\\\/01\\\/Icon_pdf_file.svg\",\"contentUrl\":\"https:\\\/\\\/www.pspo.edu.pl\\\/liceum\\\/wp-content\\\/uploads\\\/sites\\\/5\\\/2023\\\/01\\\/Icon_pdf_file.svg\",\"width\":334,\"height\":380},{\"@type\":\"BreadcrumbList\",\"@id\":\"https:\\\/\\\/www.pspo.edu.pl\\\/liceum\\\/strefa-rodzica\\\/zebrania\\\/#breadcrumb\",\"itemListElement\":[{\"@type\":\"ListItem\",\"position\":1,\"name\":\"Strona g\u0142\u00f3wna\",\"item\":\"https:\\\/\\\/www.pspo.edu.pl\\\/liceum\\\/\"},{\"@type\":\"ListItem\",\"position\":2,\"name\":\"Strefa rodzica\",\"item\":\"https:\\\/\\\/www.pspo.edu.pl\\\/liceum\\\/strefa-rodzica\\\/\"},{\"@type\":\"ListItem\",\"position\":3,\"name\":\"Zebrania\"}]},{\"@type\":\"WebSite\",\"@id\":\"https:\\\/\\\/www.pspo.edu.pl\\\/liceum\\\/#website\",\"url\":\"https:\\\/\\\/www.pspo.edu.pl\\\/liceum\\\/\",\"name\":\"Liceum Og\u00f3lnokszta\u0142c\u0105ce Niepubliczne nr 43\",\"description\":\"Liceum Og\u00f3lnokszta\u0142c\u0105ce Niepubliczne nr 43\",\"publisher\":{\"@id\":\"https:\\\/\\\/www.pspo.edu.pl\\\/liceum\\\/#organization\"},\"alternateName\":\"LON\",\"potentialAction\":[{\"@type\":\"SearchAction\",\"target\":{\"@type\":\"EntryPoint\",\"urlTemplate\":\"https:\\\/\\\/www.pspo.edu.pl\\\/liceum\\\/?s={search_term_string}\"},\"query-input\":{\"@type\":\"PropertyValueSpecification\",\"valueRequired\":true,\"valueName\":\"search_term_string\"}}],\"inLanguage\":\"pl-PL\"},{\"@type\":\"Organization\",\"@id\":\"https:\\\/\\\/www.pspo.edu.pl\\\/liceum\\\/#organization\",\"name\":\"Liceum Og\u00f3lnokszta\u0142c\u0105ce Niepubliczne nr 43\",\"alternateName\":\"LON\",\"url\":\"https:\\\/\\\/www.pspo.edu.pl\\\/liceum\\\/\",\"logo\":{\"@type\":\"ImageObject\",\"inLanguage\":\"pl-PL\",\"@id\":\"https:\\\/\\\/www.pspo.edu.pl\\\/liceum\\\/#\\\/schema\\\/logo\\\/image\\\/\",\"url\":\"https:\\\/\\\/www.pspo.edu.pl\\\/liceum\\\/wp-content\\\/uploads\\\/sites\\\/5\\\/2022\\\/07\\\/cropped-logo.png\",\"contentUrl\":\"https:\\\/\\\/www.pspo.edu.pl\\\/liceum\\\/wp-content\\\/uploads\\\/sites\\\/5\\\/2022\\\/07\\\/cropped-logo.png\",\"width\":512,\"height\":512,\"caption\":\"Liceum Og\u00f3lnokszta\u0142c\u0105ce Niepubliczne nr 43\"},\"image\":{\"@id\":\"https:\\\/\\\/www.pspo.edu.pl\\\/liceum\\\/#\\\/schema\\\/logo\\\/image\\\/\"}}]}<\/script>\n<!-- \/ Yoast SEO plugin. -->","yoast_head_json":{"title":"Zebrania - LON","robots":{"index":"index","follow":"follow","max-snippet":"max-snippet:-1","max-image-preview":"max-image-preview:large","max-video-preview":"max-video-preview:-1"},"canonical":"https:\/\/www.pspo.edu.pl\/liceum\/strefa-rodzica\/zebrania\/","og_locale":"pl_PL","og_type":"article","og_title":"Zebrania - LON","og_description":"Zebrania z rodzicami i dni otwarte w roku szkolnym 2025 \/ 2026 Zebrania zazwyczaj odbywa\u0107 si\u0119 b\u0119d\u0105 o godzinie 17.00, a dni otwarte &#8211; o 18.00. Godziny mog\u0105 jednak w wyj\u0105tkowych sytuacjach ulec zmianie &#8211; prosimy o sprawdzanie skrzynek mailowych. Kalendarz roku szkolnego 2025\/2026 wraz datami zebra\u0144 i dni otwartych","og_url":"https:\/\/www.pspo.edu.pl\/liceum\/strefa-rodzica\/zebrania\/","og_site_name":"LON","article_modified_time":"2025-12-16T03:40:32+00:00","twitter_card":"summary_large_image","twitter_misc":{"Szacowany czas czytania":"1 minuta"},"schema":{"@context":"https:\/\/schema.org","@graph":[{"@type":"WebPage","@id":"https:\/\/www.pspo.edu.pl\/liceum\/strefa-rodzica\/zebrania\/","url":"https:\/\/www.pspo.edu.pl\/liceum\/strefa-rodzica\/zebrania\/","name":"Zebrania - LON","isPartOf":{"@id":"https:\/\/www.pspo.edu.pl\/liceum\/#website"},"primaryImageOfPage":{"@id":"https:\/\/www.pspo.edu.pl\/liceum\/strefa-rodzica\/zebrania\/#primaryimage"},"image":{"@id":"https:\/\/www.pspo.edu.pl\/liceum\/strefa-rodzica\/zebrania\/#primaryimage"},"thumbnailUrl":"https:\/\/www.pspo.edu.pl\/liceum\/wp-content\/uploads\/sites\/5\/2023\/01\/Icon_pdf_file.svg","datePublished":"2022-10-13T11:48:58+00:00","dateModified":"2025-12-16T03:40:32+00:00","breadcrumb":{"@id":"https:\/\/www.pspo.edu.pl\/liceum\/strefa-rodzica\/zebrania\/#breadcrumb"},"inLanguage":"pl-PL","potentialAction":[{"@type":"ReadAction","target":["https:\/\/www.pspo.edu.pl\/liceum\/strefa-rodzica\/zebrania\/"]}]},{"@type":"ImageObject","inLanguage":"pl-PL","@id":"https:\/\/www.pspo.edu.pl\/liceum\/strefa-rodzica\/zebrania\/#primaryimage","url":"https:\/\/www.pspo.edu.pl\/liceum\/wp-content\/uploads\/sites\/5\/2023\/01\/Icon_pdf_file.svg","contentUrl":"https:\/\/www.pspo.edu.pl\/liceum\/wp-content\/uploads\/sites\/5\/2023\/01\/Icon_pdf_file.svg","width":334,"height":380},{"@type":"BreadcrumbList","@id":"https:\/\/www.pspo.edu.pl\/liceum\/strefa-rodzica\/zebrania\/#breadcrumb","itemListElement":[{"@type":"ListItem","position":1,"name":"Strona g\u0142\u00f3wna","item":"https:\/\/www.pspo.edu.pl\/liceum\/"},{"@type":"ListItem","position":2,"name":"Strefa rodzica","item":"https:\/\/www.pspo.edu.pl\/liceum\/strefa-rodzica\/"},{"@type":"ListItem","position":3,"name":"Zebrania"}]},{"@type":"WebSite","@id":"https:\/\/www.pspo.edu.pl\/liceum\/#website","url":"https:\/\/www.pspo.edu.pl\/liceum\/","name":"Liceum Og\u00f3lnokszta\u0142c\u0105ce Niepubliczne nr 43","description":"Liceum Og\u00f3lnokszta\u0142c\u0105ce Niepubliczne nr 43","publisher":{"@id":"https:\/\/www.pspo.edu.pl\/liceum\/#organization"},"alternateName":"LON","potentialAction":[{"@type":"SearchAction","target":{"@type":"EntryPoint","urlTemplate":"https:\/\/www.pspo.edu.pl\/liceum\/?s={search_term_string}"},"query-input":{"@type":"PropertyValueSpecification","valueRequired":true,"valueName":"search_term_string"}}],"inLanguage":"pl-PL"},{"@type":"Organization","@id":"https:\/\/www.pspo.edu.pl\/liceum\/#organization","name":"Liceum Og\u00f3lnokszta\u0142c\u0105ce Niepubliczne nr 43","alternateName":"LON","url":"https:\/\/www.pspo.edu.pl\/liceum\/","logo":{"@type":"ImageObject","inLanguage":"pl-PL","@id":"https:\/\/www.pspo.edu.pl\/liceum\/#\/schema\/logo\/image\/","url":"https:\/\/www.pspo.edu.pl\/liceum\/wp-content\/uploads\/sites\/5\/2022\/07\/cropped-logo.png","contentUrl":"https:\/\/www.pspo.edu.pl\/liceum\/wp-content\/uploads\/sites\/5\/2022\/07\/cropped-logo.png","width":512,"height":512,"caption":"Liceum Og\u00f3lnokszta\u0142c\u0105ce Niepubliczne nr 43"},"image":{"@id":"https:\/\/www.pspo.edu.pl\/liceum\/#\/schema\/logo\/image\/"}}]}},"_links":{"self":[{"href":"https:\/\/www.pspo.edu.pl\/liceum\/wp-json\/wp\/v2\/pages\/386","targetHints":{"allow":["GET"]}}],"collection":[{"href":"https:\/\/www.pspo.edu.pl\/liceum\/wp-json\/wp\/v2\/pages"}],"about":[{"href":"https:\/\/www.pspo.edu.pl\/liceum\/wp-json\/wp\/v2\/types\/page"}],"author":[{"embeddable":true,"href":"https:\/\/www.pspo.edu.pl\/liceum\/wp-json\/wp\/v2\/users\/1"}],"replies":[{"embeddable":true,"href":"https:\/\/www.pspo.edu.pl\/liceum\/wp-json\/wp\/v2\/comments?post=386"}],"version-history":[{"count":16,"href":"https:\/\/www.pspo.edu.pl\/liceum\/wp-json\/wp\/v2\/pages\/386\/revisions"}],"predecessor-version":[{"id":2724,"href":"https:\/\/www.pspo.edu.pl\/liceum\/wp-json\/wp\/v2\/pages\/386\/revisions\/2724"}],"up":[{"embeddable":true,"href":"https:\/\/www.pspo.edu.pl\/liceum\/wp-json\/wp\/v2\/pages\/371"}],"wp:attachment":[{"href":"https:\/\/www.pspo.edu.pl\/liceum\/wp-json\/wp\/v2\/media?parent=386"}],"curies":[{"name":"wp","href":"https:\/\/api.w.org\/{rel}","templated":true}]}}