{"id":402,"date":"2022-10-13T13:51:13","date_gmt":"2022-10-13T11:51:13","guid":{"rendered":"https:\/\/webfach.vxm.pl\/liceum\/?page_id=402"},"modified":"2025-01-13T14:36:50","modified_gmt":"2025-01-13T13:36:50","slug":"dzwonki","status":"publish","type":"page","link":"https:\/\/www.pspo.edu.pl\/liceum\/strefa-ucznia\/dzwonki\/","title":{"rendered":"Dzwonki"},"content":{"rendered":"<p>Poni\u017cej znajduje si\u0119 lista godzin lekcyjnych oraz &#8222;dzwonk\u00f3w&#8221;*:<\/p>\n<ol>\n<li>8:30 \u2013 9:15<\/li>\n<li>9:25 \u2013 10:10<\/li>\n<li>10:20 \u2013 11:05<\/li>\n<li>11:15 \u2013 12:00<\/li>\n<li>12:15 \u2013 13:00<\/li>\n<li>13:15 \u2013 14:00<\/li>\n<li>14:15 \u2013 15:00<\/li>\n<li>15:15 \u2013 16:00<\/li>\n<li>16:05 &#8211; 16:50<\/li>\n<\/ol>\n<p>*Chocia\u017c dzwonk\u00f3w u nas nie ma \ud83d\ude42<\/p>\n<!-- AddThis Advanced Settings generic via filter on the_content --><!-- AddThis Share Buttons generic via filter on the_content -->","protected":false},"excerpt":{"rendered":"<p>Poni\u017cej znajduje si\u0119 lista godzin lekcyjnych oraz &#8222;dzwonk\u00f3w&#8221;*: 8:30 \u2013 9:15 9:25 \u2013 10:10 10:20 \u2013 11:05 11:15 \u2013 12:00 12:15 \u2013 13:00 13:15 \u2013 14:00 14:15 \u2013 15:00 15:15 \u2013 16:00 16:05 &#8211; 16:50 *Chocia\u017c dzwonk\u00f3w u nas nie ma \ud83d\ude42<!-- AddThis Advanced Settings generic via filter on get_the_excerpt --><!-- AddThis Share Buttons generic via filter on get_the_excerpt --><\/p>\n","protected":false},"author":1,"featured_media":0,"parent":359,"menu_order":0,"comment_status":"closed","ping_status":"closed","template":"","meta":{"inline_featured_image":false,"ngg_post_thumbnail":0,"footnotes":""},"class_list":["post-402","page","type-page","status-publish","hentry"],"yoast_head":"<!-- This site is optimized with the Yoast SEO plugin v27.4 - https:\/\/yoast.com\/product\/yoast-seo-wordpress\/ -->\n<title>Dzwonki - LON<\/title>\n<meta name=\"robots\" content=\"index, follow, max-snippet:-1, max-image-preview:large, max-video-preview:-1\" \/>\n<link rel=\"canonical\" href=\"https:\/\/www.pspo.edu.pl\/liceum\/strefa-ucznia\/dzwonki\/\" \/>\n<meta property=\"og:locale\" content=\"pl_PL\" \/>\n<meta property=\"og:type\" content=\"article\" \/>\n<meta property=\"og:title\" content=\"Dzwonki - LON\" \/>\n<meta property=\"og:description\" content=\"Poni\u017cej znajduje si\u0119 lista godzin lekcyjnych oraz &#8222;dzwonk\u00f3w&#8221;*: 8:30 \u2013 9:15 9:25 \u2013 10:10 10:20 \u2013 11:05 11:15 \u2013 12:00 12:15 \u2013 13:00 13:15 \u2013 14:00 14:15 \u2013 15:00 15:15 \u2013 16:00 16:05 &#8211; 16:50 *Chocia\u017c dzwonk\u00f3w u nas nie ma \ud83d\ude42\" \/>\n<meta property=\"og:url\" content=\"https:\/\/www.pspo.edu.pl\/liceum\/strefa-ucznia\/dzwonki\/\" \/>\n<meta property=\"og:site_name\" content=\"LON\" \/>\n<meta property=\"article:modified_time\" content=\"2025-01-13T13:36:50+00:00\" \/>\n<meta name=\"twitter:card\" content=\"summary_large_image\" \/>\n<meta name=\"twitter:label1\" content=\"Szacowany czas czytania\" \/>\n\t<meta name=\"twitter:data1\" content=\"1 minuta\" \/>\n<script type=\"application\/ld+json\" class=\"yoast-schema-graph\">{\"@context\":\"https:\\\/\\\/schema.org\",\"@graph\":[{\"@type\":\"WebPage\",\"@id\":\"https:\\\/\\\/www.pspo.edu.pl\\\/liceum\\\/strefa-ucznia\\\/dzwonki\\\/\",\"url\":\"https:\\\/\\\/www.pspo.edu.pl\\\/liceum\\\/strefa-ucznia\\\/dzwonki\\\/\",\"name\":\"Dzwonki - LON\",\"isPartOf\":{\"@id\":\"https:\\\/\\\/www.pspo.edu.pl\\\/liceum\\\/#website\"},\"datePublished\":\"2022-10-13T11:51:13+00:00\",\"dateModified\":\"2025-01-13T13:36:50+00:00\",\"breadcrumb\":{\"@id\":\"https:\\\/\\\/www.pspo.edu.pl\\\/liceum\\\/strefa-ucznia\\\/dzwonki\\\/#breadcrumb\"},\"inLanguage\":\"pl-PL\",\"potentialAction\":[{\"@type\":\"ReadAction\",\"target\":[\"https:\\\/\\\/www.pspo.edu.pl\\\/liceum\\\/strefa-ucznia\\\/dzwonki\\\/\"]}]},{\"@type\":\"BreadcrumbList\",\"@id\":\"https:\\\/\\\/www.pspo.edu.pl\\\/liceum\\\/strefa-ucznia\\\/dzwonki\\\/#breadcrumb\",\"itemListElement\":[{\"@type\":\"ListItem\",\"position\":1,\"name\":\"Strona g\u0142\u00f3wna\",\"item\":\"https:\\\/\\\/www.pspo.edu.pl\\\/liceum\\\/\"},{\"@type\":\"ListItem\",\"position\":2,\"name\":\"Strefa ucznia\",\"item\":\"https:\\\/\\\/www.pspo.edu.pl\\\/liceum\\\/strefa-ucznia\\\/\"},{\"@type\":\"ListItem\",\"position\":3,\"name\":\"Dzwonki\"}]},{\"@type\":\"WebSite\",\"@id\":\"https:\\\/\\\/www.pspo.edu.pl\\\/liceum\\\/#website\",\"url\":\"https:\\\/\\\/www.pspo.edu.pl\\\/liceum\\\/\",\"name\":\"Liceum Og\u00f3lnokszta\u0142c\u0105ce Niepubliczne nr 43\",\"description\":\"Liceum Og\u00f3lnokszta\u0142c\u0105ce Niepubliczne nr 43\",\"publisher\":{\"@id\":\"https:\\\/\\\/www.pspo.edu.pl\\\/liceum\\\/#organization\"},\"alternateName\":\"LON\",\"potentialAction\":[{\"@type\":\"SearchAction\",\"target\":{\"@type\":\"EntryPoint\",\"urlTemplate\":\"https:\\\/\\\/www.pspo.edu.pl\\\/liceum\\\/?s={search_term_string}\"},\"query-input\":{\"@type\":\"PropertyValueSpecification\",\"valueRequired\":true,\"valueName\":\"search_term_string\"}}],\"inLanguage\":\"pl-PL\"},{\"@type\":\"Organization\",\"@id\":\"https:\\\/\\\/www.pspo.edu.pl\\\/liceum\\\/#organization\",\"name\":\"Liceum Og\u00f3lnokszta\u0142c\u0105ce Niepubliczne nr 43\",\"alternateName\":\"LON\",\"url\":\"https:\\\/\\\/www.pspo.edu.pl\\\/liceum\\\/\",\"logo\":{\"@type\":\"ImageObject\",\"inLanguage\":\"pl-PL\",\"@id\":\"https:\\\/\\\/www.pspo.edu.pl\\\/liceum\\\/#\\\/schema\\\/logo\\\/image\\\/\",\"url\":\"https:\\\/\\\/www.pspo.edu.pl\\\/liceum\\\/wp-content\\\/uploads\\\/sites\\\/5\\\/2022\\\/07\\\/cropped-logo.png\",\"contentUrl\":\"https:\\\/\\\/www.pspo.edu.pl\\\/liceum\\\/wp-content\\\/uploads\\\/sites\\\/5\\\/2022\\\/07\\\/cropped-logo.png\",\"width\":512,\"height\":512,\"caption\":\"Liceum Og\u00f3lnokszta\u0142c\u0105ce Niepubliczne nr 43\"},\"image\":{\"@id\":\"https:\\\/\\\/www.pspo.edu.pl\\\/liceum\\\/#\\\/schema\\\/logo\\\/image\\\/\"}}]}<\/script>\n<!-- \/ Yoast SEO plugin. -->","yoast_head_json":{"title":"Dzwonki - LON","robots":{"index":"index","follow":"follow","max-snippet":"max-snippet:-1","max-image-preview":"max-image-preview:large","max-video-preview":"max-video-preview:-1"},"canonical":"https:\/\/www.pspo.edu.pl\/liceum\/strefa-ucznia\/dzwonki\/","og_locale":"pl_PL","og_type":"article","og_title":"Dzwonki - LON","og_description":"Poni\u017cej znajduje si\u0119 lista godzin lekcyjnych oraz &#8222;dzwonk\u00f3w&#8221;*: 8:30 \u2013 9:15 9:25 \u2013 10:10 10:20 \u2013 11:05 11:15 \u2013 12:00 12:15 \u2013 13:00 13:15 \u2013 14:00 14:15 \u2013 15:00 15:15 \u2013 16:00 16:05 &#8211; 16:50 *Chocia\u017c dzwonk\u00f3w u nas nie ma \ud83d\ude42","og_url":"https:\/\/www.pspo.edu.pl\/liceum\/strefa-ucznia\/dzwonki\/","og_site_name":"LON","article_modified_time":"2025-01-13T13:36:50+00:00","twitter_card":"summary_large_image","twitter_misc":{"Szacowany czas czytania":"1 minuta"},"schema":{"@context":"https:\/\/schema.org","@graph":[{"@type":"WebPage","@id":"https:\/\/www.pspo.edu.pl\/liceum\/strefa-ucznia\/dzwonki\/","url":"https:\/\/www.pspo.edu.pl\/liceum\/strefa-ucznia\/dzwonki\/","name":"Dzwonki - LON","isPartOf":{"@id":"https:\/\/www.pspo.edu.pl\/liceum\/#website"},"datePublished":"2022-10-13T11:51:13+00:00","dateModified":"2025-01-13T13:36:50+00:00","breadcrumb":{"@id":"https:\/\/www.pspo.edu.pl\/liceum\/strefa-ucznia\/dzwonki\/#breadcrumb"},"inLanguage":"pl-PL","potentialAction":[{"@type":"ReadAction","target":["https:\/\/www.pspo.edu.pl\/liceum\/strefa-ucznia\/dzwonki\/"]}]},{"@type":"BreadcrumbList","@id":"https:\/\/www.pspo.edu.pl\/liceum\/strefa-ucznia\/dzwonki\/#breadcrumb","itemListElement":[{"@type":"ListItem","position":1,"name":"Strona g\u0142\u00f3wna","item":"https:\/\/www.pspo.edu.pl\/liceum\/"},{"@type":"ListItem","position":2,"name":"Strefa ucznia","item":"https:\/\/www.pspo.edu.pl\/liceum\/strefa-ucznia\/"},{"@type":"ListItem","position":3,"name":"Dzwonki"}]},{"@type":"WebSite","@id":"https:\/\/www.pspo.edu.pl\/liceum\/#website","url":"https:\/\/www.pspo.edu.pl\/liceum\/","name":"Liceum Og\u00f3lnokszta\u0142c\u0105ce Niepubliczne nr 43","description":"Liceum Og\u00f3lnokszta\u0142c\u0105ce Niepubliczne nr 43","publisher":{"@id":"https:\/\/www.pspo.edu.pl\/liceum\/#organization"},"alternateName":"LON","potentialAction":[{"@type":"SearchAction","target":{"@type":"EntryPoint","urlTemplate":"https:\/\/www.pspo.edu.pl\/liceum\/?s={search_term_string}"},"query-input":{"@type":"PropertyValueSpecification","valueRequired":true,"valueName":"search_term_string"}}],"inLanguage":"pl-PL"},{"@type":"Organization","@id":"https:\/\/www.pspo.edu.pl\/liceum\/#organization","name":"Liceum Og\u00f3lnokszta\u0142c\u0105ce Niepubliczne nr 43","alternateName":"LON","url":"https:\/\/www.pspo.edu.pl\/liceum\/","logo":{"@type":"ImageObject","inLanguage":"pl-PL","@id":"https:\/\/www.pspo.edu.pl\/liceum\/#\/schema\/logo\/image\/","url":"https:\/\/www.pspo.edu.pl\/liceum\/wp-content\/uploads\/sites\/5\/2022\/07\/cropped-logo.png","contentUrl":"https:\/\/www.pspo.edu.pl\/liceum\/wp-content\/uploads\/sites\/5\/2022\/07\/cropped-logo.png","width":512,"height":512,"caption":"Liceum Og\u00f3lnokszta\u0142c\u0105ce Niepubliczne nr 43"},"image":{"@id":"https:\/\/www.pspo.edu.pl\/liceum\/#\/schema\/logo\/image\/"}}]}},"_links":{"self":[{"href":"https:\/\/www.pspo.edu.pl\/liceum\/wp-json\/wp\/v2\/pages\/402","targetHints":{"allow":["GET"]}}],"collection":[{"href":"https:\/\/www.pspo.edu.pl\/liceum\/wp-json\/wp\/v2\/pages"}],"about":[{"href":"https:\/\/www.pspo.edu.pl\/liceum\/wp-json\/wp\/v2\/types\/page"}],"author":[{"embeddable":true,"href":"https:\/\/www.pspo.edu.pl\/liceum\/wp-json\/wp\/v2\/users\/1"}],"replies":[{"embeddable":true,"href":"https:\/\/www.pspo.edu.pl\/liceum\/wp-json\/wp\/v2\/comments?post=402"}],"version-history":[{"count":4,"href":"https:\/\/www.pspo.edu.pl\/liceum\/wp-json\/wp\/v2\/pages\/402\/revisions"}],"predecessor-version":[{"id":2021,"href":"https:\/\/www.pspo.edu.pl\/liceum\/wp-json\/wp\/v2\/pages\/402\/revisions\/2021"}],"up":[{"embeddable":true,"href":"https:\/\/www.pspo.edu.pl\/liceum\/wp-json\/wp\/v2\/pages\/359"}],"wp:attachment":[{"href":"https:\/\/www.pspo.edu.pl\/liceum\/wp-json\/wp\/v2\/media?parent=402"}],"curies":[{"name":"wp","href":"https:\/\/api.w.org\/{rel}","templated":true}]}}