{"id":627,"date":"2023-01-19T15:52:44","date_gmt":"2023-01-19T14:52:44","guid":{"rendered":"https:\/\/wpms.pspo.edu.pl\/liceum\/?page_id=627"},"modified":"2023-01-19T15:52:55","modified_gmt":"2023-01-19T14:52:55","slug":"atmosfera","status":"publish","type":"page","link":"https:\/\/www.pspo.edu.pl\/liceum\/o-nas\/atmosfera\/","title":{"rendered":"Fantastyczna Atmosfera"},"content":{"rendered":"<div class=\"cms_plugin cms_plugin-5\">\n<p>Najwa\u017cniejsze w \u017cyciu wydaj\u0105 si\u0119 by\u0107 relacje mi\u0119dzyludzkie\u2026 w naszej szkole pracujemy nad nimi ju\u017c od pierwszego dzwonka(o kt\u00f3rym m\u00f3wimy tu symbolicznie, bo ju\u017c dawno zrezygnowali\u015bmy z dzwonk\u00f3w w naszej szkole!), a czasem nawet w wakacje!<\/p>\n<p>Dziwi Was to? U nas to normalne, \u017ce\u00a0\u00a0utrzymujemy kontakt ze sob\u0105, ale r\u00f3wnie\u017c z nauczycielami. Nie jest niczym nadzwyczajnym wys\u0142anie zdj\u0119cia z wakacji wraz z pozdrowieniami, przecie\u017c znamy si\u0119 jak ma\u0142o kto.<\/p>\n<p>Nasza Szkolna Spo\u0142eczno\u015b\u0107 jest naprawd\u0119 nasz\u0105, naprawd\u0119 spo\u0142eczno\u015bci\u0105! A i rozmawia\u0107 mamy o czym \u2013 wsp\u00f3lne wyj\u015bcia do kina czy teatru nauczycieli i uczni\u00f3w, a cz\u0119sto i rodzic\u00f3w s\u0105 pretekstem do dyskusji i d\u0142ugich nocnych Polak\u00f3w rozm\u00f3w.\u00a0Szczeg\u00f3lna relacja \u0142\u0105czy jednak ucznia z tutorem \u2013 przegadane godziny powoduj\u0105, \u017ce nauczyciel jest troch\u0119 jak rodzic, a troch\u0119 jak najlepszy przyjaciel. Ustalamy klarowne zasady, plany rozwoju i w atmosferze pe\u0142nego zaufania konsekwentnie je realizujemy.<\/p>\n<p>Czy to znaczy, \u017ce nikt nie stawia wymaga\u0144? Nic podobnego \u2013 mo\u017cna si\u0119 lubi\u0107 i ci\u0119\u017cko pracowa\u0107 na sukces ucznia i nauczyciela.<\/p>\n<p>Taka w\u0142a\u015bnie jest nasza szko\u0142a &#8211; PRZYJAZNA<\/p>\n<\/div>\n<!-- AddThis Advanced Settings generic via filter on the_content --><!-- AddThis Share Buttons generic via filter on the_content -->","protected":false},"excerpt":{"rendered":"<p>Najwa\u017cniejsze w \u017cyciu wydaj\u0105 si\u0119 by\u0107 relacje mi\u0119dzyludzkie\u2026 w naszej szkole pracujemy nad nimi ju\u017c od pierwszego dzwonka(o kt\u00f3rym m\u00f3wimy tu symbolicznie, bo ju\u017c dawno zrezygnowali\u015bmy z dzwonk\u00f3w w naszej szkole!), a czasem nawet w wakacje! Dziwi Was to? U nas to normalne, \u017ce\u00a0\u00a0utrzymujemy kontakt ze sob\u0105, ale r\u00f3wnie\u017c z nauczycielami. Nie jest niczym nadzwyczajnym &hellip;<!-- AddThis Advanced Settings generic via filter on get_the_excerpt --><!-- AddThis Share Buttons generic via filter on get_the_excerpt --><\/p>\n","protected":false},"author":1,"featured_media":0,"parent":378,"menu_order":0,"comment_status":"closed","ping_status":"closed","template":"","meta":{"inline_featured_image":false,"ngg_post_thumbnail":0,"footnotes":""},"class_list":["post-627","page","type-page","status-publish","hentry"],"yoast_head":"<!-- This site is optimized with the Yoast SEO plugin v27.4 - https:\/\/yoast.com\/product\/yoast-seo-wordpress\/ -->\n<title>Fantastyczna Atmosfera - LON<\/title>\n<meta name=\"robots\" content=\"index, follow, max-snippet:-1, max-image-preview:large, max-video-preview:-1\" \/>\n<link rel=\"canonical\" href=\"https:\/\/www.pspo.edu.pl\/liceum\/o-nas\/atmosfera\/\" \/>\n<meta property=\"og:locale\" content=\"pl_PL\" \/>\n<meta property=\"og:type\" content=\"article\" \/>\n<meta property=\"og:title\" content=\"Fantastyczna Atmosfera - LON\" \/>\n<meta property=\"og:description\" content=\"Najwa\u017cniejsze w \u017cyciu wydaj\u0105 si\u0119 by\u0107 relacje mi\u0119dzyludzkie\u2026 w naszej szkole pracujemy nad nimi ju\u017c od pierwszego dzwonka(o kt\u00f3rym m\u00f3wimy tu symbolicznie, bo ju\u017c dawno zrezygnowali\u015bmy z dzwonk\u00f3w w naszej szkole!), a czasem nawet w wakacje! Dziwi Was to? U nas to normalne, \u017ce\u00a0\u00a0utrzymujemy kontakt ze sob\u0105, ale r\u00f3wnie\u017c z nauczycielami. Nie jest niczym nadzwyczajnym &hellip;\" \/>\n<meta property=\"og:url\" content=\"https:\/\/www.pspo.edu.pl\/liceum\/o-nas\/atmosfera\/\" \/>\n<meta property=\"og:site_name\" content=\"LON\" \/>\n<meta property=\"article:modified_time\" content=\"2023-01-19T14:52:55+00:00\" \/>\n<meta name=\"twitter:card\" content=\"summary_large_image\" \/>\n<meta name=\"twitter:label1\" content=\"Szacowany czas czytania\" \/>\n\t<meta name=\"twitter:data1\" content=\"1 minuta\" \/>\n<script type=\"application\/ld+json\" class=\"yoast-schema-graph\">{\"@context\":\"https:\\\/\\\/schema.org\",\"@graph\":[{\"@type\":\"WebPage\",\"@id\":\"https:\\\/\\\/www.pspo.edu.pl\\\/liceum\\\/o-nas\\\/atmosfera\\\/\",\"url\":\"https:\\\/\\\/www.pspo.edu.pl\\\/liceum\\\/o-nas\\\/atmosfera\\\/\",\"name\":\"Fantastyczna Atmosfera - LON\",\"isPartOf\":{\"@id\":\"https:\\\/\\\/www.pspo.edu.pl\\\/liceum\\\/#website\"},\"datePublished\":\"2023-01-19T14:52:44+00:00\",\"dateModified\":\"2023-01-19T14:52:55+00:00\",\"breadcrumb\":{\"@id\":\"https:\\\/\\\/www.pspo.edu.pl\\\/liceum\\\/o-nas\\\/atmosfera\\\/#breadcrumb\"},\"inLanguage\":\"pl-PL\",\"potentialAction\":[{\"@type\":\"ReadAction\",\"target\":[\"https:\\\/\\\/www.pspo.edu.pl\\\/liceum\\\/o-nas\\\/atmosfera\\\/\"]}]},{\"@type\":\"BreadcrumbList\",\"@id\":\"https:\\\/\\\/www.pspo.edu.pl\\\/liceum\\\/o-nas\\\/atmosfera\\\/#breadcrumb\",\"itemListElement\":[{\"@type\":\"ListItem\",\"position\":1,\"name\":\"Strona g\u0142\u00f3wna\",\"item\":\"https:\\\/\\\/www.pspo.edu.pl\\\/liceum\\\/\"},{\"@type\":\"ListItem\",\"position\":2,\"name\":\"O nas\",\"item\":\"https:\\\/\\\/www.pspo.edu.pl\\\/liceum\\\/o-nas\\\/\"},{\"@type\":\"ListItem\",\"position\":3,\"name\":\"Fantastyczna Atmosfera\"}]},{\"@type\":\"WebSite\",\"@id\":\"https:\\\/\\\/www.pspo.edu.pl\\\/liceum\\\/#website\",\"url\":\"https:\\\/\\\/www.pspo.edu.pl\\\/liceum\\\/\",\"name\":\"Liceum Og\u00f3lnokszta\u0142c\u0105ce Niepubliczne nr 43\",\"description\":\"Liceum Og\u00f3lnokszta\u0142c\u0105ce Niepubliczne nr 43\",\"publisher\":{\"@id\":\"https:\\\/\\\/www.pspo.edu.pl\\\/liceum\\\/#organization\"},\"alternateName\":\"LON\",\"potentialAction\":[{\"@type\":\"SearchAction\",\"target\":{\"@type\":\"EntryPoint\",\"urlTemplate\":\"https:\\\/\\\/www.pspo.edu.pl\\\/liceum\\\/?s={search_term_string}\"},\"query-input\":{\"@type\":\"PropertyValueSpecification\",\"valueRequired\":true,\"valueName\":\"search_term_string\"}}],\"inLanguage\":\"pl-PL\"},{\"@type\":\"Organization\",\"@id\":\"https:\\\/\\\/www.pspo.edu.pl\\\/liceum\\\/#organization\",\"name\":\"Liceum Og\u00f3lnokszta\u0142c\u0105ce Niepubliczne nr 43\",\"alternateName\":\"LON\",\"url\":\"https:\\\/\\\/www.pspo.edu.pl\\\/liceum\\\/\",\"logo\":{\"@type\":\"ImageObject\",\"inLanguage\":\"pl-PL\",\"@id\":\"https:\\\/\\\/www.pspo.edu.pl\\\/liceum\\\/#\\\/schema\\\/logo\\\/image\\\/\",\"url\":\"https:\\\/\\\/www.pspo.edu.pl\\\/liceum\\\/wp-content\\\/uploads\\\/sites\\\/5\\\/2022\\\/07\\\/cropped-logo.png\",\"contentUrl\":\"https:\\\/\\\/www.pspo.edu.pl\\\/liceum\\\/wp-content\\\/uploads\\\/sites\\\/5\\\/2022\\\/07\\\/cropped-logo.png\",\"width\":512,\"height\":512,\"caption\":\"Liceum Og\u00f3lnokszta\u0142c\u0105ce Niepubliczne nr 43\"},\"image\":{\"@id\":\"https:\\\/\\\/www.pspo.edu.pl\\\/liceum\\\/#\\\/schema\\\/logo\\\/image\\\/\"}}]}<\/script>\n<!-- \/ Yoast SEO plugin. -->","yoast_head_json":{"title":"Fantastyczna Atmosfera - LON","robots":{"index":"index","follow":"follow","max-snippet":"max-snippet:-1","max-image-preview":"max-image-preview:large","max-video-preview":"max-video-preview:-1"},"canonical":"https:\/\/www.pspo.edu.pl\/liceum\/o-nas\/atmosfera\/","og_locale":"pl_PL","og_type":"article","og_title":"Fantastyczna Atmosfera - LON","og_description":"Najwa\u017cniejsze w \u017cyciu wydaj\u0105 si\u0119 by\u0107 relacje mi\u0119dzyludzkie\u2026 w naszej szkole pracujemy nad nimi ju\u017c od pierwszego dzwonka(o kt\u00f3rym m\u00f3wimy tu symbolicznie, bo ju\u017c dawno zrezygnowali\u015bmy z dzwonk\u00f3w w naszej szkole!), a czasem nawet w wakacje! Dziwi Was to? U nas to normalne, \u017ce\u00a0\u00a0utrzymujemy kontakt ze sob\u0105, ale r\u00f3wnie\u017c z nauczycielami. Nie jest niczym nadzwyczajnym &hellip;","og_url":"https:\/\/www.pspo.edu.pl\/liceum\/o-nas\/atmosfera\/","og_site_name":"LON","article_modified_time":"2023-01-19T14:52:55+00:00","twitter_card":"summary_large_image","twitter_misc":{"Szacowany czas czytania":"1 minuta"},"schema":{"@context":"https:\/\/schema.org","@graph":[{"@type":"WebPage","@id":"https:\/\/www.pspo.edu.pl\/liceum\/o-nas\/atmosfera\/","url":"https:\/\/www.pspo.edu.pl\/liceum\/o-nas\/atmosfera\/","name":"Fantastyczna Atmosfera - LON","isPartOf":{"@id":"https:\/\/www.pspo.edu.pl\/liceum\/#website"},"datePublished":"2023-01-19T14:52:44+00:00","dateModified":"2023-01-19T14:52:55+00:00","breadcrumb":{"@id":"https:\/\/www.pspo.edu.pl\/liceum\/o-nas\/atmosfera\/#breadcrumb"},"inLanguage":"pl-PL","potentialAction":[{"@type":"ReadAction","target":["https:\/\/www.pspo.edu.pl\/liceum\/o-nas\/atmosfera\/"]}]},{"@type":"BreadcrumbList","@id":"https:\/\/www.pspo.edu.pl\/liceum\/o-nas\/atmosfera\/#breadcrumb","itemListElement":[{"@type":"ListItem","position":1,"name":"Strona g\u0142\u00f3wna","item":"https:\/\/www.pspo.edu.pl\/liceum\/"},{"@type":"ListItem","position":2,"name":"O nas","item":"https:\/\/www.pspo.edu.pl\/liceum\/o-nas\/"},{"@type":"ListItem","position":3,"name":"Fantastyczna Atmosfera"}]},{"@type":"WebSite","@id":"https:\/\/www.pspo.edu.pl\/liceum\/#website","url":"https:\/\/www.pspo.edu.pl\/liceum\/","name":"Liceum Og\u00f3lnokszta\u0142c\u0105ce Niepubliczne nr 43","description":"Liceum Og\u00f3lnokszta\u0142c\u0105ce Niepubliczne nr 43","publisher":{"@id":"https:\/\/www.pspo.edu.pl\/liceum\/#organization"},"alternateName":"LON","potentialAction":[{"@type":"SearchAction","target":{"@type":"EntryPoint","urlTemplate":"https:\/\/www.pspo.edu.pl\/liceum\/?s={search_term_string}"},"query-input":{"@type":"PropertyValueSpecification","valueRequired":true,"valueName":"search_term_string"}}],"inLanguage":"pl-PL"},{"@type":"Organization","@id":"https:\/\/www.pspo.edu.pl\/liceum\/#organization","name":"Liceum Og\u00f3lnokszta\u0142c\u0105ce Niepubliczne nr 43","alternateName":"LON","url":"https:\/\/www.pspo.edu.pl\/liceum\/","logo":{"@type":"ImageObject","inLanguage":"pl-PL","@id":"https:\/\/www.pspo.edu.pl\/liceum\/#\/schema\/logo\/image\/","url":"https:\/\/www.pspo.edu.pl\/liceum\/wp-content\/uploads\/sites\/5\/2022\/07\/cropped-logo.png","contentUrl":"https:\/\/www.pspo.edu.pl\/liceum\/wp-content\/uploads\/sites\/5\/2022\/07\/cropped-logo.png","width":512,"height":512,"caption":"Liceum Og\u00f3lnokszta\u0142c\u0105ce Niepubliczne nr 43"},"image":{"@id":"https:\/\/www.pspo.edu.pl\/liceum\/#\/schema\/logo\/image\/"}}]}},"_links":{"self":[{"href":"https:\/\/www.pspo.edu.pl\/liceum\/wp-json\/wp\/v2\/pages\/627","targetHints":{"allow":["GET"]}}],"collection":[{"href":"https:\/\/www.pspo.edu.pl\/liceum\/wp-json\/wp\/v2\/pages"}],"about":[{"href":"https:\/\/www.pspo.edu.pl\/liceum\/wp-json\/wp\/v2\/types\/page"}],"author":[{"embeddable":true,"href":"https:\/\/www.pspo.edu.pl\/liceum\/wp-json\/wp\/v2\/users\/1"}],"replies":[{"embeddable":true,"href":"https:\/\/www.pspo.edu.pl\/liceum\/wp-json\/wp\/v2\/comments?post=627"}],"version-history":[{"count":1,"href":"https:\/\/www.pspo.edu.pl\/liceum\/wp-json\/wp\/v2\/pages\/627\/revisions"}],"predecessor-version":[{"id":628,"href":"https:\/\/www.pspo.edu.pl\/liceum\/wp-json\/wp\/v2\/pages\/627\/revisions\/628"}],"up":[{"embeddable":true,"href":"https:\/\/www.pspo.edu.pl\/liceum\/wp-json\/wp\/v2\/pages\/378"}],"wp:attachment":[{"href":"https:\/\/www.pspo.edu.pl\/liceum\/wp-json\/wp\/v2\/media?parent=627"}],"curies":[{"name":"wp","href":"https:\/\/api.w.org\/{rel}","templated":true}]}}