{"id":74,"date":"2022-08-16T10:46:37","date_gmt":"2022-08-16T08:46:37","guid":{"rendered":"https:\/\/webfach.vxm.pl\/lon\/?page_id=74"},"modified":"2022-11-23T23:56:47","modified_gmt":"2022-11-23T22:56:47","slug":"faq","status":"publish","type":"page","link":"https:\/\/www.pspo.edu.pl\/liceum\/faq\/","title":{"rendered":"FAQ"},"content":{"rendered":"<!-- AddThis Advanced Settings generic via filter on the_content --><!-- AddThis Share Buttons generic via filter on the_content -->","protected":false},"excerpt":{"rendered":"<p><!-- AddThis Advanced Settings generic via filter on get_the_excerpt --><!-- AddThis Share Buttons generic via filter on get_the_excerpt --><\/p>\n","protected":false},"author":1,"featured_media":0,"parent":0,"menu_order":0,"comment_status":"closed","ping_status":"closed","template":"template-faq.php","meta":{"inline_featured_image":false,"ngg_post_thumbnail":0,"footnotes":""},"class_list":["post-74","page","type-page","status-publish","hentry"],"yoast_head":"<!-- This site is optimized with the Yoast SEO plugin v27.4 - https:\/\/yoast.com\/product\/yoast-seo-wordpress\/ -->\n<title>FAQ - LON<\/title>\n<meta name=\"robots\" content=\"index, follow, max-snippet:-1, max-image-preview:large, max-video-preview:-1\" \/>\n<link rel=\"canonical\" href=\"https:\/\/www.pspo.edu.pl\/liceum\/faq\/\" \/>\n<meta property=\"og:locale\" content=\"pl_PL\" \/>\n<meta property=\"og:type\" content=\"article\" \/>\n<meta property=\"og:title\" content=\"FAQ - LON\" \/>\n<meta property=\"og:url\" content=\"https:\/\/www.pspo.edu.pl\/liceum\/faq\/\" \/>\n<meta property=\"og:site_name\" content=\"LON\" \/>\n<meta property=\"article:modified_time\" content=\"2022-11-23T22:56:47+00:00\" \/>\n<meta name=\"twitter:card\" content=\"summary_large_image\" \/>\n<script type=\"application\/ld+json\" class=\"yoast-schema-graph\">{\"@context\":\"https:\\\/\\\/schema.org\",\"@graph\":[{\"@type\":\"WebPage\",\"@id\":\"https:\\\/\\\/www.pspo.edu.pl\\\/liceum\\\/faq\\\/\",\"url\":\"https:\\\/\\\/www.pspo.edu.pl\\\/liceum\\\/faq\\\/\",\"name\":\"FAQ - LON\",\"isPartOf\":{\"@id\":\"https:\\\/\\\/www.pspo.edu.pl\\\/liceum\\\/#website\"},\"datePublished\":\"2022-08-16T08:46:37+00:00\",\"dateModified\":\"2022-11-23T22:56:47+00:00\",\"breadcrumb\":{\"@id\":\"https:\\\/\\\/www.pspo.edu.pl\\\/liceum\\\/faq\\\/#breadcrumb\"},\"inLanguage\":\"pl-PL\",\"potentialAction\":[{\"@type\":\"ReadAction\",\"target\":[\"https:\\\/\\\/www.pspo.edu.pl\\\/liceum\\\/faq\\\/\"]}]},{\"@type\":\"BreadcrumbList\",\"@id\":\"https:\\\/\\\/www.pspo.edu.pl\\\/liceum\\\/faq\\\/#breadcrumb\",\"itemListElement\":[{\"@type\":\"ListItem\",\"position\":1,\"name\":\"Strona g\u0142\u00f3wna\",\"item\":\"https:\\\/\\\/www.pspo.edu.pl\\\/liceum\\\/\"},{\"@type\":\"ListItem\",\"position\":2,\"name\":\"FAQ\"}]},{\"@type\":\"WebSite\",\"@id\":\"https:\\\/\\\/www.pspo.edu.pl\\\/liceum\\\/#website\",\"url\":\"https:\\\/\\\/www.pspo.edu.pl\\\/liceum\\\/\",\"name\":\"Liceum Og\u00f3lnokszta\u0142c\u0105ce Niepubliczne nr 43\",\"description\":\"Liceum Og\u00f3lnokszta\u0142c\u0105ce Niepubliczne nr 43\",\"publisher\":{\"@id\":\"https:\\\/\\\/www.pspo.edu.pl\\\/liceum\\\/#organization\"},\"alternateName\":\"LON\",\"potentialAction\":[{\"@type\":\"SearchAction\",\"target\":{\"@type\":\"EntryPoint\",\"urlTemplate\":\"https:\\\/\\\/www.pspo.edu.pl\\\/liceum\\\/?s={search_term_string}\"},\"query-input\":{\"@type\":\"PropertyValueSpecification\",\"valueRequired\":true,\"valueName\":\"search_term_string\"}}],\"inLanguage\":\"pl-PL\"},{\"@type\":\"Organization\",\"@id\":\"https:\\\/\\\/www.pspo.edu.pl\\\/liceum\\\/#organization\",\"name\":\"Liceum Og\u00f3lnokszta\u0142c\u0105ce Niepubliczne nr 43\",\"alternateName\":\"LON\",\"url\":\"https:\\\/\\\/www.pspo.edu.pl\\\/liceum\\\/\",\"logo\":{\"@type\":\"ImageObject\",\"inLanguage\":\"pl-PL\",\"@id\":\"https:\\\/\\\/www.pspo.edu.pl\\\/liceum\\\/#\\\/schema\\\/logo\\\/image\\\/\",\"url\":\"https:\\\/\\\/www.pspo.edu.pl\\\/liceum\\\/wp-content\\\/uploads\\\/sites\\\/5\\\/2022\\\/07\\\/cropped-logo.png\",\"contentUrl\":\"https:\\\/\\\/www.pspo.edu.pl\\\/liceum\\\/wp-content\\\/uploads\\\/sites\\\/5\\\/2022\\\/07\\\/cropped-logo.png\",\"width\":512,\"height\":512,\"caption\":\"Liceum Og\u00f3lnokszta\u0142c\u0105ce Niepubliczne nr 43\"},\"image\":{\"@id\":\"https:\\\/\\\/www.pspo.edu.pl\\\/liceum\\\/#\\\/schema\\\/logo\\\/image\\\/\"}}]}<\/script>\n<!-- \/ Yoast SEO plugin. -->","yoast_head_json":{"title":"FAQ - LON","robots":{"index":"index","follow":"follow","max-snippet":"max-snippet:-1","max-image-preview":"max-image-preview:large","max-video-preview":"max-video-preview:-1"},"canonical":"https:\/\/www.pspo.edu.pl\/liceum\/faq\/","og_locale":"pl_PL","og_type":"article","og_title":"FAQ - LON","og_url":"https:\/\/www.pspo.edu.pl\/liceum\/faq\/","og_site_name":"LON","article_modified_time":"2022-11-23T22:56:47+00:00","twitter_card":"summary_large_image","schema":{"@context":"https:\/\/schema.org","@graph":[{"@type":"WebPage","@id":"https:\/\/www.pspo.edu.pl\/liceum\/faq\/","url":"https:\/\/www.pspo.edu.pl\/liceum\/faq\/","name":"FAQ - LON","isPartOf":{"@id":"https:\/\/www.pspo.edu.pl\/liceum\/#website"},"datePublished":"2022-08-16T08:46:37+00:00","dateModified":"2022-11-23T22:56:47+00:00","breadcrumb":{"@id":"https:\/\/www.pspo.edu.pl\/liceum\/faq\/#breadcrumb"},"inLanguage":"pl-PL","potentialAction":[{"@type":"ReadAction","target":["https:\/\/www.pspo.edu.pl\/liceum\/faq\/"]}]},{"@type":"BreadcrumbList","@id":"https:\/\/www.pspo.edu.pl\/liceum\/faq\/#breadcrumb","itemListElement":[{"@type":"ListItem","position":1,"name":"Strona g\u0142\u00f3wna","item":"https:\/\/www.pspo.edu.pl\/liceum\/"},{"@type":"ListItem","position":2,"name":"FAQ"}]},{"@type":"WebSite","@id":"https:\/\/www.pspo.edu.pl\/liceum\/#website","url":"https:\/\/www.pspo.edu.pl\/liceum\/","name":"Liceum Og\u00f3lnokszta\u0142c\u0105ce Niepubliczne nr 43","description":"Liceum Og\u00f3lnokszta\u0142c\u0105ce Niepubliczne nr 43","publisher":{"@id":"https:\/\/www.pspo.edu.pl\/liceum\/#organization"},"alternateName":"LON","potentialAction":[{"@type":"SearchAction","target":{"@type":"EntryPoint","urlTemplate":"https:\/\/www.pspo.edu.pl\/liceum\/?s={search_term_string}"},"query-input":{"@type":"PropertyValueSpecification","valueRequired":true,"valueName":"search_term_string"}}],"inLanguage":"pl-PL"},{"@type":"Organization","@id":"https:\/\/www.pspo.edu.pl\/liceum\/#organization","name":"Liceum Og\u00f3lnokszta\u0142c\u0105ce Niepubliczne nr 43","alternateName":"LON","url":"https:\/\/www.pspo.edu.pl\/liceum\/","logo":{"@type":"ImageObject","inLanguage":"pl-PL","@id":"https:\/\/www.pspo.edu.pl\/liceum\/#\/schema\/logo\/image\/","url":"https:\/\/www.pspo.edu.pl\/liceum\/wp-content\/uploads\/sites\/5\/2022\/07\/cropped-logo.png","contentUrl":"https:\/\/www.pspo.edu.pl\/liceum\/wp-content\/uploads\/sites\/5\/2022\/07\/cropped-logo.png","width":512,"height":512,"caption":"Liceum Og\u00f3lnokszta\u0142c\u0105ce Niepubliczne nr 43"},"image":{"@id":"https:\/\/www.pspo.edu.pl\/liceum\/#\/schema\/logo\/image\/"}}]}},"_links":{"self":[{"href":"https:\/\/www.pspo.edu.pl\/liceum\/wp-json\/wp\/v2\/pages\/74","targetHints":{"allow":["GET"]}}],"collection":[{"href":"https:\/\/www.pspo.edu.pl\/liceum\/wp-json\/wp\/v2\/pages"}],"about":[{"href":"https:\/\/www.pspo.edu.pl\/liceum\/wp-json\/wp\/v2\/types\/page"}],"author":[{"embeddable":true,"href":"https:\/\/www.pspo.edu.pl\/liceum\/wp-json\/wp\/v2\/users\/1"}],"replies":[{"embeddable":true,"href":"https:\/\/www.pspo.edu.pl\/liceum\/wp-json\/wp\/v2\/comments?post=74"}],"version-history":[{"count":3,"href":"https:\/\/www.pspo.edu.pl\/liceum\/wp-json\/wp\/v2\/pages\/74\/revisions"}],"predecessor-version":[{"id":568,"href":"https:\/\/www.pspo.edu.pl\/liceum\/wp-json\/wp\/v2\/pages\/74\/revisions\/568"}],"wp:attachment":[{"href":"https:\/\/www.pspo.edu.pl\/liceum\/wp-json\/wp\/v2\/media?parent=74"}],"curies":[{"name":"wp","href":"https:\/\/api.w.org\/{rel}","templated":true}]}}