{"id":481,"date":"2022-10-13T15:21:28","date_gmt":"2022-10-13T13:21:28","guid":{"rendered":"https:\/\/webfach.vxm.pl\/podstawowka\/?page_id=481"},"modified":"2025-01-10T14:09:11","modified_gmt":"2025-01-10T13:09:11","slug":"o-nas","status":"publish","type":"page","link":"https:\/\/www.pspo.edu.pl\/podstawowka\/o-nas\/","title":{"rendered":"O nas"},"content":{"rendered":"<p><div id=\"wpfp_74e1b0fa351fd220128a6176ba648f1e\" data-item=\"{&quot;sources&quot;:[{&quot;src&quot;:&quot;https:\\\/\\\/www.pspo.edu.pl\\\/media\\\/pspo-30-lat.mp4&quot;,&quot;type&quot;:&quot;video\\\/mp4&quot;}],&quot;id&quot;:&quot;1&quot;,&quot;splash&quot;:&quot;https:\\\/\\\/www.pspo.edu.pl\\\/pspo\\\/wp-content\\\/uploads\\\/sites\\\/2\\\/2024\\\/05\\\/PSPO-30-lat-f.jpg&quot;}\" class=\"flowplayer no-brand is-splash is-paused skin-slim no-svg fp-slim fp-edgy\" data-fv-embed=\"https:\/\/www.pspo.edu.pl\/podstawowka\/o-nas\/fvp-1\/\" style=\"position:relative; max-width: 800px; max-height: 440px; \" data-ratio=\"0.55\">\n\t<div class=\"fp-ratio\" style=\"padding-top: 55%\"><\/div>\n\t<img decoding=\"async\" class=\"fp-splash\" alt=\"video\" src=\"https:\/\/www.pspo.edu.pl\/pspo\/wp-content\/uploads\/sites\/2\/2024\/05\/PSPO-30-lat-f.jpg\" style=\"position:absolute;top:0;width:100%\" \/>\n\t<div class=\"fp-ui\"><noscript>Please enable JavaScript<\/noscript><div class=\"fp-play fp-visible\"><svg class=\"fp-play-sharp-fill\" xmlns=\"http:\/\/www.w3.org\/2000\/svg\" viewBox=\"0 0 100 100\"><defs><style>.fp-color-play{opacity:0.65;}.controlbutton{fill:#fff;}<\/style><\/defs><title>play-sharp-fill<\/title><path class=\"fp-color-play\" d=\"M49.9217-.078a50,50,0,1,0,50,50A50.0564,50.0564,0,0,0,49.9217-.078Z\"\/><polygon class=\"controlbutton\" points=\"73.601 50 37.968 70.573 37.968 29.427 73.601 50\" filter=\"url(#f1)\"\/><\/svg><\/div><div class=\"fp-preload\"><b><\/b><b><\/b><b><\/b><b><\/b><\/div><\/div>\n<div class='fvp-share-bar'><ul class=\"fvp-sharing\">\r\n    <li><a class=\"sharing-facebook\" href=\"https:\/\/www.facebook.com\/sharer\/sharer.php?u=https%3A%2F%2Fwww.pspo.edu.pl%2Fpodstawowka%2Fo-nas%2F\" target=\"_blank\"><\/a><\/li>\r\n    <li><a class=\"sharing-twitter\" href=\"https:\/\/twitter.com\/intent\/tweet?text=SSP+&url=https%3A%2F%2Fwww.pspo.edu.pl%2Fpodstawowka%2Fo-nas%2F\" target=\"_blank\"><\/a><\/li>\r\n    <li><a class=\"sharing-email\" href=\"mailto:?body=Check%20out%20the%20amazing%20video%20here%3A%20https%3A%2F%2Fwww.pspo.edu.pl%2Fpodstawowka%2Fo-nas%2F\" target=\"_blank\"><\/a><\/li><\/ul><div><a class=\"sharing-link\" href=\"https:\/\/www.pspo.edu.pl\/podstawowka\/o-nas\/\" target=\"_blank\">Link<\/a><\/div><div><label><a class=\"embed-code-toggle\" href=\"#\"><strong>Embed<\/strong><\/a><\/label><\/div><div class=\"embed-code\"><label>Copy and paste this HTML code into your webpage to embed.<\/label><textarea><\/textarea><\/div><\/div>\n<\/div>\n<br \/>\nNasze tradycje si\u0119gaj\u0105 roku 1990, kiedy powsta\u0142a Spo\u0142eczna Szko\u0142a Podstawowa nr 13. Obecnie w sk\u0142ad Zespo\u0142u Szk\u00f3\u0142 im. Lotnik\u00f3w Ameryka\u0144skich wchodz\u0105 Liceum, Szko\u0142a Podstawowa i Przedszkole.<\/p>\n<p>Plac\u00f3wki te mieszcz\u0105 si\u0119 w dw\u00f3ch po\u0142o\u017conych blisko siebie budynkach, na terenie kampusu UKSW przy ulicy W\u00f3ycickiego, w dzielnicy Bielany, w pobli\u017cu Lasu M\u0142oci\u0144skiego i Kampinoskiego Parku Narodowego. Uczniami naszych szk\u00f3\u0142 s\u0105 g\u0142\u00f3wnie dzieci mieszka\u0144c\u00f3w Warszawy (Bielany, \u017boliborz, Bemowo, Targ\u00f3wek), \u0141omianek oraz Izabelina.<\/p>\n<p>Uczniowie maj\u0105 do dyspozycji doskonale wyposa\u017cone sale lekcyjne, pracownie przedmiotowe, sal\u0119 gimnastyczn\u0105 oraz basen.<\/p>\n<p>Nauczyciele ucz\u0105cy w naszych szko\u0142ach stanowi\u0105 zgran\u0105 i kompetentn\u0105 kadr\u0119, realizuj\u0105c\u0105 wsp\u00f3lny program wychowawczy i zapewniaj\u0105c\u0105 wysoki poziom kszta\u0142cenia.<\/p>\n<!-- AddThis Advanced Settings generic via filter on the_content --><!-- AddThis Share Buttons generic via filter on the_content -->","protected":false},"excerpt":{"rendered":"<p>Nasze tradycje si\u0119gaj\u0105 roku 1990, kiedy powsta\u0142a Spo\u0142eczna Szko\u0142a Podstawowa nr 13. Obecnie w sk\u0142ad Zespo\u0142u Szk\u00f3\u0142 im. Lotnik\u00f3w Ameryka\u0144skich wchodz\u0105 Liceum, Szko\u0142a Podstawowa i Przedszkole. Plac\u00f3wki te mieszcz\u0105 si\u0119 w dw\u00f3ch po\u0142o\u017conych blisko siebie budynkach, na terenie kampusu UKSW przy ulicy W\u00f3ycickiego, w dzielnicy Bielany, w pobli\u017cu Lasu M\u0142oci\u0144skiego i Kampinoskiego Parku Narodowego. Uczniami &hellip;<!-- AddThis Advanced Settings generic via filter on get_the_excerpt --><!-- AddThis Share Buttons generic via filter on get_the_excerpt --><\/p>\n","protected":false},"author":1,"featured_media":3646,"parent":0,"menu_order":0,"comment_status":"closed","ping_status":"closed","template":"","meta":{"inline_featured_image":false,"ngg_post_thumbnail":0,"footnotes":""},"class_list":["post-481","page","type-page","status-publish","has-post-thumbnail","hentry"],"yoast_head":"<!-- This site is optimized with the Yoast SEO plugin v27.4 - https:\/\/yoast.com\/product\/yoast-seo-wordpress\/ -->\n<title>O nas - SSP<\/title>\n<meta name=\"robots\" content=\"index, follow, max-snippet:-1, max-image-preview:large, max-video-preview:-1\" \/>\n<link rel=\"canonical\" href=\"https:\/\/www.pspo.edu.pl\/podstawowka\/o-nas\/\" \/>\n<meta property=\"og:locale\" content=\"pl_PL\" \/>\n<meta property=\"og:type\" content=\"article\" \/>\n<meta property=\"og:title\" content=\"O nas - SSP\" \/>\n<meta property=\"og:description\" content=\"Nasze tradycje si\u0119gaj\u0105 roku 1990, kiedy powsta\u0142a Spo\u0142eczna Szko\u0142a Podstawowa nr 13. Obecnie w sk\u0142ad Zespo\u0142u Szk\u00f3\u0142 im. Lotnik\u00f3w Ameryka\u0144skich wchodz\u0105 Liceum, Szko\u0142a Podstawowa i Przedszkole. Plac\u00f3wki te mieszcz\u0105 si\u0119 w dw\u00f3ch po\u0142o\u017conych blisko siebie budynkach, na terenie kampusu UKSW przy ulicy W\u00f3ycickiego, w dzielnicy Bielany, w pobli\u017cu Lasu M\u0142oci\u0144skiego i Kampinoskiego Parku Narodowego. Uczniami &hellip;\" \/>\n<meta property=\"og:url\" content=\"https:\/\/www.pspo.edu.pl\/podstawowka\/o-nas\/\" \/>\n<meta property=\"og:site_name\" content=\"SSP\" \/>\n<meta property=\"article:modified_time\" content=\"2025-01-10T13:09:11+00:00\" \/>\n<meta property=\"og:image\" content=\"https:\/\/www.pspo.edu.pl\/podstawowka\/wp-content\/uploads\/sites\/4\/2025\/01\/o-nas.jpg\" \/>\n\t<meta property=\"og:image:width\" content=\"1440\" \/>\n\t<meta property=\"og:image:height\" content=\"810\" \/>\n\t<meta property=\"og:image:type\" content=\"image\/jpeg\" \/>\n<meta name=\"twitter:card\" content=\"summary_large_image\" \/>\n<meta name=\"twitter:label1\" content=\"Szacowany czas czytania\" \/>\n\t<meta name=\"twitter:data1\" content=\"1 minuta\" \/>\n<script type=\"application\/ld+json\" class=\"yoast-schema-graph\">{\"@context\":\"https:\\\/\\\/schema.org\",\"@graph\":[{\"@type\":\"WebPage\",\"@id\":\"https:\\\/\\\/www.pspo.edu.pl\\\/podstawowka\\\/o-nas\\\/\",\"url\":\"https:\\\/\\\/www.pspo.edu.pl\\\/podstawowka\\\/o-nas\\\/\",\"name\":\"O nas - SSP\",\"isPartOf\":{\"@id\":\"https:\\\/\\\/www.pspo.edu.pl\\\/podstawowka\\\/#website\"},\"primaryImageOfPage\":{\"@id\":\"https:\\\/\\\/www.pspo.edu.pl\\\/podstawowka\\\/o-nas\\\/#primaryimage\"},\"image\":{\"@id\":\"https:\\\/\\\/www.pspo.edu.pl\\\/podstawowka\\\/o-nas\\\/#primaryimage\"},\"thumbnailUrl\":\"https:\\\/\\\/www.pspo.edu.pl\\\/podstawowka\\\/wp-content\\\/uploads\\\/sites\\\/4\\\/2025\\\/01\\\/o-nas.jpg\",\"datePublished\":\"2022-10-13T13:21:28+00:00\",\"dateModified\":\"2025-01-10T13:09:11+00:00\",\"breadcrumb\":{\"@id\":\"https:\\\/\\\/www.pspo.edu.pl\\\/podstawowka\\\/o-nas\\\/#breadcrumb\"},\"inLanguage\":\"pl-PL\",\"potentialAction\":[{\"@type\":\"ReadAction\",\"target\":[\"https:\\\/\\\/www.pspo.edu.pl\\\/podstawowka\\\/o-nas\\\/\"]}]},{\"@type\":\"ImageObject\",\"inLanguage\":\"pl-PL\",\"@id\":\"https:\\\/\\\/www.pspo.edu.pl\\\/podstawowka\\\/o-nas\\\/#primaryimage\",\"url\":\"https:\\\/\\\/www.pspo.edu.pl\\\/podstawowka\\\/wp-content\\\/uploads\\\/sites\\\/4\\\/2025\\\/01\\\/o-nas.jpg\",\"contentUrl\":\"https:\\\/\\\/www.pspo.edu.pl\\\/podstawowka\\\/wp-content\\\/uploads\\\/sites\\\/4\\\/2025\\\/01\\\/o-nas.jpg\",\"width\":1440,\"height\":810},{\"@type\":\"BreadcrumbList\",\"@id\":\"https:\\\/\\\/www.pspo.edu.pl\\\/podstawowka\\\/o-nas\\\/#breadcrumb\",\"itemListElement\":[{\"@type\":\"ListItem\",\"position\":1,\"name\":\"Strona g\u0142\u00f3wna\",\"item\":\"https:\\\/\\\/www.pspo.edu.pl\\\/podstawowka\\\/\"},{\"@type\":\"ListItem\",\"position\":2,\"name\":\"O nas\"}]},{\"@type\":\"WebSite\",\"@id\":\"https:\\\/\\\/www.pspo.edu.pl\\\/podstawowka\\\/#website\",\"url\":\"https:\\\/\\\/www.pspo.edu.pl\\\/podstawowka\\\/\",\"name\":\"SSP\",\"description\":\"Spo\u0142eczna Szko\u0142a Podstawowa nr 13\",\"potentialAction\":[{\"@type\":\"SearchAction\",\"target\":{\"@type\":\"EntryPoint\",\"urlTemplate\":\"https:\\\/\\\/www.pspo.edu.pl\\\/podstawowka\\\/?s={search_term_string}\"},\"query-input\":{\"@type\":\"PropertyValueSpecification\",\"valueRequired\":true,\"valueName\":\"search_term_string\"}}],\"inLanguage\":\"pl-PL\"}]}<\/script>\n<!-- \/ Yoast SEO plugin. -->","yoast_head_json":{"title":"O nas - SSP","robots":{"index":"index","follow":"follow","max-snippet":"max-snippet:-1","max-image-preview":"max-image-preview:large","max-video-preview":"max-video-preview:-1"},"canonical":"https:\/\/www.pspo.edu.pl\/podstawowka\/o-nas\/","og_locale":"pl_PL","og_type":"article","og_title":"O nas - SSP","og_description":"Nasze tradycje si\u0119gaj\u0105 roku 1990, kiedy powsta\u0142a Spo\u0142eczna Szko\u0142a Podstawowa nr 13. Obecnie w sk\u0142ad Zespo\u0142u Szk\u00f3\u0142 im. Lotnik\u00f3w Ameryka\u0144skich wchodz\u0105 Liceum, Szko\u0142a Podstawowa i Przedszkole. Plac\u00f3wki te mieszcz\u0105 si\u0119 w dw\u00f3ch po\u0142o\u017conych blisko siebie budynkach, na terenie kampusu UKSW przy ulicy W\u00f3ycickiego, w dzielnicy Bielany, w pobli\u017cu Lasu M\u0142oci\u0144skiego i Kampinoskiego Parku Narodowego. Uczniami &hellip;","og_url":"https:\/\/www.pspo.edu.pl\/podstawowka\/o-nas\/","og_site_name":"SSP","article_modified_time":"2025-01-10T13:09:11+00:00","og_image":[{"width":1440,"height":810,"url":"https:\/\/www.pspo.edu.pl\/podstawowka\/wp-content\/uploads\/sites\/4\/2025\/01\/o-nas.jpg","type":"image\/jpeg"}],"twitter_card":"summary_large_image","twitter_misc":{"Szacowany czas czytania":"1 minuta"},"schema":{"@context":"https:\/\/schema.org","@graph":[{"@type":"WebPage","@id":"https:\/\/www.pspo.edu.pl\/podstawowka\/o-nas\/","url":"https:\/\/www.pspo.edu.pl\/podstawowka\/o-nas\/","name":"O nas - SSP","isPartOf":{"@id":"https:\/\/www.pspo.edu.pl\/podstawowka\/#website"},"primaryImageOfPage":{"@id":"https:\/\/www.pspo.edu.pl\/podstawowka\/o-nas\/#primaryimage"},"image":{"@id":"https:\/\/www.pspo.edu.pl\/podstawowka\/o-nas\/#primaryimage"},"thumbnailUrl":"https:\/\/www.pspo.edu.pl\/podstawowka\/wp-content\/uploads\/sites\/4\/2025\/01\/o-nas.jpg","datePublished":"2022-10-13T13:21:28+00:00","dateModified":"2025-01-10T13:09:11+00:00","breadcrumb":{"@id":"https:\/\/www.pspo.edu.pl\/podstawowka\/o-nas\/#breadcrumb"},"inLanguage":"pl-PL","potentialAction":[{"@type":"ReadAction","target":["https:\/\/www.pspo.edu.pl\/podstawowka\/o-nas\/"]}]},{"@type":"ImageObject","inLanguage":"pl-PL","@id":"https:\/\/www.pspo.edu.pl\/podstawowka\/o-nas\/#primaryimage","url":"https:\/\/www.pspo.edu.pl\/podstawowka\/wp-content\/uploads\/sites\/4\/2025\/01\/o-nas.jpg","contentUrl":"https:\/\/www.pspo.edu.pl\/podstawowka\/wp-content\/uploads\/sites\/4\/2025\/01\/o-nas.jpg","width":1440,"height":810},{"@type":"BreadcrumbList","@id":"https:\/\/www.pspo.edu.pl\/podstawowka\/o-nas\/#breadcrumb","itemListElement":[{"@type":"ListItem","position":1,"name":"Strona g\u0142\u00f3wna","item":"https:\/\/www.pspo.edu.pl\/podstawowka\/"},{"@type":"ListItem","position":2,"name":"O nas"}]},{"@type":"WebSite","@id":"https:\/\/www.pspo.edu.pl\/podstawowka\/#website","url":"https:\/\/www.pspo.edu.pl\/podstawowka\/","name":"SSP","description":"Spo\u0142eczna Szko\u0142a Podstawowa nr 13","potentialAction":[{"@type":"SearchAction","target":{"@type":"EntryPoint","urlTemplate":"https:\/\/www.pspo.edu.pl\/podstawowka\/?s={search_term_string}"},"query-input":{"@type":"PropertyValueSpecification","valueRequired":true,"valueName":"search_term_string"}}],"inLanguage":"pl-PL"}]}},"_links":{"self":[{"href":"https:\/\/www.pspo.edu.pl\/podstawowka\/wp-json\/wp\/v2\/pages\/481","targetHints":{"allow":["GET"]}}],"collection":[{"href":"https:\/\/www.pspo.edu.pl\/podstawowka\/wp-json\/wp\/v2\/pages"}],"about":[{"href":"https:\/\/www.pspo.edu.pl\/podstawowka\/wp-json\/wp\/v2\/types\/page"}],"author":[{"embeddable":true,"href":"https:\/\/www.pspo.edu.pl\/podstawowka\/wp-json\/wp\/v2\/users\/1"}],"replies":[{"embeddable":true,"href":"https:\/\/www.pspo.edu.pl\/podstawowka\/wp-json\/wp\/v2\/comments?post=481"}],"version-history":[{"count":8,"href":"https:\/\/www.pspo.edu.pl\/podstawowka\/wp-json\/wp\/v2\/pages\/481\/revisions"}],"predecessor-version":[{"id":3648,"href":"https:\/\/www.pspo.edu.pl\/podstawowka\/wp-json\/wp\/v2\/pages\/481\/revisions\/3648"}],"wp:featuredmedia":[{"embeddable":true,"href":"https:\/\/www.pspo.edu.pl\/podstawowka\/wp-json\/wp\/v2\/media\/3646"}],"wp:attachment":[{"href":"https:\/\/www.pspo.edu.pl\/podstawowka\/wp-json\/wp\/v2\/media?parent=481"}],"curies":[{"name":"wp","href":"https:\/\/api.w.org\/{rel}","templated":true}]}}