{"id":490,"date":"2022-10-13T22:33:08","date_gmt":"2022-10-13T20:33:08","guid":{"rendered":"https:\/\/webfach.vxm.pl\/podstawowka\/?page_id=490"},"modified":"2025-10-16T11:29:33","modified_gmt":"2025-10-16T09:29:33","slug":"rekrutacja","status":"publish","type":"page","link":"https:\/\/www.pspo.edu.pl\/podstawowka\/strefa-rodzica\/rekrutacja\/","title":{"rendered":"Rekrutacja"},"content":{"rendered":"<h2>Kandydatom do szko\u0142y podstawowej oferujemy<\/h2>\n<ul>\n<li>indywidualne podej\u015bcie do ucznia (ma\u0142e zespo\u0142y klasowe &#8211; max. 18 os\u00f3b);<\/li>\n<li>wysoki poziom zaj\u0119\u0107 dydaktycznych z wykorzystaniem nowoczesnego wyposa\u017cenia szko\u0142y w postaci tablic interaktywnych, program\u00f3w multimedialnych, pracowni komputerowej;<\/li>\n<li>zaj\u0119cia z etyki<\/li>\n<li>zaj\u0119cia kodowania i programowania<\/li>\n<li>warsztaty psychologiczne<\/li>\n<li>nauk\u0119 j\u0119zyk\u00f3w obcych:\n<ul>\n<li>j. angielski (kl. 4-6) 7 godzin w tygodniu (w tym 1 godz. z native speakerem i 1 godz. English Skills); (kl. 1-3) 6 godzin w tygodniu (w tym 1 godz. English Skills)<\/li>\n<li>j. hiszpa\u0144ski\/j. niemiecki (kl. 4-6) 3 godzin w tygodniu ; (kl. 1-3) 1 godzina w tygodniu<\/li>\n<\/ul>\n<\/li>\n<li>mo\u017cliwo\u015b\u0107 zdobycia certyfikat\u00f3w z j. angielskiego:\n<ul>\n<li>klasy 3 Starters<\/li>\n<li>klasy 4,5 Movers<\/li>\n<li>klasy 6 KET<\/li>\n<li>klasy 7, 8 PET<\/li>\n<\/ul>\n<\/li>\n<li>bogat\u0105 ofert\u0119 k\u00f3\u0142 zainteresowa\u0144<\/li>\n<li>zaj\u0119cia wyr\u00f3wnawcze( kl. 1- 3), zaj\u0119cia korekcyjno &#8211; kompensacyjne&nbsp;dla uczni\u00f3w ze specyficznymi trudno\u015bciami w nauce,<\/li>\n<li>opiek\u0119 pedagoga i psychologa szkolnego,<\/li>\n<li>zaj\u0119cia wychowania fizycznego we w\u0142asnej sali gimnastycznej,<\/li>\n<li>nauka p\u0142ywania we w\u0142asnym basenie,<\/li>\n<li>codzienn\u0105 opiek\u0119 piel\u0119gniarki szkolnej,<\/li>\n<li>opieka \u015bwietlicy do godz. 17.00 w ramach czesnego, od godz. 17.00 do godz. 18 p\u0142atna.<\/li>\n<\/ul>\n<h3>Za dodatkow\u0105 op\u0142at\u0105 w szkole organizowane s\u0105:<\/h3>\n<ul>\n<li>szachy, karate,nauka gry na instrumentach, ko\u0142o p\u0142ywackie, zumba, taniec ( nowoczesny i towarzyski), robotyka, judo, joga, ceramika<\/li>\n<li>zaj\u0119cia j\u0119zykowe: j. angielski,<\/li>\n<li>zaj\u0119cia z logoped\u0105,<\/li>\n<li>gimnastyka korekcyjna,<\/li>\n<li>obiady.<\/li>\n<\/ul>\n<h2>Masz pytania?<\/h2>\n<p>W przypadku dodatkowych pyta\u0144,&nbsp;prosimy o kontakt z&nbsp;<a class=\" \" href=\"https:\/\/www.pspo.edu.pl\/podstawowka\/kontakt\/sekretariat\/\">sekretariatem szko\u0142y<\/a>&nbsp;lub zapoznanie si\u0119 z informacjami w zak\u0142adce&nbsp;<a href=\"https:\/\/www.pspo.edu.pl\/podstawowka\/o-nas\/\">o nas<\/a>.<\/p>\n<h2>Wa\u017cne informacje dot. rekrutacji na rok 2025\/2026<\/h2>\n<p>O przyj\u0119ciu dziecka decyduje pozytywny wynik procesu rekrutacji oraz wp\u0142ata przez rodzic\u00f3w wpisowego. Op\u0142ata rekrutacyjna wynosi 300 z\u0142, p\u0142atne na konto szko\u0142y <strong>ING BANK \u015aL\u0104SKI&nbsp;S.A. 43 1050 0161 5240 0000 0000 1709<\/strong> &nbsp;na siedem dni przed rozmow\u0105, tytu\u0142em &#8221; Op\u0142ata rekrutacyjna SSP klasa&#8230;&#8221; (prosimy o wpisanie, do kt\u00f3rej klasy rekrutowane jest dziecko)<\/p>\n<p>Poni\u017cej znajd\u0105 Pa\u0144stwo do pobrania dokumenty dot. szko\u0142y podstawowej.<\/p>\n<ul>\n<li><a class=\" \" href=\"\/podstawowka\/wp-content\/uploads\/sites\/4\/2023\/01\/karta_przyjecia_do_szkoly.pdf\">Karta przyj\u0119cia dziecka do szko\u0142y<\/a><\/li>\n<li><a class=\" \" href=\"https:\/\/www.pspo.edu.pl\/podstawowka\/wp-content\/uploads\/sites\/4\/2025\/10\/KALENDARZ-REKRUTACJI-DO-KLASY-1-2026-2027.pdf\" target=\"_blank\" rel=\"noopener\">Kalendarz rekrutacji<\/a><\/li>\n<li><a class=\" \" href=\"https:\/\/www.pspo.edu.pl\/podstawowka\/wp-content\/uploads\/sites\/4\/2023\/11\/ZASADY-REKRUTACJI-KANDYDATOW-DO-KLASY-1.-2024-2025.pdf?v=2\" target=\"_blank\" rel=\"noopener\">Zasady rekrutacji kandydat\u00f3w do klasy 1<\/a><\/li>\n<li><a class=\" \" href=\"\/podstawowka\/wp-content\/uploads\/sites\/4\/2023\/01\/zasady_rekrutacji_kandydatow_do_klas_2-8_-_20220929.pdf\" target=\"_blank\" rel=\"noopener\">Zasady rekrutacji kandydat\u00f3w do klas 2 &#8211; 8<\/a><\/li>\n<li><a class=\" \" href=\"https:\/\/drive.google.com\/file\/d\/1x4cpvbagl7nJMwWmdtsQ3TGL32Gejphy\/view?usp=sharing\">Wyprawka ucznia klasy 1<\/a><\/li>\n<\/ul>\n<h2>Statuty<\/h2>\n<ul>\n<li><a class=\" \" href=\"\/podstawowka\/wp-content\/uploads\/sites\/4\/2023\/01\/statut_ssp13_01012020.pdf\">Statut Spo\u0142ecznej Szko\u0142y Podstawowej nr 13 z Oddzia\u0142ami Dwuj\u0119zycznymi<\/a><\/li>\n<li><a class=\" \" href=\"https:\/\/drive.google.com\/file\/d\/0B38tW41MNL_3QTdzU045VnRNZ3ZMNXB0bS1RR2UtQTlETlZV\/view?usp=sharing\">Statut Zespo\u0142u Edukacyjnego<\/a><\/li>\n<\/ul>\n<h2>Pozosta\u0142e pliki do pobrania<\/h2>\n<ul>\n<li><a class=\" \" href=\"https:\/\/drive.google.com\/file\/d\/0B7R0iC1tY4Gwc2lhNktOWUlKaHM\/view?usp=sharing\">Zasady funkcjonowania \u015bwietlicy szkolnej i zaj\u0119\u0107 pozalekcyjnych <\/a><\/li>\n<li><a class=\" \" href=\"https:\/\/www.pspo.edu.pl\/podstawowka\/wp-content\/uploads\/sites\/4\/2024\/08\/SZKOLNY-PROGRAM-WYCHOWAWCZO-PROFILAKTYCZNY.pdf\">Szkolny program wychowawczo &#8211; profilaktyczny<\/a><\/li>\n<li><a class=\" \" href=\"https:\/\/drive.google.com\/file\/d\/0B38tW41MNL_3V3RERW0xdERpY1pFTnlNcE5RNS0wNUJ6Vjl3\/view?usp=sharing\">Regulamin op\u0142at w Zespole Edukacyjnym<\/a><\/li>\n<li><a class=\" \" href=\"https:\/\/drive.google.com\/file\/d\/0B38tW41MNL_3Ri00X0ViSW1KeE1WVmJzOE1LVXBvSC1nVGUw\/view?usp=sharing\">Regulamin Zespo\u0142u Edukacyjnego<\/a><\/li>\n<li><a class=\" \" href=\"https:\/\/drive.google.com\/file\/d\/0B7R0iC1tY4GwSnJlZDd6QUMyaTQ\/view?usp=sharing\">Regulamin Samorz\u0105du Uczniowskiego<\/a><\/li>\n<li><a href=\"https:\/\/www.pspo.edu.pl\/podstawowka\/wp-content\/uploads\/sites\/4\/2024\/08\/STANDARDY-OCHRONY-MALOLETNICH_SSP-13.pdf\">Standardy Ochrony Ma\u0142oletnich<\/a><\/li>\n<\/ul>\n<!-- AddThis Advanced Settings generic via filter on the_content --><!-- AddThis Share Buttons generic via filter on the_content -->","protected":false},"excerpt":{"rendered":"<p>Kandydatom do szko\u0142y podstawowej oferujemy indywidualne podej\u015bcie do ucznia (ma\u0142e zespo\u0142y klasowe &#8211; max. 18 os\u00f3b); wysoki poziom zaj\u0119\u0107 dydaktycznych z wykorzystaniem nowoczesnego wyposa\u017cenia szko\u0142y w postaci tablic interaktywnych, program\u00f3w multimedialnych, pracowni komputerowej; zaj\u0119cia z etyki zaj\u0119cia kodowania i programowania warsztaty psychologiczne nauk\u0119 j\u0119zyk\u00f3w obcych: j. angielski (kl. 4-6) 7 godzin w tygodniu (w tym &hellip;<!-- AddThis Advanced Settings generic via filter on get_the_excerpt --><!-- AddThis Share Buttons generic via filter on get_the_excerpt --><\/p>\n","protected":false},"author":1,"featured_media":0,"parent":477,"menu_order":0,"comment_status":"closed","ping_status":"closed","template":"","meta":{"inline_featured_image":false,"ngg_post_thumbnail":0,"footnotes":""},"class_list":["post-490","page","type-page","status-publish","hentry"],"yoast_head":"<!-- This site is optimized with the Yoast SEO plugin v27.6 - https:\/\/yoast.com\/product\/yoast-seo-wordpress\/ -->\n<title>Rekrutacja<\/title>\n<meta name=\"description\" content=\"Zasady i warunki rekrutacji uczni\u00f3w do pierwszej klasy Szko\u0142y Podstawowej nr 13 w Warszawie na rok 2023\/24\" \/>\n<meta name=\"robots\" content=\"index, follow, max-snippet:-1, max-image-preview:large, max-video-preview:-1\" \/>\n<link rel=\"canonical\" href=\"https:\/\/www.pspo.edu.pl\/podstawowka\/strefa-rodzica\/rekrutacja\/\" \/>\n<meta property=\"og:locale\" content=\"pl_PL\" \/>\n<meta property=\"og:type\" content=\"article\" \/>\n<meta property=\"og:title\" content=\"Rekrutacja\" \/>\n<meta property=\"og:description\" content=\"Zasady i warunki rekrutacji uczni\u00f3w do pierwszej klasy Szko\u0142y Podstawowej nr 13 w Warszawie na rok 2023\/24\" \/>\n<meta property=\"og:url\" content=\"https:\/\/www.pspo.edu.pl\/podstawowka\/strefa-rodzica\/rekrutacja\/\" \/>\n<meta property=\"og:site_name\" content=\"SSP\" \/>\n<meta property=\"article:modified_time\" content=\"2025-10-16T09:29:33+00:00\" \/>\n<meta name=\"twitter:card\" content=\"summary_large_image\" \/>\n<meta name=\"twitter:label1\" content=\"Szacowany czas czytania\" \/>\n\t<meta name=\"twitter:data1\" content=\"3 minuty\" \/>\n<script type=\"application\/ld+json\" class=\"yoast-schema-graph\">{\"@context\":\"https:\\\/\\\/schema.org\",\"@graph\":[{\"@type\":\"WebPage\",\"@id\":\"https:\\\/\\\/www.pspo.edu.pl\\\/podstawowka\\\/strefa-rodzica\\\/rekrutacja\\\/\",\"url\":\"https:\\\/\\\/www.pspo.edu.pl\\\/podstawowka\\\/strefa-rodzica\\\/rekrutacja\\\/\",\"name\":\"Rekrutacja\",\"isPartOf\":{\"@id\":\"https:\\\/\\\/www.pspo.edu.pl\\\/podstawowka\\\/#website\"},\"datePublished\":\"2022-10-13T20:33:08+00:00\",\"dateModified\":\"2025-10-16T09:29:33+00:00\",\"description\":\"Zasady i warunki rekrutacji uczni\u00f3w do pierwszej klasy Szko\u0142y Podstawowej nr 13 w Warszawie na rok 2023\\\/24\",\"breadcrumb\":{\"@id\":\"https:\\\/\\\/www.pspo.edu.pl\\\/podstawowka\\\/strefa-rodzica\\\/rekrutacja\\\/#breadcrumb\"},\"inLanguage\":\"pl-PL\",\"potentialAction\":[{\"@type\":\"ReadAction\",\"target\":[\"https:\\\/\\\/www.pspo.edu.pl\\\/podstawowka\\\/strefa-rodzica\\\/rekrutacja\\\/\"]}]},{\"@type\":\"BreadcrumbList\",\"@id\":\"https:\\\/\\\/www.pspo.edu.pl\\\/podstawowka\\\/strefa-rodzica\\\/rekrutacja\\\/#breadcrumb\",\"itemListElement\":[{\"@type\":\"ListItem\",\"position\":1,\"name\":\"Strona g\u0142\u00f3wna\",\"item\":\"https:\\\/\\\/www.pspo.edu.pl\\\/podstawowka\\\/\"},{\"@type\":\"ListItem\",\"position\":2,\"name\":\"Strefa rodzica\",\"item\":\"https:\\\/\\\/www.pspo.edu.pl\\\/podstawowka\\\/strefa-rodzica\\\/\"},{\"@type\":\"ListItem\",\"position\":3,\"name\":\"Rekrutacja\"}]},{\"@type\":\"WebSite\",\"@id\":\"https:\\\/\\\/www.pspo.edu.pl\\\/podstawowka\\\/#website\",\"url\":\"https:\\\/\\\/www.pspo.edu.pl\\\/podstawowka\\\/\",\"name\":\"SSP\",\"description\":\"Spo\u0142eczna Szko\u0142a Podstawowa nr 13\",\"potentialAction\":[{\"@type\":\"SearchAction\",\"target\":{\"@type\":\"EntryPoint\",\"urlTemplate\":\"https:\\\/\\\/www.pspo.edu.pl\\\/podstawowka\\\/?s={search_term_string}\"},\"query-input\":{\"@type\":\"PropertyValueSpecification\",\"valueRequired\":true,\"valueName\":\"search_term_string\"}}],\"inLanguage\":\"pl-PL\"}]}<\/script>\n<!-- \/ Yoast SEO plugin. -->","yoast_head_json":{"title":"Rekrutacja","description":"Zasady i warunki rekrutacji uczni\u00f3w do pierwszej klasy Szko\u0142y Podstawowej nr 13 w Warszawie na rok 2023\/24","robots":{"index":"index","follow":"follow","max-snippet":"max-snippet:-1","max-image-preview":"max-image-preview:large","max-video-preview":"max-video-preview:-1"},"canonical":"https:\/\/www.pspo.edu.pl\/podstawowka\/strefa-rodzica\/rekrutacja\/","og_locale":"pl_PL","og_type":"article","og_title":"Rekrutacja","og_description":"Zasady i warunki rekrutacji uczni\u00f3w do pierwszej klasy Szko\u0142y Podstawowej nr 13 w Warszawie na rok 2023\/24","og_url":"https:\/\/www.pspo.edu.pl\/podstawowka\/strefa-rodzica\/rekrutacja\/","og_site_name":"SSP","article_modified_time":"2025-10-16T09:29:33+00:00","twitter_card":"summary_large_image","twitter_misc":{"Szacowany czas czytania":"3 minuty"},"schema":{"@context":"https:\/\/schema.org","@graph":[{"@type":"WebPage","@id":"https:\/\/www.pspo.edu.pl\/podstawowka\/strefa-rodzica\/rekrutacja\/","url":"https:\/\/www.pspo.edu.pl\/podstawowka\/strefa-rodzica\/rekrutacja\/","name":"Rekrutacja","isPartOf":{"@id":"https:\/\/www.pspo.edu.pl\/podstawowka\/#website"},"datePublished":"2022-10-13T20:33:08+00:00","dateModified":"2025-10-16T09:29:33+00:00","description":"Zasady i warunki rekrutacji uczni\u00f3w do pierwszej klasy Szko\u0142y Podstawowej nr 13 w Warszawie na rok 2023\/24","breadcrumb":{"@id":"https:\/\/www.pspo.edu.pl\/podstawowka\/strefa-rodzica\/rekrutacja\/#breadcrumb"},"inLanguage":"pl-PL","potentialAction":[{"@type":"ReadAction","target":["https:\/\/www.pspo.edu.pl\/podstawowka\/strefa-rodzica\/rekrutacja\/"]}]},{"@type":"BreadcrumbList","@id":"https:\/\/www.pspo.edu.pl\/podstawowka\/strefa-rodzica\/rekrutacja\/#breadcrumb","itemListElement":[{"@type":"ListItem","position":1,"name":"Strona g\u0142\u00f3wna","item":"https:\/\/www.pspo.edu.pl\/podstawowka\/"},{"@type":"ListItem","position":2,"name":"Strefa rodzica","item":"https:\/\/www.pspo.edu.pl\/podstawowka\/strefa-rodzica\/"},{"@type":"ListItem","position":3,"name":"Rekrutacja"}]},{"@type":"WebSite","@id":"https:\/\/www.pspo.edu.pl\/podstawowka\/#website","url":"https:\/\/www.pspo.edu.pl\/podstawowka\/","name":"SSP","description":"Spo\u0142eczna Szko\u0142a Podstawowa nr 13","potentialAction":[{"@type":"SearchAction","target":{"@type":"EntryPoint","urlTemplate":"https:\/\/www.pspo.edu.pl\/podstawowka\/?s={search_term_string}"},"query-input":{"@type":"PropertyValueSpecification","valueRequired":true,"valueName":"search_term_string"}}],"inLanguage":"pl-PL"}]}},"_links":{"self":[{"href":"https:\/\/www.pspo.edu.pl\/podstawowka\/wp-json\/wp\/v2\/pages\/490","targetHints":{"allow":["GET"]}}],"collection":[{"href":"https:\/\/www.pspo.edu.pl\/podstawowka\/wp-json\/wp\/v2\/pages"}],"about":[{"href":"https:\/\/www.pspo.edu.pl\/podstawowka\/wp-json\/wp\/v2\/types\/page"}],"author":[{"embeddable":true,"href":"https:\/\/www.pspo.edu.pl\/podstawowka\/wp-json\/wp\/v2\/users\/1"}],"replies":[{"embeddable":true,"href":"https:\/\/www.pspo.edu.pl\/podstawowka\/wp-json\/wp\/v2\/comments?post=490"}],"version-history":[{"count":25,"href":"https:\/\/www.pspo.edu.pl\/podstawowka\/wp-json\/wp\/v2\/pages\/490\/revisions"}],"predecessor-version":[{"id":4163,"href":"https:\/\/www.pspo.edu.pl\/podstawowka\/wp-json\/wp\/v2\/pages\/490\/revisions\/4163"}],"up":[{"embeddable":true,"href":"https:\/\/www.pspo.edu.pl\/podstawowka\/wp-json\/wp\/v2\/pages\/477"}],"wp:attachment":[{"href":"https:\/\/www.pspo.edu.pl\/podstawowka\/wp-json\/wp\/v2\/media?parent=490"}],"curies":[{"name":"wp","href":"https:\/\/api.w.org\/{rel}","templated":true}]}}