{"id":498,"date":"2022-10-13T22:34:53","date_gmt":"2022-10-13T20:34:53","guid":{"rendered":"https:\/\/webfach.vxm.pl\/podstawowka\/?page_id=498"},"modified":"2022-11-10T21:33:01","modified_gmt":"2022-11-10T20:33:01","slug":"primus-inter-pares","status":"publish","type":"page","link":"https:\/\/www.pspo.edu.pl\/podstawowka\/strefa-ucznia\/stypendia\/primus-inter-pares\/","title":{"rendered":"Primus Inter Pares"},"content":{"rendered":"<p>1. Nagroda\u00a0PRIMUS INTER PARES\u00a0mo\u017ce by\u0107 przyznana uczniowi, kt\u00f3ry:<\/p>\n<ol>\n<li>1. uzyska\u0142 tytu\u0142 laureata i\/lub finalisty w konkursie kuratoryjnym dla uczni\u00f3w szk\u00f3\u0142 podstawowych i\/lub olimpiady dla uczni\u00f3w szk\u00f3\u0142 podstawowych zwalniaj\u0105cych z egzaminu ko\u0144cowego po szkole podstawowej i\/lub<\/li>\n<li value=\"1\">2. uzyska\u0142 tytu\u0142 laureata i\/lub finalisty w konkursie\/olimpiadzie na szczeblu wojew\u00f3dzkim lub og\u00f3lnopolskim na poziomie liceum i\/lub<\/li>\n<li value=\"1\">3. wyr\u00f3\u017cni\u0142 si\u0119 dzia\u0142alno\u015bci\u0105 na rzecz spo\u0142eczno\u015bci szkolnej<br \/>\ni\/lub \u015brodowiska lokalnego i\/lub<\/li>\n<li value=\"1\">4. wyr\u00f3\u017cni\u0142 si\u0119 nieprzeci\u0119tnymi umiej\u0119tno\u015bciami w wybranej dziedzinie artystycznej, sportowej itp.<\/li>\n<\/ol>\n<p>2. Zasady przyznawania nagrody\u00a0PRIMUS INTER PARES:<\/p>\n<p>2.1. Nagrod\u0119 przyznaje powo\u0142ana na ka\u017cdy rok szkolny Kapitu\u0142a Nagrody,<br \/>\nw sk\u0142ad kt\u00f3rej wchodz\u0105:<\/p>\n<p>&#8211; przedstawiciel Zarz\u0105du PSPO Oddzia\u0142 I<\/p>\n<p>&#8211; dyrektor Szko\u0142y<\/p>\n<p>&#8211; Rada Samorz\u0105du Uczniowskiego<\/p>\n<p>&#8211; opiekun Samorz\u0105du Uczniowskiego<\/p>\n<p>&#8211; przedstawiciel zespo\u0142u matematyczno \u2013 przyrodniczego<\/p>\n<p>&#8211; przedstawiciel zespo\u0142u humanistycznego<\/p>\n<p>&#8211; przedstawiciel zespo\u0142u j\u0119zykowego<\/p>\n<p>&#8211; przedstawiciel zespo\u0142u wychowania fizycznego<\/p>\n<p>&#8211; przedstawiciel zespo\u0142u artystycznego<\/p>\n<p>2.2. Nagroda przyznawana jest po klasie 6-ej, 7-ej, 8-ej szko\u0142y podstawowej oraz po klasie 1-ej, 2-ej i 3-ej liceum.<\/p>\n<p>2.3. Nominacj\u0119 do nagrody\u00a0PRIMUS INTER PARES\u00a0mo\u017ce z\u0142o\u017cy\u0107:<\/p>\n<p>&#8211; wychowawca\/opiekun klasy<\/p>\n<p>&#8211; tutor<\/p>\n<p>&#8211; tutor przedmiotowy (w przypadku uczni\u00f3w obj\u0119tych programem pracy z uczniem uzdolnionym)<\/p>\n<p>&#8211; Samorz\u0105d Uczniowski<\/p>\n<p>2.4. Nominacja powinna zosta\u0107 z\u0142o\u017cona do Kapitu\u0142y Nagrody do 31 maja.<\/p>\n<p>2.5. Laureat nagrody PRIMUS INTER PARES otrzymuje okoliczno\u015bciow\u0105 statuetk\u0119<br \/>\ni dyplom, kt\u00f3re s\u0105 wr\u0119czane podczas uroczystego zako\u0144czenia roku szkolnego.<\/p>\n<p>2.6. Zarz\u0105d PSPO Oddz. I mo\u017ce ustanowi\u0107 tak\u017ce inne nagrody dla laureata.<\/p>\n<p>2.7. Laureat nagrody PRIMUS INTER PARES ma pierwsze\u0144stwo w przyj\u0119ciu do Liceum Og\u00f3lnokszta\u0142c\u0105cego Niepublicznego nr 43 z Oddzia\u0142ami Dwuj\u0119zycznymi<br \/>\nim. Lotnik\u00f3w Ameryka\u0144skich i jest zwolniony z udzia\u0142u w procesie rekrutacji.<\/p>\n<!-- AddThis Advanced Settings generic via filter on the_content --><!-- AddThis Share Buttons generic via filter on the_content -->","protected":false},"excerpt":{"rendered":"<p>1. Nagroda\u00a0PRIMUS INTER PARES\u00a0mo\u017ce by\u0107 przyznana uczniowi, kt\u00f3ry: 1. uzyska\u0142 tytu\u0142 laureata i\/lub finalisty w konkursie kuratoryjnym dla uczni\u00f3w szk\u00f3\u0142 podstawowych i\/lub olimpiady dla uczni\u00f3w szk\u00f3\u0142 podstawowych zwalniaj\u0105cych z egzaminu ko\u0144cowego po szkole podstawowej i\/lub 2. uzyska\u0142 tytu\u0142 laureata i\/lub finalisty w konkursie\/olimpiadzie na szczeblu wojew\u00f3dzkim lub og\u00f3lnopolskim na poziomie liceum i\/lub 3. wyr\u00f3\u017cni\u0142 si\u0119 &hellip;<!-- AddThis Advanced Settings generic via filter on get_the_excerpt --><!-- AddThis Share Buttons generic via filter on get_the_excerpt --><\/p>\n","protected":false},"author":1,"featured_media":0,"parent":496,"menu_order":0,"comment_status":"closed","ping_status":"closed","template":"","meta":{"inline_featured_image":false,"ngg_post_thumbnail":0,"footnotes":""},"class_list":["post-498","page","type-page","status-publish","hentry"],"yoast_head":"<!-- This site is optimized with the Yoast SEO plugin v27.4 - https:\/\/yoast.com\/product\/yoast-seo-wordpress\/ -->\n<title>Primus Inter Pares - SSP<\/title>\n<meta name=\"robots\" content=\"index, follow, max-snippet:-1, max-image-preview:large, max-video-preview:-1\" \/>\n<link rel=\"canonical\" href=\"https:\/\/www.pspo.edu.pl\/podstawowka\/strefa-ucznia\/stypendia\/primus-inter-pares\/\" \/>\n<meta property=\"og:locale\" content=\"pl_PL\" \/>\n<meta property=\"og:type\" content=\"article\" \/>\n<meta property=\"og:title\" content=\"Primus Inter Pares - SSP\" \/>\n<meta property=\"og:description\" content=\"1. Nagroda\u00a0PRIMUS INTER PARES\u00a0mo\u017ce by\u0107 przyznana uczniowi, kt\u00f3ry: 1. uzyska\u0142 tytu\u0142 laureata i\/lub finalisty w konkursie kuratoryjnym dla uczni\u00f3w szk\u00f3\u0142 podstawowych i\/lub olimpiady dla uczni\u00f3w szk\u00f3\u0142 podstawowych zwalniaj\u0105cych z egzaminu ko\u0144cowego po szkole podstawowej i\/lub 2. uzyska\u0142 tytu\u0142 laureata i\/lub finalisty w konkursie\/olimpiadzie na szczeblu wojew\u00f3dzkim lub og\u00f3lnopolskim na poziomie liceum i\/lub 3. wyr\u00f3\u017cni\u0142 si\u0119 &hellip;\" \/>\n<meta property=\"og:url\" content=\"https:\/\/www.pspo.edu.pl\/podstawowka\/strefa-ucznia\/stypendia\/primus-inter-pares\/\" \/>\n<meta property=\"og:site_name\" content=\"SSP\" \/>\n<meta property=\"article:modified_time\" content=\"2022-11-10T20:33:01+00:00\" \/>\n<meta name=\"twitter:card\" content=\"summary_large_image\" \/>\n<meta name=\"twitter:label1\" content=\"Szacowany czas czytania\" \/>\n\t<meta name=\"twitter:data1\" content=\"2 minuty\" \/>\n<script type=\"application\/ld+json\" class=\"yoast-schema-graph\">{\"@context\":\"https:\\\/\\\/schema.org\",\"@graph\":[{\"@type\":\"WebPage\",\"@id\":\"https:\\\/\\\/www.pspo.edu.pl\\\/podstawowka\\\/strefa-ucznia\\\/stypendia\\\/primus-inter-pares\\\/\",\"url\":\"https:\\\/\\\/www.pspo.edu.pl\\\/podstawowka\\\/strefa-ucznia\\\/stypendia\\\/primus-inter-pares\\\/\",\"name\":\"Primus Inter Pares - SSP\",\"isPartOf\":{\"@id\":\"https:\\\/\\\/www.pspo.edu.pl\\\/podstawowka\\\/#website\"},\"datePublished\":\"2022-10-13T20:34:53+00:00\",\"dateModified\":\"2022-11-10T20:33:01+00:00\",\"breadcrumb\":{\"@id\":\"https:\\\/\\\/www.pspo.edu.pl\\\/podstawowka\\\/strefa-ucznia\\\/stypendia\\\/primus-inter-pares\\\/#breadcrumb\"},\"inLanguage\":\"pl-PL\",\"potentialAction\":[{\"@type\":\"ReadAction\",\"target\":[\"https:\\\/\\\/www.pspo.edu.pl\\\/podstawowka\\\/strefa-ucznia\\\/stypendia\\\/primus-inter-pares\\\/\"]}]},{\"@type\":\"BreadcrumbList\",\"@id\":\"https:\\\/\\\/www.pspo.edu.pl\\\/podstawowka\\\/strefa-ucznia\\\/stypendia\\\/primus-inter-pares\\\/#breadcrumb\",\"itemListElement\":[{\"@type\":\"ListItem\",\"position\":1,\"name\":\"Strona g\u0142\u00f3wna\",\"item\":\"https:\\\/\\\/www.pspo.edu.pl\\\/podstawowka\\\/\"},{\"@type\":\"ListItem\",\"position\":2,\"name\":\"Strefa ucznia\",\"item\":\"https:\\\/\\\/www.pspo.edu.pl\\\/podstawowka\\\/strefa-ucznia\\\/\"},{\"@type\":\"ListItem\",\"position\":3,\"name\":\"Stypendia\",\"item\":\"https:\\\/\\\/www.pspo.edu.pl\\\/podstawowka\\\/strefa-ucznia\\\/stypendia\\\/\"},{\"@type\":\"ListItem\",\"position\":4,\"name\":\"Primus Inter Pares\"}]},{\"@type\":\"WebSite\",\"@id\":\"https:\\\/\\\/www.pspo.edu.pl\\\/podstawowka\\\/#website\",\"url\":\"https:\\\/\\\/www.pspo.edu.pl\\\/podstawowka\\\/\",\"name\":\"SSP\",\"description\":\"Spo\u0142eczna Szko\u0142a Podstawowa nr 13\",\"potentialAction\":[{\"@type\":\"SearchAction\",\"target\":{\"@type\":\"EntryPoint\",\"urlTemplate\":\"https:\\\/\\\/www.pspo.edu.pl\\\/podstawowka\\\/?s={search_term_string}\"},\"query-input\":{\"@type\":\"PropertyValueSpecification\",\"valueRequired\":true,\"valueName\":\"search_term_string\"}}],\"inLanguage\":\"pl-PL\"}]}<\/script>\n<!-- \/ Yoast SEO plugin. -->","yoast_head_json":{"title":"Primus Inter Pares - SSP","robots":{"index":"index","follow":"follow","max-snippet":"max-snippet:-1","max-image-preview":"max-image-preview:large","max-video-preview":"max-video-preview:-1"},"canonical":"https:\/\/www.pspo.edu.pl\/podstawowka\/strefa-ucznia\/stypendia\/primus-inter-pares\/","og_locale":"pl_PL","og_type":"article","og_title":"Primus Inter Pares - SSP","og_description":"1. Nagroda\u00a0PRIMUS INTER PARES\u00a0mo\u017ce by\u0107 przyznana uczniowi, kt\u00f3ry: 1. uzyska\u0142 tytu\u0142 laureata i\/lub finalisty w konkursie kuratoryjnym dla uczni\u00f3w szk\u00f3\u0142 podstawowych i\/lub olimpiady dla uczni\u00f3w szk\u00f3\u0142 podstawowych zwalniaj\u0105cych z egzaminu ko\u0144cowego po szkole podstawowej i\/lub 2. uzyska\u0142 tytu\u0142 laureata i\/lub finalisty w konkursie\/olimpiadzie na szczeblu wojew\u00f3dzkim lub og\u00f3lnopolskim na poziomie liceum i\/lub 3. wyr\u00f3\u017cni\u0142 si\u0119 &hellip;","og_url":"https:\/\/www.pspo.edu.pl\/podstawowka\/strefa-ucznia\/stypendia\/primus-inter-pares\/","og_site_name":"SSP","article_modified_time":"2022-11-10T20:33:01+00:00","twitter_card":"summary_large_image","twitter_misc":{"Szacowany czas czytania":"2 minuty"},"schema":{"@context":"https:\/\/schema.org","@graph":[{"@type":"WebPage","@id":"https:\/\/www.pspo.edu.pl\/podstawowka\/strefa-ucznia\/stypendia\/primus-inter-pares\/","url":"https:\/\/www.pspo.edu.pl\/podstawowka\/strefa-ucznia\/stypendia\/primus-inter-pares\/","name":"Primus Inter Pares - SSP","isPartOf":{"@id":"https:\/\/www.pspo.edu.pl\/podstawowka\/#website"},"datePublished":"2022-10-13T20:34:53+00:00","dateModified":"2022-11-10T20:33:01+00:00","breadcrumb":{"@id":"https:\/\/www.pspo.edu.pl\/podstawowka\/strefa-ucznia\/stypendia\/primus-inter-pares\/#breadcrumb"},"inLanguage":"pl-PL","potentialAction":[{"@type":"ReadAction","target":["https:\/\/www.pspo.edu.pl\/podstawowka\/strefa-ucznia\/stypendia\/primus-inter-pares\/"]}]},{"@type":"BreadcrumbList","@id":"https:\/\/www.pspo.edu.pl\/podstawowka\/strefa-ucznia\/stypendia\/primus-inter-pares\/#breadcrumb","itemListElement":[{"@type":"ListItem","position":1,"name":"Strona g\u0142\u00f3wna","item":"https:\/\/www.pspo.edu.pl\/podstawowka\/"},{"@type":"ListItem","position":2,"name":"Strefa ucznia","item":"https:\/\/www.pspo.edu.pl\/podstawowka\/strefa-ucznia\/"},{"@type":"ListItem","position":3,"name":"Stypendia","item":"https:\/\/www.pspo.edu.pl\/podstawowka\/strefa-ucznia\/stypendia\/"},{"@type":"ListItem","position":4,"name":"Primus Inter Pares"}]},{"@type":"WebSite","@id":"https:\/\/www.pspo.edu.pl\/podstawowka\/#website","url":"https:\/\/www.pspo.edu.pl\/podstawowka\/","name":"SSP","description":"Spo\u0142eczna Szko\u0142a Podstawowa nr 13","potentialAction":[{"@type":"SearchAction","target":{"@type":"EntryPoint","urlTemplate":"https:\/\/www.pspo.edu.pl\/podstawowka\/?s={search_term_string}"},"query-input":{"@type":"PropertyValueSpecification","valueRequired":true,"valueName":"search_term_string"}}],"inLanguage":"pl-PL"}]}},"_links":{"self":[{"href":"https:\/\/www.pspo.edu.pl\/podstawowka\/wp-json\/wp\/v2\/pages\/498","targetHints":{"allow":["GET"]}}],"collection":[{"href":"https:\/\/www.pspo.edu.pl\/podstawowka\/wp-json\/wp\/v2\/pages"}],"about":[{"href":"https:\/\/www.pspo.edu.pl\/podstawowka\/wp-json\/wp\/v2\/types\/page"}],"author":[{"embeddable":true,"href":"https:\/\/www.pspo.edu.pl\/podstawowka\/wp-json\/wp\/v2\/users\/1"}],"replies":[{"embeddable":true,"href":"https:\/\/www.pspo.edu.pl\/podstawowka\/wp-json\/wp\/v2\/comments?post=498"}],"version-history":[{"count":5,"href":"https:\/\/www.pspo.edu.pl\/podstawowka\/wp-json\/wp\/v2\/pages\/498\/revisions"}],"predecessor-version":[{"id":586,"href":"https:\/\/www.pspo.edu.pl\/podstawowka\/wp-json\/wp\/v2\/pages\/498\/revisions\/586"}],"up":[{"embeddable":true,"href":"https:\/\/www.pspo.edu.pl\/podstawowka\/wp-json\/wp\/v2\/pages\/496"}],"wp:attachment":[{"href":"https:\/\/www.pspo.edu.pl\/podstawowka\/wp-json\/wp\/v2\/media?parent=498"}],"curies":[{"name":"wp","href":"https:\/\/api.w.org\/{rel}","templated":true}]}}