{"id":510,"date":"2022-10-13T22:36:25","date_gmt":"2022-10-13T20:36:25","guid":{"rendered":"https:\/\/webfach.vxm.pl\/podstawowka\/?page_id=510"},"modified":"2022-11-10T21:44:32","modified_gmt":"2022-11-10T20:44:32","slug":"lektury","status":"publish","type":"page","link":"https:\/\/www.pspo.edu.pl\/podstawowka\/strefa-ucznia\/lektury\/","title":{"rendered":"Lektury"},"content":{"rendered":"<p>Na Pa\u0144stwa pro\u015bb\u0119 informujemy o lekturach, jakie w tym roku maj\u0105 przeczyta\u0107 uczniowie naszych szk\u00f3\u0142.<\/p>\n<h3>Lektury w szkole podstawowej<\/h3>\n<p><strong>KLASA IV<\/strong><\/p>\n<p><strong>Lektury obowi\u0105zkowe:<\/strong><\/p>\n<ul>\n<li>C.S. Lewis:\u00a0<em>Opowie\u015bci z Narnii-Lew, czarownica i stara szafa<\/em><\/li>\n<li>R. Goscinny, J.J. Sempe:\u00a0<em>Miko\u0142ajek<\/em><\/li>\n<li>F. Molnar<em>: Ch\u0142opcy z Placu Broni<\/em><\/li>\n<li>J. Christa:\u00a0<em>Kajko i Kokosz-Szko\u0142a latania<\/em><\/li>\n<\/ul>\n<p><strong>Lektury dodatkowe<\/strong><em>:<\/em><\/p>\n<ul>\n<li>D. Terakowska:\u00a0<em>W\u0142adca Lewawu<\/em><\/li>\n<li>A. Lindgren<em>: Bracia Lwie Serce<\/em><\/li>\n<li>F. H. Burnett:<em>\u00a0Tajemniczy ogr\u00f3d<\/em><\/li>\n<\/ul>\n<p><strong>KLASA V:<\/strong><\/p>\n<p><strong>Lektury obowi\u0105zkowe:<\/strong><\/p>\n<ul>\n<li>G. Kasdepke:<em>\u00a0Mity dla dzieci<\/em><\/li>\n<li>E. Niziurski:\u00a0<em>Spos\u00f3b na Alcybiadesa<\/em><\/li>\n<li>M. Twain:\u00a0<em>Przygody Tomka Sawyera<\/em><\/li>\n<li>H. Sienkiewicz:\u00a0<em>W pustyni i w puszczy<\/em><\/li>\n<li>J. Verne:\u00a0<em>W 80 dni dooko\u0142a \u015bwiata<\/em><\/li>\n<li>R. Kosik:<em>\u00a0Felix, Net i Nika oraz Gang Niewidzialnych Ludzi<\/em><\/li>\n<\/ul>\n<p><strong>Lektury uzupe\u0142niaj\u0105ce:<\/strong><\/p>\n<ul>\n<li>B. Kosmowska:\u00a0<em>Dziewczynka z parku<\/em><\/li>\n<li>K. Ryrych<em>: Wyspa mojej siostry<\/em><\/li>\n<li>D. Suwalska<em>: Ratunku, marzenia!<\/em><\/li>\n<\/ul>\n<p><strong>KLASA VI:<\/strong><\/p>\n<p><strong>Lektury obowi\u0105zkowe:<\/strong><\/p>\n<ul>\n<li>J. Jurgielewiczowa:\u00a0<em>Ten obcy<\/em><\/li>\n<li>K. Makuszy\u0144ski:<em>\u00a0Szatan z si\u00f3dmej klasy<\/em><\/li>\n<li>J. R.R. Tolkien:\u00a0<em>Hobbit czyli tam i z powrotem<\/em><\/li>\n<li>M. Szczygielski:\u00a0<em>Czarownica pi\u0119tro ni\u017cej<\/em><\/li>\n<\/ul>\n<p><strong>Lektury dodatkowe:<\/strong><\/p>\n<ul>\n<li>Z. Nienacki:<em>\u00a0Pan Samochodzik i templariusze<\/em><\/li>\n<li>D. Defoe:\u00a0<em>Przypadki Robinsona Cruzoe<\/em><\/li>\n<li>P. Ber\u0119sewicz<em>: Kiedy chodzi\u0142em z Julk\u0105 Maj<\/em><\/li>\n<\/ul>\n<!-- AddThis Advanced Settings generic via filter on the_content --><!-- AddThis Share Buttons generic via filter on the_content -->","protected":false},"excerpt":{"rendered":"<p>Na Pa\u0144stwa pro\u015bb\u0119 informujemy o lekturach, jakie w tym roku maj\u0105 przeczyta\u0107 uczniowie naszych szk\u00f3\u0142. Lektury w szkole podstawowej KLASA IV Lektury obowi\u0105zkowe: C.S. Lewis:\u00a0Opowie\u015bci z Narnii-Lew, czarownica i stara szafa R. Goscinny, J.J. Sempe:\u00a0Miko\u0142ajek F. Molnar: Ch\u0142opcy z Placu Broni J. Christa:\u00a0Kajko i Kokosz-Szko\u0142a latania Lektury dodatkowe: D. Terakowska:\u00a0W\u0142adca Lewawu A. Lindgren: Bracia Lwie &hellip;<!-- AddThis Advanced Settings generic via filter on get_the_excerpt --><!-- AddThis Share Buttons generic via filter on get_the_excerpt --><\/p>\n","protected":false},"author":1,"featured_media":0,"parent":475,"menu_order":0,"comment_status":"closed","ping_status":"closed","template":"","meta":{"inline_featured_image":false,"ngg_post_thumbnail":0,"footnotes":""},"class_list":["post-510","page","type-page","status-publish","hentry"],"yoast_head":"<!-- This site is optimized with the Yoast SEO plugin v27.4 - https:\/\/yoast.com\/product\/yoast-seo-wordpress\/ -->\n<title>Lektury - SSP<\/title>\n<meta name=\"robots\" content=\"index, follow, max-snippet:-1, max-image-preview:large, max-video-preview:-1\" \/>\n<link rel=\"canonical\" href=\"https:\/\/www.pspo.edu.pl\/podstawowka\/strefa-ucznia\/lektury\/\" \/>\n<meta property=\"og:locale\" content=\"pl_PL\" \/>\n<meta property=\"og:type\" content=\"article\" \/>\n<meta property=\"og:title\" content=\"Lektury - SSP\" \/>\n<meta property=\"og:description\" content=\"Na Pa\u0144stwa pro\u015bb\u0119 informujemy o lekturach, jakie w tym roku maj\u0105 przeczyta\u0107 uczniowie naszych szk\u00f3\u0142. Lektury w szkole podstawowej KLASA IV Lektury obowi\u0105zkowe: C.S. Lewis:\u00a0Opowie\u015bci z Narnii-Lew, czarownica i stara szafa R. Goscinny, J.J. Sempe:\u00a0Miko\u0142ajek F. Molnar: Ch\u0142opcy z Placu Broni J. Christa:\u00a0Kajko i Kokosz-Szko\u0142a latania Lektury dodatkowe: D. Terakowska:\u00a0W\u0142adca Lewawu A. Lindgren: Bracia Lwie &hellip;\" \/>\n<meta property=\"og:url\" content=\"https:\/\/www.pspo.edu.pl\/podstawowka\/strefa-ucznia\/lektury\/\" \/>\n<meta property=\"og:site_name\" content=\"SSP\" \/>\n<meta property=\"article:modified_time\" content=\"2022-11-10T20:44:32+00:00\" \/>\n<meta name=\"twitter:card\" content=\"summary_large_image\" \/>\n<meta name=\"twitter:label1\" content=\"Szacowany czas czytania\" \/>\n\t<meta name=\"twitter:data1\" content=\"1 minuta\" \/>\n<script type=\"application\/ld+json\" class=\"yoast-schema-graph\">{\"@context\":\"https:\\\/\\\/schema.org\",\"@graph\":[{\"@type\":\"WebPage\",\"@id\":\"https:\\\/\\\/www.pspo.edu.pl\\\/podstawowka\\\/strefa-ucznia\\\/lektury\\\/\",\"url\":\"https:\\\/\\\/www.pspo.edu.pl\\\/podstawowka\\\/strefa-ucznia\\\/lektury\\\/\",\"name\":\"Lektury - SSP\",\"isPartOf\":{\"@id\":\"https:\\\/\\\/www.pspo.edu.pl\\\/podstawowka\\\/#website\"},\"datePublished\":\"2022-10-13T20:36:25+00:00\",\"dateModified\":\"2022-11-10T20:44:32+00:00\",\"breadcrumb\":{\"@id\":\"https:\\\/\\\/www.pspo.edu.pl\\\/podstawowka\\\/strefa-ucznia\\\/lektury\\\/#breadcrumb\"},\"inLanguage\":\"pl-PL\",\"potentialAction\":[{\"@type\":\"ReadAction\",\"target\":[\"https:\\\/\\\/www.pspo.edu.pl\\\/podstawowka\\\/strefa-ucznia\\\/lektury\\\/\"]}]},{\"@type\":\"BreadcrumbList\",\"@id\":\"https:\\\/\\\/www.pspo.edu.pl\\\/podstawowka\\\/strefa-ucznia\\\/lektury\\\/#breadcrumb\",\"itemListElement\":[{\"@type\":\"ListItem\",\"position\":1,\"name\":\"Strona g\u0142\u00f3wna\",\"item\":\"https:\\\/\\\/www.pspo.edu.pl\\\/podstawowka\\\/\"},{\"@type\":\"ListItem\",\"position\":2,\"name\":\"Strefa ucznia\",\"item\":\"https:\\\/\\\/www.pspo.edu.pl\\\/podstawowka\\\/strefa-ucznia\\\/\"},{\"@type\":\"ListItem\",\"position\":3,\"name\":\"Lektury\"}]},{\"@type\":\"WebSite\",\"@id\":\"https:\\\/\\\/www.pspo.edu.pl\\\/podstawowka\\\/#website\",\"url\":\"https:\\\/\\\/www.pspo.edu.pl\\\/podstawowka\\\/\",\"name\":\"SSP\",\"description\":\"Spo\u0142eczna Szko\u0142a Podstawowa nr 13\",\"potentialAction\":[{\"@type\":\"SearchAction\",\"target\":{\"@type\":\"EntryPoint\",\"urlTemplate\":\"https:\\\/\\\/www.pspo.edu.pl\\\/podstawowka\\\/?s={search_term_string}\"},\"query-input\":{\"@type\":\"PropertyValueSpecification\",\"valueRequired\":true,\"valueName\":\"search_term_string\"}}],\"inLanguage\":\"pl-PL\"}]}<\/script>\n<!-- \/ Yoast SEO plugin. -->","yoast_head_json":{"title":"Lektury - SSP","robots":{"index":"index","follow":"follow","max-snippet":"max-snippet:-1","max-image-preview":"max-image-preview:large","max-video-preview":"max-video-preview:-1"},"canonical":"https:\/\/www.pspo.edu.pl\/podstawowka\/strefa-ucznia\/lektury\/","og_locale":"pl_PL","og_type":"article","og_title":"Lektury - SSP","og_description":"Na Pa\u0144stwa pro\u015bb\u0119 informujemy o lekturach, jakie w tym roku maj\u0105 przeczyta\u0107 uczniowie naszych szk\u00f3\u0142. Lektury w szkole podstawowej KLASA IV Lektury obowi\u0105zkowe: C.S. Lewis:\u00a0Opowie\u015bci z Narnii-Lew, czarownica i stara szafa R. Goscinny, J.J. Sempe:\u00a0Miko\u0142ajek F. Molnar: Ch\u0142opcy z Placu Broni J. Christa:\u00a0Kajko i Kokosz-Szko\u0142a latania Lektury dodatkowe: D. Terakowska:\u00a0W\u0142adca Lewawu A. Lindgren: Bracia Lwie &hellip;","og_url":"https:\/\/www.pspo.edu.pl\/podstawowka\/strefa-ucznia\/lektury\/","og_site_name":"SSP","article_modified_time":"2022-11-10T20:44:32+00:00","twitter_card":"summary_large_image","twitter_misc":{"Szacowany czas czytania":"1 minuta"},"schema":{"@context":"https:\/\/schema.org","@graph":[{"@type":"WebPage","@id":"https:\/\/www.pspo.edu.pl\/podstawowka\/strefa-ucznia\/lektury\/","url":"https:\/\/www.pspo.edu.pl\/podstawowka\/strefa-ucznia\/lektury\/","name":"Lektury - SSP","isPartOf":{"@id":"https:\/\/www.pspo.edu.pl\/podstawowka\/#website"},"datePublished":"2022-10-13T20:36:25+00:00","dateModified":"2022-11-10T20:44:32+00:00","breadcrumb":{"@id":"https:\/\/www.pspo.edu.pl\/podstawowka\/strefa-ucznia\/lektury\/#breadcrumb"},"inLanguage":"pl-PL","potentialAction":[{"@type":"ReadAction","target":["https:\/\/www.pspo.edu.pl\/podstawowka\/strefa-ucznia\/lektury\/"]}]},{"@type":"BreadcrumbList","@id":"https:\/\/www.pspo.edu.pl\/podstawowka\/strefa-ucznia\/lektury\/#breadcrumb","itemListElement":[{"@type":"ListItem","position":1,"name":"Strona g\u0142\u00f3wna","item":"https:\/\/www.pspo.edu.pl\/podstawowka\/"},{"@type":"ListItem","position":2,"name":"Strefa ucznia","item":"https:\/\/www.pspo.edu.pl\/podstawowka\/strefa-ucznia\/"},{"@type":"ListItem","position":3,"name":"Lektury"}]},{"@type":"WebSite","@id":"https:\/\/www.pspo.edu.pl\/podstawowka\/#website","url":"https:\/\/www.pspo.edu.pl\/podstawowka\/","name":"SSP","description":"Spo\u0142eczna Szko\u0142a Podstawowa nr 13","potentialAction":[{"@type":"SearchAction","target":{"@type":"EntryPoint","urlTemplate":"https:\/\/www.pspo.edu.pl\/podstawowka\/?s={search_term_string}"},"query-input":{"@type":"PropertyValueSpecification","valueRequired":true,"valueName":"search_term_string"}}],"inLanguage":"pl-PL"}]}},"_links":{"self":[{"href":"https:\/\/www.pspo.edu.pl\/podstawowka\/wp-json\/wp\/v2\/pages\/510","targetHints":{"allow":["GET"]}}],"collection":[{"href":"https:\/\/www.pspo.edu.pl\/podstawowka\/wp-json\/wp\/v2\/pages"}],"about":[{"href":"https:\/\/www.pspo.edu.pl\/podstawowka\/wp-json\/wp\/v2\/types\/page"}],"author":[{"embeddable":true,"href":"https:\/\/www.pspo.edu.pl\/podstawowka\/wp-json\/wp\/v2\/users\/1"}],"replies":[{"embeddable":true,"href":"https:\/\/www.pspo.edu.pl\/podstawowka\/wp-json\/wp\/v2\/comments?post=510"}],"version-history":[{"count":2,"href":"https:\/\/www.pspo.edu.pl\/podstawowka\/wp-json\/wp\/v2\/pages\/510\/revisions"}],"predecessor-version":[{"id":599,"href":"https:\/\/www.pspo.edu.pl\/podstawowka\/wp-json\/wp\/v2\/pages\/510\/revisions\/599"}],"up":[{"embeddable":true,"href":"https:\/\/www.pspo.edu.pl\/podstawowka\/wp-json\/wp\/v2\/pages\/475"}],"wp:attachment":[{"href":"https:\/\/www.pspo.edu.pl\/podstawowka\/wp-json\/wp\/v2\/media?parent=510"}],"curies":[{"name":"wp","href":"https:\/\/api.w.org\/{rel}","templated":true}]}}