{"id":518,"date":"2022-10-13T22:38:02","date_gmt":"2022-10-13T20:38:02","guid":{"rendered":"https:\/\/webfach.vxm.pl\/podstawowka\/?page_id=518"},"modified":"2022-11-10T21:59:50","modified_gmt":"2022-11-10T20:59:50","slug":"dzwonki","status":"publish","type":"page","link":"https:\/\/www.pspo.edu.pl\/podstawowka\/strefa-ucznia\/dzwonki\/","title":{"rendered":"Dzwonki"},"content":{"rendered":"<p>Poni\u017cej znajduje si\u0119 lista godzin lekcyjnych oraz dzwonk\u00f3w:<\/p>\n<ol>\n<li>8:30 \u2013 9:15<\/li>\n<li>9:25 \u2013 10:10<\/li>\n<li>10:20 \u2013 11:05<\/li>\n<li>11:15 \u2013 12:00<\/li>\n<li>12:10 \u2013 12:55<\/li>\n<li>13:15 \u2013 14:00<\/li>\n<li>14:20 \u2013 15:05<\/li>\n<li>15:15 \u2013 16:00<\/li>\n<li>16:05 &#8211; 16:50<\/li>\n<\/ol>\n<!-- AddThis Advanced Settings generic via filter on the_content --><!-- AddThis Share Buttons generic via filter on the_content -->","protected":false},"excerpt":{"rendered":"<p>Poni\u017cej znajduje si\u0119 lista godzin lekcyjnych oraz dzwonk\u00f3w: 8:30 \u2013 9:15 9:25 \u2013 10:10 10:20 \u2013 11:05 11:15 \u2013 12:00 12:10 \u2013 12:55 13:15 \u2013 14:00 14:20 \u2013 15:05 15:15 \u2013 16:00 16:05 &#8211; 16:50<!-- AddThis Advanced Settings generic via filter on get_the_excerpt --><!-- AddThis Share Buttons generic via filter on get_the_excerpt --><\/p>\n","protected":false},"author":1,"featured_media":0,"parent":475,"menu_order":0,"comment_status":"closed","ping_status":"closed","template":"","meta":{"inline_featured_image":false,"ngg_post_thumbnail":0,"footnotes":""},"class_list":["post-518","page","type-page","status-publish","hentry"],"yoast_head":"<!-- This site is optimized with the Yoast SEO plugin v27.4 - https:\/\/yoast.com\/product\/yoast-seo-wordpress\/ -->\n<title>Dzwonki - SSP<\/title>\n<meta name=\"robots\" content=\"index, follow, max-snippet:-1, max-image-preview:large, max-video-preview:-1\" \/>\n<link rel=\"canonical\" href=\"https:\/\/www.pspo.edu.pl\/podstawowka\/strefa-ucznia\/dzwonki\/\" \/>\n<meta property=\"og:locale\" content=\"pl_PL\" \/>\n<meta property=\"og:type\" content=\"article\" \/>\n<meta property=\"og:title\" content=\"Dzwonki - SSP\" \/>\n<meta property=\"og:description\" content=\"Poni\u017cej znajduje si\u0119 lista godzin lekcyjnych oraz dzwonk\u00f3w: 8:30 \u2013 9:15 9:25 \u2013 10:10 10:20 \u2013 11:05 11:15 \u2013 12:00 12:10 \u2013 12:55 13:15 \u2013 14:00 14:20 \u2013 15:05 15:15 \u2013 16:00 16:05 &#8211; 16:50\" \/>\n<meta property=\"og:url\" content=\"https:\/\/www.pspo.edu.pl\/podstawowka\/strefa-ucznia\/dzwonki\/\" \/>\n<meta property=\"og:site_name\" content=\"SSP\" \/>\n<meta property=\"article:modified_time\" content=\"2022-11-10T20:59:50+00:00\" \/>\n<meta name=\"twitter:card\" content=\"summary_large_image\" \/>\n<script type=\"application\/ld+json\" class=\"yoast-schema-graph\">{\"@context\":\"https:\\\/\\\/schema.org\",\"@graph\":[{\"@type\":\"WebPage\",\"@id\":\"https:\\\/\\\/www.pspo.edu.pl\\\/podstawowka\\\/strefa-ucznia\\\/dzwonki\\\/\",\"url\":\"https:\\\/\\\/www.pspo.edu.pl\\\/podstawowka\\\/strefa-ucznia\\\/dzwonki\\\/\",\"name\":\"Dzwonki - SSP\",\"isPartOf\":{\"@id\":\"https:\\\/\\\/www.pspo.edu.pl\\\/podstawowka\\\/#website\"},\"datePublished\":\"2022-10-13T20:38:02+00:00\",\"dateModified\":\"2022-11-10T20:59:50+00:00\",\"breadcrumb\":{\"@id\":\"https:\\\/\\\/www.pspo.edu.pl\\\/podstawowka\\\/strefa-ucznia\\\/dzwonki\\\/#breadcrumb\"},\"inLanguage\":\"pl-PL\",\"potentialAction\":[{\"@type\":\"ReadAction\",\"target\":[\"https:\\\/\\\/www.pspo.edu.pl\\\/podstawowka\\\/strefa-ucznia\\\/dzwonki\\\/\"]}]},{\"@type\":\"BreadcrumbList\",\"@id\":\"https:\\\/\\\/www.pspo.edu.pl\\\/podstawowka\\\/strefa-ucznia\\\/dzwonki\\\/#breadcrumb\",\"itemListElement\":[{\"@type\":\"ListItem\",\"position\":1,\"name\":\"Strona g\u0142\u00f3wna\",\"item\":\"https:\\\/\\\/www.pspo.edu.pl\\\/podstawowka\\\/\"},{\"@type\":\"ListItem\",\"position\":2,\"name\":\"Strefa ucznia\",\"item\":\"https:\\\/\\\/www.pspo.edu.pl\\\/podstawowka\\\/strefa-ucznia\\\/\"},{\"@type\":\"ListItem\",\"position\":3,\"name\":\"Dzwonki\"}]},{\"@type\":\"WebSite\",\"@id\":\"https:\\\/\\\/www.pspo.edu.pl\\\/podstawowka\\\/#website\",\"url\":\"https:\\\/\\\/www.pspo.edu.pl\\\/podstawowka\\\/\",\"name\":\"SSP\",\"description\":\"Spo\u0142eczna Szko\u0142a Podstawowa nr 13\",\"potentialAction\":[{\"@type\":\"SearchAction\",\"target\":{\"@type\":\"EntryPoint\",\"urlTemplate\":\"https:\\\/\\\/www.pspo.edu.pl\\\/podstawowka\\\/?s={search_term_string}\"},\"query-input\":{\"@type\":\"PropertyValueSpecification\",\"valueRequired\":true,\"valueName\":\"search_term_string\"}}],\"inLanguage\":\"pl-PL\"}]}<\/script>\n<!-- \/ Yoast SEO plugin. -->","yoast_head_json":{"title":"Dzwonki - SSP","robots":{"index":"index","follow":"follow","max-snippet":"max-snippet:-1","max-image-preview":"max-image-preview:large","max-video-preview":"max-video-preview:-1"},"canonical":"https:\/\/www.pspo.edu.pl\/podstawowka\/strefa-ucznia\/dzwonki\/","og_locale":"pl_PL","og_type":"article","og_title":"Dzwonki - SSP","og_description":"Poni\u017cej znajduje si\u0119 lista godzin lekcyjnych oraz dzwonk\u00f3w: 8:30 \u2013 9:15 9:25 \u2013 10:10 10:20 \u2013 11:05 11:15 \u2013 12:00 12:10 \u2013 12:55 13:15 \u2013 14:00 14:20 \u2013 15:05 15:15 \u2013 16:00 16:05 &#8211; 16:50","og_url":"https:\/\/www.pspo.edu.pl\/podstawowka\/strefa-ucznia\/dzwonki\/","og_site_name":"SSP","article_modified_time":"2022-11-10T20:59:50+00:00","twitter_card":"summary_large_image","schema":{"@context":"https:\/\/schema.org","@graph":[{"@type":"WebPage","@id":"https:\/\/www.pspo.edu.pl\/podstawowka\/strefa-ucznia\/dzwonki\/","url":"https:\/\/www.pspo.edu.pl\/podstawowka\/strefa-ucznia\/dzwonki\/","name":"Dzwonki - SSP","isPartOf":{"@id":"https:\/\/www.pspo.edu.pl\/podstawowka\/#website"},"datePublished":"2022-10-13T20:38:02+00:00","dateModified":"2022-11-10T20:59:50+00:00","breadcrumb":{"@id":"https:\/\/www.pspo.edu.pl\/podstawowka\/strefa-ucznia\/dzwonki\/#breadcrumb"},"inLanguage":"pl-PL","potentialAction":[{"@type":"ReadAction","target":["https:\/\/www.pspo.edu.pl\/podstawowka\/strefa-ucznia\/dzwonki\/"]}]},{"@type":"BreadcrumbList","@id":"https:\/\/www.pspo.edu.pl\/podstawowka\/strefa-ucznia\/dzwonki\/#breadcrumb","itemListElement":[{"@type":"ListItem","position":1,"name":"Strona g\u0142\u00f3wna","item":"https:\/\/www.pspo.edu.pl\/podstawowka\/"},{"@type":"ListItem","position":2,"name":"Strefa ucznia","item":"https:\/\/www.pspo.edu.pl\/podstawowka\/strefa-ucznia\/"},{"@type":"ListItem","position":3,"name":"Dzwonki"}]},{"@type":"WebSite","@id":"https:\/\/www.pspo.edu.pl\/podstawowka\/#website","url":"https:\/\/www.pspo.edu.pl\/podstawowka\/","name":"SSP","description":"Spo\u0142eczna Szko\u0142a Podstawowa nr 13","potentialAction":[{"@type":"SearchAction","target":{"@type":"EntryPoint","urlTemplate":"https:\/\/www.pspo.edu.pl\/podstawowka\/?s={search_term_string}"},"query-input":{"@type":"PropertyValueSpecification","valueRequired":true,"valueName":"search_term_string"}}],"inLanguage":"pl-PL"}]}},"_links":{"self":[{"href":"https:\/\/www.pspo.edu.pl\/podstawowka\/wp-json\/wp\/v2\/pages\/518","targetHints":{"allow":["GET"]}}],"collection":[{"href":"https:\/\/www.pspo.edu.pl\/podstawowka\/wp-json\/wp\/v2\/pages"}],"about":[{"href":"https:\/\/www.pspo.edu.pl\/podstawowka\/wp-json\/wp\/v2\/types\/page"}],"author":[{"embeddable":true,"href":"https:\/\/www.pspo.edu.pl\/podstawowka\/wp-json\/wp\/v2\/users\/1"}],"replies":[{"embeddable":true,"href":"https:\/\/www.pspo.edu.pl\/podstawowka\/wp-json\/wp\/v2\/comments?post=518"}],"version-history":[{"count":2,"href":"https:\/\/www.pspo.edu.pl\/podstawowka\/wp-json\/wp\/v2\/pages\/518\/revisions"}],"predecessor-version":[{"id":611,"href":"https:\/\/www.pspo.edu.pl\/podstawowka\/wp-json\/wp\/v2\/pages\/518\/revisions\/611"}],"up":[{"embeddable":true,"href":"https:\/\/www.pspo.edu.pl\/podstawowka\/wp-json\/wp\/v2\/pages\/475"}],"wp:attachment":[{"href":"https:\/\/www.pspo.edu.pl\/podstawowka\/wp-json\/wp\/v2\/media?parent=518"}],"curies":[{"name":"wp","href":"https:\/\/api.w.org\/{rel}","templated":true}]}}