{"id":523,"date":"2022-10-13T22:39:00","date_gmt":"2022-10-13T20:39:00","guid":{"rendered":"https:\/\/webfach.vxm.pl\/podstawowka\/?page_id=523"},"modified":"2025-11-25T10:55:10","modified_gmt":"2025-11-25T09:55:10","slug":"zebrania","status":"publish","type":"page","link":"https:\/\/www.pspo.edu.pl\/podstawowka\/strefa-rodzica\/zebrania\/","title":{"rendered":"Zebrania"},"content":{"rendered":"<p>Terminarz spotka\u0144 z Rodzicami i Rad Pedagogicznych w roku szkolnym\u00a0<strong>2025 \/ 2026:<\/strong><\/p>\n<p><strong>Klasy 1 &#8211; 3 godz. 17.30<\/strong><\/p>\n<p><strong>klasy 4 &#8211; 6 godz. 18.00<\/strong><\/p>\n<p><strong>Klasy 7 i 8 &#8211; zebrania najcz\u0119\u015bciej 17.00, dni otwarte najcz\u0119\u015bciej 18.00,<\/strong><\/p>\n<p><strong>ale godzina mo\u017ce ulec zmianie &#8211; prosimy o sprawdzanie skrzynki mailowej!\u00a0<\/strong><\/p>\n<p>Terminy zebra\u0144 mog\u0105 Pa\u0144stwo sprawdzi\u0107 w naszych harmonogramach:<\/p>\n<p><a href=\"https:\/\/docs.google.com\/document\/d\/1kRTPrfpB3FOXkqvJDInVshMwk1pCF2Pq\/edit?usp=sharing&amp;ouid=112463912077096155639&amp;rtpof=true&amp;sd=true\">Klasy 1 &#8211; 6 szko\u0142y podstawowej<\/a><\/p>\n<p><a href=\"https:\/\/drive.google.com\/file\/d\/1s5AnXvWJdpIcvt0hUX-2sa0FPCO-6d31\/view?usp=sharing\">Klasy 7 i 8 szko\u0142y podstawowej<\/a><\/p>\n<p>&nbsp;<\/p>\n<!-- AddThis Advanced Settings generic via filter on the_content --><!-- AddThis Share Buttons generic via filter on the_content -->","protected":false},"excerpt":{"rendered":"<p>Terminarz spotka\u0144 z Rodzicami i Rad Pedagogicznych w roku szkolnym\u00a02025 \/ 2026: Klasy 1 &#8211; 3 godz. 17.30 klasy 4 &#8211; 6 godz. 18.00 Klasy 7 i 8 &#8211; zebrania najcz\u0119\u015bciej 17.00, dni otwarte najcz\u0119\u015bciej 18.00, ale godzina mo\u017ce ulec zmianie &#8211; prosimy o sprawdzanie skrzynki mailowej!\u00a0 Terminy zebra\u0144 mog\u0105 Pa\u0144stwo sprawdzi\u0107 w naszych harmonogramach: &hellip;<!-- AddThis Advanced Settings generic via filter on get_the_excerpt --><!-- AddThis Share Buttons generic via filter on get_the_excerpt --><\/p>\n","protected":false},"author":1,"featured_media":0,"parent":477,"menu_order":0,"comment_status":"closed","ping_status":"closed","template":"","meta":{"inline_featured_image":false,"ngg_post_thumbnail":0,"footnotes":""},"class_list":["post-523","page","type-page","status-publish","hentry"],"yoast_head":"<!-- This site is optimized with the Yoast SEO plugin v27.4 - https:\/\/yoast.com\/product\/yoast-seo-wordpress\/ -->\n<title>Zebrania - SSP<\/title>\n<meta name=\"robots\" content=\"index, follow, max-snippet:-1, max-image-preview:large, max-video-preview:-1\" \/>\n<link rel=\"canonical\" href=\"https:\/\/www.pspo.edu.pl\/podstawowka\/strefa-rodzica\/zebrania\/\" \/>\n<meta property=\"og:locale\" content=\"pl_PL\" \/>\n<meta property=\"og:type\" content=\"article\" \/>\n<meta property=\"og:title\" content=\"Zebrania - SSP\" \/>\n<meta property=\"og:description\" content=\"Terminarz spotka\u0144 z Rodzicami i Rad Pedagogicznych w roku szkolnym\u00a02025 \/ 2026: Klasy 1 &#8211; 3 godz. 17.30 klasy 4 &#8211; 6 godz. 18.00 Klasy 7 i 8 &#8211; zebrania najcz\u0119\u015bciej 17.00, dni otwarte najcz\u0119\u015bciej 18.00, ale godzina mo\u017ce ulec zmianie &#8211; prosimy o sprawdzanie skrzynki mailowej!\u00a0 Terminy zebra\u0144 mog\u0105 Pa\u0144stwo sprawdzi\u0107 w naszych harmonogramach: &hellip;\" \/>\n<meta property=\"og:url\" content=\"https:\/\/www.pspo.edu.pl\/podstawowka\/strefa-rodzica\/zebrania\/\" \/>\n<meta property=\"og:site_name\" content=\"SSP\" \/>\n<meta property=\"article:modified_time\" content=\"2025-11-25T09:55:10+00:00\" \/>\n<meta name=\"twitter:card\" content=\"summary_large_image\" \/>\n<meta name=\"twitter:label1\" content=\"Szacowany czas czytania\" \/>\n\t<meta name=\"twitter:data1\" content=\"1 minuta\" \/>\n<script type=\"application\/ld+json\" class=\"yoast-schema-graph\">{\"@context\":\"https:\\\/\\\/schema.org\",\"@graph\":[{\"@type\":\"WebPage\",\"@id\":\"https:\\\/\\\/www.pspo.edu.pl\\\/podstawowka\\\/strefa-rodzica\\\/zebrania\\\/\",\"url\":\"https:\\\/\\\/www.pspo.edu.pl\\\/podstawowka\\\/strefa-rodzica\\\/zebrania\\\/\",\"name\":\"Zebrania - SSP\",\"isPartOf\":{\"@id\":\"https:\\\/\\\/www.pspo.edu.pl\\\/podstawowka\\\/#website\"},\"datePublished\":\"2022-10-13T20:39:00+00:00\",\"dateModified\":\"2025-11-25T09:55:10+00:00\",\"breadcrumb\":{\"@id\":\"https:\\\/\\\/www.pspo.edu.pl\\\/podstawowka\\\/strefa-rodzica\\\/zebrania\\\/#breadcrumb\"},\"inLanguage\":\"pl-PL\",\"potentialAction\":[{\"@type\":\"ReadAction\",\"target\":[\"https:\\\/\\\/www.pspo.edu.pl\\\/podstawowka\\\/strefa-rodzica\\\/zebrania\\\/\"]}]},{\"@type\":\"BreadcrumbList\",\"@id\":\"https:\\\/\\\/www.pspo.edu.pl\\\/podstawowka\\\/strefa-rodzica\\\/zebrania\\\/#breadcrumb\",\"itemListElement\":[{\"@type\":\"ListItem\",\"position\":1,\"name\":\"Strona g\u0142\u00f3wna\",\"item\":\"https:\\\/\\\/www.pspo.edu.pl\\\/podstawowka\\\/\"},{\"@type\":\"ListItem\",\"position\":2,\"name\":\"Strefa rodzica\",\"item\":\"https:\\\/\\\/www.pspo.edu.pl\\\/podstawowka\\\/strefa-rodzica\\\/\"},{\"@type\":\"ListItem\",\"position\":3,\"name\":\"Zebrania\"}]},{\"@type\":\"WebSite\",\"@id\":\"https:\\\/\\\/www.pspo.edu.pl\\\/podstawowka\\\/#website\",\"url\":\"https:\\\/\\\/www.pspo.edu.pl\\\/podstawowka\\\/\",\"name\":\"SSP\",\"description\":\"Spo\u0142eczna Szko\u0142a Podstawowa nr 13\",\"potentialAction\":[{\"@type\":\"SearchAction\",\"target\":{\"@type\":\"EntryPoint\",\"urlTemplate\":\"https:\\\/\\\/www.pspo.edu.pl\\\/podstawowka\\\/?s={search_term_string}\"},\"query-input\":{\"@type\":\"PropertyValueSpecification\",\"valueRequired\":true,\"valueName\":\"search_term_string\"}}],\"inLanguage\":\"pl-PL\"}]}<\/script>\n<!-- \/ Yoast SEO plugin. -->","yoast_head_json":{"title":"Zebrania - SSP","robots":{"index":"index","follow":"follow","max-snippet":"max-snippet:-1","max-image-preview":"max-image-preview:large","max-video-preview":"max-video-preview:-1"},"canonical":"https:\/\/www.pspo.edu.pl\/podstawowka\/strefa-rodzica\/zebrania\/","og_locale":"pl_PL","og_type":"article","og_title":"Zebrania - SSP","og_description":"Terminarz spotka\u0144 z Rodzicami i Rad Pedagogicznych w roku szkolnym\u00a02025 \/ 2026: Klasy 1 &#8211; 3 godz. 17.30 klasy 4 &#8211; 6 godz. 18.00 Klasy 7 i 8 &#8211; zebrania najcz\u0119\u015bciej 17.00, dni otwarte najcz\u0119\u015bciej 18.00, ale godzina mo\u017ce ulec zmianie &#8211; prosimy o sprawdzanie skrzynki mailowej!\u00a0 Terminy zebra\u0144 mog\u0105 Pa\u0144stwo sprawdzi\u0107 w naszych harmonogramach: &hellip;","og_url":"https:\/\/www.pspo.edu.pl\/podstawowka\/strefa-rodzica\/zebrania\/","og_site_name":"SSP","article_modified_time":"2025-11-25T09:55:10+00:00","twitter_card":"summary_large_image","twitter_misc":{"Szacowany czas czytania":"1 minuta"},"schema":{"@context":"https:\/\/schema.org","@graph":[{"@type":"WebPage","@id":"https:\/\/www.pspo.edu.pl\/podstawowka\/strefa-rodzica\/zebrania\/","url":"https:\/\/www.pspo.edu.pl\/podstawowka\/strefa-rodzica\/zebrania\/","name":"Zebrania - SSP","isPartOf":{"@id":"https:\/\/www.pspo.edu.pl\/podstawowka\/#website"},"datePublished":"2022-10-13T20:39:00+00:00","dateModified":"2025-11-25T09:55:10+00:00","breadcrumb":{"@id":"https:\/\/www.pspo.edu.pl\/podstawowka\/strefa-rodzica\/zebrania\/#breadcrumb"},"inLanguage":"pl-PL","potentialAction":[{"@type":"ReadAction","target":["https:\/\/www.pspo.edu.pl\/podstawowka\/strefa-rodzica\/zebrania\/"]}]},{"@type":"BreadcrumbList","@id":"https:\/\/www.pspo.edu.pl\/podstawowka\/strefa-rodzica\/zebrania\/#breadcrumb","itemListElement":[{"@type":"ListItem","position":1,"name":"Strona g\u0142\u00f3wna","item":"https:\/\/www.pspo.edu.pl\/podstawowka\/"},{"@type":"ListItem","position":2,"name":"Strefa rodzica","item":"https:\/\/www.pspo.edu.pl\/podstawowka\/strefa-rodzica\/"},{"@type":"ListItem","position":3,"name":"Zebrania"}]},{"@type":"WebSite","@id":"https:\/\/www.pspo.edu.pl\/podstawowka\/#website","url":"https:\/\/www.pspo.edu.pl\/podstawowka\/","name":"SSP","description":"Spo\u0142eczna Szko\u0142a Podstawowa nr 13","potentialAction":[{"@type":"SearchAction","target":{"@type":"EntryPoint","urlTemplate":"https:\/\/www.pspo.edu.pl\/podstawowka\/?s={search_term_string}"},"query-input":{"@type":"PropertyValueSpecification","valueRequired":true,"valueName":"search_term_string"}}],"inLanguage":"pl-PL"}]}},"_links":{"self":[{"href":"https:\/\/www.pspo.edu.pl\/podstawowka\/wp-json\/wp\/v2\/pages\/523","targetHints":{"allow":["GET"]}}],"collection":[{"href":"https:\/\/www.pspo.edu.pl\/podstawowka\/wp-json\/wp\/v2\/pages"}],"about":[{"href":"https:\/\/www.pspo.edu.pl\/podstawowka\/wp-json\/wp\/v2\/types\/page"}],"author":[{"embeddable":true,"href":"https:\/\/www.pspo.edu.pl\/podstawowka\/wp-json\/wp\/v2\/users\/1"}],"replies":[{"embeddable":true,"href":"https:\/\/www.pspo.edu.pl\/podstawowka\/wp-json\/wp\/v2\/comments?post=523"}],"version-history":[{"count":13,"href":"https:\/\/www.pspo.edu.pl\/podstawowka\/wp-json\/wp\/v2\/pages\/523\/revisions"}],"predecessor-version":[{"id":4230,"href":"https:\/\/www.pspo.edu.pl\/podstawowka\/wp-json\/wp\/v2\/pages\/523\/revisions\/4230"}],"up":[{"embeddable":true,"href":"https:\/\/www.pspo.edu.pl\/podstawowka\/wp-json\/wp\/v2\/pages\/477"}],"wp:attachment":[{"href":"https:\/\/www.pspo.edu.pl\/podstawowka\/wp-json\/wp\/v2\/media?parent=523"}],"curies":[{"name":"wp","href":"https:\/\/api.w.org\/{rel}","templated":true}]}}