{"id":525,"date":"2022-10-13T22:39:16","date_gmt":"2022-10-13T20:39:16","guid":{"rendered":"https:\/\/webfach.vxm.pl\/podstawowka\/?page_id=525"},"modified":"2024-11-27T02:17:15","modified_gmt":"2024-11-27T01:17:15","slug":"wyzywienie","status":"publish","type":"page","link":"https:\/\/www.pspo.edu.pl\/podstawowka\/strefa-rodzica\/wyzywienie\/","title":{"rendered":"Wy\u017cywienie"},"content":{"rendered":"<h2>Obiady<\/h2>\n<p>Uprzejmie informujemy, \u017ce od dnia 7 wrze\u015bnia 2020 r., dostawc\u0105 posi\u0142k\u00f3w &nbsp;do Zespo\u0142u Edukacyjnego im. Lotnik\u00f3w Ameryka\u0144skich&nbsp;jest&nbsp;firma:&nbsp;<strong>Pe\u0142ny Brzuszek Catering dzieci\u0119cy<\/strong> z siedzib\u0105 w <span data-olk-copy-source=\"MessageBody\">Warszawie przy ul. Malczyckiej 31<\/span>.<\/p>\n<p>Zam\u00f3wieniami posi\u0142k\u00f3w i p\u0142atno\u015bciami zajmuje si\u0119 bezpo\u015brednio firma cateringowa.<\/p>\n<p>Op\u0142aty za catering realizowane b\u0119d\u0105 na podstawie kart PRE &#8211; PAID.<\/p>\n<p>Prosimy o regularne wp\u0142aty i planowanie menu.<\/p>\n<p>Prosimy, aby dzieci przynosi\u0142y karty na sto\u0142\u00f3wk\u0119, gdy\u017c u\u0142atwi to prac\u0119 osobom wydaj\u0105cym posi\u0142ki i pozwoli unikn\u0105\u0107 kolejek.<\/p>\n<p>Obiady mo\u017cna odwo\u0142ywa\u0107 do godziny 23,50 dnia poprzedniego po zalogowaniu na indywidualny profil ucznia.<\/p>\n<p>Nie przyjmujemy rezygnacji mailowo. W przypadku nieobecno\u015bci dziecka, zam\u00f3winy posi\u0142ek mo\u017cna tez odebra\u0107 ze sto\u0142\u00f3wki na wynos.<\/p>\n<h2>Zamawianie i Odwo\u0142ywanie obiad\u00f3w<\/h2>\n<p>Aby si\u0119 zarejestrowa\u0107 prosimy klikn\u0105\u0107 w poni\u017cszy link:&nbsp;<\/p>\n<p>Poni\u017cej znajduj\u0105 si\u0119 linki do film\u00f3w instrukta\u017cowych (nale\u017cy klikn\u0105\u0107 w poni\u017csze linki aby otworzy\u0107 lub skopiowa\u0107 do przegl\u0105darki internetowej):<\/p>\n<p>jak si\u0119 zarejestrowa\u0107:<\/p>\n<p><a href=\"https:\/\/youtu.be\/mVUF8pUVsQM\" target=\"_blank\" rel=\"noopener noreferrer\"><strong>https:\/\/youtu.be\/mVUF8pUVsQM<\/strong><\/a><\/p>\n<p>jak p\u0142aci\u0107 i zamawia\u0107 posi\u0142ki:<\/p>\n<p>Nasz system dzia\u0142a na zasadzie przedp\u0142at, to znaczy aby m\u00f3c zam\u00f3wi\u0107 posi\u0142ki nale\u017cy najpierw dokona\u0107 wp\u0142aty zaliczki, a potem z\u0142o\u017cy\u0107&nbsp;zam\u00f3wienie.&nbsp;(Sama wp\u0142ata nie oznacza z\u0142o\u017cenia zam\u00f3wienia).<\/p>\n<p>P\u0142atno\u015bci online s\u0105 aktywne.&nbsp;Mo\u017cna tez &nbsp;korzysta\u0107 z przelewu tradycyjnego. Bardzo prosimy o zwr\u00f3cenie uwagi na tytu\u0142 przelewu&nbsp;(numer u\u017cytkownika + imi\u0119 i nazwisko), aby by\u0142 zgodny z tym, kt\u00f3ry wy\u015bwietli si\u0119 w aplikacji.<\/p>\n<p>Zam\u00f3wienia b\u0119dzie mo\u017cna sk\u0142ada\u0107&nbsp; do godz. 23:50 dnia poprzedniego na ca\u0142y kolejny tydzie\u0144.<\/p>\n<p><strong>Odwo\u0142a\u0107 posi\u0142ek<\/strong>&nbsp; mo\u017cna w aplikacji najp\u00f3\u017aniej&nbsp;<strong>w dniu poprzedzaj\u0105cym wydawanie posi\u0142ku r\u00f3wnie\u017c do godziny 23:50.&nbsp;<\/strong>Informacje na temat cen wybranych posi\u0142k\u00f3w i zestaw\u00f3w, oraz koszt\u00f3w wy\u017cywienia na wybrany okres znajd\u0105 Pa\u0144stwo po zalogowaniu w aplikacji.<\/p>\n<p>Po zarejestrowaniu zach\u0119camy Pa\u0144stwa do skorzystania z wygodnej aplikacji mobilnej na telefony.<\/p>\n<p>Jak to zrobi\u0107:<\/p>\n<p>&#8211;&nbsp;w telefonie z systemem Android (Samsung, LG, HTC, Huawei i inne)&nbsp; nale\u017cy wej\u015b\u0107 w \u201eSklep Play\u201d (Google Play), w telefonie firmy iPhone nale\u017cy wej\u015b\u0107 w sklep \u201eApp Store\u201d.<br \/>\n&#8211;&nbsp;nast\u0119pnie wyszuka\u0107 \u201e<a href=\"http:\/\/zamowposilek.pl\/\" target=\"_blank\" rel=\"noopener noreferrer\">zamowposilek.pl<\/a>&#8222;.<br \/>\n&#8211;&nbsp;klikn\u0105\u0107 \u201ezainstaluj\u201d i \u201eotw\u00f3rz\u201d.<br \/>\n&#8211;&nbsp;pozostaje ju\u017c tylko zalogowanie si\u0119 \u2013 login to podany przy rejestracji email, a has\u0142o jest to samo jakie nadano przy pierwszym logowaniu.<\/p>\n<p>W przypadku problem\u00f3w z rejestracj\u0105 lub sam\u0105 aplikacj\u0105 prosimy o kontakt z Biurem Obs\u0142ugi Klienta&nbsp;<u><a href=\"mailto:bok@zamowposilek.pl\" target=\"_blank\" rel=\"noopener noreferrer\">bok@zamowposilek.pl<\/a>&nbsp;<\/u>lub po udanym zalogowaniu przez zak\u0142adk\u0119 &#8222;Pomoc &gt; Wy\u015blij wiadomo\u015b\u0107\u201d. W \u201ePomocy\u201d znajd\u0105 Pa\u0144stwo r\u00f3wnie\u017c aktualn\u0105 instrukcj\u0119 obs\u0142ugi aplikacji.<\/p>\n<p>Na naszej stronie&nbsp;<a href=\"http:\/\/www.zamowposilek.pl\/\" target=\"_blank\" rel=\"noopener noreferrer\">www.zamowposilek.pl<\/a>&nbsp;znajd\u0105 Pa\u0144stwo odpowiedzi na najcz\u0119\u015bciej zadawane pytania.<\/p>\n<p>Pytania odno\u015bnie jad\u0142ospisu, diet itp. prosimy kierowa\u0107 bezpo\u015brednio do dostawcy posi\u0142k\u00f3w, r\u00f3wnie\u017c poprzez zak\u0142adk\u0119 \u201ePomoc\u201d lub na adres mailowy:&nbsp;<strong><a href=\"mailto:biuro@zdrowedzieciaki.pl\" target=\"_blank\" rel=\"noopener noreferrer\">biuro@zdrowedzieciaki.pl<\/a><\/strong><\/p>\n<p><strong>Catering Zdrowe Dzieciaki<\/strong><\/p>\n<!-- AddThis Advanced Settings generic via filter on the_content --><!-- AddThis Share Buttons generic via filter on the_content -->","protected":false},"excerpt":{"rendered":"<p>Obiady Uprzejmie informujemy, \u017ce od dnia 7 wrze\u015bnia 2020 r., dostawc\u0105 posi\u0142k\u00f3w &nbsp;do Zespo\u0142u Edukacyjnego im. Lotnik\u00f3w Ameryka\u0144skich&nbsp;jest&nbsp;firma:&nbsp;Pe\u0142ny Brzuszek Catering dzieci\u0119cy z siedzib\u0105 w Warszawie przy ul. Malczyckiej 31. Zam\u00f3wieniami posi\u0142k\u00f3w i p\u0142atno\u015bciami zajmuje si\u0119 bezpo\u015brednio firma cateringowa. Op\u0142aty za catering realizowane b\u0119d\u0105 na podstawie kart PRE &#8211; PAID. Prosimy o regularne wp\u0142aty i planowanie &hellip;<!-- AddThis Advanced Settings generic via filter on get_the_excerpt --><!-- AddThis Share Buttons generic via filter on get_the_excerpt --><\/p>\n","protected":false},"author":1,"featured_media":0,"parent":477,"menu_order":0,"comment_status":"closed","ping_status":"closed","template":"","meta":{"inline_featured_image":false,"ngg_post_thumbnail":0,"footnotes":""},"class_list":["post-525","page","type-page","status-publish","hentry"],"yoast_head":"<!-- This site is optimized with the Yoast SEO plugin v27.4 - https:\/\/yoast.com\/product\/yoast-seo-wordpress\/ -->\n<title>Wy\u017cywienie - SSP<\/title>\n<meta name=\"robots\" content=\"index, follow, max-snippet:-1, max-image-preview:large, max-video-preview:-1\" \/>\n<link rel=\"canonical\" href=\"https:\/\/www.pspo.edu.pl\/podstawowka\/strefa-rodzica\/wyzywienie\/\" \/>\n<meta property=\"og:locale\" content=\"pl_PL\" \/>\n<meta property=\"og:type\" content=\"article\" \/>\n<meta property=\"og:title\" content=\"Wy\u017cywienie - SSP\" \/>\n<meta property=\"og:description\" content=\"Obiady Uprzejmie informujemy, \u017ce od dnia 7 wrze\u015bnia 2020 r., dostawc\u0105 posi\u0142k\u00f3w &nbsp;do Zespo\u0142u Edukacyjnego im. Lotnik\u00f3w Ameryka\u0144skich&nbsp;jest&nbsp;firma:&nbsp;Pe\u0142ny Brzuszek Catering dzieci\u0119cy z siedzib\u0105 w Warszawie przy ul. Malczyckiej 31. Zam\u00f3wieniami posi\u0142k\u00f3w i p\u0142atno\u015bciami zajmuje si\u0119 bezpo\u015brednio firma cateringowa. Op\u0142aty za catering realizowane b\u0119d\u0105 na podstawie kart PRE &#8211; PAID. Prosimy o regularne wp\u0142aty i planowanie &hellip;\" \/>\n<meta property=\"og:url\" content=\"https:\/\/www.pspo.edu.pl\/podstawowka\/strefa-rodzica\/wyzywienie\/\" \/>\n<meta property=\"og:site_name\" content=\"SSP\" \/>\n<meta property=\"article:modified_time\" content=\"2024-11-27T01:17:15+00:00\" \/>\n<meta name=\"twitter:card\" content=\"summary_large_image\" \/>\n<meta name=\"twitter:label1\" content=\"Szacowany czas czytania\" \/>\n\t<meta name=\"twitter:data1\" content=\"3 minuty\" \/>\n<script type=\"application\/ld+json\" class=\"yoast-schema-graph\">{\"@context\":\"https:\\\/\\\/schema.org\",\"@graph\":[{\"@type\":\"WebPage\",\"@id\":\"https:\\\/\\\/www.pspo.edu.pl\\\/podstawowka\\\/strefa-rodzica\\\/wyzywienie\\\/\",\"url\":\"https:\\\/\\\/www.pspo.edu.pl\\\/podstawowka\\\/strefa-rodzica\\\/wyzywienie\\\/\",\"name\":\"Wy\u017cywienie - SSP\",\"isPartOf\":{\"@id\":\"https:\\\/\\\/www.pspo.edu.pl\\\/podstawowka\\\/#website\"},\"datePublished\":\"2022-10-13T20:39:16+00:00\",\"dateModified\":\"2024-11-27T01:17:15+00:00\",\"breadcrumb\":{\"@id\":\"https:\\\/\\\/www.pspo.edu.pl\\\/podstawowka\\\/strefa-rodzica\\\/wyzywienie\\\/#breadcrumb\"},\"inLanguage\":\"pl-PL\",\"potentialAction\":[{\"@type\":\"ReadAction\",\"target\":[\"https:\\\/\\\/www.pspo.edu.pl\\\/podstawowka\\\/strefa-rodzica\\\/wyzywienie\\\/\"]}]},{\"@type\":\"BreadcrumbList\",\"@id\":\"https:\\\/\\\/www.pspo.edu.pl\\\/podstawowka\\\/strefa-rodzica\\\/wyzywienie\\\/#breadcrumb\",\"itemListElement\":[{\"@type\":\"ListItem\",\"position\":1,\"name\":\"Strona g\u0142\u00f3wna\",\"item\":\"https:\\\/\\\/www.pspo.edu.pl\\\/podstawowka\\\/\"},{\"@type\":\"ListItem\",\"position\":2,\"name\":\"Strefa rodzica\",\"item\":\"https:\\\/\\\/www.pspo.edu.pl\\\/podstawowka\\\/strefa-rodzica\\\/\"},{\"@type\":\"ListItem\",\"position\":3,\"name\":\"Wy\u017cywienie\"}]},{\"@type\":\"WebSite\",\"@id\":\"https:\\\/\\\/www.pspo.edu.pl\\\/podstawowka\\\/#website\",\"url\":\"https:\\\/\\\/www.pspo.edu.pl\\\/podstawowka\\\/\",\"name\":\"SSP\",\"description\":\"Spo\u0142eczna Szko\u0142a Podstawowa nr 13\",\"potentialAction\":[{\"@type\":\"SearchAction\",\"target\":{\"@type\":\"EntryPoint\",\"urlTemplate\":\"https:\\\/\\\/www.pspo.edu.pl\\\/podstawowka\\\/?s={search_term_string}\"},\"query-input\":{\"@type\":\"PropertyValueSpecification\",\"valueRequired\":true,\"valueName\":\"search_term_string\"}}],\"inLanguage\":\"pl-PL\"}]}<\/script>\n<!-- \/ Yoast SEO plugin. -->","yoast_head_json":{"title":"Wy\u017cywienie - SSP","robots":{"index":"index","follow":"follow","max-snippet":"max-snippet:-1","max-image-preview":"max-image-preview:large","max-video-preview":"max-video-preview:-1"},"canonical":"https:\/\/www.pspo.edu.pl\/podstawowka\/strefa-rodzica\/wyzywienie\/","og_locale":"pl_PL","og_type":"article","og_title":"Wy\u017cywienie - SSP","og_description":"Obiady Uprzejmie informujemy, \u017ce od dnia 7 wrze\u015bnia 2020 r., dostawc\u0105 posi\u0142k\u00f3w &nbsp;do Zespo\u0142u Edukacyjnego im. Lotnik\u00f3w Ameryka\u0144skich&nbsp;jest&nbsp;firma:&nbsp;Pe\u0142ny Brzuszek Catering dzieci\u0119cy z siedzib\u0105 w Warszawie przy ul. Malczyckiej 31. Zam\u00f3wieniami posi\u0142k\u00f3w i p\u0142atno\u015bciami zajmuje si\u0119 bezpo\u015brednio firma cateringowa. Op\u0142aty za catering realizowane b\u0119d\u0105 na podstawie kart PRE &#8211; PAID. Prosimy o regularne wp\u0142aty i planowanie &hellip;","og_url":"https:\/\/www.pspo.edu.pl\/podstawowka\/strefa-rodzica\/wyzywienie\/","og_site_name":"SSP","article_modified_time":"2024-11-27T01:17:15+00:00","twitter_card":"summary_large_image","twitter_misc":{"Szacowany czas czytania":"3 minuty"},"schema":{"@context":"https:\/\/schema.org","@graph":[{"@type":"WebPage","@id":"https:\/\/www.pspo.edu.pl\/podstawowka\/strefa-rodzica\/wyzywienie\/","url":"https:\/\/www.pspo.edu.pl\/podstawowka\/strefa-rodzica\/wyzywienie\/","name":"Wy\u017cywienie - SSP","isPartOf":{"@id":"https:\/\/www.pspo.edu.pl\/podstawowka\/#website"},"datePublished":"2022-10-13T20:39:16+00:00","dateModified":"2024-11-27T01:17:15+00:00","breadcrumb":{"@id":"https:\/\/www.pspo.edu.pl\/podstawowka\/strefa-rodzica\/wyzywienie\/#breadcrumb"},"inLanguage":"pl-PL","potentialAction":[{"@type":"ReadAction","target":["https:\/\/www.pspo.edu.pl\/podstawowka\/strefa-rodzica\/wyzywienie\/"]}]},{"@type":"BreadcrumbList","@id":"https:\/\/www.pspo.edu.pl\/podstawowka\/strefa-rodzica\/wyzywienie\/#breadcrumb","itemListElement":[{"@type":"ListItem","position":1,"name":"Strona g\u0142\u00f3wna","item":"https:\/\/www.pspo.edu.pl\/podstawowka\/"},{"@type":"ListItem","position":2,"name":"Strefa rodzica","item":"https:\/\/www.pspo.edu.pl\/podstawowka\/strefa-rodzica\/"},{"@type":"ListItem","position":3,"name":"Wy\u017cywienie"}]},{"@type":"WebSite","@id":"https:\/\/www.pspo.edu.pl\/podstawowka\/#website","url":"https:\/\/www.pspo.edu.pl\/podstawowka\/","name":"SSP","description":"Spo\u0142eczna Szko\u0142a Podstawowa nr 13","potentialAction":[{"@type":"SearchAction","target":{"@type":"EntryPoint","urlTemplate":"https:\/\/www.pspo.edu.pl\/podstawowka\/?s={search_term_string}"},"query-input":{"@type":"PropertyValueSpecification","valueRequired":true,"valueName":"search_term_string"}}],"inLanguage":"pl-PL"}]}},"_links":{"self":[{"href":"https:\/\/www.pspo.edu.pl\/podstawowka\/wp-json\/wp\/v2\/pages\/525","targetHints":{"allow":["GET"]}}],"collection":[{"href":"https:\/\/www.pspo.edu.pl\/podstawowka\/wp-json\/wp\/v2\/pages"}],"about":[{"href":"https:\/\/www.pspo.edu.pl\/podstawowka\/wp-json\/wp\/v2\/types\/page"}],"author":[{"embeddable":true,"href":"https:\/\/www.pspo.edu.pl\/podstawowka\/wp-json\/wp\/v2\/users\/1"}],"replies":[{"embeddable":true,"href":"https:\/\/www.pspo.edu.pl\/podstawowka\/wp-json\/wp\/v2\/comments?post=525"}],"version-history":[{"count":5,"href":"https:\/\/www.pspo.edu.pl\/podstawowka\/wp-json\/wp\/v2\/pages\/525\/revisions"}],"predecessor-version":[{"id":3489,"href":"https:\/\/www.pspo.edu.pl\/podstawowka\/wp-json\/wp\/v2\/pages\/525\/revisions\/3489"}],"up":[{"embeddable":true,"href":"https:\/\/www.pspo.edu.pl\/podstawowka\/wp-json\/wp\/v2\/pages\/477"}],"wp:attachment":[{"href":"https:\/\/www.pspo.edu.pl\/podstawowka\/wp-json\/wp\/v2\/media?parent=525"}],"curies":[{"name":"wp","href":"https:\/\/api.w.org\/{rel}","templated":true}]}}