{"id":867,"date":"2023-01-24T15:02:23","date_gmt":"2023-01-24T14:02:23","guid":{"rendered":"https:\/\/wpms.pspo.edu.pl\/podstawowka\/?page_id=867"},"modified":"2023-01-24T15:02:23","modified_gmt":"2023-01-24T14:02:23","slug":"jezyki","status":"publish","type":"page","link":"https:\/\/www.pspo.edu.pl\/podstawowka\/strefa-ucznia\/jezyki\/","title":{"rendered":"J\u0119zyki"},"content":{"rendered":"<div class=\"entry-content\">\n<p>J\u0119zyki obce, a zw\u0142aszcza j\u0119zyk angielski, to podstawowe narz\u0119dzie do komunikacji z osobami z innych kraj\u00f3w, zdobywania wiedzy, swobodnego podr\u00f3\u017cowania, a tak\u017ce odnajdywania si\u0119 w kulturze, \u017cyciu codziennym a w przysz\u0142o\u015bci zawodowym.<\/p>\n<p>Maj\u0105c to na uwadze prowadzimy zaj\u0119cia j\u0119zykowe w naszej szkole tak, aby uczniowie i absolwenci mogli u\u017cywa\u0107 go swobodnie i skutecznie si\u0119 <strong>komunikowa\u0107<\/strong>. Prowadz\u0105c zaj\u0119cia z najm\u0142odszymi dbamy o zapewnienie im nauki przez <strong>zabaw\u0119, \u015bpiew i ruch<\/strong>.<\/p>\n<p>Starszych zach\u0119camy do nauki proponuj\u0105c nowe i ciekawe sposoby na zainteresowanie si\u0119 j\u0119zykiem angielskim, np. \u0142\u0105cz\u0105c poznawanie go z <strong>nowoczesnymi technologiami<\/strong>. Wyszukujemy <strong>warto\u015bciowe narz\u0119dzia<\/strong>, kt\u00f3re motywuj\u0105 uczni\u00f3w do samodzielnego dzia\u0142ania, a poprzez to do samorozwoju.<\/p>\n<p>J\u0119zyk angielski to podstawa.<\/p>\n<p>Naszym celem jest, aby by\u0142a trwa\u0142a, solidna i daj\u0105ca mo\u017cliwo\u015b\u0107 do dalszego rozwoju ka\u017cdego ucznia i uczennicy.<\/p>\n<h3><em>Dzia\u0142ania i spos\u00f3b realizacji<\/em>:<\/h3>\n<p>\u2022 <strong>Language immersion<\/strong> &#8211; zanurzenie j\u0119zykowe, czyli sta\u0142y kontakt z j\u0119zykiem obcym. Powoduje \u0142atwe przyswajanie s\u0142ownictwa, codziennych zwrot\u00f3w, mimowolne zapami\u0119tywanie wyra\u017ce\u0144 i ca\u0142ych zda\u0144, kt\u00f3re nast\u0119pnie s\u0105 przywo\u0142ywane z pami\u0119ci i wykorzystywane przez uczni\u00f3w w odpowiedniej sytuacji.<\/p>\n<p>\u2022 <strong>Total Physical Response<\/strong> &#8211; metoda reagowania ca\u0142ym cia\u0142em, stworzona przez psychologa dr Jamesa Ashera, jako pomoc w uczeniu si\u0119 j\u0119zyka obcego, zw\u0142aszcza dla dzieci. Metoda ta zosta\u0142a oparta na za\u0142o\u017ceniu, i\u017c proces uczenia si\u0119, czyli rozwijania umiej\u0119tno\u015bci s\u0142uchania i rozumienia ze s\u0142uchu musi zosta\u0107 wsparty poprzez zaanga\u017cowanie ca\u0142ego cia\u0142a, a wi\u0119c jego ruch.<\/p>\n<p>Dlatego celem tej metody jest zaanga\u017cowanie w proces uczenia si\u0119 wszystkich zmys\u0142\u00f3w, a wi\u0119c s\u0142uchu, wzroku, dotyku, a nawet w\u0119chu, co stymuluje naturalny proces przyswajania wiedzy. Nauczyciele stwarzaj\u0105 wi\u0119c w czasie lekcji wiele sytuacji, w kt\u00f3rych dzieci maj\u0105 za zadanie reagowa\u0107-odpowiada\u0107 \u201eruchem cia\u0142a\u201d. Dzia\u0142ania te maj\u0105 charakter zabawowy, u\u0142atwiaj\u0105 skuteczn\u0105 nauk\u0119 i jednocze\u015bnie powoduj\u0105 spo\u017cytkowanie energii, co pozwala skupi\u0107 si\u0119 na innych aktywno\u015bciach.<\/p>\n<p>\u2022 <strong>Story time<\/strong> &#8211; w czasie zaj\u0119\u0107 dzieci poznaj\u0105 klasyk\u0119 literatury \u015bwiatowej, czytaj\u0105c wersje przygotowane specjalnie z my\u015bl\u0105 o osobach ucz\u0105cych si\u0119 j\u0119zyka obcego. W ten spos\u00f3b poznajemy s\u0142ynn\u0105 histori\u0119 np. Ebenezera Scrooga, Piotrusia Pana, Odyseusza czy Robin Hooda.<\/p>\n<p>\u2022 <strong>Speaking skills<\/strong> &#8211; komunikowanie si\u0119 w j\u0119zyku angielskim, \u0107wiczenie dialog\u00f3w, odgrywanie scenek ma na celu oswojenie z sytuacj\u0105, kt\u00f3r\u0105 ka\u017cdy spotka w \u017cyciu. Dlatego \u0107wiczymy t\u0119 umiej\u0119tno\u015b\u0107 rozpoczynaj\u0105c od prostego reagowania (dzieci m\u0142odsze), a\u017c po udzia\u0142 w dyskusji, w kt\u00f3rej dwie strony zajmuj\u0105 stanowisko i pr\u00f3buj\u0105 si\u0119 wzajemnie przekona\u0107 do w\u0142asnych racji. W czasie zaj\u0119\u0107 stosujemy te\u017c elementy dramy anga\u017cuj\u0105ce uczni\u00f3w w lekcj\u0119, rozbudzaj\u0105ce ciekawo\u015b\u0107 i prze\u0142amuj\u0105ce l\u0119k przed m\u00f3wieniem w obcym j\u0119zyku.<\/p>\n<p>\u2022 <strong>Culture Corner<\/strong> &#8211; projekty, kt\u00f3re otwieraj\u0105 na \u015bwiat. Chcemy przygotowa\u0107 naszych uczni\u00f3w do swobodnego poruszania si\u0119 we wsp\u00f3\u0142czesnym \u015bwiecie. Do tego konieczna jest wiedza na temat innych kraj\u00f3w, os\u00f3b, kultur. W czasie zaj\u0119\u0107 uczniowie poznaj\u0105 wi\u0119c elementy historii, \u015bwi\u0119ta i tradycje oraz informacje na temat \u017cycia codziennego, zw\u0142aszcza w UK i USA.<\/p>\n<p>\u2022 <strong>Penpals<\/strong> &#8211; korespondencja z r\u00f3wie\u015bnikami z innych kraj\u00f3w. Nic tak nie motywuje do dzia\u0142ania-uczenia si\u0119, jak prawdziwy kolega\/kole\u017canka, z kt\u00f3rymi mo\u017cna si\u0119 porozumie\u0107 tylko po angielsku. Dlatego z wielkim powodzeniem realizujemy projekt wymiany list\u00f3w z uczniami z zagranicy.<\/p>\n<p>\u2022 <strong>Language Special Days<\/strong> &#8211; angielski wykorzystujemy te\u017c do wsp\u00f3lnego \u015bwi\u0119towania i zabawy w szerszym, ni\u017c klasa, gronie. Tradycj\u0105 jest wsp\u00f3lne kol\u0119dowanie klas starszych w j\u0119zyku angielskim (Christmas Carols\u2019 Day), konkurs wiedzy o UK, USA, Hiszpanii i Niemczech (International Quiz Day), a tak\u017ce przedstawienia teatralne w j\u0119zyku angielskim i niemieckim. Od kilku lat organizujemy Mi\u0119dzyszkolny Festiwal Piosenki Angloj\u0119zycznej Microphone Star.<\/p>\n<p>\u2022 <strong>World Magazine Club<\/strong> &#8211; kontakt z \u017cywym s\u0142owem pisanym, artyku\u0142y poruszaj\u0105ce aktualne tematy, nowinki ze \u015bwiata muzyki, filmu, sportu, mody i technologii. To wszystko jest mo\u017cliwe dzi\u0119ki sta\u0142ej prenumeracie czasopism j\u0119zykowych wykorzystywanych w czasie zaj\u0119\u0107. Pomagaj\u0105 one uczy\u0107 si\u0119 j\u0119zyka jakby mimochodem, przy okazji odkrywania ciekawostek z \u017cycia codziennego Brytyjczyk\u00f3w i Amerykan\u00f3w, czytania o idolach popkultury i ciekawych miejscach.<\/p>\n<p>\u2022 <strong>English Art<\/strong> &#8211; zdobyt\u0105 wiedz\u0119 warto utrwala\u0107 i prezentowa\u0107 w ciekawy i mi\u0142y dla oka spos\u00f3b. W tym celu uczniowie wykonuj\u0105 plakaty, lapbooki, tworz\u0105 prezentacje multimedialne i nagrywaj\u0105 kr\u00f3tkie filmy, kt\u00f3re nast\u0119pnie prezentuj\u0105 przed innymi. Utrwalaj\u0105 umiej\u0119tno\u015bci j\u0119zykowe i jednocze\u015bnie doskonal\u0105 sztuk\u0119 prezentacji siebie i swojej pracy.<\/p>\n<p>\u2022 <strong>English on the Internet<\/strong> &#8211; internet to kopalnia wiedzy i narz\u0119dzi do nauki j\u0119zyka angielskiego. Ka\u017cde nale\u017cy jednak dok\u0142adnie sprawdzi\u0107, aby mo\u017cna by\u0142o zaoferowa\u0107 je uczniom. W\u0142a\u015bnie z takich korzystamy regularnie, a s\u0105 to m.in. strony edukacyjne British Council, aplikacje: Quizlet, Kahoot, LearningApps, program Pixton (do tworzenia komiks\u00f3w), Quizizz (sprawdzanie wiedzy w formie quiz\u00f3w wiedzy online) czy Lyricstraining (wpisywanie tekst\u00f3w piosenek ze s\u0142uchu). Prowadz\u0105cy zaj\u0119cia j\u0119zykowe regularnie uczestnicz\u0105 w szkoleniach na temat wykorzystania nowoczesnych technologii w nauczaniu oraz szukaj\u0105 inspiracji do wykorzystania zasob\u00f3w internetu w czasie zaj\u0119\u0107 z dzie\u0107mi.<\/p>\n<p>\u2022 <strong>CLIL (Content and Language Integrated Learning)<\/strong> &#8211; jest to system jednoczesnego, zintegrowanego kszta\u0142cenia przedmiotowo-j\u0119zykowego. Pozwala ju\u017c od najm\u0142odszych klas uczy\u0107 si\u0119 angielskiego i jednocze\u015bnie poznawa\u0107 \u015bwiat. Najm\u0142odsi poznaj\u0105 tajemnice mieszania barw \u0107wicz\u0105c ich nazywanie, nieco starsi po\u0107wicz\u0105 matematyk\u0119, a najstarsi poznaj\u0105 np. budow\u0119 oka. CLIL jest metod\u0105 u\u017cywan\u0105 powszechnie w krajach europejskich, rekomendowan\u0105 przez Komisj\u0119 Europejsk\u0105.<\/p>\n<p>\u2022 <strong>Language Groups<\/strong> \u2013 uczniowie starsi, gimnazjali\u015bci i liceali\u015bci zaj\u0119cia j\u0119zykowe realizuj\u0105 w grupach uwzgl\u0119dniaj\u0105cych poziom ich umiej\u0119tno\u015bci dzi\u0119ki czemu osi\u0105gaj\u0105 bardzo wysoki poziom komunikacji j\u0119zykowej.<\/p>\n<p>\u2022 <strong>The English Theater Company<\/strong> &#8211; starsi uczniowie regularnie odwiedzaj\u0105 szczeg\u00f3lny teatr w Warszawie, gdzie mog\u0105 obejrze\u0107 specjalnie do nich kierowane spektakle. S\u0105 one wybierane spo\u015br\u00f3d przedstawie\u0144 prezentowanych na Festiwalu Teatralnym w Edynburgu. Dzi\u0119ki temu ogl\u0105daj\u0105cy maj\u0105 kontakt z \u017cywym j\u0119zykiem i naturalnym akcentem, a przy okazji poznaj\u0105 spektakle o wysokim poziomie artystycznym i literackim.<\/p>\n<p>Na ogl\u0105daniu si\u0119 jednak nie ko\u0144czy, bo kolejnym krokiem jest przygotowywanie przedstawie\u0144 przez samych uczni\u00f3w. M\u0142odzi aktorzy pr\u00f3buj\u0105 wi\u0119c swoich si\u0142 i ch\u0119tnie wyst\u0119puj\u0105 na szkolnej scenie.<\/p>\n<p>\u2022 <strong>English Skills &#8211; certyfikaty<\/strong> &#8211; przygotowanie do egzamin\u00f3w Cambridge. Przygotowujemy uczni\u00f3w do egzamin\u00f3w j\u0119zykowych Cambridge: Young Learners Starters, Movers, KET, PET for Schools oraz FCE for Schools jak r\u00f3wnie\u017c CAE oraz IELTS Posiadamy status Cambridge English Preparation Centre.<\/p>\n<\/div>\n<!-- AddThis Advanced Settings generic via filter on the_content --><!-- AddThis Share Buttons generic via filter on the_content -->","protected":false},"excerpt":{"rendered":"<p>J\u0119zyki obce, a zw\u0142aszcza j\u0119zyk angielski, to podstawowe narz\u0119dzie do komunikacji z osobami z innych kraj\u00f3w, zdobywania wiedzy, swobodnego podr\u00f3\u017cowania, a tak\u017ce odnajdywania si\u0119 w kulturze, \u017cyciu codziennym a w przysz\u0142o\u015bci zawodowym. Maj\u0105c to na uwadze prowadzimy zaj\u0119cia j\u0119zykowe w naszej szkole tak, aby uczniowie i absolwenci mogli u\u017cywa\u0107 go swobodnie i skutecznie si\u0119 komunikowa\u0107. &hellip;<!-- AddThis Advanced Settings generic via filter on get_the_excerpt --><!-- AddThis Share Buttons generic via filter on get_the_excerpt --><\/p>\n","protected":false},"author":1,"featured_media":0,"parent":475,"menu_order":0,"comment_status":"closed","ping_status":"closed","template":"","meta":{"inline_featured_image":false,"ngg_post_thumbnail":0,"footnotes":""},"class_list":["post-867","page","type-page","status-publish","hentry"],"yoast_head":"<!-- This site is optimized with the Yoast SEO plugin v27.4 - https:\/\/yoast.com\/product\/yoast-seo-wordpress\/ -->\n<title>J\u0119zyki - SSP<\/title>\n<meta name=\"robots\" content=\"index, follow, max-snippet:-1, max-image-preview:large, max-video-preview:-1\" \/>\n<link rel=\"canonical\" href=\"https:\/\/www.pspo.edu.pl\/podstawowka\/strefa-ucznia\/jezyki\/\" \/>\n<meta property=\"og:locale\" content=\"pl_PL\" \/>\n<meta property=\"og:type\" content=\"article\" \/>\n<meta property=\"og:title\" content=\"J\u0119zyki - SSP\" \/>\n<meta property=\"og:description\" content=\"J\u0119zyki obce, a zw\u0142aszcza j\u0119zyk angielski, to podstawowe narz\u0119dzie do komunikacji z osobami z innych kraj\u00f3w, zdobywania wiedzy, swobodnego podr\u00f3\u017cowania, a tak\u017ce odnajdywania si\u0119 w kulturze, \u017cyciu codziennym a w przysz\u0142o\u015bci zawodowym. Maj\u0105c to na uwadze prowadzimy zaj\u0119cia j\u0119zykowe w naszej szkole tak, aby uczniowie i absolwenci mogli u\u017cywa\u0107 go swobodnie i skutecznie si\u0119 komunikowa\u0107. &hellip;\" \/>\n<meta property=\"og:url\" content=\"https:\/\/www.pspo.edu.pl\/podstawowka\/strefa-ucznia\/jezyki\/\" \/>\n<meta property=\"og:site_name\" content=\"SSP\" \/>\n<meta name=\"twitter:card\" content=\"summary_large_image\" \/>\n<meta name=\"twitter:label1\" content=\"Szacowany czas czytania\" \/>\n\t<meta name=\"twitter:data1\" content=\"6 minut\" \/>\n<script type=\"application\/ld+json\" class=\"yoast-schema-graph\">{\"@context\":\"https:\\\/\\\/schema.org\",\"@graph\":[{\"@type\":\"WebPage\",\"@id\":\"https:\\\/\\\/www.pspo.edu.pl\\\/podstawowka\\\/strefa-ucznia\\\/jezyki\\\/\",\"url\":\"https:\\\/\\\/www.pspo.edu.pl\\\/podstawowka\\\/strefa-ucznia\\\/jezyki\\\/\",\"name\":\"J\u0119zyki - SSP\",\"isPartOf\":{\"@id\":\"https:\\\/\\\/www.pspo.edu.pl\\\/podstawowka\\\/#website\"},\"datePublished\":\"2023-01-24T14:02:23+00:00\",\"breadcrumb\":{\"@id\":\"https:\\\/\\\/www.pspo.edu.pl\\\/podstawowka\\\/strefa-ucznia\\\/jezyki\\\/#breadcrumb\"},\"inLanguage\":\"pl-PL\",\"potentialAction\":[{\"@type\":\"ReadAction\",\"target\":[\"https:\\\/\\\/www.pspo.edu.pl\\\/podstawowka\\\/strefa-ucznia\\\/jezyki\\\/\"]}]},{\"@type\":\"BreadcrumbList\",\"@id\":\"https:\\\/\\\/www.pspo.edu.pl\\\/podstawowka\\\/strefa-ucznia\\\/jezyki\\\/#breadcrumb\",\"itemListElement\":[{\"@type\":\"ListItem\",\"position\":1,\"name\":\"Strona g\u0142\u00f3wna\",\"item\":\"https:\\\/\\\/www.pspo.edu.pl\\\/podstawowka\\\/\"},{\"@type\":\"ListItem\",\"position\":2,\"name\":\"Strefa ucznia\",\"item\":\"https:\\\/\\\/www.pspo.edu.pl\\\/podstawowka\\\/strefa-ucznia\\\/\"},{\"@type\":\"ListItem\",\"position\":3,\"name\":\"J\u0119zyki\"}]},{\"@type\":\"WebSite\",\"@id\":\"https:\\\/\\\/www.pspo.edu.pl\\\/podstawowka\\\/#website\",\"url\":\"https:\\\/\\\/www.pspo.edu.pl\\\/podstawowka\\\/\",\"name\":\"SSP\",\"description\":\"Spo\u0142eczna Szko\u0142a Podstawowa nr 13\",\"potentialAction\":[{\"@type\":\"SearchAction\",\"target\":{\"@type\":\"EntryPoint\",\"urlTemplate\":\"https:\\\/\\\/www.pspo.edu.pl\\\/podstawowka\\\/?s={search_term_string}\"},\"query-input\":{\"@type\":\"PropertyValueSpecification\",\"valueRequired\":true,\"valueName\":\"search_term_string\"}}],\"inLanguage\":\"pl-PL\"}]}<\/script>\n<!-- \/ Yoast SEO plugin. -->","yoast_head_json":{"title":"J\u0119zyki - SSP","robots":{"index":"index","follow":"follow","max-snippet":"max-snippet:-1","max-image-preview":"max-image-preview:large","max-video-preview":"max-video-preview:-1"},"canonical":"https:\/\/www.pspo.edu.pl\/podstawowka\/strefa-ucznia\/jezyki\/","og_locale":"pl_PL","og_type":"article","og_title":"J\u0119zyki - SSP","og_description":"J\u0119zyki obce, a zw\u0142aszcza j\u0119zyk angielski, to podstawowe narz\u0119dzie do komunikacji z osobami z innych kraj\u00f3w, zdobywania wiedzy, swobodnego podr\u00f3\u017cowania, a tak\u017ce odnajdywania si\u0119 w kulturze, \u017cyciu codziennym a w przysz\u0142o\u015bci zawodowym. Maj\u0105c to na uwadze prowadzimy zaj\u0119cia j\u0119zykowe w naszej szkole tak, aby uczniowie i absolwenci mogli u\u017cywa\u0107 go swobodnie i skutecznie si\u0119 komunikowa\u0107. &hellip;","og_url":"https:\/\/www.pspo.edu.pl\/podstawowka\/strefa-ucznia\/jezyki\/","og_site_name":"SSP","twitter_card":"summary_large_image","twitter_misc":{"Szacowany czas czytania":"6 minut"},"schema":{"@context":"https:\/\/schema.org","@graph":[{"@type":"WebPage","@id":"https:\/\/www.pspo.edu.pl\/podstawowka\/strefa-ucznia\/jezyki\/","url":"https:\/\/www.pspo.edu.pl\/podstawowka\/strefa-ucznia\/jezyki\/","name":"J\u0119zyki - SSP","isPartOf":{"@id":"https:\/\/www.pspo.edu.pl\/podstawowka\/#website"},"datePublished":"2023-01-24T14:02:23+00:00","breadcrumb":{"@id":"https:\/\/www.pspo.edu.pl\/podstawowka\/strefa-ucznia\/jezyki\/#breadcrumb"},"inLanguage":"pl-PL","potentialAction":[{"@type":"ReadAction","target":["https:\/\/www.pspo.edu.pl\/podstawowka\/strefa-ucznia\/jezyki\/"]}]},{"@type":"BreadcrumbList","@id":"https:\/\/www.pspo.edu.pl\/podstawowka\/strefa-ucznia\/jezyki\/#breadcrumb","itemListElement":[{"@type":"ListItem","position":1,"name":"Strona g\u0142\u00f3wna","item":"https:\/\/www.pspo.edu.pl\/podstawowka\/"},{"@type":"ListItem","position":2,"name":"Strefa ucznia","item":"https:\/\/www.pspo.edu.pl\/podstawowka\/strefa-ucznia\/"},{"@type":"ListItem","position":3,"name":"J\u0119zyki"}]},{"@type":"WebSite","@id":"https:\/\/www.pspo.edu.pl\/podstawowka\/#website","url":"https:\/\/www.pspo.edu.pl\/podstawowka\/","name":"SSP","description":"Spo\u0142eczna Szko\u0142a Podstawowa nr 13","potentialAction":[{"@type":"SearchAction","target":{"@type":"EntryPoint","urlTemplate":"https:\/\/www.pspo.edu.pl\/podstawowka\/?s={search_term_string}"},"query-input":{"@type":"PropertyValueSpecification","valueRequired":true,"valueName":"search_term_string"}}],"inLanguage":"pl-PL"}]}},"_links":{"self":[{"href":"https:\/\/www.pspo.edu.pl\/podstawowka\/wp-json\/wp\/v2\/pages\/867","targetHints":{"allow":["GET"]}}],"collection":[{"href":"https:\/\/www.pspo.edu.pl\/podstawowka\/wp-json\/wp\/v2\/pages"}],"about":[{"href":"https:\/\/www.pspo.edu.pl\/podstawowka\/wp-json\/wp\/v2\/types\/page"}],"author":[{"embeddable":true,"href":"https:\/\/www.pspo.edu.pl\/podstawowka\/wp-json\/wp\/v2\/users\/1"}],"replies":[{"embeddable":true,"href":"https:\/\/www.pspo.edu.pl\/podstawowka\/wp-json\/wp\/v2\/comments?post=867"}],"version-history":[{"count":1,"href":"https:\/\/www.pspo.edu.pl\/podstawowka\/wp-json\/wp\/v2\/pages\/867\/revisions"}],"predecessor-version":[{"id":868,"href":"https:\/\/www.pspo.edu.pl\/podstawowka\/wp-json\/wp\/v2\/pages\/867\/revisions\/868"}],"up":[{"embeddable":true,"href":"https:\/\/www.pspo.edu.pl\/podstawowka\/wp-json\/wp\/v2\/pages\/475"}],"wp:attachment":[{"href":"https:\/\/www.pspo.edu.pl\/podstawowka\/wp-json\/wp\/v2\/media?parent=867"}],"curies":[{"name":"wp","href":"https:\/\/api.w.org\/{rel}","templated":true}]}}