{"id":352,"date":"2022-10-13T22:50:20","date_gmt":"2022-10-13T20:50:20","guid":{"rendered":"https:\/\/webfach.vxm.pl\/przedszkole\/?page_id=352"},"modified":"2023-01-10T02:34:53","modified_gmt":"2023-01-10T01:34:53","slug":"o-nas","status":"publish","type":"page","link":"https:\/\/www.pspo.edu.pl\/przedszkole\/o-nas\/","title":{"rendered":"O nas"},"content":{"rendered":"<p>Polskie Stowarzyszenie Promocji O\u015bwiatowych Oddzia\u0142 I, kt\u00f3re od wielu lat prowadzi:\u00a0S<a href=\"\/podstawowka\/\">po\u0142eczn\u0105 Szko\u0142\u0119 Podstawow\u0105 nr 13 z Oddzia\u0142ami Dwuj\u0119zycznymi<\/a>,\u00a0Gimnazjum Niepubliczne nr 12 z Oddzia\u0142ami Dwuj\u0119zycznymi\u00a0oraz\u00a0<a href=\"\/liceum\/\">Liceum Og\u00f3lnokszta\u0142c\u0105ce Niepubliczne nr 43<\/a>, uwzgl\u0119dniaj\u0105c zmiany zachodz\u0105ce w systemie polskiej edukacji oraz korzystaj\u0105c z wieloletniego do\u015bwiadczenia w pracy dydaktyczno \u2013wychowawczej postanowi\u0142o otoczy\u0107 opiek\u0105, wychowaniem i kszta\u0142ceniem dzieci w wieku przedszkolnym.Wychodz\u0105c r\u00f3wnie\u017c naprzeciw oczekiwaniom Rodzic\u00f3w stworzy\u0142o\u00a0\u201eMotylkow\u0105 Akademi\u0119\u201d\u00a0\u2013 miejsce\u00a0bezpieczne i przyjazne dzieciom, w kt\u00f3rym dzia\u0142alno\u015b\u0107 zapewniaj\u0105ca ich\u00a0wszechstronny rozw\u00f3j\u00a0oparta jest o sprawdzone programy i metody.Zapraszamy do zapoznania si\u0119 z\u00a0ofert\u0105 edukacyjn\u0105\u00a0\u201eMotylkowej Akademii\u201d.<\/p>\n<!-- AddThis Advanced Settings generic via filter on the_content --><!-- AddThis Share Buttons generic via filter on the_content -->","protected":false},"excerpt":{"rendered":"<p>Polskie Stowarzyszenie Promocji O\u015bwiatowych Oddzia\u0142 I, kt\u00f3re od wielu lat prowadzi:\u00a0Spo\u0142eczn\u0105 Szko\u0142\u0119 Podstawow\u0105 nr 13 z Oddzia\u0142ami Dwuj\u0119zycznymi,\u00a0Gimnazjum Niepubliczne nr 12 z Oddzia\u0142ami Dwuj\u0119zycznymi\u00a0oraz\u00a0Liceum Og\u00f3lnokszta\u0142c\u0105ce Niepubliczne nr 43, uwzgl\u0119dniaj\u0105c zmiany zachodz\u0105ce w systemie polskiej edukacji oraz korzystaj\u0105c z wieloletniego do\u015bwiadczenia w pracy dydaktyczno \u2013wychowawczej postanowi\u0142o otoczy\u0107 opiek\u0105, wychowaniem i kszta\u0142ceniem dzieci w wieku przedszkolnym.Wychodz\u0105c r\u00f3wnie\u017c &hellip;<!-- AddThis Advanced Settings generic via filter on get_the_excerpt --><!-- AddThis Share Buttons generic via filter on get_the_excerpt --><\/p>\n","protected":false},"author":1,"featured_media":0,"parent":0,"menu_order":0,"comment_status":"closed","ping_status":"closed","template":"","meta":{"inline_featured_image":false,"ngg_post_thumbnail":0,"footnotes":""},"class_list":["post-352","page","type-page","status-publish","hentry"],"yoast_head":"<!-- This site is optimized with the Yoast SEO plugin v27.4 - https:\/\/yoast.com\/product\/yoast-seo-wordpress\/ -->\n<title>O nas - MA<\/title>\n<meta name=\"robots\" content=\"index, follow, max-snippet:-1, max-image-preview:large, max-video-preview:-1\" \/>\n<link rel=\"canonical\" href=\"https:\/\/www.pspo.edu.pl\/przedszkole\/o-nas\/\" \/>\n<meta property=\"og:locale\" content=\"pl_PL\" \/>\n<meta property=\"og:type\" content=\"article\" \/>\n<meta property=\"og:title\" content=\"O nas - MA\" \/>\n<meta property=\"og:description\" content=\"Polskie Stowarzyszenie Promocji O\u015bwiatowych Oddzia\u0142 I, kt\u00f3re od wielu lat prowadzi:\u00a0Spo\u0142eczn\u0105 Szko\u0142\u0119 Podstawow\u0105 nr 13 z Oddzia\u0142ami Dwuj\u0119zycznymi,\u00a0Gimnazjum Niepubliczne nr 12 z Oddzia\u0142ami Dwuj\u0119zycznymi\u00a0oraz\u00a0Liceum Og\u00f3lnokszta\u0142c\u0105ce Niepubliczne nr 43, uwzgl\u0119dniaj\u0105c zmiany zachodz\u0105ce w systemie polskiej edukacji oraz korzystaj\u0105c z wieloletniego do\u015bwiadczenia w pracy dydaktyczno \u2013wychowawczej postanowi\u0142o otoczy\u0107 opiek\u0105, wychowaniem i kszta\u0142ceniem dzieci w wieku przedszkolnym.Wychodz\u0105c r\u00f3wnie\u017c &hellip;\" \/>\n<meta property=\"og:url\" content=\"https:\/\/www.pspo.edu.pl\/przedszkole\/o-nas\/\" \/>\n<meta property=\"og:site_name\" content=\"MA\" \/>\n<meta property=\"article:modified_time\" content=\"2023-01-10T01:34:53+00:00\" \/>\n<meta name=\"twitter:card\" content=\"summary_large_image\" \/>\n<meta name=\"twitter:label1\" content=\"Szacowany czas czytania\" \/>\n\t<meta name=\"twitter:data1\" content=\"1 minuta\" \/>\n<script type=\"application\/ld+json\" class=\"yoast-schema-graph\">{\"@context\":\"https:\\\/\\\/schema.org\",\"@graph\":[{\"@type\":\"WebPage\",\"@id\":\"https:\\\/\\\/www.pspo.edu.pl\\\/przedszkole\\\/o-nas\\\/\",\"url\":\"https:\\\/\\\/www.pspo.edu.pl\\\/przedszkole\\\/o-nas\\\/\",\"name\":\"O nas - MA\",\"isPartOf\":{\"@id\":\"https:\\\/\\\/www.pspo.edu.pl\\\/przedszkole\\\/#website\"},\"datePublished\":\"2022-10-13T20:50:20+00:00\",\"dateModified\":\"2023-01-10T01:34:53+00:00\",\"breadcrumb\":{\"@id\":\"https:\\\/\\\/www.pspo.edu.pl\\\/przedszkole\\\/o-nas\\\/#breadcrumb\"},\"inLanguage\":\"pl-PL\",\"potentialAction\":[{\"@type\":\"ReadAction\",\"target\":[\"https:\\\/\\\/www.pspo.edu.pl\\\/przedszkole\\\/o-nas\\\/\"]}]},{\"@type\":\"BreadcrumbList\",\"@id\":\"https:\\\/\\\/www.pspo.edu.pl\\\/przedszkole\\\/o-nas\\\/#breadcrumb\",\"itemListElement\":[{\"@type\":\"ListItem\",\"position\":1,\"name\":\"Strona g\u0142\u00f3wna\",\"item\":\"https:\\\/\\\/www.pspo.edu.pl\\\/przedszkole\\\/\"},{\"@type\":\"ListItem\",\"position\":2,\"name\":\"O nas\"}]},{\"@type\":\"WebSite\",\"@id\":\"https:\\\/\\\/www.pspo.edu.pl\\\/przedszkole\\\/#website\",\"url\":\"https:\\\/\\\/www.pspo.edu.pl\\\/przedszkole\\\/\",\"name\":\"MA\",\"description\":\"Niepubliczne Przedszkole Motylkowa Akademia\",\"potentialAction\":[{\"@type\":\"SearchAction\",\"target\":{\"@type\":\"EntryPoint\",\"urlTemplate\":\"https:\\\/\\\/www.pspo.edu.pl\\\/przedszkole\\\/?s={search_term_string}\"},\"query-input\":{\"@type\":\"PropertyValueSpecification\",\"valueRequired\":true,\"valueName\":\"search_term_string\"}}],\"inLanguage\":\"pl-PL\"}]}<\/script>\n<!-- \/ Yoast SEO plugin. -->","yoast_head_json":{"title":"O nas - MA","robots":{"index":"index","follow":"follow","max-snippet":"max-snippet:-1","max-image-preview":"max-image-preview:large","max-video-preview":"max-video-preview:-1"},"canonical":"https:\/\/www.pspo.edu.pl\/przedszkole\/o-nas\/","og_locale":"pl_PL","og_type":"article","og_title":"O nas - MA","og_description":"Polskie Stowarzyszenie Promocji O\u015bwiatowych Oddzia\u0142 I, kt\u00f3re od wielu lat prowadzi:\u00a0Spo\u0142eczn\u0105 Szko\u0142\u0119 Podstawow\u0105 nr 13 z Oddzia\u0142ami Dwuj\u0119zycznymi,\u00a0Gimnazjum Niepubliczne nr 12 z Oddzia\u0142ami Dwuj\u0119zycznymi\u00a0oraz\u00a0Liceum Og\u00f3lnokszta\u0142c\u0105ce Niepubliczne nr 43, uwzgl\u0119dniaj\u0105c zmiany zachodz\u0105ce w systemie polskiej edukacji oraz korzystaj\u0105c z wieloletniego do\u015bwiadczenia w pracy dydaktyczno \u2013wychowawczej postanowi\u0142o otoczy\u0107 opiek\u0105, wychowaniem i kszta\u0142ceniem dzieci w wieku przedszkolnym.Wychodz\u0105c r\u00f3wnie\u017c &hellip;","og_url":"https:\/\/www.pspo.edu.pl\/przedszkole\/o-nas\/","og_site_name":"MA","article_modified_time":"2023-01-10T01:34:53+00:00","twitter_card":"summary_large_image","twitter_misc":{"Szacowany czas czytania":"1 minuta"},"schema":{"@context":"https:\/\/schema.org","@graph":[{"@type":"WebPage","@id":"https:\/\/www.pspo.edu.pl\/przedszkole\/o-nas\/","url":"https:\/\/www.pspo.edu.pl\/przedszkole\/o-nas\/","name":"O nas - MA","isPartOf":{"@id":"https:\/\/www.pspo.edu.pl\/przedszkole\/#website"},"datePublished":"2022-10-13T20:50:20+00:00","dateModified":"2023-01-10T01:34:53+00:00","breadcrumb":{"@id":"https:\/\/www.pspo.edu.pl\/przedszkole\/o-nas\/#breadcrumb"},"inLanguage":"pl-PL","potentialAction":[{"@type":"ReadAction","target":["https:\/\/www.pspo.edu.pl\/przedszkole\/o-nas\/"]}]},{"@type":"BreadcrumbList","@id":"https:\/\/www.pspo.edu.pl\/przedszkole\/o-nas\/#breadcrumb","itemListElement":[{"@type":"ListItem","position":1,"name":"Strona g\u0142\u00f3wna","item":"https:\/\/www.pspo.edu.pl\/przedszkole\/"},{"@type":"ListItem","position":2,"name":"O nas"}]},{"@type":"WebSite","@id":"https:\/\/www.pspo.edu.pl\/przedszkole\/#website","url":"https:\/\/www.pspo.edu.pl\/przedszkole\/","name":"MA","description":"Niepubliczne Przedszkole Motylkowa Akademia","potentialAction":[{"@type":"SearchAction","target":{"@type":"EntryPoint","urlTemplate":"https:\/\/www.pspo.edu.pl\/przedszkole\/?s={search_term_string}"},"query-input":{"@type":"PropertyValueSpecification","valueRequired":true,"valueName":"search_term_string"}}],"inLanguage":"pl-PL"}]}},"_links":{"self":[{"href":"https:\/\/www.pspo.edu.pl\/przedszkole\/wp-json\/wp\/v2\/pages\/352","targetHints":{"allow":["GET"]}}],"collection":[{"href":"https:\/\/www.pspo.edu.pl\/przedszkole\/wp-json\/wp\/v2\/pages"}],"about":[{"href":"https:\/\/www.pspo.edu.pl\/przedszkole\/wp-json\/wp\/v2\/types\/page"}],"author":[{"embeddable":true,"href":"https:\/\/www.pspo.edu.pl\/przedszkole\/wp-json\/wp\/v2\/users\/1"}],"replies":[{"embeddable":true,"href":"https:\/\/www.pspo.edu.pl\/przedszkole\/wp-json\/wp\/v2\/comments?post=352"}],"version-history":[{"count":5,"href":"https:\/\/www.pspo.edu.pl\/przedszkole\/wp-json\/wp\/v2\/pages\/352\/revisions"}],"predecessor-version":[{"id":420,"href":"https:\/\/www.pspo.edu.pl\/przedszkole\/wp-json\/wp\/v2\/pages\/352\/revisions\/420"}],"wp:attachment":[{"href":"https:\/\/www.pspo.edu.pl\/przedszkole\/wp-json\/wp\/v2\/media?parent=352"}],"curies":[{"name":"wp","href":"https:\/\/api.w.org\/{rel}","templated":true}]}}