{"id":421,"date":"2023-01-10T02:43:09","date_gmt":"2023-01-10T01:43:09","guid":{"rendered":"https:\/\/wpms.pspo.edu.pl\/przedszkole\/?page_id=421"},"modified":"2023-01-10T02:49:00","modified_gmt":"2023-01-10T01:49:00","slug":"sherborne","status":"publish","type":"page","link":"https:\/\/www.pspo.edu.pl\/przedszkole\/zajecia\/sherborne\/","title":{"rendered":"Sherborne"},"content":{"rendered":"<p><a href=\"https:\/\/www.pspo.edu.pl\/przedszkole\/wp-content\/uploads\/sites\/3\/2023\/01\/sherborne.jpeg\"><img decoding=\"async\" class=\"size-medium wp-image-422 alignleft\" src=\"https:\/\/www.pspo.edu.pl\/przedszkole\/wp-content\/uploads\/sites\/3\/2023\/01\/sherborne-208x300.jpeg\" alt=\"\" width=\"208\" height=\"300\" srcset=\"https:\/\/www.pspo.edu.pl\/przedszkole\/wp-content\/uploads\/sites\/3\/2023\/01\/sherborne-208x300.jpeg 208w, https:\/\/www.pspo.edu.pl\/przedszkole\/wp-content\/uploads\/sites\/3\/2023\/01\/sherborne-711x1024.jpeg 711w, https:\/\/www.pspo.edu.pl\/przedszkole\/wp-content\/uploads\/sites\/3\/2023\/01\/sherborne-768x1106.jpeg 768w, https:\/\/www.pspo.edu.pl\/przedszkole\/wp-content\/uploads\/sites\/3\/2023\/01\/sherborne-1067x1536.jpeg 1067w, https:\/\/www.pspo.edu.pl\/przedszkole\/wp-content\/uploads\/sites\/3\/2023\/01\/sherborne.jpeg 1115w\" sizes=\"(max-width: 208px) 100vw, 208px\" \/><\/a><\/p>\n<p>Podstawowym celem tej metody jest rozwijanie sfery emocjonalno- spo\u0142ecznej oraz \u015bwiadomo\u015bci samego siebie i innych os\u00f3b za pomoc\u0105 ruchu.<br \/>\nW trakcie zaj\u0119\u0107 prowadzonym MRR dzieci poznaj\u0105 swoje otoczenie i ucz\u0105 si\u0119 w nim czu\u0107 bezpiecznie, dzi\u0119ki czemu otwieraj\u0105 si\u0119 na tw\u00f3rcze dzia\u0142anie i nawi\u0105zuj\u0105 relacje z innymi osobami.<br \/>\nPodczas \u0107wicze\u0144 dzieci rozwijaj\u0105 swoj\u0105 opieku\u0144czo\u015b\u0107, wykazuj\u0105 si\u0119 umiej\u0119tno\u015bci\u0105 wsp\u00f3\u0142dzia\u0142ania i reagowania na potrzeby i mo\u017cliwo\u015bci innych.<br \/>\nZaj\u0119cia daj\u0105 mo\u017cliwo\u015b\u0107 rozwijania koncentracji i pokazuj\u0105 sposoby r\u00f3\u017cnicowania p\u0142ynno\u015bci ruch\u00f3w.<\/p>\n<!-- AddThis Advanced Settings generic via filter on the_content --><!-- AddThis Share Buttons generic via filter on the_content -->","protected":false},"excerpt":{"rendered":"<p>Podstawowym celem tej metody jest rozwijanie sfery emocjonalno- spo\u0142ecznej oraz \u015bwiadomo\u015bci samego siebie i innych os\u00f3b za pomoc\u0105 ruchu. W trakcie zaj\u0119\u0107 prowadzonym MRR dzieci poznaj\u0105 swoje otoczenie i ucz\u0105 si\u0119 w nim czu\u0107 bezpiecznie, dzi\u0119ki czemu otwieraj\u0105 si\u0119 na tw\u00f3rcze dzia\u0142anie i nawi\u0105zuj\u0105 relacje z innymi osobami. Podczas \u0107wicze\u0144 dzieci rozwijaj\u0105 swoj\u0105 opieku\u0144czo\u015b\u0107, wykazuj\u0105 &hellip;<!-- AddThis Advanced Settings generic via filter on get_the_excerpt --><!-- AddThis Share Buttons generic via filter on get_the_excerpt --><\/p>\n","protected":false},"author":1,"featured_media":0,"parent":425,"menu_order":0,"comment_status":"closed","ping_status":"closed","template":"","meta":{"inline_featured_image":false,"ngg_post_thumbnail":0,"footnotes":""},"class_list":["post-421","page","type-page","status-publish","hentry"],"yoast_head":"<!-- This site is optimized with the Yoast SEO plugin v27.4 - https:\/\/yoast.com\/product\/yoast-seo-wordpress\/ -->\n<title>Sherborne - MA<\/title>\n<meta name=\"robots\" content=\"index, follow, max-snippet:-1, max-image-preview:large, max-video-preview:-1\" \/>\n<link rel=\"canonical\" href=\"https:\/\/www.pspo.edu.pl\/przedszkole\/zajecia\/sherborne\/\" \/>\n<meta property=\"og:locale\" content=\"pl_PL\" \/>\n<meta property=\"og:type\" content=\"article\" \/>\n<meta property=\"og:title\" content=\"Sherborne - MA\" \/>\n<meta property=\"og:description\" content=\"Podstawowym celem tej metody jest rozwijanie sfery emocjonalno- spo\u0142ecznej oraz \u015bwiadomo\u015bci samego siebie i innych os\u00f3b za pomoc\u0105 ruchu. W trakcie zaj\u0119\u0107 prowadzonym MRR dzieci poznaj\u0105 swoje otoczenie i ucz\u0105 si\u0119 w nim czu\u0107 bezpiecznie, dzi\u0119ki czemu otwieraj\u0105 si\u0119 na tw\u00f3rcze dzia\u0142anie i nawi\u0105zuj\u0105 relacje z innymi osobami. Podczas \u0107wicze\u0144 dzieci rozwijaj\u0105 swoj\u0105 opieku\u0144czo\u015b\u0107, wykazuj\u0105 &hellip;\" \/>\n<meta property=\"og:url\" content=\"https:\/\/www.pspo.edu.pl\/przedszkole\/zajecia\/sherborne\/\" \/>\n<meta property=\"og:site_name\" content=\"MA\" \/>\n<meta property=\"article:modified_time\" content=\"2023-01-10T01:49:00+00:00\" \/>\n<meta property=\"og:image\" content=\"https:\/\/www.pspo.edu.pl\/przedszkole\/wp-content\/uploads\/sites\/3\/2023\/01\/sherborne-208x300.jpeg\" \/>\n<meta name=\"twitter:card\" content=\"summary_large_image\" \/>\n<meta name=\"twitter:label1\" content=\"Szacowany czas czytania\" \/>\n\t<meta name=\"twitter:data1\" content=\"1 minuta\" \/>\n<script type=\"application\/ld+json\" class=\"yoast-schema-graph\">{\"@context\":\"https:\\\/\\\/schema.org\",\"@graph\":[{\"@type\":\"WebPage\",\"@id\":\"https:\\\/\\\/www.pspo.edu.pl\\\/przedszkole\\\/zajecia\\\/sherborne\\\/\",\"url\":\"https:\\\/\\\/www.pspo.edu.pl\\\/przedszkole\\\/zajecia\\\/sherborne\\\/\",\"name\":\"Sherborne - MA\",\"isPartOf\":{\"@id\":\"https:\\\/\\\/www.pspo.edu.pl\\\/przedszkole\\\/#website\"},\"primaryImageOfPage\":{\"@id\":\"https:\\\/\\\/www.pspo.edu.pl\\\/przedszkole\\\/zajecia\\\/sherborne\\\/#primaryimage\"},\"image\":{\"@id\":\"https:\\\/\\\/www.pspo.edu.pl\\\/przedszkole\\\/zajecia\\\/sherborne\\\/#primaryimage\"},\"thumbnailUrl\":\"https:\\\/\\\/www.pspo.edu.pl\\\/przedszkole\\\/wp-content\\\/uploads\\\/sites\\\/3\\\/2023\\\/01\\\/sherborne-208x300.jpeg\",\"datePublished\":\"2023-01-10T01:43:09+00:00\",\"dateModified\":\"2023-01-10T01:49:00+00:00\",\"breadcrumb\":{\"@id\":\"https:\\\/\\\/www.pspo.edu.pl\\\/przedszkole\\\/zajecia\\\/sherborne\\\/#breadcrumb\"},\"inLanguage\":\"pl-PL\",\"potentialAction\":[{\"@type\":\"ReadAction\",\"target\":[\"https:\\\/\\\/www.pspo.edu.pl\\\/przedszkole\\\/zajecia\\\/sherborne\\\/\"]}]},{\"@type\":\"ImageObject\",\"inLanguage\":\"pl-PL\",\"@id\":\"https:\\\/\\\/www.pspo.edu.pl\\\/przedszkole\\\/zajecia\\\/sherborne\\\/#primaryimage\",\"url\":\"https:\\\/\\\/www.pspo.edu.pl\\\/przedszkole\\\/wp-content\\\/uploads\\\/sites\\\/3\\\/2023\\\/01\\\/sherborne.jpeg\",\"contentUrl\":\"https:\\\/\\\/www.pspo.edu.pl\\\/przedszkole\\\/wp-content\\\/uploads\\\/sites\\\/3\\\/2023\\\/01\\\/sherborne.jpeg\",\"width\":1115,\"height\":1605},{\"@type\":\"BreadcrumbList\",\"@id\":\"https:\\\/\\\/www.pspo.edu.pl\\\/przedszkole\\\/zajecia\\\/sherborne\\\/#breadcrumb\",\"itemListElement\":[{\"@type\":\"ListItem\",\"position\":1,\"name\":\"Strona g\u0142\u00f3wna\",\"item\":\"https:\\\/\\\/www.pspo.edu.pl\\\/przedszkole\\\/\"},{\"@type\":\"ListItem\",\"position\":2,\"name\":\"Zaj\u0119cia\",\"item\":\"https:\\\/\\\/www.pspo.edu.pl\\\/przedszkole\\\/zajecia\\\/\"},{\"@type\":\"ListItem\",\"position\":3,\"name\":\"Sherborne\"}]},{\"@type\":\"WebSite\",\"@id\":\"https:\\\/\\\/www.pspo.edu.pl\\\/przedszkole\\\/#website\",\"url\":\"https:\\\/\\\/www.pspo.edu.pl\\\/przedszkole\\\/\",\"name\":\"MA\",\"description\":\"Niepubliczne Przedszkole Motylkowa Akademia\",\"potentialAction\":[{\"@type\":\"SearchAction\",\"target\":{\"@type\":\"EntryPoint\",\"urlTemplate\":\"https:\\\/\\\/www.pspo.edu.pl\\\/przedszkole\\\/?s={search_term_string}\"},\"query-input\":{\"@type\":\"PropertyValueSpecification\",\"valueRequired\":true,\"valueName\":\"search_term_string\"}}],\"inLanguage\":\"pl-PL\"}]}<\/script>\n<!-- \/ Yoast SEO plugin. -->","yoast_head_json":{"title":"Sherborne - MA","robots":{"index":"index","follow":"follow","max-snippet":"max-snippet:-1","max-image-preview":"max-image-preview:large","max-video-preview":"max-video-preview:-1"},"canonical":"https:\/\/www.pspo.edu.pl\/przedszkole\/zajecia\/sherborne\/","og_locale":"pl_PL","og_type":"article","og_title":"Sherborne - MA","og_description":"Podstawowym celem tej metody jest rozwijanie sfery emocjonalno- spo\u0142ecznej oraz \u015bwiadomo\u015bci samego siebie i innych os\u00f3b za pomoc\u0105 ruchu. W trakcie zaj\u0119\u0107 prowadzonym MRR dzieci poznaj\u0105 swoje otoczenie i ucz\u0105 si\u0119 w nim czu\u0107 bezpiecznie, dzi\u0119ki czemu otwieraj\u0105 si\u0119 na tw\u00f3rcze dzia\u0142anie i nawi\u0105zuj\u0105 relacje z innymi osobami. Podczas \u0107wicze\u0144 dzieci rozwijaj\u0105 swoj\u0105 opieku\u0144czo\u015b\u0107, wykazuj\u0105 &hellip;","og_url":"https:\/\/www.pspo.edu.pl\/przedszkole\/zajecia\/sherborne\/","og_site_name":"MA","article_modified_time":"2023-01-10T01:49:00+00:00","og_image":[{"url":"https:\/\/www.pspo.edu.pl\/przedszkole\/wp-content\/uploads\/sites\/3\/2023\/01\/sherborne-208x300.jpeg","type":"","width":"","height":""}],"twitter_card":"summary_large_image","twitter_misc":{"Szacowany czas czytania":"1 minuta"},"schema":{"@context":"https:\/\/schema.org","@graph":[{"@type":"WebPage","@id":"https:\/\/www.pspo.edu.pl\/przedszkole\/zajecia\/sherborne\/","url":"https:\/\/www.pspo.edu.pl\/przedszkole\/zajecia\/sherborne\/","name":"Sherborne - MA","isPartOf":{"@id":"https:\/\/www.pspo.edu.pl\/przedszkole\/#website"},"primaryImageOfPage":{"@id":"https:\/\/www.pspo.edu.pl\/przedszkole\/zajecia\/sherborne\/#primaryimage"},"image":{"@id":"https:\/\/www.pspo.edu.pl\/przedszkole\/zajecia\/sherborne\/#primaryimage"},"thumbnailUrl":"https:\/\/www.pspo.edu.pl\/przedszkole\/wp-content\/uploads\/sites\/3\/2023\/01\/sherborne-208x300.jpeg","datePublished":"2023-01-10T01:43:09+00:00","dateModified":"2023-01-10T01:49:00+00:00","breadcrumb":{"@id":"https:\/\/www.pspo.edu.pl\/przedszkole\/zajecia\/sherborne\/#breadcrumb"},"inLanguage":"pl-PL","potentialAction":[{"@type":"ReadAction","target":["https:\/\/www.pspo.edu.pl\/przedszkole\/zajecia\/sherborne\/"]}]},{"@type":"ImageObject","inLanguage":"pl-PL","@id":"https:\/\/www.pspo.edu.pl\/przedszkole\/zajecia\/sherborne\/#primaryimage","url":"https:\/\/www.pspo.edu.pl\/przedszkole\/wp-content\/uploads\/sites\/3\/2023\/01\/sherborne.jpeg","contentUrl":"https:\/\/www.pspo.edu.pl\/przedszkole\/wp-content\/uploads\/sites\/3\/2023\/01\/sherborne.jpeg","width":1115,"height":1605},{"@type":"BreadcrumbList","@id":"https:\/\/www.pspo.edu.pl\/przedszkole\/zajecia\/sherborne\/#breadcrumb","itemListElement":[{"@type":"ListItem","position":1,"name":"Strona g\u0142\u00f3wna","item":"https:\/\/www.pspo.edu.pl\/przedszkole\/"},{"@type":"ListItem","position":2,"name":"Zaj\u0119cia","item":"https:\/\/www.pspo.edu.pl\/przedszkole\/zajecia\/"},{"@type":"ListItem","position":3,"name":"Sherborne"}]},{"@type":"WebSite","@id":"https:\/\/www.pspo.edu.pl\/przedszkole\/#website","url":"https:\/\/www.pspo.edu.pl\/przedszkole\/","name":"MA","description":"Niepubliczne Przedszkole Motylkowa Akademia","potentialAction":[{"@type":"SearchAction","target":{"@type":"EntryPoint","urlTemplate":"https:\/\/www.pspo.edu.pl\/przedszkole\/?s={search_term_string}"},"query-input":{"@type":"PropertyValueSpecification","valueRequired":true,"valueName":"search_term_string"}}],"inLanguage":"pl-PL"}]}},"_links":{"self":[{"href":"https:\/\/www.pspo.edu.pl\/przedszkole\/wp-json\/wp\/v2\/pages\/421","targetHints":{"allow":["GET"]}}],"collection":[{"href":"https:\/\/www.pspo.edu.pl\/przedszkole\/wp-json\/wp\/v2\/pages"}],"about":[{"href":"https:\/\/www.pspo.edu.pl\/przedszkole\/wp-json\/wp\/v2\/types\/page"}],"author":[{"embeddable":true,"href":"https:\/\/www.pspo.edu.pl\/przedszkole\/wp-json\/wp\/v2\/users\/1"}],"replies":[{"embeddable":true,"href":"https:\/\/www.pspo.edu.pl\/przedszkole\/wp-json\/wp\/v2\/comments?post=421"}],"version-history":[{"count":1,"href":"https:\/\/www.pspo.edu.pl\/przedszkole\/wp-json\/wp\/v2\/pages\/421\/revisions"}],"predecessor-version":[{"id":424,"href":"https:\/\/www.pspo.edu.pl\/przedszkole\/wp-json\/wp\/v2\/pages\/421\/revisions\/424"}],"up":[{"embeddable":true,"href":"https:\/\/www.pspo.edu.pl\/przedszkole\/wp-json\/wp\/v2\/pages\/425"}],"wp:attachment":[{"href":"https:\/\/www.pspo.edu.pl\/przedszkole\/wp-json\/wp\/v2\/media?parent=421"}],"curies":[{"name":"wp","href":"https:\/\/api.w.org\/{rel}","templated":true}]}}