{"id":433,"date":"2023-01-10T02:52:16","date_gmt":"2023-01-10T01:52:16","guid":{"rendered":"https:\/\/wpms.pspo.edu.pl\/przedszkole\/?page_id=433"},"modified":"2023-01-10T02:54:46","modified_gmt":"2023-01-10T01:54:46","slug":"bajkoterapia-z-elementami-filozofii","status":"publish","type":"page","link":"https:\/\/www.pspo.edu.pl\/przedszkole\/zajecia\/bajkoterapia-z-elementami-filozofii\/","title":{"rendered":"Bajkoterapia z elementami filozofii"},"content":{"rendered":"<div class=\"col-md-9\">\n<p><a href=\"https:\/\/www.pspo.edu.pl\/przedszkole\/wp-content\/uploads\/sites\/3\/2023\/01\/bajkowa-terapia.jpg\"><img decoding=\"async\" class=\"size-medium wp-image-427 alignleft\" src=\"https:\/\/www.pspo.edu.pl\/przedszkole\/wp-content\/uploads\/sites\/3\/2023\/01\/bajkowa-terapia-212x300.jpg\" alt=\"\" width=\"212\" height=\"300\" srcset=\"https:\/\/www.pspo.edu.pl\/przedszkole\/wp-content\/uploads\/sites\/3\/2023\/01\/bajkowa-terapia-212x300.jpg 212w, https:\/\/www.pspo.edu.pl\/przedszkole\/wp-content\/uploads\/sites\/3\/2023\/01\/bajkowa-terapia-724x1024.jpg 724w, https:\/\/www.pspo.edu.pl\/przedszkole\/wp-content\/uploads\/sites\/3\/2023\/01\/bajkowa-terapia-768x1086.jpg 768w, https:\/\/www.pspo.edu.pl\/przedszkole\/wp-content\/uploads\/sites\/3\/2023\/01\/bajkowa-terapia.jpg 905w\" sizes=\"(max-width: 212px) 100vw, 212px\" \/><\/a>W codziennym \u017cyciu ka\u017cdego (nawet najmniejszego przedszkolaka) pojawia si\u0119 wiele pyta\u0144, kt\u00f3re zajmuj\u0105 im my\u015bli w ma\u0142ych g\u0142owach <img decoding=\"async\" class=\"emoji\" role=\"img\" draggable=\"false\" src=\"https:\/\/s.w.org\/images\/core\/emoji\/14.0.0\/svg\/263a.svg\" alt=\"\u263a\" \/><br \/>\nKim jestem?<br \/>\nCzy jestem taki sam jak inni?<br \/>\nCo mam w \u015brodku?<br \/>\nDlaczego kiedy si\u0119 z\u0142oszcz\u0119 to czasami trac\u0119 panowanie nad sob\u0105?<br \/>\nCzy z\u0142o\u015b\u0107 to emocja taka sama jak rado\u015b\u0107?<br \/>\nCzy to dobrze jest by\u0107 smutnym?<br \/>\nJak mam sobie poradzi\u0107 ze strachem, kt\u00f3ry czuj\u0119 a kt\u00f3rego nie wida\u0107?<\/p>\n<p>Te i jeszcze inne pytania zaprz\u0105taj\u0105 g\u0142ow\u0119 ka\u017cdego dziecka.<br \/>\nPodczas cotygodniowych zaj\u0119\u0107 postaramy si\u0119 wsp\u00f3lnie przyjrze\u0107 emocjom, kt\u00f3re s\u0105 w nas, b\u0119dziemy uczy\u0107 si\u0119 jak sobie radzi\u0107 w sytuacjach trudnych jak rozmawia\u0107 o tym, co czujemy i jak by\u0107 sob\u0105 daj\u0105c rado\u015b\u0107 innym.<\/p>\n<p>Przy pomocy bajek b\u0119dziemy przybli\u017ca\u0107 skomplikowany \u015bwiat emocji, odkryjemy, w czym jeste\u015bmy dobrzy i<br \/>\nposzukamy odpowiedzi na wiele nurtuj\u0105cych pyta\u0144.<\/p>\n<\/div>\n<!-- AddThis Advanced Settings generic via filter on the_content --><!-- AddThis Share Buttons generic via filter on the_content -->","protected":false},"excerpt":{"rendered":"<p>W codziennym \u017cyciu ka\u017cdego (nawet najmniejszego przedszkolaka) pojawia si\u0119 wiele pyta\u0144, kt\u00f3re zajmuj\u0105 im my\u015bli w ma\u0142ych g\u0142owach Kim jestem? Czy jestem taki sam jak inni? Co mam w \u015brodku? Dlaczego kiedy si\u0119 z\u0142oszcz\u0119 to czasami trac\u0119 panowanie nad sob\u0105? Czy z\u0142o\u015b\u0107 to emocja taka sama jak rado\u015b\u0107? Czy to dobrze jest by\u0107 smutnym? Jak &hellip;<!-- AddThis Advanced Settings generic via filter on get_the_excerpt --><!-- AddThis Share Buttons generic via filter on get_the_excerpt --><\/p>\n","protected":false},"author":1,"featured_media":0,"parent":425,"menu_order":0,"comment_status":"closed","ping_status":"closed","template":"","meta":{"inline_featured_image":false,"ngg_post_thumbnail":0,"footnotes":""},"class_list":["post-433","page","type-page","status-publish","hentry"],"yoast_head":"<!-- This site is optimized with the Yoast SEO plugin v27.4 - https:\/\/yoast.com\/product\/yoast-seo-wordpress\/ -->\n<title>Bajkoterapia z elementami filozofii - MA<\/title>\n<meta name=\"robots\" content=\"index, follow, max-snippet:-1, max-image-preview:large, max-video-preview:-1\" \/>\n<link rel=\"canonical\" href=\"https:\/\/www.pspo.edu.pl\/przedszkole\/zajecia\/bajkoterapia-z-elementami-filozofii\/\" \/>\n<meta property=\"og:locale\" content=\"pl_PL\" \/>\n<meta property=\"og:type\" content=\"article\" \/>\n<meta property=\"og:title\" content=\"Bajkoterapia z elementami filozofii - MA\" \/>\n<meta property=\"og:description\" content=\"W codziennym \u017cyciu ka\u017cdego (nawet najmniejszego przedszkolaka) pojawia si\u0119 wiele pyta\u0144, kt\u00f3re zajmuj\u0105 im my\u015bli w ma\u0142ych g\u0142owach Kim jestem? Czy jestem taki sam jak inni? Co mam w \u015brodku? Dlaczego kiedy si\u0119 z\u0142oszcz\u0119 to czasami trac\u0119 panowanie nad sob\u0105? Czy z\u0142o\u015b\u0107 to emocja taka sama jak rado\u015b\u0107? Czy to dobrze jest by\u0107 smutnym? Jak &hellip;\" \/>\n<meta property=\"og:url\" content=\"https:\/\/www.pspo.edu.pl\/przedszkole\/zajecia\/bajkoterapia-z-elementami-filozofii\/\" \/>\n<meta property=\"og:site_name\" content=\"MA\" \/>\n<meta property=\"article:modified_time\" content=\"2023-01-10T01:54:46+00:00\" \/>\n<meta property=\"og:image\" content=\"https:\/\/www.pspo.edu.pl\/przedszkole\/wp-content\/uploads\/sites\/3\/2023\/01\/bajkowa-terapia-212x300.jpg\" \/>\n<meta name=\"twitter:card\" content=\"summary_large_image\" \/>\n<meta name=\"twitter:label1\" content=\"Szacowany czas czytania\" \/>\n\t<meta name=\"twitter:data1\" content=\"2 minuty\" \/>\n<script type=\"application\/ld+json\" class=\"yoast-schema-graph\">{\"@context\":\"https:\\\/\\\/schema.org\",\"@graph\":[{\"@type\":\"WebPage\",\"@id\":\"https:\\\/\\\/www.pspo.edu.pl\\\/przedszkole\\\/zajecia\\\/bajkoterapia-z-elementami-filozofii\\\/\",\"url\":\"https:\\\/\\\/www.pspo.edu.pl\\\/przedszkole\\\/zajecia\\\/bajkoterapia-z-elementami-filozofii\\\/\",\"name\":\"Bajkoterapia z elementami filozofii - MA\",\"isPartOf\":{\"@id\":\"https:\\\/\\\/www.pspo.edu.pl\\\/przedszkole\\\/#website\"},\"primaryImageOfPage\":{\"@id\":\"https:\\\/\\\/www.pspo.edu.pl\\\/przedszkole\\\/zajecia\\\/bajkoterapia-z-elementami-filozofii\\\/#primaryimage\"},\"image\":{\"@id\":\"https:\\\/\\\/www.pspo.edu.pl\\\/przedszkole\\\/zajecia\\\/bajkoterapia-z-elementami-filozofii\\\/#primaryimage\"},\"thumbnailUrl\":\"https:\\\/\\\/www.pspo.edu.pl\\\/przedszkole\\\/wp-content\\\/uploads\\\/sites\\\/3\\\/2023\\\/01\\\/bajkowa-terapia-212x300.jpg\",\"datePublished\":\"2023-01-10T01:52:16+00:00\",\"dateModified\":\"2023-01-10T01:54:46+00:00\",\"breadcrumb\":{\"@id\":\"https:\\\/\\\/www.pspo.edu.pl\\\/przedszkole\\\/zajecia\\\/bajkoterapia-z-elementami-filozofii\\\/#breadcrumb\"},\"inLanguage\":\"pl-PL\",\"potentialAction\":[{\"@type\":\"ReadAction\",\"target\":[\"https:\\\/\\\/www.pspo.edu.pl\\\/przedszkole\\\/zajecia\\\/bajkoterapia-z-elementami-filozofii\\\/\"]}]},{\"@type\":\"ImageObject\",\"inLanguage\":\"pl-PL\",\"@id\":\"https:\\\/\\\/www.pspo.edu.pl\\\/przedszkole\\\/zajecia\\\/bajkoterapia-z-elementami-filozofii\\\/#primaryimage\",\"url\":\"https:\\\/\\\/www.pspo.edu.pl\\\/przedszkole\\\/wp-content\\\/uploads\\\/sites\\\/3\\\/2023\\\/01\\\/bajkowa-terapia.jpg\",\"contentUrl\":\"https:\\\/\\\/www.pspo.edu.pl\\\/przedszkole\\\/wp-content\\\/uploads\\\/sites\\\/3\\\/2023\\\/01\\\/bajkowa-terapia.jpg\",\"width\":905,\"height\":1280},{\"@type\":\"BreadcrumbList\",\"@id\":\"https:\\\/\\\/www.pspo.edu.pl\\\/przedszkole\\\/zajecia\\\/bajkoterapia-z-elementami-filozofii\\\/#breadcrumb\",\"itemListElement\":[{\"@type\":\"ListItem\",\"position\":1,\"name\":\"Strona g\u0142\u00f3wna\",\"item\":\"https:\\\/\\\/www.pspo.edu.pl\\\/przedszkole\\\/\"},{\"@type\":\"ListItem\",\"position\":2,\"name\":\"Zaj\u0119cia\",\"item\":\"https:\\\/\\\/www.pspo.edu.pl\\\/przedszkole\\\/zajecia\\\/\"},{\"@type\":\"ListItem\",\"position\":3,\"name\":\"Bajkoterapia z elementami filozofii\"}]},{\"@type\":\"WebSite\",\"@id\":\"https:\\\/\\\/www.pspo.edu.pl\\\/przedszkole\\\/#website\",\"url\":\"https:\\\/\\\/www.pspo.edu.pl\\\/przedszkole\\\/\",\"name\":\"MA\",\"description\":\"Niepubliczne Przedszkole Motylkowa Akademia\",\"potentialAction\":[{\"@type\":\"SearchAction\",\"target\":{\"@type\":\"EntryPoint\",\"urlTemplate\":\"https:\\\/\\\/www.pspo.edu.pl\\\/przedszkole\\\/?s={search_term_string}\"},\"query-input\":{\"@type\":\"PropertyValueSpecification\",\"valueRequired\":true,\"valueName\":\"search_term_string\"}}],\"inLanguage\":\"pl-PL\"}]}<\/script>\n<!-- \/ Yoast SEO plugin. -->","yoast_head_json":{"title":"Bajkoterapia z elementami filozofii - MA","robots":{"index":"index","follow":"follow","max-snippet":"max-snippet:-1","max-image-preview":"max-image-preview:large","max-video-preview":"max-video-preview:-1"},"canonical":"https:\/\/www.pspo.edu.pl\/przedszkole\/zajecia\/bajkoterapia-z-elementami-filozofii\/","og_locale":"pl_PL","og_type":"article","og_title":"Bajkoterapia z elementami filozofii - MA","og_description":"W codziennym \u017cyciu ka\u017cdego (nawet najmniejszego przedszkolaka) pojawia si\u0119 wiele pyta\u0144, kt\u00f3re zajmuj\u0105 im my\u015bli w ma\u0142ych g\u0142owach Kim jestem? Czy jestem taki sam jak inni? Co mam w \u015brodku? Dlaczego kiedy si\u0119 z\u0142oszcz\u0119 to czasami trac\u0119 panowanie nad sob\u0105? Czy z\u0142o\u015b\u0107 to emocja taka sama jak rado\u015b\u0107? Czy to dobrze jest by\u0107 smutnym? Jak &hellip;","og_url":"https:\/\/www.pspo.edu.pl\/przedszkole\/zajecia\/bajkoterapia-z-elementami-filozofii\/","og_site_name":"MA","article_modified_time":"2023-01-10T01:54:46+00:00","og_image":[{"url":"https:\/\/www.pspo.edu.pl\/przedszkole\/wp-content\/uploads\/sites\/3\/2023\/01\/bajkowa-terapia-212x300.jpg","type":"","width":"","height":""}],"twitter_card":"summary_large_image","twitter_misc":{"Szacowany czas czytania":"2 minuty"},"schema":{"@context":"https:\/\/schema.org","@graph":[{"@type":"WebPage","@id":"https:\/\/www.pspo.edu.pl\/przedszkole\/zajecia\/bajkoterapia-z-elementami-filozofii\/","url":"https:\/\/www.pspo.edu.pl\/przedszkole\/zajecia\/bajkoterapia-z-elementami-filozofii\/","name":"Bajkoterapia z elementami filozofii - MA","isPartOf":{"@id":"https:\/\/www.pspo.edu.pl\/przedszkole\/#website"},"primaryImageOfPage":{"@id":"https:\/\/www.pspo.edu.pl\/przedszkole\/zajecia\/bajkoterapia-z-elementami-filozofii\/#primaryimage"},"image":{"@id":"https:\/\/www.pspo.edu.pl\/przedszkole\/zajecia\/bajkoterapia-z-elementami-filozofii\/#primaryimage"},"thumbnailUrl":"https:\/\/www.pspo.edu.pl\/przedszkole\/wp-content\/uploads\/sites\/3\/2023\/01\/bajkowa-terapia-212x300.jpg","datePublished":"2023-01-10T01:52:16+00:00","dateModified":"2023-01-10T01:54:46+00:00","breadcrumb":{"@id":"https:\/\/www.pspo.edu.pl\/przedszkole\/zajecia\/bajkoterapia-z-elementami-filozofii\/#breadcrumb"},"inLanguage":"pl-PL","potentialAction":[{"@type":"ReadAction","target":["https:\/\/www.pspo.edu.pl\/przedszkole\/zajecia\/bajkoterapia-z-elementami-filozofii\/"]}]},{"@type":"ImageObject","inLanguage":"pl-PL","@id":"https:\/\/www.pspo.edu.pl\/przedszkole\/zajecia\/bajkoterapia-z-elementami-filozofii\/#primaryimage","url":"https:\/\/www.pspo.edu.pl\/przedszkole\/wp-content\/uploads\/sites\/3\/2023\/01\/bajkowa-terapia.jpg","contentUrl":"https:\/\/www.pspo.edu.pl\/przedszkole\/wp-content\/uploads\/sites\/3\/2023\/01\/bajkowa-terapia.jpg","width":905,"height":1280},{"@type":"BreadcrumbList","@id":"https:\/\/www.pspo.edu.pl\/przedszkole\/zajecia\/bajkoterapia-z-elementami-filozofii\/#breadcrumb","itemListElement":[{"@type":"ListItem","position":1,"name":"Strona g\u0142\u00f3wna","item":"https:\/\/www.pspo.edu.pl\/przedszkole\/"},{"@type":"ListItem","position":2,"name":"Zaj\u0119cia","item":"https:\/\/www.pspo.edu.pl\/przedszkole\/zajecia\/"},{"@type":"ListItem","position":3,"name":"Bajkoterapia z elementami filozofii"}]},{"@type":"WebSite","@id":"https:\/\/www.pspo.edu.pl\/przedszkole\/#website","url":"https:\/\/www.pspo.edu.pl\/przedszkole\/","name":"MA","description":"Niepubliczne Przedszkole Motylkowa Akademia","potentialAction":[{"@type":"SearchAction","target":{"@type":"EntryPoint","urlTemplate":"https:\/\/www.pspo.edu.pl\/przedszkole\/?s={search_term_string}"},"query-input":{"@type":"PropertyValueSpecification","valueRequired":true,"valueName":"search_term_string"}}],"inLanguage":"pl-PL"}]}},"_links":{"self":[{"href":"https:\/\/www.pspo.edu.pl\/przedszkole\/wp-json\/wp\/v2\/pages\/433","targetHints":{"allow":["GET"]}}],"collection":[{"href":"https:\/\/www.pspo.edu.pl\/przedszkole\/wp-json\/wp\/v2\/pages"}],"about":[{"href":"https:\/\/www.pspo.edu.pl\/przedszkole\/wp-json\/wp\/v2\/types\/page"}],"author":[{"embeddable":true,"href":"https:\/\/www.pspo.edu.pl\/przedszkole\/wp-json\/wp\/v2\/users\/1"}],"replies":[{"embeddable":true,"href":"https:\/\/www.pspo.edu.pl\/przedszkole\/wp-json\/wp\/v2\/comments?post=433"}],"version-history":[{"count":2,"href":"https:\/\/www.pspo.edu.pl\/przedszkole\/wp-json\/wp\/v2\/pages\/433\/revisions"}],"predecessor-version":[{"id":435,"href":"https:\/\/www.pspo.edu.pl\/przedszkole\/wp-json\/wp\/v2\/pages\/433\/revisions\/435"}],"up":[{"embeddable":true,"href":"https:\/\/www.pspo.edu.pl\/przedszkole\/wp-json\/wp\/v2\/pages\/425"}],"wp:attachment":[{"href":"https:\/\/www.pspo.edu.pl\/przedszkole\/wp-json\/wp\/v2\/media?parent=433"}],"curies":[{"name":"wp","href":"https:\/\/api.w.org\/{rel}","templated":true}]}}