{"id":450,"date":"2023-01-10T03:02:38","date_gmt":"2023-01-10T02:02:38","guid":{"rendered":"https:\/\/wpms.pspo.edu.pl\/przedszkole\/?page_id=450"},"modified":"2023-01-10T03:02:38","modified_gmt":"2023-01-10T02:02:38","slug":"ekperymenty","status":"publish","type":"page","link":"https:\/\/www.pspo.edu.pl\/przedszkole\/zajecia\/ekperymenty\/","title":{"rendered":"Ekperymenty"},"content":{"rendered":"<p><a href=\"https:\/\/www.pspo.edu.pl\/przedszkole\/wp-content\/uploads\/sites\/3\/2023\/01\/eksperymenty.jpg\"><img decoding=\"async\" class=\"size-medium wp-image-444 alignleft\" src=\"https:\/\/www.pspo.edu.pl\/przedszkole\/wp-content\/uploads\/sites\/3\/2023\/01\/eksperymenty-225x300.jpg\" alt=\"\" width=\"225\" height=\"300\" srcset=\"https:\/\/www.pspo.edu.pl\/przedszkole\/wp-content\/uploads\/sites\/3\/2023\/01\/eksperymenty-225x300.jpg 225w, https:\/\/www.pspo.edu.pl\/przedszkole\/wp-content\/uploads\/sites\/3\/2023\/01\/eksperymenty-768x1024.jpg 768w, https:\/\/www.pspo.edu.pl\/przedszkole\/wp-content\/uploads\/sites\/3\/2023\/01\/eksperymenty.jpg 1080w\" sizes=\"(max-width: 225px) 100vw, 225px\" \/><\/a>Dzieci przedszkolne charakteryzuje ekspresja i ciekawo\u015b\u0107 otaczaj\u0105cego ich \u015bwiata.<br \/>\nWiele temat\u00f3w z zakresu chemii, fizyki lub biologii jest dla dzieci zbyt zawi\u0142ych i niezrozumia\u0142ych.<br \/>\nDlatego najlepszym sposobem na zaspokojenie ciekawo\u015bci u dzieci w tym zakresie s\u0105 eksperymenty i zabawy badawcze.<br \/>\nTego typu zabawy kszta\u0142tuj\u0105 dziecko wielokierunkowo.<br \/>\nDziecko poprzez wykonywanie i obserwowanie eksperyment\u00f3w rozwija umiej\u0119tno\u015b\u0107 krytycznego my\u015blenia, por\u00f3wnywania, oceniania, wyci\u0105gania wniosk\u00f3w i analizowania.<br \/>\nMimo trudnych dla dziecka temat\u00f3w zabawa badawcza daje dziecku mo\u017cliwo\u015b\u0107 do odkrywania i zaspakajania ciekawo\u015bci otaczaj\u0105cego ich \u015bwiata.<\/p>\n<p>Badaniu i obserwacji dokonywanych eksperyment\u00f3w towarzyszy dziecku napi\u0119cie, kt\u00f3re dostarcza mu du\u017co zadowolenia, satysfakcji i rado\u015bci. Wszystko to, ma pozytywny wp\u0142yw na rozw\u00f3j i wychowanie dziecka.<\/p>\n<p>G\u0142\u00f3wne za\u0142o\u017cenia projektu:<\/p>\n<p>1. Program rozwija samodzielno\u015b\u0107, my\u015blenie praktyczne i kreatywne, spostrzegawczo\u015b\u0107, koncentracj\u0119 uwagi.<\/p>\n<p>2. Program obejmuje poznawanie \u015bwiata barw, zabawy z magnesami, tajemnicy wody i powietrza, zjawiska przyrodnicze, zjawiska i zabawy zwi\u0105zane z codziennymi przedmiotami, Zjawiska przyrodnicze, fizyczne ,chemiczne i wiele innych obszar\u00f3w tematycznych.<\/p>\n<p>Cele g\u0142\u00f3wne:<\/p>\n<p>1. Integrowanie wiedzy przekazywanej w ramach zaj\u0119\u0107 z r\u00f3\u017cnymi obszarami edukacyjnymi;<\/p>\n<p>2. Rozwijanie inteligencji wielorakich dzieci.<\/p>\n<p>3. Budzenie u dzieci ciekawo\u015bci otaczaj\u0105cym \u015bwiatem przyrody, oraz nauczenie ich prowadzenia obserwacji, wyci\u0105gania trafnych wniosk\u00f3w z przeprowadzonych do\u015bwiadcze\u0144, eksperyment\u00f3w i zjawisk przyrodniczych.<\/p>\n<p>4. Wzbogacenie s\u0142ownika dzieci\u0119cego o nowe poj\u0119cia.<\/p>\n<p>5. Przestrzeganie zasad wsp\u00f3\u0142dzia\u0142ania przy pracy.<\/p>\n<!-- AddThis Advanced Settings generic via filter on the_content --><!-- AddThis Share Buttons generic via filter on the_content -->","protected":false},"excerpt":{"rendered":"<p>Dzieci przedszkolne charakteryzuje ekspresja i ciekawo\u015b\u0107 otaczaj\u0105cego ich \u015bwiata. Wiele temat\u00f3w z zakresu chemii, fizyki lub biologii jest dla dzieci zbyt zawi\u0142ych i niezrozumia\u0142ych. Dlatego najlepszym sposobem na zaspokojenie ciekawo\u015bci u dzieci w tym zakresie s\u0105 eksperymenty i zabawy badawcze. Tego typu zabawy kszta\u0142tuj\u0105 dziecko wielokierunkowo. Dziecko poprzez wykonywanie i obserwowanie eksperyment\u00f3w rozwija umiej\u0119tno\u015b\u0107 krytycznego &hellip;<!-- AddThis Advanced Settings generic via filter on get_the_excerpt --><!-- AddThis Share Buttons generic via filter on get_the_excerpt --><\/p>\n","protected":false},"author":1,"featured_media":0,"parent":425,"menu_order":0,"comment_status":"closed","ping_status":"closed","template":"","meta":{"inline_featured_image":false,"ngg_post_thumbnail":0,"footnotes":""},"class_list":["post-450","page","type-page","status-publish","hentry"],"yoast_head":"<!-- This site is optimized with the Yoast SEO plugin v27.4 - https:\/\/yoast.com\/product\/yoast-seo-wordpress\/ -->\n<title>Ekperymenty - MA<\/title>\n<meta name=\"robots\" content=\"index, follow, max-snippet:-1, max-image-preview:large, max-video-preview:-1\" \/>\n<link rel=\"canonical\" href=\"https:\/\/www.pspo.edu.pl\/przedszkole\/zajecia\/ekperymenty\/\" \/>\n<meta property=\"og:locale\" content=\"pl_PL\" \/>\n<meta property=\"og:type\" content=\"article\" \/>\n<meta property=\"og:title\" content=\"Ekperymenty - MA\" \/>\n<meta property=\"og:description\" content=\"Dzieci przedszkolne charakteryzuje ekspresja i ciekawo\u015b\u0107 otaczaj\u0105cego ich \u015bwiata. Wiele temat\u00f3w z zakresu chemii, fizyki lub biologii jest dla dzieci zbyt zawi\u0142ych i niezrozumia\u0142ych. Dlatego najlepszym sposobem na zaspokojenie ciekawo\u015bci u dzieci w tym zakresie s\u0105 eksperymenty i zabawy badawcze. Tego typu zabawy kszta\u0142tuj\u0105 dziecko wielokierunkowo. Dziecko poprzez wykonywanie i obserwowanie eksperyment\u00f3w rozwija umiej\u0119tno\u015b\u0107 krytycznego &hellip;\" \/>\n<meta property=\"og:url\" content=\"https:\/\/www.pspo.edu.pl\/przedszkole\/zajecia\/ekperymenty\/\" \/>\n<meta property=\"og:site_name\" content=\"MA\" \/>\n<meta property=\"og:image\" content=\"https:\/\/www.pspo.edu.pl\/przedszkole\/wp-content\/uploads\/sites\/3\/2023\/01\/eksperymenty-225x300.jpg\" \/>\n<meta name=\"twitter:card\" content=\"summary_large_image\" \/>\n<meta name=\"twitter:label1\" content=\"Szacowany czas czytania\" \/>\n\t<meta name=\"twitter:data1\" content=\"2 minuty\" \/>\n<script type=\"application\/ld+json\" class=\"yoast-schema-graph\">{\"@context\":\"https:\\\/\\\/schema.org\",\"@graph\":[{\"@type\":\"WebPage\",\"@id\":\"https:\\\/\\\/www.pspo.edu.pl\\\/przedszkole\\\/zajecia\\\/ekperymenty\\\/\",\"url\":\"https:\\\/\\\/www.pspo.edu.pl\\\/przedszkole\\\/zajecia\\\/ekperymenty\\\/\",\"name\":\"Ekperymenty - MA\",\"isPartOf\":{\"@id\":\"https:\\\/\\\/www.pspo.edu.pl\\\/przedszkole\\\/#website\"},\"primaryImageOfPage\":{\"@id\":\"https:\\\/\\\/www.pspo.edu.pl\\\/przedszkole\\\/zajecia\\\/ekperymenty\\\/#primaryimage\"},\"image\":{\"@id\":\"https:\\\/\\\/www.pspo.edu.pl\\\/przedszkole\\\/zajecia\\\/ekperymenty\\\/#primaryimage\"},\"thumbnailUrl\":\"https:\\\/\\\/www.pspo.edu.pl\\\/przedszkole\\\/wp-content\\\/uploads\\\/sites\\\/3\\\/2023\\\/01\\\/eksperymenty-225x300.jpg\",\"datePublished\":\"2023-01-10T02:02:38+00:00\",\"breadcrumb\":{\"@id\":\"https:\\\/\\\/www.pspo.edu.pl\\\/przedszkole\\\/zajecia\\\/ekperymenty\\\/#breadcrumb\"},\"inLanguage\":\"pl-PL\",\"potentialAction\":[{\"@type\":\"ReadAction\",\"target\":[\"https:\\\/\\\/www.pspo.edu.pl\\\/przedszkole\\\/zajecia\\\/ekperymenty\\\/\"]}]},{\"@type\":\"ImageObject\",\"inLanguage\":\"pl-PL\",\"@id\":\"https:\\\/\\\/www.pspo.edu.pl\\\/przedszkole\\\/zajecia\\\/ekperymenty\\\/#primaryimage\",\"url\":\"https:\\\/\\\/www.pspo.edu.pl\\\/przedszkole\\\/wp-content\\\/uploads\\\/sites\\\/3\\\/2023\\\/01\\\/eksperymenty.jpg\",\"contentUrl\":\"https:\\\/\\\/www.pspo.edu.pl\\\/przedszkole\\\/wp-content\\\/uploads\\\/sites\\\/3\\\/2023\\\/01\\\/eksperymenty.jpg\",\"width\":1080,\"height\":1440},{\"@type\":\"BreadcrumbList\",\"@id\":\"https:\\\/\\\/www.pspo.edu.pl\\\/przedszkole\\\/zajecia\\\/ekperymenty\\\/#breadcrumb\",\"itemListElement\":[{\"@type\":\"ListItem\",\"position\":1,\"name\":\"Strona g\u0142\u00f3wna\",\"item\":\"https:\\\/\\\/www.pspo.edu.pl\\\/przedszkole\\\/\"},{\"@type\":\"ListItem\",\"position\":2,\"name\":\"Zaj\u0119cia\",\"item\":\"https:\\\/\\\/www.pspo.edu.pl\\\/przedszkole\\\/zajecia\\\/\"},{\"@type\":\"ListItem\",\"position\":3,\"name\":\"Ekperymenty\"}]},{\"@type\":\"WebSite\",\"@id\":\"https:\\\/\\\/www.pspo.edu.pl\\\/przedszkole\\\/#website\",\"url\":\"https:\\\/\\\/www.pspo.edu.pl\\\/przedszkole\\\/\",\"name\":\"MA\",\"description\":\"Niepubliczne Przedszkole Motylkowa Akademia\",\"potentialAction\":[{\"@type\":\"SearchAction\",\"target\":{\"@type\":\"EntryPoint\",\"urlTemplate\":\"https:\\\/\\\/www.pspo.edu.pl\\\/przedszkole\\\/?s={search_term_string}\"},\"query-input\":{\"@type\":\"PropertyValueSpecification\",\"valueRequired\":true,\"valueName\":\"search_term_string\"}}],\"inLanguage\":\"pl-PL\"}]}<\/script>\n<!-- \/ Yoast SEO plugin. -->","yoast_head_json":{"title":"Ekperymenty - MA","robots":{"index":"index","follow":"follow","max-snippet":"max-snippet:-1","max-image-preview":"max-image-preview:large","max-video-preview":"max-video-preview:-1"},"canonical":"https:\/\/www.pspo.edu.pl\/przedszkole\/zajecia\/ekperymenty\/","og_locale":"pl_PL","og_type":"article","og_title":"Ekperymenty - MA","og_description":"Dzieci przedszkolne charakteryzuje ekspresja i ciekawo\u015b\u0107 otaczaj\u0105cego ich \u015bwiata. Wiele temat\u00f3w z zakresu chemii, fizyki lub biologii jest dla dzieci zbyt zawi\u0142ych i niezrozumia\u0142ych. Dlatego najlepszym sposobem na zaspokojenie ciekawo\u015bci u dzieci w tym zakresie s\u0105 eksperymenty i zabawy badawcze. Tego typu zabawy kszta\u0142tuj\u0105 dziecko wielokierunkowo. Dziecko poprzez wykonywanie i obserwowanie eksperyment\u00f3w rozwija umiej\u0119tno\u015b\u0107 krytycznego &hellip;","og_url":"https:\/\/www.pspo.edu.pl\/przedszkole\/zajecia\/ekperymenty\/","og_site_name":"MA","og_image":[{"url":"https:\/\/www.pspo.edu.pl\/przedszkole\/wp-content\/uploads\/sites\/3\/2023\/01\/eksperymenty-225x300.jpg","type":"","width":"","height":""}],"twitter_card":"summary_large_image","twitter_misc":{"Szacowany czas czytania":"2 minuty"},"schema":{"@context":"https:\/\/schema.org","@graph":[{"@type":"WebPage","@id":"https:\/\/www.pspo.edu.pl\/przedszkole\/zajecia\/ekperymenty\/","url":"https:\/\/www.pspo.edu.pl\/przedszkole\/zajecia\/ekperymenty\/","name":"Ekperymenty - MA","isPartOf":{"@id":"https:\/\/www.pspo.edu.pl\/przedszkole\/#website"},"primaryImageOfPage":{"@id":"https:\/\/www.pspo.edu.pl\/przedszkole\/zajecia\/ekperymenty\/#primaryimage"},"image":{"@id":"https:\/\/www.pspo.edu.pl\/przedszkole\/zajecia\/ekperymenty\/#primaryimage"},"thumbnailUrl":"https:\/\/www.pspo.edu.pl\/przedszkole\/wp-content\/uploads\/sites\/3\/2023\/01\/eksperymenty-225x300.jpg","datePublished":"2023-01-10T02:02:38+00:00","breadcrumb":{"@id":"https:\/\/www.pspo.edu.pl\/przedszkole\/zajecia\/ekperymenty\/#breadcrumb"},"inLanguage":"pl-PL","potentialAction":[{"@type":"ReadAction","target":["https:\/\/www.pspo.edu.pl\/przedszkole\/zajecia\/ekperymenty\/"]}]},{"@type":"ImageObject","inLanguage":"pl-PL","@id":"https:\/\/www.pspo.edu.pl\/przedszkole\/zajecia\/ekperymenty\/#primaryimage","url":"https:\/\/www.pspo.edu.pl\/przedszkole\/wp-content\/uploads\/sites\/3\/2023\/01\/eksperymenty.jpg","contentUrl":"https:\/\/www.pspo.edu.pl\/przedszkole\/wp-content\/uploads\/sites\/3\/2023\/01\/eksperymenty.jpg","width":1080,"height":1440},{"@type":"BreadcrumbList","@id":"https:\/\/www.pspo.edu.pl\/przedszkole\/zajecia\/ekperymenty\/#breadcrumb","itemListElement":[{"@type":"ListItem","position":1,"name":"Strona g\u0142\u00f3wna","item":"https:\/\/www.pspo.edu.pl\/przedszkole\/"},{"@type":"ListItem","position":2,"name":"Zaj\u0119cia","item":"https:\/\/www.pspo.edu.pl\/przedszkole\/zajecia\/"},{"@type":"ListItem","position":3,"name":"Ekperymenty"}]},{"@type":"WebSite","@id":"https:\/\/www.pspo.edu.pl\/przedszkole\/#website","url":"https:\/\/www.pspo.edu.pl\/przedszkole\/","name":"MA","description":"Niepubliczne Przedszkole Motylkowa Akademia","potentialAction":[{"@type":"SearchAction","target":{"@type":"EntryPoint","urlTemplate":"https:\/\/www.pspo.edu.pl\/przedszkole\/?s={search_term_string}"},"query-input":{"@type":"PropertyValueSpecification","valueRequired":true,"valueName":"search_term_string"}}],"inLanguage":"pl-PL"}]}},"_links":{"self":[{"href":"https:\/\/www.pspo.edu.pl\/przedszkole\/wp-json\/wp\/v2\/pages\/450","targetHints":{"allow":["GET"]}}],"collection":[{"href":"https:\/\/www.pspo.edu.pl\/przedszkole\/wp-json\/wp\/v2\/pages"}],"about":[{"href":"https:\/\/www.pspo.edu.pl\/przedszkole\/wp-json\/wp\/v2\/types\/page"}],"author":[{"embeddable":true,"href":"https:\/\/www.pspo.edu.pl\/przedszkole\/wp-json\/wp\/v2\/users\/1"}],"replies":[{"embeddable":true,"href":"https:\/\/www.pspo.edu.pl\/przedszkole\/wp-json\/wp\/v2\/comments?post=450"}],"version-history":[{"count":1,"href":"https:\/\/www.pspo.edu.pl\/przedszkole\/wp-json\/wp\/v2\/pages\/450\/revisions"}],"predecessor-version":[{"id":451,"href":"https:\/\/www.pspo.edu.pl\/przedszkole\/wp-json\/wp\/v2\/pages\/450\/revisions\/451"}],"up":[{"embeddable":true,"href":"https:\/\/www.pspo.edu.pl\/przedszkole\/wp-json\/wp\/v2\/pages\/425"}],"wp:attachment":[{"href":"https:\/\/www.pspo.edu.pl\/przedszkole\/wp-json\/wp\/v2\/media?parent=450"}],"curies":[{"name":"wp","href":"https:\/\/api.w.org\/{rel}","templated":true}]}}