{"id":526,"date":"2023-01-24T14:41:33","date_gmt":"2023-01-24T13:41:33","guid":{"rendered":"https:\/\/wpms.pspo.edu.pl\/przedszkole\/?page_id=526"},"modified":"2023-01-24T15:08:17","modified_gmt":"2023-01-24T14:08:17","slug":"jubileusze","status":"publish","type":"page","link":"https:\/\/www.pspo.edu.pl\/przedszkole\/o-nas\/jubileusze\/","title":{"rendered":"Jubileusze"},"content":{"rendered":"<h3>100 lat,&nbsp;Motylki!<\/h3>\n<p><a href=\"https:\/\/www.pspo.edu.pl\/przedszkole\/wp-content\/uploads\/sites\/3\/2023\/01\/Motylkowa_Akademia.jpg\"><img decoding=\"async\" class=\"wp-image-533 size-medium alignleft\" src=\"https:\/\/www.pspo.edu.pl\/przedszkole\/wp-content\/uploads\/sites\/3\/2023\/01\/Motylkowa_Akademia-251x300.jpg\" alt=\"\" width=\"251\" height=\"300\" srcset=\"https:\/\/www.pspo.edu.pl\/przedszkole\/wp-content\/uploads\/sites\/3\/2023\/01\/Motylkowa_Akademia-251x300.jpg 251w, https:\/\/www.pspo.edu.pl\/przedszkole\/wp-content\/uploads\/sites\/3\/2023\/01\/Motylkowa_Akademia.jpg 449w\" sizes=\"(max-width: 251px) 100vw, 251px\" \/><\/a><\/p>\n<p>Zacz\u0105\u0142 si\u0119 ju\u017c listopad, ale my \u2013 wspominamy jeszcze pa\u017adziernikowe \u015bwi\u0119towanie.<\/p>\n<p>W tym roku Motylkowa Akademia, czyli nasze przedszkole obchodzi\u0142a dziesi\u0119ciolecie istnienia! Wszystkim nauczycielom i dyrekcji bardzo dzi\u0119kujemy za dziesi\u0119\u0107 lat tworzenia tego miejsca i \u017cyczymy kolejnych sukces\u00f3w w pracy!<\/p>\n<!-- AddThis Advanced Settings generic via filter on the_content --><!-- AddThis Share Buttons generic via filter on the_content -->","protected":false},"excerpt":{"rendered":"<p>100 lat,&nbsp;Motylki! Zacz\u0105\u0142 si\u0119 ju\u017c listopad, ale my \u2013 wspominamy jeszcze pa\u017adziernikowe \u015bwi\u0119towanie. W tym roku Motylkowa Akademia, czyli nasze przedszkole obchodzi\u0142a dziesi\u0119ciolecie istnienia! Wszystkim nauczycielom i dyrekcji bardzo dzi\u0119kujemy za dziesi\u0119\u0107 lat tworzenia tego miejsca i \u017cyczymy kolejnych sukces\u00f3w w pracy!<!-- AddThis Advanced Settings generic via filter on get_the_excerpt --><!-- AddThis Share Buttons generic via filter on get_the_excerpt --><\/p>\n","protected":false},"author":1,"featured_media":0,"parent":352,"menu_order":0,"comment_status":"closed","ping_status":"closed","template":"","meta":{"inline_featured_image":false,"ngg_post_thumbnail":0,"footnotes":""},"class_list":["post-526","page","type-page","status-publish","hentry"],"yoast_head":"<!-- This site is optimized with the Yoast SEO plugin v27.4 - https:\/\/yoast.com\/product\/yoast-seo-wordpress\/ -->\n<title>Jubileusze - MA<\/title>\n<meta name=\"robots\" content=\"index, follow, max-snippet:-1, max-image-preview:large, max-video-preview:-1\" \/>\n<link rel=\"canonical\" href=\"https:\/\/www.pspo.edu.pl\/przedszkole\/o-nas\/jubileusze\/\" \/>\n<meta property=\"og:locale\" content=\"pl_PL\" \/>\n<meta property=\"og:type\" content=\"article\" \/>\n<meta property=\"og:title\" content=\"Jubileusze - MA\" \/>\n<meta property=\"og:description\" content=\"100 lat,&nbsp;Motylki! Zacz\u0105\u0142 si\u0119 ju\u017c listopad, ale my \u2013 wspominamy jeszcze pa\u017adziernikowe \u015bwi\u0119towanie. W tym roku Motylkowa Akademia, czyli nasze przedszkole obchodzi\u0142a dziesi\u0119ciolecie istnienia! Wszystkim nauczycielom i dyrekcji bardzo dzi\u0119kujemy za dziesi\u0119\u0107 lat tworzenia tego miejsca i \u017cyczymy kolejnych sukces\u00f3w w pracy!\" \/>\n<meta property=\"og:url\" content=\"https:\/\/www.pspo.edu.pl\/przedszkole\/o-nas\/jubileusze\/\" \/>\n<meta property=\"og:site_name\" content=\"MA\" \/>\n<meta property=\"article:modified_time\" content=\"2023-01-24T14:08:17+00:00\" \/>\n<meta property=\"og:image\" content=\"https:\/\/www.pspo.edu.pl\/przedszkole\/wp-content\/uploads\/sites\/3\/2023\/01\/Motylkowa_Akademia-251x300.jpg\" \/>\n<meta name=\"twitter:card\" content=\"summary_large_image\" \/>\n<meta name=\"twitter:label1\" content=\"Szacowany czas czytania\" \/>\n\t<meta name=\"twitter:data1\" content=\"1 minuta\" \/>\n<script type=\"application\/ld+json\" class=\"yoast-schema-graph\">{\"@context\":\"https:\\\/\\\/schema.org\",\"@graph\":[{\"@type\":\"WebPage\",\"@id\":\"https:\\\/\\\/www.pspo.edu.pl\\\/przedszkole\\\/o-nas\\\/jubileusze\\\/\",\"url\":\"https:\\\/\\\/www.pspo.edu.pl\\\/przedszkole\\\/o-nas\\\/jubileusze\\\/\",\"name\":\"Jubileusze - MA\",\"isPartOf\":{\"@id\":\"https:\\\/\\\/www.pspo.edu.pl\\\/przedszkole\\\/#website\"},\"primaryImageOfPage\":{\"@id\":\"https:\\\/\\\/www.pspo.edu.pl\\\/przedszkole\\\/o-nas\\\/jubileusze\\\/#primaryimage\"},\"image\":{\"@id\":\"https:\\\/\\\/www.pspo.edu.pl\\\/przedszkole\\\/o-nas\\\/jubileusze\\\/#primaryimage\"},\"thumbnailUrl\":\"https:\\\/\\\/www.pspo.edu.pl\\\/przedszkole\\\/wp-content\\\/uploads\\\/sites\\\/3\\\/2023\\\/01\\\/Motylkowa_Akademia-251x300.jpg\",\"datePublished\":\"2023-01-24T13:41:33+00:00\",\"dateModified\":\"2023-01-24T14:08:17+00:00\",\"breadcrumb\":{\"@id\":\"https:\\\/\\\/www.pspo.edu.pl\\\/przedszkole\\\/o-nas\\\/jubileusze\\\/#breadcrumb\"},\"inLanguage\":\"pl-PL\",\"potentialAction\":[{\"@type\":\"ReadAction\",\"target\":[\"https:\\\/\\\/www.pspo.edu.pl\\\/przedszkole\\\/o-nas\\\/jubileusze\\\/\"]}]},{\"@type\":\"ImageObject\",\"inLanguage\":\"pl-PL\",\"@id\":\"https:\\\/\\\/www.pspo.edu.pl\\\/przedszkole\\\/o-nas\\\/jubileusze\\\/#primaryimage\",\"url\":\"https:\\\/\\\/www.pspo.edu.pl\\\/przedszkole\\\/wp-content\\\/uploads\\\/sites\\\/3\\\/2023\\\/01\\\/Motylkowa_Akademia.jpg\",\"contentUrl\":\"https:\\\/\\\/www.pspo.edu.pl\\\/przedszkole\\\/wp-content\\\/uploads\\\/sites\\\/3\\\/2023\\\/01\\\/Motylkowa_Akademia.jpg\",\"width\":449,\"height\":537},{\"@type\":\"BreadcrumbList\",\"@id\":\"https:\\\/\\\/www.pspo.edu.pl\\\/przedszkole\\\/o-nas\\\/jubileusze\\\/#breadcrumb\",\"itemListElement\":[{\"@type\":\"ListItem\",\"position\":1,\"name\":\"Strona g\u0142\u00f3wna\",\"item\":\"https:\\\/\\\/www.pspo.edu.pl\\\/przedszkole\\\/\"},{\"@type\":\"ListItem\",\"position\":2,\"name\":\"O nas\",\"item\":\"https:\\\/\\\/www.pspo.edu.pl\\\/przedszkole\\\/o-nas\\\/\"},{\"@type\":\"ListItem\",\"position\":3,\"name\":\"Jubileusze\"}]},{\"@type\":\"WebSite\",\"@id\":\"https:\\\/\\\/www.pspo.edu.pl\\\/przedszkole\\\/#website\",\"url\":\"https:\\\/\\\/www.pspo.edu.pl\\\/przedszkole\\\/\",\"name\":\"MA\",\"description\":\"Niepubliczne Przedszkole Motylkowa Akademia\",\"potentialAction\":[{\"@type\":\"SearchAction\",\"target\":{\"@type\":\"EntryPoint\",\"urlTemplate\":\"https:\\\/\\\/www.pspo.edu.pl\\\/przedszkole\\\/?s={search_term_string}\"},\"query-input\":{\"@type\":\"PropertyValueSpecification\",\"valueRequired\":true,\"valueName\":\"search_term_string\"}}],\"inLanguage\":\"pl-PL\"}]}<\/script>\n<!-- \/ Yoast SEO plugin. -->","yoast_head_json":{"title":"Jubileusze - MA","robots":{"index":"index","follow":"follow","max-snippet":"max-snippet:-1","max-image-preview":"max-image-preview:large","max-video-preview":"max-video-preview:-1"},"canonical":"https:\/\/www.pspo.edu.pl\/przedszkole\/o-nas\/jubileusze\/","og_locale":"pl_PL","og_type":"article","og_title":"Jubileusze - MA","og_description":"100 lat,&nbsp;Motylki! Zacz\u0105\u0142 si\u0119 ju\u017c listopad, ale my \u2013 wspominamy jeszcze pa\u017adziernikowe \u015bwi\u0119towanie. W tym roku Motylkowa Akademia, czyli nasze przedszkole obchodzi\u0142a dziesi\u0119ciolecie istnienia! Wszystkim nauczycielom i dyrekcji bardzo dzi\u0119kujemy za dziesi\u0119\u0107 lat tworzenia tego miejsca i \u017cyczymy kolejnych sukces\u00f3w w pracy!","og_url":"https:\/\/www.pspo.edu.pl\/przedszkole\/o-nas\/jubileusze\/","og_site_name":"MA","article_modified_time":"2023-01-24T14:08:17+00:00","og_image":[{"url":"https:\/\/www.pspo.edu.pl\/przedszkole\/wp-content\/uploads\/sites\/3\/2023\/01\/Motylkowa_Akademia-251x300.jpg","type":"","width":"","height":""}],"twitter_card":"summary_large_image","twitter_misc":{"Szacowany czas czytania":"1 minuta"},"schema":{"@context":"https:\/\/schema.org","@graph":[{"@type":"WebPage","@id":"https:\/\/www.pspo.edu.pl\/przedszkole\/o-nas\/jubileusze\/","url":"https:\/\/www.pspo.edu.pl\/przedszkole\/o-nas\/jubileusze\/","name":"Jubileusze - MA","isPartOf":{"@id":"https:\/\/www.pspo.edu.pl\/przedszkole\/#website"},"primaryImageOfPage":{"@id":"https:\/\/www.pspo.edu.pl\/przedszkole\/o-nas\/jubileusze\/#primaryimage"},"image":{"@id":"https:\/\/www.pspo.edu.pl\/przedszkole\/o-nas\/jubileusze\/#primaryimage"},"thumbnailUrl":"https:\/\/www.pspo.edu.pl\/przedszkole\/wp-content\/uploads\/sites\/3\/2023\/01\/Motylkowa_Akademia-251x300.jpg","datePublished":"2023-01-24T13:41:33+00:00","dateModified":"2023-01-24T14:08:17+00:00","breadcrumb":{"@id":"https:\/\/www.pspo.edu.pl\/przedszkole\/o-nas\/jubileusze\/#breadcrumb"},"inLanguage":"pl-PL","potentialAction":[{"@type":"ReadAction","target":["https:\/\/www.pspo.edu.pl\/przedszkole\/o-nas\/jubileusze\/"]}]},{"@type":"ImageObject","inLanguage":"pl-PL","@id":"https:\/\/www.pspo.edu.pl\/przedszkole\/o-nas\/jubileusze\/#primaryimage","url":"https:\/\/www.pspo.edu.pl\/przedszkole\/wp-content\/uploads\/sites\/3\/2023\/01\/Motylkowa_Akademia.jpg","contentUrl":"https:\/\/www.pspo.edu.pl\/przedszkole\/wp-content\/uploads\/sites\/3\/2023\/01\/Motylkowa_Akademia.jpg","width":449,"height":537},{"@type":"BreadcrumbList","@id":"https:\/\/www.pspo.edu.pl\/przedszkole\/o-nas\/jubileusze\/#breadcrumb","itemListElement":[{"@type":"ListItem","position":1,"name":"Strona g\u0142\u00f3wna","item":"https:\/\/www.pspo.edu.pl\/przedszkole\/"},{"@type":"ListItem","position":2,"name":"O nas","item":"https:\/\/www.pspo.edu.pl\/przedszkole\/o-nas\/"},{"@type":"ListItem","position":3,"name":"Jubileusze"}]},{"@type":"WebSite","@id":"https:\/\/www.pspo.edu.pl\/przedszkole\/#website","url":"https:\/\/www.pspo.edu.pl\/przedszkole\/","name":"MA","description":"Niepubliczne Przedszkole Motylkowa Akademia","potentialAction":[{"@type":"SearchAction","target":{"@type":"EntryPoint","urlTemplate":"https:\/\/www.pspo.edu.pl\/przedszkole\/?s={search_term_string}"},"query-input":{"@type":"PropertyValueSpecification","valueRequired":true,"valueName":"search_term_string"}}],"inLanguage":"pl-PL"}]}},"_links":{"self":[{"href":"https:\/\/www.pspo.edu.pl\/przedszkole\/wp-json\/wp\/v2\/pages\/526","targetHints":{"allow":["GET"]}}],"collection":[{"href":"https:\/\/www.pspo.edu.pl\/przedszkole\/wp-json\/wp\/v2\/pages"}],"about":[{"href":"https:\/\/www.pspo.edu.pl\/przedszkole\/wp-json\/wp\/v2\/types\/page"}],"author":[{"embeddable":true,"href":"https:\/\/www.pspo.edu.pl\/przedszkole\/wp-json\/wp\/v2\/users\/1"}],"replies":[{"embeddable":true,"href":"https:\/\/www.pspo.edu.pl\/przedszkole\/wp-json\/wp\/v2\/comments?post=526"}],"version-history":[{"count":4,"href":"https:\/\/www.pspo.edu.pl\/przedszkole\/wp-json\/wp\/v2\/pages\/526\/revisions"}],"predecessor-version":[{"id":535,"href":"https:\/\/www.pspo.edu.pl\/przedszkole\/wp-json\/wp\/v2\/pages\/526\/revisions\/535"}],"up":[{"embeddable":true,"href":"https:\/\/www.pspo.edu.pl\/przedszkole\/wp-json\/wp\/v2\/pages\/352"}],"wp:attachment":[{"href":"https:\/\/www.pspo.edu.pl\/przedszkole\/wp-json\/wp\/v2\/media?parent=526"}],"curies":[{"name":"wp","href":"https:\/\/api.w.org\/{rel}","templated":true}]}}