{"id":204,"date":"2022-08-16T14:19:25","date_gmt":"2022-08-16T12:19:25","guid":{"rendered":"https:\/\/webfach.vxm.pl\/pspo\/?page_id=204"},"modified":"2024-12-16T11:42:50","modified_gmt":"2024-12-16T10:42:50","slug":"nasi-nauczyciele","status":"publish","type":"page","link":"https:\/\/www.pspo.edu.pl\/pspo\/nasi-nauczyciele\/","title":{"rendered":"Nasi nauczyciele"},"content":{"rendered":"<p>&nbsp;<\/p>\n<table class=\"teacherlist\" style=\"height: 2380px; width: 100%;\" border=\"0\" cellspacing=\"0\">\n<colgroup width=\"50%\"><\/colgroup>\n<tbody>\n<tr style=\"height: 27px;\">\n<td style=\"height: 27px; width: 540.933px;\" align=\"left\"><strong>Nazwisko i imi\u0119<\/strong><\/td>\n<td style=\"height: 27px; width: 539.467px;\" align=\"left\"><strong>Przedmiot<\/strong><\/td>\n<\/tr>\n<tr style=\"height: 27px;\">\n<td style=\"width: 540.933px; height: 27px;\">Afonso Gonzalez Guaxara Arminda<\/td>\n<td style=\"width: 539.467px; height: 27px;\">j\u0119zyk hiszpa\u0144ski<\/td>\n<\/tr>\n<tr style=\"height: 27px;\">\n<td style=\"height: 27px; width: 540.933px;\">Andziak Marta<\/td>\n<td style=\"height: 27px; width: 539.467px;\">historia, religia<\/td>\n<\/tr>\n<tr style=\"height: 27px;\">\n<td style=\"height: 27px; width: 540.933px;\">Balcerzak-Mieluch Magdalena<\/td>\n<td style=\"height: 27px; width: 539.467px;\">j\u0119zyk polski<\/td>\n<\/tr>\n<tr style=\"height: 27px;\">\n<td style=\"height: 27px; width: 540.933px;\">Banaszkiewicz Katarzyna<\/td>\n<td style=\"height: 27px; width: 539.467px;\">pomoc nauczyciela<\/td>\n<\/tr>\n<tr style=\"height: 27px;\">\n<td style=\"height: 27px; width: 540.933px;\">Bem Izabela<\/td>\n<td style=\"height: 27px; width: 539.467px;\">biologia<\/td>\n<\/tr>\n<tr style=\"height: 27px;\">\n<td style=\"height: 27px; width: 540.933px;\">Bieli\u0144ska Magdalena<\/td>\n<td style=\"height: 27px; width: 539.467px;\">j\u0119zyk angielski<\/td>\n<\/tr>\n<tr style=\"height: 27px;\">\n<td style=\"height: 27px; width: 540.933px;\">B\u0142aszczakiewicz Maria<\/td>\n<td style=\"height: 27px; width: 539.467px;\">edukacja wczesnoszkolna<\/td>\n<\/tr>\n<tr style=\"height: 27px;\">\n<td style=\"height: 27px; width: 540.933px;\">Bogusz Eliza<\/td>\n<td style=\"height: 27px; width: 539.467px;\">pedagog, nauczyciel wsp\u00f3\u0142organizuj\u0105cy kszta\u0142cenie<\/td>\n<\/tr>\n<tr style=\"height: 27px;\">\n<td style=\"height: 27px; width: 540.933px;\">Bor\u00f3wka Edyta<\/td>\n<td style=\"height: 27px; width: 539.467px;\">j\u0119zyk polski<\/td>\n<\/tr>\n<tr style=\"height: 27px;\">\n<td style=\"height: 27px; width: 540.933px;\">Boszczyk Natalia<\/td>\n<td style=\"height: 27px; width: 539.467px;\">psycholog, j\u0119zyk polski<\/td>\n<\/tr>\n<tr style=\"height: 27px;\">\n<td style=\"height: 27px; width: 540.933px;\">Brzezi\u0144ska Katarzyna<\/td>\n<td style=\"height: 27px; width: 539.467px;\">edukacja wczesnoszkolna<\/td>\n<\/tr>\n<tr style=\"height: 27px;\">\n<td style=\"height: 27px; width: 540.933px;\">Brzezi\u0144ska Magdalena<\/td>\n<td style=\"height: 27px; width: 539.467px;\">wychowanie fizyczne<\/td>\n<\/tr>\n<tr style=\"height: 27px;\">\n<td style=\"height: 27px; width: 540.933px;\">Brzezi\u0144ski Szymon<\/td>\n<td style=\"height: 27px; width: 539.467px;\">wychowanie fizyczne<\/td>\n<\/tr>\n<tr style=\"height: 27px;\">\n<td style=\"height: 27px; width: 540.933px;\">Caro-Klocek Asilyz Katell<\/td>\n<td style=\"height: 27px; width: 539.467px;\">j\u0119zyk hiszpa\u0144ski<\/td>\n<\/tr>\n<tr style=\"height: 27px;\">\n<td style=\"height: 27px; width: 540.933px;\">Chabowska Monika<\/td>\n<td style=\"height: 27px; width: 539.467px;\">edukacja wczesnoszkolna<\/td>\n<\/tr>\n<tr style=\"height: 27px;\">\n<td style=\"height: 27px; width: 540.933px;\">Choro\u015b Beata<\/td>\n<td style=\"height: 27px; width: 539.467px;\">edukacja wczesnoszkolna<\/td>\n<\/tr>\n<tr style=\"height: 27px;\">\n<td style=\"height: 27px; width: 540.933px;\">Cie\u015bli\u0144ska Melania<\/td>\n<td style=\"height: 27px; width: 539.467px;\">pomoc nauczyciela<\/td>\n<\/tr>\n<tr style=\"height: 27px;\">\n<td style=\"height: 27px; width: 540.933px;\">Czaplicka Agnieszka<\/td>\n<td style=\"height: 27px; width: 539.467px;\">matematyka<\/td>\n<\/tr>\n<tr style=\"height: 27px;\">\n<td style=\"height: 27px; width: 540.933px;\">Czubaj Anna<\/td>\n<td style=\"height: 27px; width: 539.467px;\">matematyka<\/td>\n<\/tr>\n<tr style=\"height: 27px;\">\n<td style=\"height: 27px; width: 540.933px;\">Dargan-Wasilewska Magdalena<\/td>\n<td style=\"height: 27px; width: 539.467px;\">j\u0119zyk angielski<\/td>\n<\/tr>\n<tr style=\"height: 27px;\">\n<td style=\"height: 27px; width: 540.933px;\">Dawid Karol<\/td>\n<td style=\"height: 27px; width: 539.467px;\">informatyka<\/td>\n<\/tr>\n<tr style=\"height: 27px;\">\n<td style=\"height: 27px; width: 540.933px;\">Depa Bo\u017cena<\/td>\n<td style=\"height: 27px; width: 539.467px;\">j\u0119zyk angielski<\/td>\n<\/tr>\n<tr style=\"height: 27px;\">\n<td style=\"height: 27px; width: 540.933px;\">Didier Caroline<\/td>\n<td style=\"height: 27px; width: 539.467px;\">j\u0119zyk angielski, j\u0119zyk francuski<\/td>\n<\/tr>\n<tr style=\"height: 27px;\">\n<td style=\"height: 27px; width: 540.933px;\">Dyrcz Dorota<\/td>\n<td style=\"height: 27px; width: 539.467px;\">j\u0119zyk angielski, j\u0119zyk hiszpa\u0144ski<\/td>\n<\/tr>\n<tr style=\"height: 27px;\">\n<td style=\"height: 27px; width: 540.933px;\">Fafi\u0144ska Anna<\/td>\n<td style=\"height: 27px; width: 539.467px;\">j\u0119zyk angielski<\/td>\n<\/tr>\n<tr style=\"height: 27px;\">\n<td style=\"height: 27px; width: 540.933px;\">Fa\u0142dowska Anna<\/td>\n<td style=\"height: 27px; width: 539.467px;\">j\u0119zyk polski, zast\u0119pca dyrektora SSP nr 13<\/td>\n<\/tr>\n<tr style=\"height: 27px;\">\n<td style=\"height: 27px; width: 540.933px;\">Figat Paulina<\/td>\n<td style=\"height: 27px; width: 539.467px;\">pomoc nauczyciela<\/td>\n<\/tr>\n<tr style=\"height: 27px;\">\n<td style=\"height: 27px; width: 540.933px;\">Fr\u0105czek Anna<\/td>\n<td style=\"height: 27px; width: 539.467px;\">j\u0119zyk niemiecki<\/td>\n<\/tr>\n<tr style=\"height: 41px;\">\n<td style=\"width: 540.933px; height: 41px;\">Gajewska Julia<\/td>\n<td style=\"width: 539.467px; height: 41px;\">pomoc nauczyciela<\/td>\n<\/tr>\n<tr style=\"height: 27px;\">\n<td style=\"height: 27px; width: 540.933px;\">Giba\u0142a Pawe\u0142<\/td>\n<td style=\"height: 27px; width: 539.467px;\">historia, wiedza o spo\u0142ecze\u0144stwie, historia i tera\u017aniejszo\u015b\u0107, filozofia<\/td>\n<\/tr>\n<tr style=\"height: 27px;\">\n<td style=\"height: 27px; width: 540.933px;\">G\u0142owi\u0144ska Magdalena<\/td>\n<td style=\"height: 27px; width: 539.467px;\">psycholog<\/td>\n<\/tr>\n<tr style=\"height: 27px;\">\n<td style=\"height: 27px; width: 540.933px;\">Grabowska-Wojda Anna<\/td>\n<td style=\"height: 27px; width: 539.467px;\">j\u0119zyk niemiecki, dyrektor LON nr 43<\/td>\n<\/tr>\n<tr style=\"height: 27px;\">\n<td style=\"height: 27px; width: 540.933px;\">Hermanowska Milena<\/td>\n<td style=\"height: 27px; width: 539.467px;\">edukacja wczesnoszkolna<\/td>\n<\/tr>\n<tr style=\"height: 27px;\">\n<td style=\"height: 27px; width: 540.933px;\">Jaskulska-Go\u0142\u0119biowska Anna<\/td>\n<td style=\"height: 27px; width: 539.467px;\">edukacja wczesnoszkolna, nauczyciel wsp\u00f3\u0142organizuj\u0105cy kszta\u0142cenie<\/td>\n<\/tr>\n<tr style=\"height: 27px;\">\n<td style=\"height: 27px; width: 540.933px;\">Jastrz\u0119bska Dorota<\/td>\n<td style=\"height: 27px; width: 539.467px;\">matematyka<\/td>\n<\/tr>\n<tr style=\"height: 27px;\">\n<td style=\"height: 27px; width: 540.933px;\">Kami\u0144ska Justyna<\/td>\n<td style=\"height: 27px; width: 539.467px;\">wychowanie przedszkolne<\/td>\n<\/tr>\n<tr style=\"height: 27px;\">\n<td style=\"height: 27px; width: 540.933px;\">Kazimierska-Wo\u017aniak Anna<\/td>\n<td style=\"height: 27px; width: 539.467px;\">j\u0119zyk niemiecki, \u015bwietlica<\/td>\n<\/tr>\n<tr style=\"height: 27px;\">\n<td style=\"height: 27px; width: 540.933px;\">K\u0105pi\u0144ska Justyna<\/td>\n<td style=\"height: 27px; width: 539.467px;\">edukacja wczesnoszkolna, nauczyciel wsp\u00f3\u0142organizuj\u0105cy kszta\u0142cenie<\/td>\n<\/tr>\n<tr style=\"height: 27px;\">\n<td style=\"height: 27px; width: 540.933px;\">Kocerka El\u017cbieta<\/td>\n<td style=\"height: 27px; width: 539.467px;\">j\u0119zyk polski, edukacja dla bezpiecze\u0144stwa<\/td>\n<\/tr>\n<tr style=\"height: 27px;\">\n<td style=\"height: 27px; width: 540.933px;\">Ko\u0142odziejska Anna<\/td>\n<td style=\"height: 27px; width: 539.467px;\">przyroda, \u015bwietlica<\/td>\n<\/tr>\n<tr style=\"height: 27px;\">\n<td style=\"height: 27px; width: 540.933px;\">Korenik-Jarka Karolina<\/td>\n<td style=\"height: 27px; width: 539.467px;\">j\u0119zyk polski, nauczyciel wsp\u00f3\u0142organizuj\u0105cy kszta\u0142cenie<\/td>\n<\/tr>\n<tr style=\"height: 27px;\">\n<td style=\"height: 27px; width: 540.933px;\">Kowalski S\u0142awomir<\/td>\n<td style=\"height: 27px; width: 539.467px;\">historia, wiedza o spo\u0142ecze\u0144stwie<\/td>\n<\/tr>\n<tr style=\"height: 27px;\">\n<td style=\"height: 27px; width: 540.933px;\">Koz\u0142owska Sylwia<\/td>\n<td style=\"height: 27px; width: 539.467px;\">pomoc nauczyciela<\/td>\n<\/tr>\n<tr style=\"height: 27px;\">\n<td style=\"height: 27px; width: 540.933px;\">Krysztopa Ewelina<\/td>\n<td style=\"height: 27px; width: 539.467px;\">j\u0119zyk hiszpa\u0144ski<\/td>\n<\/tr>\n<tr style=\"height: 27px;\">\n<td style=\"height: 27px; width: 540.933px;\">Kufel Romuald<\/td>\n<td style=\"height: 27px; width: 539.467px;\">j\u0119zyk angielski, zast\u0119pca dyrektora LON nr 43<\/td>\n<\/tr>\n<tr style=\"height: 27px;\">\n<td style=\"height: 27px; width: 540.933px;\">Kur Piotr<\/td>\n<td style=\"height: 27px; width: 539.467px;\">filozofia, etyka, podstawy przedsi\u0119biorczo\u015bci<\/td>\n<\/tr>\n<tr style=\"height: 27px;\">\n<td style=\"height: 27px; width: 540.933px;\">Lange Anna<\/td>\n<td style=\"height: 27px; width: 539.467px;\">edukacja wczesnoszkolna, dyrektor przedszkola<\/td>\n<\/tr>\n<tr style=\"height: 27px;\">\n<td style=\"height: 27px; width: 540.933px;\">Lejb Aneta<\/td>\n<td style=\"height: 27px; width: 539.467px;\">j\u0119zyk angielski<\/td>\n<\/tr>\n<tr style=\"height: 27px;\">\n<td style=\"height: 27px; width: 540.933px;\">Ludwicka Anna<\/td>\n<td style=\"height: 27px; width: 539.467px;\">j\u0119zyk angielski, dyrektor SSP nr 13<\/td>\n<\/tr>\n<tr style=\"height: 27px;\">\n<td style=\"height: 27px; width: 540.933px;\">\u0141az\u0119cka-Caban Weronika<\/td>\n<td style=\"height: 27px; width: 539.467px;\">edukacja wczesnoszkolna<\/td>\n<\/tr>\n<tr style=\"height: 27px;\">\n<td style=\"height: 27px; width: 540.933px;\">\u0141uczak-Sanchez Jowita<\/td>\n<td style=\"height: 27px; width: 539.467px;\">j\u0119zyk hiszpa\u0144ski<\/td>\n<\/tr>\n<tr style=\"height: 27px;\">\n<td style=\"height: 27px; width: 540.933px;\">Majewska Kinga<\/td>\n<td style=\"height: 27px; width: 539.467px;\">matematyka<\/td>\n<\/tr>\n<tr style=\"height: 27px;\">\n<td style=\"height: 27px; width: 540.933px;\">Mastalerz Janusz<\/td>\n<td style=\"height: 27px; width: 539.467px;\">wychowanie fizyczne<\/td>\n<\/tr>\n<tr style=\"height: 27px;\">\n<td style=\"height: 27px; width: 540.933px;\">Musiejuk Agata<\/td>\n<td style=\"height: 27px; width: 539.467px;\">plastyka, technika<\/td>\n<\/tr>\n<tr style=\"height: 27px;\">\n<td style=\"height: 27px; width: 540.933px;\">Nalewajka Klaudia<\/td>\n<td style=\"height: 27px; width: 539.467px;\">j\u0119zyk niemiecki<\/td>\n<\/tr>\n<tr style=\"height: 27px;\">\n<td style=\"height: 27px; width: 540.933px;\">Niedzielski Jacek<\/td>\n<td style=\"height: 27px; width: 539.467px;\">wychowanie fizyczne<\/td>\n<\/tr>\n<tr style=\"height: 27px;\">\n<td style=\"height: 27px; width: 540.933px;\">Nowak Izabela<\/td>\n<td style=\"height: 27px; width: 539.467px;\">wychowanie przedszkolne<\/td>\n<\/tr>\n<tr style=\"height: 27px;\">\n<td style=\"height: 27px; width: 540.933px;\">Orkwiszewska-Filipek Joanna<\/td>\n<td style=\"height: 27px; width: 539.467px;\">chemia, matematyka<\/td>\n<\/tr>\n<tr style=\"height: 27px;\">\n<td style=\"height: 27px; width: 540.933px;\">Piechowska Monika<\/td>\n<td style=\"height: 27px; width: 539.467px;\">\u015bwietlica<\/td>\n<\/tr>\n<tr style=\"height: 27px;\">\n<td style=\"height: 27px; width: 540.933px;\">Pietuchowski Piotr<\/td>\n<td style=\"height: 27px; width: 539.467px;\">fizyka<\/td>\n<\/tr>\n<tr style=\"height: 41px;\">\n<td style=\"width: 540.933px; height: 41px;\">Pikula Barbara<\/td>\n<td style=\"width: 539.467px; height: 41px;\">j\u0119zyk angielski<\/td>\n<\/tr>\n<tr style=\"height: 27px;\">\n<td style=\"height: 27px; width: 540.933px;\">Plichta Robert<\/td>\n<td style=\"height: 27px; width: 539.467px;\">wychowanie fizyczne<\/td>\n<\/tr>\n<tr style=\"height: 27px;\">\n<td style=\"height: 27px; width: 540.933px;\">Podyma Izabela<\/td>\n<td style=\"height: 27px; width: 539.467px;\">przyroda, geografia, biologia, etyka, wychowanie do \u017cycia w rodzinie<\/td>\n<\/tr>\n<tr style=\"height: 27px;\">\n<td style=\"height: 27px; width: 540.933px;\">Potocka Marta<\/td>\n<td style=\"height: 27px; width: 539.467px;\">geografia<\/td>\n<\/tr>\n<tr style=\"height: 27px;\">\n<td style=\"height: 27px; width: 540.933px;\">Przerwa Adriana<\/td>\n<td style=\"height: 27px; width: 539.467px;\">matematyka<\/td>\n<\/tr>\n<tr style=\"height: 27px;\">\n<td style=\"height: 27px; width: 540.933px;\">Przybyli\u0144ska Patrycja<\/td>\n<td style=\"height: 27px; width: 539.467px;\">pedagog, nauczyciel wsp\u00f3\u0142organizuj\u0105cy kszta\u0142cenie<\/td>\n<\/tr>\n<tr style=\"height: 27px;\">\n<td style=\"height: 27px; width: 540.933px;\">Rawska Diana<\/td>\n<td style=\"height: 27px; width: 539.467px;\">nauczyciel wsp\u00f3\u0142organizuj\u0105cy kszta\u0142cenie<\/td>\n<\/tr>\n<tr style=\"height: 27px;\">\n<td style=\"height: 27px; width: 540.933px;\">Rogowska Emilia<\/td>\n<td style=\"height: 27px; width: 539.467px;\">wychowanie przedszkolne<\/td>\n<\/tr>\n<tr style=\"height: 27px;\">\n<td style=\"height: 27px; width: 540.933px;\">Rogozi\u0144ski Patryk<\/td>\n<td style=\"height: 27px; width: 539.467px;\">muzyka<\/td>\n<\/tr>\n<tr style=\"height: 27px;\">\n<td style=\"height: 27px; width: 540.933px;\">Romanowski Piotr<\/td>\n<td style=\"height: 27px; width: 539.467px;\">plastyka, historia sztuki<\/td>\n<\/tr>\n<tr style=\"height: 27px;\">\n<td style=\"height: 27px; width: 540.933px;\">Roma\u0144czuk Pawe\u0142<\/td>\n<td style=\"height: 27px; width: 539.467px;\">edukacja wczesnoszkolna, wychowanie przedszkolne<\/td>\n<\/tr>\n<tr style=\"height: 27px;\">\n<td style=\"height: 27px; width: 540.933px;\">R\u00f3g-Lejkowska Sylwia<\/td>\n<td style=\"height: 27px; width: 539.467px;\">j\u0119zyk angielski<\/td>\n<\/tr>\n<tr style=\"height: 30px;\">\n<td style=\"width: 540.933px; height: 30px;\">S\u0142odownik Hanna<\/td>\n<td style=\"width: 539.467px; height: 30px;\">\u015bwietlica, pomoc nauczyciela<\/td>\n<\/tr>\n<tr style=\"height: 27px;\">\n<td style=\"height: 27px; width: 540.933px;\">Sta\u0144czak Gabriela<\/td>\n<td style=\"height: 27px; width: 539.467px;\">j\u0119zyk angielski<\/td>\n<\/tr>\n<tr style=\"height: 27px;\">\n<td style=\"height: 27px; width: 540.933px;\">Szczyg\u0142owska Katarzyna<\/td>\n<td style=\"height: 27px; width: 539.467px;\">edukacja wczesnoszkolna<\/td>\n<\/tr>\n<tr style=\"height: 27px;\">\n<td style=\"height: 27px; width: 540.933px;\">Szredzi\u0144ska-Grabek Dorota<\/td>\n<td style=\"height: 27px; width: 539.467px;\">matematyka<\/td>\n<\/tr>\n<tr style=\"height: 27px;\">\n<td style=\"height: 27px; width: 540.933px;\">Szyma\u0144ska Monika<\/td>\n<td style=\"height: 27px; width: 539.467px;\">\u015bwietlica<\/td>\n<\/tr>\n<tr style=\"height: 27px;\">\n<td style=\"height: 27px; width: 540.933px;\">\u015awider-Szymczak Natalia<\/td>\n<td style=\"height: 27px; width: 539.467px;\">biblioteka<\/td>\n<\/tr>\n<tr style=\"height: 27px;\">\n<td style=\"height: 27px; width: 540.933px;\">Tarmanowska-Lipi\u0144ska Agata<\/td>\n<td style=\"height: 27px; width: 539.467px;\">biologia<\/td>\n<\/tr>\n<tr style=\"height: 27px;\">\n<td style=\"width: 540.933px; height: 27px;\">Warelis Beata<\/td>\n<td style=\"width: 539.467px; height: 27px;\">j\u0119zyk angielski<\/td>\n<\/tr>\n<tr style=\"height: 27px;\">\n<td style=\"height: 27px; width: 540.933px;\">Wasielkiewicz Dorota<\/td>\n<td style=\"height: 27px; width: 539.467px;\">wychowanie fizyczne<\/td>\n<\/tr>\n<tr style=\"height: 27px;\">\n<td style=\"height: 27px; width: 540.933px;\">Wawi\u00f3rowski Kamil<\/td>\n<td style=\"height: 27px; width: 539.467px;\">wychowanie fizyczne<\/td>\n<\/tr>\n<tr style=\"height: 27px;\">\n<td style=\"height: 27px; width: 540.933px;\">Wojciechowski Daniel<\/td>\n<td style=\"height: 27px; width: 539.467px;\">informatyka<\/td>\n<\/tr>\n<tr style=\"height: 27px;\">\n<td style=\"height: 27px; width: 540.933px;\">Wysoczy\u0144ska Dominika Stefania<\/td>\n<td style=\"height: 27px; width: 539.467px;\">j\u0119zyk angielski, j\u0119zyk hiszpa\u0144ski<\/td>\n<\/tr>\n<tr style=\"height: 27px;\">\n<td style=\"height: 27px; width: 540.933px;\">Zawadzka Daria<\/td>\n<td style=\"height: 27px; width: 539.467px;\">psycholog<\/td>\n<\/tr>\n<tr style=\"height: 27px;\">\n<td style=\"height: 27px; width: 540.933px;\">\u017bbikowska Agata<\/td>\n<td style=\"height: 27px; width: 539.467px;\">kultura angloj\u0119zyczna<\/td>\n<\/tr>\n<\/tbody>\n<\/table>\n<p>&nbsp;<\/p>\n<!-- AddThis Advanced Settings generic via filter on the_content --><!-- AddThis Share Buttons generic via filter on the_content -->","protected":false},"excerpt":{"rendered":"<p>&nbsp; Nazwisko i imi\u0119 Przedmiot Afonso Gonzalez Guaxara Arminda j\u0119zyk hiszpa\u0144ski Andziak Marta historia, religia Balcerzak-Mieluch Magdalena j\u0119zyk polski Banaszkiewicz Katarzyna pomoc nauczyciela Bem Izabela biologia Bieli\u0144ska Magdalena j\u0119zyk angielski B\u0142aszczakiewicz Maria edukacja wczesnoszkolna Bogusz Eliza pedagog, nauczyciel wsp\u00f3\u0142organizuj\u0105cy kszta\u0142cenie Bor\u00f3wka Edyta j\u0119zyk polski Boszczyk Natalia psycholog, j\u0119zyk polski Brzezi\u0144ska Katarzyna edukacja wczesnoszkolna Brzezi\u0144ska Magdalena &hellip;<!-- AddThis Advanced Settings generic via filter on get_the_excerpt --><!-- AddThis Share Buttons generic via filter on get_the_excerpt --><\/p>\n","protected":false},"author":1,"featured_media":0,"parent":0,"menu_order":0,"comment_status":"closed","ping_status":"closed","template":"","meta":{"inline_featured_image":false,"ngg_post_thumbnail":0,"footnotes":""},"class_list":["post-204","page","type-page","status-publish","hentry"],"yoast_head":"<!-- This site is optimized with the Yoast SEO plugin v27.4 - https:\/\/yoast.com\/product\/yoast-seo-wordpress\/ -->\n<title>Nasi nauczyciele - PSPO<\/title>\n<meta name=\"robots\" content=\"index, follow, max-snippet:-1, max-image-preview:large, max-video-preview:-1\" \/>\n<link rel=\"canonical\" href=\"https:\/\/www.pspo.edu.pl\/pspo\/nasi-nauczyciele\/\" \/>\n<meta property=\"og:locale\" content=\"pl_PL\" \/>\n<meta property=\"og:type\" content=\"article\" \/>\n<meta property=\"og:title\" content=\"Nasi nauczyciele - PSPO\" \/>\n<meta property=\"og:description\" content=\"&nbsp; Nazwisko i imi\u0119 Przedmiot Afonso Gonzalez Guaxara Arminda j\u0119zyk hiszpa\u0144ski Andziak Marta historia, religia Balcerzak-Mieluch Magdalena j\u0119zyk polski Banaszkiewicz Katarzyna pomoc nauczyciela Bem Izabela biologia Bieli\u0144ska Magdalena j\u0119zyk angielski B\u0142aszczakiewicz Maria edukacja wczesnoszkolna Bogusz Eliza pedagog, nauczyciel wsp\u00f3\u0142organizuj\u0105cy kszta\u0142cenie Bor\u00f3wka Edyta j\u0119zyk polski Boszczyk Natalia psycholog, j\u0119zyk polski Brzezi\u0144ska Katarzyna edukacja wczesnoszkolna Brzezi\u0144ska Magdalena &hellip;\" \/>\n<meta property=\"og:url\" content=\"https:\/\/www.pspo.edu.pl\/pspo\/nasi-nauczyciele\/\" \/>\n<meta property=\"og:site_name\" content=\"PSPO\" \/>\n<meta property=\"article:modified_time\" content=\"2024-12-16T10:42:50+00:00\" \/>\n<meta name=\"twitter:card\" content=\"summary_large_image\" \/>\n<meta name=\"twitter:label1\" content=\"Szacowany czas czytania\" \/>\n\t<meta name=\"twitter:data1\" content=\"3 minuty\" \/>\n<script type=\"application\/ld+json\" class=\"yoast-schema-graph\">{\"@context\":\"https:\\\/\\\/schema.org\",\"@graph\":[{\"@type\":\"WebPage\",\"@id\":\"https:\\\/\\\/www.pspo.edu.pl\\\/pspo\\\/nasi-nauczyciele\\\/\",\"url\":\"https:\\\/\\\/www.pspo.edu.pl\\\/pspo\\\/nasi-nauczyciele\\\/\",\"name\":\"Nasi nauczyciele - PSPO\",\"isPartOf\":{\"@id\":\"https:\\\/\\\/www.pspo.edu.pl\\\/pspo\\\/#website\"},\"datePublished\":\"2022-08-16T12:19:25+00:00\",\"dateModified\":\"2024-12-16T10:42:50+00:00\",\"breadcrumb\":{\"@id\":\"https:\\\/\\\/www.pspo.edu.pl\\\/pspo\\\/nasi-nauczyciele\\\/#breadcrumb\"},\"inLanguage\":\"pl-PL\",\"potentialAction\":[{\"@type\":\"ReadAction\",\"target\":[\"https:\\\/\\\/www.pspo.edu.pl\\\/pspo\\\/nasi-nauczyciele\\\/\"]}]},{\"@type\":\"BreadcrumbList\",\"@id\":\"https:\\\/\\\/www.pspo.edu.pl\\\/pspo\\\/nasi-nauczyciele\\\/#breadcrumb\",\"itemListElement\":[{\"@type\":\"ListItem\",\"position\":1,\"name\":\"Strona g\u0142\u00f3wna\",\"item\":\"https:\\\/\\\/www.pspo.edu.pl\\\/pspo\\\/\"},{\"@type\":\"ListItem\",\"position\":2,\"name\":\"Nasi nauczyciele\"}]},{\"@type\":\"WebSite\",\"@id\":\"https:\\\/\\\/www.pspo.edu.pl\\\/pspo\\\/#website\",\"url\":\"https:\\\/\\\/www.pspo.edu.pl\\\/pspo\\\/\",\"name\":\"PSPO\",\"description\":\"Polskie Stowarzyszenie Promocji O\u015bwiatowych\",\"potentialAction\":[{\"@type\":\"SearchAction\",\"target\":{\"@type\":\"EntryPoint\",\"urlTemplate\":\"https:\\\/\\\/www.pspo.edu.pl\\\/pspo\\\/?s={search_term_string}\"},\"query-input\":{\"@type\":\"PropertyValueSpecification\",\"valueRequired\":true,\"valueName\":\"search_term_string\"}}],\"inLanguage\":\"pl-PL\"}]}<\/script>\n<!-- \/ Yoast SEO plugin. -->","yoast_head_json":{"title":"Nasi nauczyciele - PSPO","robots":{"index":"index","follow":"follow","max-snippet":"max-snippet:-1","max-image-preview":"max-image-preview:large","max-video-preview":"max-video-preview:-1"},"canonical":"https:\/\/www.pspo.edu.pl\/pspo\/nasi-nauczyciele\/","og_locale":"pl_PL","og_type":"article","og_title":"Nasi nauczyciele - PSPO","og_description":"&nbsp; Nazwisko i imi\u0119 Przedmiot Afonso Gonzalez Guaxara Arminda j\u0119zyk hiszpa\u0144ski Andziak Marta historia, religia Balcerzak-Mieluch Magdalena j\u0119zyk polski Banaszkiewicz Katarzyna pomoc nauczyciela Bem Izabela biologia Bieli\u0144ska Magdalena j\u0119zyk angielski B\u0142aszczakiewicz Maria edukacja wczesnoszkolna Bogusz Eliza pedagog, nauczyciel wsp\u00f3\u0142organizuj\u0105cy kszta\u0142cenie Bor\u00f3wka Edyta j\u0119zyk polski Boszczyk Natalia psycholog, j\u0119zyk polski Brzezi\u0144ska Katarzyna edukacja wczesnoszkolna Brzezi\u0144ska Magdalena &hellip;","og_url":"https:\/\/www.pspo.edu.pl\/pspo\/nasi-nauczyciele\/","og_site_name":"PSPO","article_modified_time":"2024-12-16T10:42:50+00:00","twitter_card":"summary_large_image","twitter_misc":{"Szacowany czas czytania":"3 minuty"},"schema":{"@context":"https:\/\/schema.org","@graph":[{"@type":"WebPage","@id":"https:\/\/www.pspo.edu.pl\/pspo\/nasi-nauczyciele\/","url":"https:\/\/www.pspo.edu.pl\/pspo\/nasi-nauczyciele\/","name":"Nasi nauczyciele - PSPO","isPartOf":{"@id":"https:\/\/www.pspo.edu.pl\/pspo\/#website"},"datePublished":"2022-08-16T12:19:25+00:00","dateModified":"2024-12-16T10:42:50+00:00","breadcrumb":{"@id":"https:\/\/www.pspo.edu.pl\/pspo\/nasi-nauczyciele\/#breadcrumb"},"inLanguage":"pl-PL","potentialAction":[{"@type":"ReadAction","target":["https:\/\/www.pspo.edu.pl\/pspo\/nasi-nauczyciele\/"]}]},{"@type":"BreadcrumbList","@id":"https:\/\/www.pspo.edu.pl\/pspo\/nasi-nauczyciele\/#breadcrumb","itemListElement":[{"@type":"ListItem","position":1,"name":"Strona g\u0142\u00f3wna","item":"https:\/\/www.pspo.edu.pl\/pspo\/"},{"@type":"ListItem","position":2,"name":"Nasi nauczyciele"}]},{"@type":"WebSite","@id":"https:\/\/www.pspo.edu.pl\/pspo\/#website","url":"https:\/\/www.pspo.edu.pl\/pspo\/","name":"PSPO","description":"Polskie Stowarzyszenie Promocji O\u015bwiatowych","potentialAction":[{"@type":"SearchAction","target":{"@type":"EntryPoint","urlTemplate":"https:\/\/www.pspo.edu.pl\/pspo\/?s={search_term_string}"},"query-input":{"@type":"PropertyValueSpecification","valueRequired":true,"valueName":"search_term_string"}}],"inLanguage":"pl-PL"}]}},"_links":{"self":[{"href":"https:\/\/www.pspo.edu.pl\/pspo\/wp-json\/wp\/v2\/pages\/204","targetHints":{"allow":["GET"]}}],"collection":[{"href":"https:\/\/www.pspo.edu.pl\/pspo\/wp-json\/wp\/v2\/pages"}],"about":[{"href":"https:\/\/www.pspo.edu.pl\/pspo\/wp-json\/wp\/v2\/types\/page"}],"author":[{"embeddable":true,"href":"https:\/\/www.pspo.edu.pl\/pspo\/wp-json\/wp\/v2\/users\/1"}],"replies":[{"embeddable":true,"href":"https:\/\/www.pspo.edu.pl\/pspo\/wp-json\/wp\/v2\/comments?post=204"}],"version-history":[{"count":48,"href":"https:\/\/www.pspo.edu.pl\/pspo\/wp-json\/wp\/v2\/pages\/204\/revisions"}],"predecessor-version":[{"id":1350,"href":"https:\/\/www.pspo.edu.pl\/pspo\/wp-json\/wp\/v2\/pages\/204\/revisions\/1350"}],"wp:attachment":[{"href":"https:\/\/www.pspo.edu.pl\/pspo\/wp-json\/wp\/v2\/media?parent=204"}],"curies":[{"name":"wp","href":"https:\/\/api.w.org\/{rel}","templated":true}]}}