{"id":491,"date":"2022-10-11T15:40:44","date_gmt":"2022-10-11T13:40:44","guid":{"rendered":"https:\/\/webfach.vxm.pl\/pspo\/?page_id=491"},"modified":"2022-11-10T00:04:05","modified_gmt":"2022-11-09T23:04:05","slug":"metody-nauczania","status":"publish","type":"page","link":"https:\/\/www.pspo.edu.pl\/pspo\/o-nas\/metody-nauczania\/","title":{"rendered":"Metody nauczania"},"content":{"rendered":"<p>Nauka w naszych szko\u0142ach to nie tylko lekcje w bardzo dobrze wyposa\u017conych klasach. Nauczyciele wykorzystuj\u0105 w pracy z uczniami tablice multimedialne i Internet, prowadz\u0105 ko\u0142a zainteresowa\u0144 i warsztaty np. artystyczne.<\/p>\n<p>Praca metod\u0105 projekt\u00f3w jako forma zdobywania wiedzy, umiej\u0119tno\u015bci praktycznych i pracy zespo\u0142owej to nasza codzienno\u015b\u0107. Jednym z naszych przedsi\u0119wzi\u0119\u0107 jest coroczny projekt Ludzie, kt\u00f3rzy zmienili \u015bwiat.<\/p>\n<p>Sp\u00f3jny system oceniania zach\u0119ca uczni\u00f3w do pog\u0142\u0119biania i utrwalania wiedzy. Indywidualny kontakt z nauczycielem gwarantuje naszym maturzystom osi\u0105gni\u0119cie maksymalnych wynik\u00f3w. Stosujemy elementy oceniania kszta\u0142tuj\u0105cego.<\/p>\n<p>Ocenianie kszta\u0142tuj\u0105ce &#8211; gad\u017cety i triki, czy filozofia edukacyjna?<\/p>\n<p>Ma\u0142e klasy i lekcje dzielone na grupy, a w liceum zaj\u0119cia blokowe i brak dzwonk\u00f3w, daj\u0105 wszystkim szans\u0119 na wykorzystanie swojego potencja\u0142u. Zaj\u0119cia fakultatywne i lekcje prowadzone poza szko\u0142\u0105 rozszerzaj\u0105 zakres zdobywanej wiedzy.<\/p>\n<p>Cz\u0142owiek doros\u0142y w naszych czasach nie mo\u017ce dobrze funkcjonowa\u0107 na rynku pracy bez umiej\u0119tno\u015bci wsp\u00f3\u0142dzia\u0142ania i znajomo\u015bci j\u0119zyk\u00f3w obcych, dlatego w naszych szko\u0142ach angielski jest obowi\u0105zkowy od zer\u00f3wki, a to \u017ce licealista uczy si\u0119 trzech j\u0119zyk\u00f3w obcych nikogo nie dziwi. Ponadto cz\u0119\u015b\u0107 zaj\u0119\u0107 jest prowadzona w j\u0119zyku obcym co umo\u017cliwia bieg\u0142e pos\u0142ugiwanie si\u0119 nim w przysz\u0142o\u015bci.<\/p>\n<p>Jeste\u015bmy r\u00f3wnie\u017c autorami portalu edukacyjnego Edukurier PSPO &#8211; wirtualnego miejsca prezentacji najnowszych rozwi\u0105za\u0144 w dziedzinie edukacji.<\/p>\n<!-- AddThis Advanced Settings generic via filter on the_content --><!-- AddThis Share Buttons generic via filter on the_content -->","protected":false},"excerpt":{"rendered":"<p>Nauka w naszych szko\u0142ach to nie tylko lekcje w bardzo dobrze wyposa\u017conych klasach. Nauczyciele wykorzystuj\u0105 w pracy z uczniami tablice multimedialne i Internet, prowadz\u0105 ko\u0142a zainteresowa\u0144 i warsztaty np. artystyczne. Praca metod\u0105 projekt\u00f3w jako forma zdobywania wiedzy, umiej\u0119tno\u015bci praktycznych i pracy zespo\u0142owej to nasza codzienno\u015b\u0107. Jednym z naszych przedsi\u0119wzi\u0119\u0107 jest coroczny projekt Ludzie, kt\u00f3rzy zmienili &hellip;<!-- AddThis Advanced Settings generic via filter on get_the_excerpt --><!-- AddThis Share Buttons generic via filter on get_the_excerpt --><\/p>\n","protected":false},"author":1,"featured_media":0,"parent":158,"menu_order":0,"comment_status":"closed","ping_status":"closed","template":"","meta":{"inline_featured_image":false,"ngg_post_thumbnail":0,"footnotes":""},"class_list":["post-491","page","type-page","status-publish","hentry"],"yoast_head":"<!-- This site is optimized with the Yoast SEO plugin v27.4 - https:\/\/yoast.com\/product\/yoast-seo-wordpress\/ -->\n<title>Metody nauczania - PSPO<\/title>\n<meta name=\"robots\" content=\"index, follow, max-snippet:-1, max-image-preview:large, max-video-preview:-1\" \/>\n<link rel=\"canonical\" href=\"https:\/\/www.pspo.edu.pl\/pspo\/o-nas\/metody-nauczania\/\" \/>\n<meta property=\"og:locale\" content=\"pl_PL\" \/>\n<meta property=\"og:type\" content=\"article\" \/>\n<meta property=\"og:title\" content=\"Metody nauczania - PSPO\" \/>\n<meta property=\"og:description\" content=\"Nauka w naszych szko\u0142ach to nie tylko lekcje w bardzo dobrze wyposa\u017conych klasach. Nauczyciele wykorzystuj\u0105 w pracy z uczniami tablice multimedialne i Internet, prowadz\u0105 ko\u0142a zainteresowa\u0144 i warsztaty np. artystyczne. Praca metod\u0105 projekt\u00f3w jako forma zdobywania wiedzy, umiej\u0119tno\u015bci praktycznych i pracy zespo\u0142owej to nasza codzienno\u015b\u0107. Jednym z naszych przedsi\u0119wzi\u0119\u0107 jest coroczny projekt Ludzie, kt\u00f3rzy zmienili &hellip;\" \/>\n<meta property=\"og:url\" content=\"https:\/\/www.pspo.edu.pl\/pspo\/o-nas\/metody-nauczania\/\" \/>\n<meta property=\"og:site_name\" content=\"PSPO\" \/>\n<meta property=\"article:modified_time\" content=\"2022-11-09T23:04:05+00:00\" \/>\n<meta name=\"twitter:card\" content=\"summary_large_image\" \/>\n<meta name=\"twitter:label1\" content=\"Szacowany czas czytania\" \/>\n\t<meta name=\"twitter:data1\" content=\"1 minuta\" \/>\n<script type=\"application\/ld+json\" class=\"yoast-schema-graph\">{\"@context\":\"https:\\\/\\\/schema.org\",\"@graph\":[{\"@type\":\"WebPage\",\"@id\":\"https:\\\/\\\/www.pspo.edu.pl\\\/pspo\\\/o-nas\\\/metody-nauczania\\\/\",\"url\":\"https:\\\/\\\/www.pspo.edu.pl\\\/pspo\\\/o-nas\\\/metody-nauczania\\\/\",\"name\":\"Metody nauczania - PSPO\",\"isPartOf\":{\"@id\":\"https:\\\/\\\/www.pspo.edu.pl\\\/pspo\\\/#website\"},\"datePublished\":\"2022-10-11T13:40:44+00:00\",\"dateModified\":\"2022-11-09T23:04:05+00:00\",\"breadcrumb\":{\"@id\":\"https:\\\/\\\/www.pspo.edu.pl\\\/pspo\\\/o-nas\\\/metody-nauczania\\\/#breadcrumb\"},\"inLanguage\":\"pl-PL\",\"potentialAction\":[{\"@type\":\"ReadAction\",\"target\":[\"https:\\\/\\\/www.pspo.edu.pl\\\/pspo\\\/o-nas\\\/metody-nauczania\\\/\"]}]},{\"@type\":\"BreadcrumbList\",\"@id\":\"https:\\\/\\\/www.pspo.edu.pl\\\/pspo\\\/o-nas\\\/metody-nauczania\\\/#breadcrumb\",\"itemListElement\":[{\"@type\":\"ListItem\",\"position\":1,\"name\":\"Strona g\u0142\u00f3wna\",\"item\":\"https:\\\/\\\/www.pspo.edu.pl\\\/pspo\\\/\"},{\"@type\":\"ListItem\",\"position\":2,\"name\":\"O nas\",\"item\":\"https:\\\/\\\/www.pspo.edu.pl\\\/pspo\\\/o-nas\\\/\"},{\"@type\":\"ListItem\",\"position\":3,\"name\":\"Metody nauczania\"}]},{\"@type\":\"WebSite\",\"@id\":\"https:\\\/\\\/www.pspo.edu.pl\\\/pspo\\\/#website\",\"url\":\"https:\\\/\\\/www.pspo.edu.pl\\\/pspo\\\/\",\"name\":\"PSPO\",\"description\":\"Polskie Stowarzyszenie Promocji O\u015bwiatowych\",\"potentialAction\":[{\"@type\":\"SearchAction\",\"target\":{\"@type\":\"EntryPoint\",\"urlTemplate\":\"https:\\\/\\\/www.pspo.edu.pl\\\/pspo\\\/?s={search_term_string}\"},\"query-input\":{\"@type\":\"PropertyValueSpecification\",\"valueRequired\":true,\"valueName\":\"search_term_string\"}}],\"inLanguage\":\"pl-PL\"}]}<\/script>\n<!-- \/ Yoast SEO plugin. -->","yoast_head_json":{"title":"Metody nauczania - PSPO","robots":{"index":"index","follow":"follow","max-snippet":"max-snippet:-1","max-image-preview":"max-image-preview:large","max-video-preview":"max-video-preview:-1"},"canonical":"https:\/\/www.pspo.edu.pl\/pspo\/o-nas\/metody-nauczania\/","og_locale":"pl_PL","og_type":"article","og_title":"Metody nauczania - PSPO","og_description":"Nauka w naszych szko\u0142ach to nie tylko lekcje w bardzo dobrze wyposa\u017conych klasach. Nauczyciele wykorzystuj\u0105 w pracy z uczniami tablice multimedialne i Internet, prowadz\u0105 ko\u0142a zainteresowa\u0144 i warsztaty np. artystyczne. Praca metod\u0105 projekt\u00f3w jako forma zdobywania wiedzy, umiej\u0119tno\u015bci praktycznych i pracy zespo\u0142owej to nasza codzienno\u015b\u0107. Jednym z naszych przedsi\u0119wzi\u0119\u0107 jest coroczny projekt Ludzie, kt\u00f3rzy zmienili &hellip;","og_url":"https:\/\/www.pspo.edu.pl\/pspo\/o-nas\/metody-nauczania\/","og_site_name":"PSPO","article_modified_time":"2022-11-09T23:04:05+00:00","twitter_card":"summary_large_image","twitter_misc":{"Szacowany czas czytania":"1 minuta"},"schema":{"@context":"https:\/\/schema.org","@graph":[{"@type":"WebPage","@id":"https:\/\/www.pspo.edu.pl\/pspo\/o-nas\/metody-nauczania\/","url":"https:\/\/www.pspo.edu.pl\/pspo\/o-nas\/metody-nauczania\/","name":"Metody nauczania - PSPO","isPartOf":{"@id":"https:\/\/www.pspo.edu.pl\/pspo\/#website"},"datePublished":"2022-10-11T13:40:44+00:00","dateModified":"2022-11-09T23:04:05+00:00","breadcrumb":{"@id":"https:\/\/www.pspo.edu.pl\/pspo\/o-nas\/metody-nauczania\/#breadcrumb"},"inLanguage":"pl-PL","potentialAction":[{"@type":"ReadAction","target":["https:\/\/www.pspo.edu.pl\/pspo\/o-nas\/metody-nauczania\/"]}]},{"@type":"BreadcrumbList","@id":"https:\/\/www.pspo.edu.pl\/pspo\/o-nas\/metody-nauczania\/#breadcrumb","itemListElement":[{"@type":"ListItem","position":1,"name":"Strona g\u0142\u00f3wna","item":"https:\/\/www.pspo.edu.pl\/pspo\/"},{"@type":"ListItem","position":2,"name":"O nas","item":"https:\/\/www.pspo.edu.pl\/pspo\/o-nas\/"},{"@type":"ListItem","position":3,"name":"Metody nauczania"}]},{"@type":"WebSite","@id":"https:\/\/www.pspo.edu.pl\/pspo\/#website","url":"https:\/\/www.pspo.edu.pl\/pspo\/","name":"PSPO","description":"Polskie Stowarzyszenie Promocji O\u015bwiatowych","potentialAction":[{"@type":"SearchAction","target":{"@type":"EntryPoint","urlTemplate":"https:\/\/www.pspo.edu.pl\/pspo\/?s={search_term_string}"},"query-input":{"@type":"PropertyValueSpecification","valueRequired":true,"valueName":"search_term_string"}}],"inLanguage":"pl-PL"}]}},"_links":{"self":[{"href":"https:\/\/www.pspo.edu.pl\/pspo\/wp-json\/wp\/v2\/pages\/491","targetHints":{"allow":["GET"]}}],"collection":[{"href":"https:\/\/www.pspo.edu.pl\/pspo\/wp-json\/wp\/v2\/pages"}],"about":[{"href":"https:\/\/www.pspo.edu.pl\/pspo\/wp-json\/wp\/v2\/types\/page"}],"author":[{"embeddable":true,"href":"https:\/\/www.pspo.edu.pl\/pspo\/wp-json\/wp\/v2\/users\/1"}],"replies":[{"embeddable":true,"href":"https:\/\/www.pspo.edu.pl\/pspo\/wp-json\/wp\/v2\/comments?post=491"}],"version-history":[{"count":6,"href":"https:\/\/www.pspo.edu.pl\/pspo\/wp-json\/wp\/v2\/pages\/491\/revisions"}],"predecessor-version":[{"id":849,"href":"https:\/\/www.pspo.edu.pl\/pspo\/wp-json\/wp\/v2\/pages\/491\/revisions\/849"}],"up":[{"embeddable":true,"href":"https:\/\/www.pspo.edu.pl\/pspo\/wp-json\/wp\/v2\/pages\/158"}],"wp:attachment":[{"href":"https:\/\/www.pspo.edu.pl\/pspo\/wp-json\/wp\/v2\/media?parent=491"}],"curies":[{"name":"wp","href":"https:\/\/api.w.org\/{rel}","templated":true}]}}