{"id":495,"date":"2022-10-11T15:42:12","date_gmt":"2022-10-11T13:42:12","guid":{"rendered":"https:\/\/webfach.vxm.pl\/pspo\/?page_id=495"},"modified":"2023-03-12T19:19:38","modified_gmt":"2023-03-12T18:19:38","slug":"1-5-procent-podatku","status":"publish","type":"page","link":"https:\/\/www.pspo.edu.pl\/pspo\/o-nas\/1-5-procent-podatku\/","title":{"rendered":"1,5% podatku"},"content":{"rendered":"<p><span style=\"font-size: 1rem;\"><a href=\"https:\/\/www.pspo.edu.pl\/pspo\/wp-content\/uploads\/sites\/2\/2023\/03\/1-5_procent_ssm.png\"><img decoding=\"async\" class=\"alignleft wp-image-983 size-full\" title=\"1.5% podatku pit\" src=\"https:\/\/www.pspo.edu.pl\/pspo\/wp-content\/uploads\/sites\/2\/2023\/03\/1-5_procent_ssm.png\" alt=\"1.5% podatku pit\" width=\"320\" height=\"151\" srcset=\"https:\/\/www.pspo.edu.pl\/pspo\/wp-content\/uploads\/sites\/2\/2023\/03\/1-5_procent_ssm.png 320w, https:\/\/www.pspo.edu.pl\/pspo\/wp-content\/uploads\/sites\/2\/2023\/03\/1-5_procent_ssm-300x142.png 300w\" sizes=\"(max-width: 320px) 100vw, 320px\" \/><\/a>Przeka\u017c 1,5% podatku PIT na dzia\u0142alno\u015b\u0107 PSPO ODDZ.I<br \/>\n<\/span>Apelujemy do wszystkich Rodzic\u00f3w oraz Przyjaci\u00f3\u0142 naszego Zespo\u0142u Edukacyjnego im. Lotnik\u00f3w&nbsp;Ameryka\u0144skich o przekazanie 1,5 % podatku za rok 2022 na rzecz PSPO ODDZ.I Organizacji Po\u017cytku Publicznego.<\/p>\n<h2>&nbsp;<\/h2>\n<h2>&nbsp;<\/h2>\n<h2>Jak przekaza\u0107 1,5% podatku naszym szko\u0142om?<\/h2>\n<p>W deklaracji rocznej musimy poszuka\u0107 obszaru &#8222;<em>WNIOSEK O PRZEKAZANIE 1,5% PODATKU NALE\u017bNEGO NA RZECZ ORGANIZACJI PO\u017bYTKU PUBLICZNEGO<\/em>&#8221; w polu Numer KRS podajemy:&nbsp;<strong>0000050337<\/strong>, a nast\u0119pnie w polu Wnioskowana kwota kwot\u0119 darowizny.<\/p>\n<p><a title=\"Wype\u0142nij PIT 2022 i przeka\u017c 1,5% podatku\" href=\"https:\/\/www.e-pity.pl\/pity-2022\/akcja-e-life-jeden-procent-2023-KRS-0000050337--35143\" target=\"_blank\" rel=\"noopener\"><img decoding=\"async\" class=\"alignnone\" title=\"darowizny 1,5% podatku pit 2022\" src=\"https:\/\/opp.e-pity.pl\/assets\/img\/mail_button.png\" alt=\"Wype\u0142nij PIT przez internet i przeka\u017c 1,5% podatku\" width=\"225\" height=\"74\"><\/a><\/p>\n<h2>Darowizny na rzecz naszej szk\u00f3\u0142 podlegaj\u0105 odliczeniu<\/h2>\n<p>Dodatkowe odliczenia podatku oraz indywidualne darowizny mo\u017cna przekazywa\u0107 podaj\u0105c nast\u0119puj\u0105ce dane:<\/p>\n<p><strong>POLSKIE STOWARZYSZENIE PROMOCJI O\u015aWIATOWYCH ODDZIA\u0141 I<\/strong><br \/>\nKRS NR:&nbsp;<strong>0000050337<\/strong><br \/>\nKONTO NR:&nbsp;<strong>33 1050 1025 1000 0024 3428 8409<\/strong><\/p>\n<div>Nasze stowarzyszenia znajduje si\u0119 w WYKAZIE ORGANIZACJI PO\u017bYTKU PUBLICZNEGO UPRAWNIONYCH DO OTRZYMANIA 1,5% PODATKU DOCHODOWEGO OD OS\u00d3B FIZYCZNYCH. Lista organizacji po\u017cytku publicznego u\u0142o\u017cona jest wg kolejnych numer\u00f3w KRS.<\/div>\n<h2>Jak\u0105 kwot\u0119 zebrali\u015bmy w 2022?<\/h2>\n<p>W 2022 zebrali\u015bmy kwot\u0119: 50 590,30 z\u0142.<br \/>\nW tym roku planujemy zakup nowych i modernizacj\u0119 monitor\u00f3w oraz tablic interaktywnych w salach lekcyjnych.<br \/>\n<strong>LICZY SI\u0118 KA\u017bDA, NAWET BARDZO MA\u0141A, KWOTA!<\/strong><\/p>\n<p><strong>SERDECZNIE DZI\u0118KUJEMY!<\/strong><\/p>\n<h2>PSPO jest Organizacj\u0105 Po\u017cytku Publicznego<\/h2>\n<p>Polskie Stowarzyszenie Promocji O\u015bwiatowych Oddzia\u0142 I, w czerwcu 2014 roku uzyska\u0142o status Organizacji Po\u017cytku Publicznego i zosta\u0142o umieszczone w Wykazie organizacji po\u017cytku publicznego uprawnionych do otrzymania 1% podatku dochodowego od os\u00f3b fizycznych za rok 2014, sporz\u0105dzonym zgodnie z art.27a ust.1 ustawy z dnia 24 kwietnia 2003r. o dzia\u0142alno\u015bci po\u017cytku publicznego i o wolontariacie (Dz.U.z 2014r., poz.1118 z p\u00f3\u017an.zm.)<br \/>\nW zwi\u0105zku z tym mo\u017cecie Pa\u0144stwo przekaza\u0107 1,5% podatku bezpo\u015brednio dla PSPO ODDZ.I, kt\u00f3re zebrane \u015brodki przeznaczy na dzia\u0142alno\u015b\u0107 statutow\u0105.<\/p>\n<p><strong>Dane do przekazania 1,5% podatku:<\/strong><br \/>\nPSPO ODDZ.I<br \/>\n<strong>KRS nr&nbsp;0000050337<br \/>\n<\/strong>rachunek bankowy:<br \/>\nBank ING<br \/>\nnr rachunku&nbsp;<strong>33 1050 1025 1000 0024 3428 8409<\/strong><\/p>\n<h2>Sprawozdania z dzia\u0142alno\u015bci Organizacji Po\u017cytku Publicznego<\/h2>\n<p>Na stronie&nbsp;<a class=\" \" href=\"http:\/\/sprawozdaniaopp.niw.gov.pl\/\" target=\"_blank\" rel=\"noopener\">http:\/\/sprawozdaniaopp.niw.gov.pl\/<\/a>&nbsp;mog\u0105 Pa\u0144stwo zapozna\u0107 si\u0119 ze sprawozdaniami PSPO O\/I OPP.<br \/>\nPo wej\u015bciu na stron\u0119 prosz\u0119 poda\u0107 nasz nr KRS:&nbsp;<strong>0000050337<\/strong><\/p>\n<!-- AddThis Advanced Settings generic via filter on the_content --><!-- AddThis Share Buttons generic via filter on the_content -->","protected":false},"excerpt":{"rendered":"<p>Przeka\u017c 1,5% podatku PIT na dzia\u0142alno\u015b\u0107 PSPO ODDZ.I Apelujemy do wszystkich Rodzic\u00f3w oraz Przyjaci\u00f3\u0142 naszego Zespo\u0142u Edukacyjnego im. Lotnik\u00f3w&nbsp;Ameryka\u0144skich o przekazanie 1,5 % podatku za rok 2022 na rzecz PSPO ODDZ.I Organizacji Po\u017cytku Publicznego. &nbsp; &nbsp; Jak przekaza\u0107 1,5% podatku naszym szko\u0142om? W deklaracji rocznej musimy poszuka\u0107 obszaru &#8222;WNIOSEK O PRZEKAZANIE 1,5% PODATKU NALE\u017bNEGO NA &hellip;<!-- AddThis Advanced Settings generic via filter on get_the_excerpt --><!-- AddThis Share Buttons generic via filter on get_the_excerpt --><\/p>\n","protected":false},"author":1,"featured_media":0,"parent":158,"menu_order":0,"comment_status":"closed","ping_status":"closed","template":"","meta":{"inline_featured_image":false,"ngg_post_thumbnail":0,"footnotes":""},"class_list":["post-495","page","type-page","status-publish","hentry"],"yoast_head":"<!-- This site is optimized with the Yoast SEO plugin v27.4 - https:\/\/yoast.com\/product\/yoast-seo-wordpress\/ -->\n<title>1,5% podatku - PSPO<\/title>\n<meta name=\"description\" content=\"Darowizny 2022 - 1.5% podatku PIT na Organizacj\u0119 Po\u017cytku Publicznego Polskie Stowarzyszenie Promocji O\u015bwiatowych Oddzia\u0142 I\" \/>\n<meta name=\"robots\" content=\"index, follow, max-snippet:-1, max-image-preview:large, max-video-preview:-1\" \/>\n<link rel=\"canonical\" href=\"https:\/\/www.pspo.edu.pl\/pspo\/o-nas\/1-5-procent-podatku\/\" \/>\n<meta property=\"og:locale\" content=\"pl_PL\" \/>\n<meta property=\"og:type\" content=\"article\" \/>\n<meta property=\"og:title\" content=\"1,5% podatku - PSPO\" \/>\n<meta property=\"og:description\" content=\"Darowizny 2022 - 1.5% podatku PIT na Organizacj\u0119 Po\u017cytku Publicznego Polskie Stowarzyszenie Promocji O\u015bwiatowych Oddzia\u0142 I\" \/>\n<meta property=\"og:url\" content=\"https:\/\/www.pspo.edu.pl\/pspo\/o-nas\/1-5-procent-podatku\/\" \/>\n<meta property=\"og:site_name\" content=\"PSPO\" \/>\n<meta property=\"article:modified_time\" content=\"2023-03-12T18:19:38+00:00\" \/>\n<meta property=\"og:image\" content=\"https:\/\/www.pspo.edu.pl\/pspo\/wp-content\/uploads\/sites\/2\/2023\/03\/1-5_procent_ssm.png\" \/>\n<meta name=\"twitter:card\" content=\"summary_large_image\" \/>\n<meta name=\"twitter:label1\" content=\"Szacowany czas czytania\" \/>\n\t<meta name=\"twitter:data1\" content=\"3 minuty\" \/>\n<script type=\"application\/ld+json\" class=\"yoast-schema-graph\">{\"@context\":\"https:\\\/\\\/schema.org\",\"@graph\":[{\"@type\":\"WebPage\",\"@id\":\"https:\\\/\\\/www.pspo.edu.pl\\\/pspo\\\/o-nas\\\/1-5-procent-podatku\\\/\",\"url\":\"https:\\\/\\\/www.pspo.edu.pl\\\/pspo\\\/o-nas\\\/1-5-procent-podatku\\\/\",\"name\":\"1,5% podatku - PSPO\",\"isPartOf\":{\"@id\":\"https:\\\/\\\/www.pspo.edu.pl\\\/pspo\\\/#website\"},\"primaryImageOfPage\":{\"@id\":\"https:\\\/\\\/www.pspo.edu.pl\\\/pspo\\\/o-nas\\\/1-5-procent-podatku\\\/#primaryimage\"},\"image\":{\"@id\":\"https:\\\/\\\/www.pspo.edu.pl\\\/pspo\\\/o-nas\\\/1-5-procent-podatku\\\/#primaryimage\"},\"thumbnailUrl\":\"https:\\\/\\\/www.pspo.edu.pl\\\/pspo\\\/wp-content\\\/uploads\\\/sites\\\/2\\\/2023\\\/03\\\/1-5_procent_ssm.png\",\"datePublished\":\"2022-10-11T13:42:12+00:00\",\"dateModified\":\"2023-03-12T18:19:38+00:00\",\"description\":\"Darowizny 2022 - 1.5% podatku PIT na Organizacj\u0119 Po\u017cytku Publicznego Polskie Stowarzyszenie Promocji O\u015bwiatowych Oddzia\u0142 I\",\"breadcrumb\":{\"@id\":\"https:\\\/\\\/www.pspo.edu.pl\\\/pspo\\\/o-nas\\\/1-5-procent-podatku\\\/#breadcrumb\"},\"inLanguage\":\"pl-PL\",\"potentialAction\":[{\"@type\":\"ReadAction\",\"target\":[\"https:\\\/\\\/www.pspo.edu.pl\\\/pspo\\\/o-nas\\\/1-5-procent-podatku\\\/\"]}]},{\"@type\":\"ImageObject\",\"inLanguage\":\"pl-PL\",\"@id\":\"https:\\\/\\\/www.pspo.edu.pl\\\/pspo\\\/o-nas\\\/1-5-procent-podatku\\\/#primaryimage\",\"url\":\"https:\\\/\\\/www.pspo.edu.pl\\\/pspo\\\/wp-content\\\/uploads\\\/sites\\\/2\\\/2023\\\/03\\\/1-5_procent_ssm.png\",\"contentUrl\":\"https:\\\/\\\/www.pspo.edu.pl\\\/pspo\\\/wp-content\\\/uploads\\\/sites\\\/2\\\/2023\\\/03\\\/1-5_procent_ssm.png\",\"width\":320,\"height\":151},{\"@type\":\"BreadcrumbList\",\"@id\":\"https:\\\/\\\/www.pspo.edu.pl\\\/pspo\\\/o-nas\\\/1-5-procent-podatku\\\/#breadcrumb\",\"itemListElement\":[{\"@type\":\"ListItem\",\"position\":1,\"name\":\"Strona g\u0142\u00f3wna\",\"item\":\"https:\\\/\\\/www.pspo.edu.pl\\\/pspo\\\/\"},{\"@type\":\"ListItem\",\"position\":2,\"name\":\"O nas\",\"item\":\"https:\\\/\\\/www.pspo.edu.pl\\\/pspo\\\/o-nas\\\/\"},{\"@type\":\"ListItem\",\"position\":3,\"name\":\"1,5% podatku\"}]},{\"@type\":\"WebSite\",\"@id\":\"https:\\\/\\\/www.pspo.edu.pl\\\/pspo\\\/#website\",\"url\":\"https:\\\/\\\/www.pspo.edu.pl\\\/pspo\\\/\",\"name\":\"PSPO\",\"description\":\"Polskie Stowarzyszenie Promocji O\u015bwiatowych\",\"potentialAction\":[{\"@type\":\"SearchAction\",\"target\":{\"@type\":\"EntryPoint\",\"urlTemplate\":\"https:\\\/\\\/www.pspo.edu.pl\\\/pspo\\\/?s={search_term_string}\"},\"query-input\":{\"@type\":\"PropertyValueSpecification\",\"valueRequired\":true,\"valueName\":\"search_term_string\"}}],\"inLanguage\":\"pl-PL\"}]}<\/script>\n<!-- \/ Yoast SEO plugin. -->","yoast_head_json":{"title":"1,5% podatku - PSPO","description":"Darowizny 2022 - 1.5% podatku PIT na Organizacj\u0119 Po\u017cytku Publicznego Polskie Stowarzyszenie Promocji O\u015bwiatowych Oddzia\u0142 I","robots":{"index":"index","follow":"follow","max-snippet":"max-snippet:-1","max-image-preview":"max-image-preview:large","max-video-preview":"max-video-preview:-1"},"canonical":"https:\/\/www.pspo.edu.pl\/pspo\/o-nas\/1-5-procent-podatku\/","og_locale":"pl_PL","og_type":"article","og_title":"1,5% podatku - PSPO","og_description":"Darowizny 2022 - 1.5% podatku PIT na Organizacj\u0119 Po\u017cytku Publicznego Polskie Stowarzyszenie Promocji O\u015bwiatowych Oddzia\u0142 I","og_url":"https:\/\/www.pspo.edu.pl\/pspo\/o-nas\/1-5-procent-podatku\/","og_site_name":"PSPO","article_modified_time":"2023-03-12T18:19:38+00:00","og_image":[{"url":"https:\/\/www.pspo.edu.pl\/pspo\/wp-content\/uploads\/sites\/2\/2023\/03\/1-5_procent_ssm.png","type":"","width":"","height":""}],"twitter_card":"summary_large_image","twitter_misc":{"Szacowany czas czytania":"3 minuty"},"schema":{"@context":"https:\/\/schema.org","@graph":[{"@type":"WebPage","@id":"https:\/\/www.pspo.edu.pl\/pspo\/o-nas\/1-5-procent-podatku\/","url":"https:\/\/www.pspo.edu.pl\/pspo\/o-nas\/1-5-procent-podatku\/","name":"1,5% podatku - PSPO","isPartOf":{"@id":"https:\/\/www.pspo.edu.pl\/pspo\/#website"},"primaryImageOfPage":{"@id":"https:\/\/www.pspo.edu.pl\/pspo\/o-nas\/1-5-procent-podatku\/#primaryimage"},"image":{"@id":"https:\/\/www.pspo.edu.pl\/pspo\/o-nas\/1-5-procent-podatku\/#primaryimage"},"thumbnailUrl":"https:\/\/www.pspo.edu.pl\/pspo\/wp-content\/uploads\/sites\/2\/2023\/03\/1-5_procent_ssm.png","datePublished":"2022-10-11T13:42:12+00:00","dateModified":"2023-03-12T18:19:38+00:00","description":"Darowizny 2022 - 1.5% podatku PIT na Organizacj\u0119 Po\u017cytku Publicznego Polskie Stowarzyszenie Promocji O\u015bwiatowych Oddzia\u0142 I","breadcrumb":{"@id":"https:\/\/www.pspo.edu.pl\/pspo\/o-nas\/1-5-procent-podatku\/#breadcrumb"},"inLanguage":"pl-PL","potentialAction":[{"@type":"ReadAction","target":["https:\/\/www.pspo.edu.pl\/pspo\/o-nas\/1-5-procent-podatku\/"]}]},{"@type":"ImageObject","inLanguage":"pl-PL","@id":"https:\/\/www.pspo.edu.pl\/pspo\/o-nas\/1-5-procent-podatku\/#primaryimage","url":"https:\/\/www.pspo.edu.pl\/pspo\/wp-content\/uploads\/sites\/2\/2023\/03\/1-5_procent_ssm.png","contentUrl":"https:\/\/www.pspo.edu.pl\/pspo\/wp-content\/uploads\/sites\/2\/2023\/03\/1-5_procent_ssm.png","width":320,"height":151},{"@type":"BreadcrumbList","@id":"https:\/\/www.pspo.edu.pl\/pspo\/o-nas\/1-5-procent-podatku\/#breadcrumb","itemListElement":[{"@type":"ListItem","position":1,"name":"Strona g\u0142\u00f3wna","item":"https:\/\/www.pspo.edu.pl\/pspo\/"},{"@type":"ListItem","position":2,"name":"O nas","item":"https:\/\/www.pspo.edu.pl\/pspo\/o-nas\/"},{"@type":"ListItem","position":3,"name":"1,5% podatku"}]},{"@type":"WebSite","@id":"https:\/\/www.pspo.edu.pl\/pspo\/#website","url":"https:\/\/www.pspo.edu.pl\/pspo\/","name":"PSPO","description":"Polskie Stowarzyszenie Promocji O\u015bwiatowych","potentialAction":[{"@type":"SearchAction","target":{"@type":"EntryPoint","urlTemplate":"https:\/\/www.pspo.edu.pl\/pspo\/?s={search_term_string}"},"query-input":{"@type":"PropertyValueSpecification","valueRequired":true,"valueName":"search_term_string"}}],"inLanguage":"pl-PL"}]}},"_links":{"self":[{"href":"https:\/\/www.pspo.edu.pl\/pspo\/wp-json\/wp\/v2\/pages\/495","targetHints":{"allow":["GET"]}}],"collection":[{"href":"https:\/\/www.pspo.edu.pl\/pspo\/wp-json\/wp\/v2\/pages"}],"about":[{"href":"https:\/\/www.pspo.edu.pl\/pspo\/wp-json\/wp\/v2\/types\/page"}],"author":[{"embeddable":true,"href":"https:\/\/www.pspo.edu.pl\/pspo\/wp-json\/wp\/v2\/users\/1"}],"replies":[{"embeddable":true,"href":"https:\/\/www.pspo.edu.pl\/pspo\/wp-json\/wp\/v2\/comments?post=495"}],"version-history":[{"count":17,"href":"https:\/\/www.pspo.edu.pl\/pspo\/wp-json\/wp\/v2\/pages\/495\/revisions"}],"predecessor-version":[{"id":1020,"href":"https:\/\/www.pspo.edu.pl\/pspo\/wp-json\/wp\/v2\/pages\/495\/revisions\/1020"}],"up":[{"embeddable":true,"href":"https:\/\/www.pspo.edu.pl\/pspo\/wp-json\/wp\/v2\/pages\/158"}],"wp:attachment":[{"href":"https:\/\/www.pspo.edu.pl\/pspo\/wp-json\/wp\/v2\/media?parent=495"}],"curies":[{"name":"wp","href":"https:\/\/api.w.org\/{rel}","templated":true}]}}