{"id":500,"date":"2022-10-13T11:36:27","date_gmt":"2022-10-13T09:36:27","guid":{"rendered":"https:\/\/webfach.vxm.pl\/pspo\/?page_id=500"},"modified":"2022-10-26T12:54:58","modified_gmt":"2022-10-26T10:54:58","slug":"tutoring-w-liceum","status":"publish","type":"page","link":"https:\/\/www.pspo.edu.pl\/pspo\/o-nas\/metody-nauczania\/tutoring-w-liceum\/","title":{"rendered":"Tutoring w liceum"},"content":{"rendered":"<h3><strong>\u201eNa szcz\u0119\u015bcie mamy tutoring\u2026\u201d<\/strong><\/h3>\n<p>\u017bycie licealisty nie jest \u0142atwe \u2013 wyzwania dnia codziennego, widmo zbli\u017caj\u0105cej si\u0119 matury, zagubienie w g\u0105szczu ludzkich relacji\u2026 Ale w naszej szkole mamy co\u015b, dzi\u0119ki czemu ka\u017cd\u0105 przeszkod\u0119 potrafimy przekszta\u0142ci\u0107 w pozytywne wyzwanie; to tutoring!<\/p>\n<p><strong>Na czym polega?<\/strong><\/p>\n<p>Tutoring to metoda w edukacji, kt\u00f3ra na pierwszym miejscu stawia zindywidualizowany kontakt mi\u0119dzy nauczycielem (tutorem \u2013 z \u0142ac. opiekun)<br \/>\na uczniem. W naszej szkole uczymy si\u0119 w ma\u0142ych grupach, cz\u0119sto metod\u0105 eksperyment\u00f3w i do\u015bwiadcze\u0144, rozmawiaj\u0105c i konsultuj\u0105c to, co robimy z naszymi nauczycielami. Ten indywidualny kontakt jest podstaw\u0105. Opr\u00f3cz nauki stawiamy te\u017c na rozw\u00f3j osobisty, dlatego ka\u017cdy z nas pracuje regularnie nad w\u0142asnym rozwojem z indywidualnym tutorem,<br \/>\nkt\u00f3ry jest dla nas wsparciem, czasem motywatorem, ale zawsze: naszym przyjacielem. Relacja, jak\u0105 tworzymy podczas tych spotka\u0144 to najsilniejsza strona tego systemu \u2013 w szkole czujemy si\u0119 bezpiecznie, ciep\u0142o, troch\u0119 jak w domu,<br \/>\ndzi\u0119ki czemu mo\u017cemy skupi\u0107 si\u0119 na efektywnej nauce.<\/p>\n<p><strong>Jakie korzy\u015bci z wprowadzenia systemu tutoringowego zauwa\u017camy?<\/strong><\/p>\n<ul>\n<li>Ch\u0119tniej anga\u017cujemy si\u0119 w nauk\u0119,<\/li>\n<li>Czujemy si\u0119 bardziej odpowiedzialni za swoje \u017cycie,<\/li>\n<li>Mamy czas na rozw\u00f3j naszych pasji i zainteresowa\u0144,<\/li>\n<li>Czujemy, \u017ce jeste\u015bmy traktowani powa\u017cnie i z szacunkiem,<\/li>\n<li>Lepiej organizujemy sw\u00f3j czas.<\/li>\n<\/ul>\n<p><strong>Oto pierwsze wra\u017cenia po wprowadzeniu tego rozwi\u0105zania do naszej szko\u0142y:<\/strong><\/p>\n<p><em>&#8222;Jestem bardzo mile zaskoczona spotkaniami indywidualnymi. To naprawd\u0119 czas tylko dla ucznia i tutora,<br \/>\nco gwarantuje stuprocentowe skupienie na drugiej osobie&#8221;.<\/em><\/p>\n<p><em>&#8222;Podoba mi si\u0119, \u017ce nauczyciel mo\u017ce dostosowa\u0107 poziom nauczania do ucznia &#8211; je\u015bli co\u015b ju\u017c umiem, mog\u0119 robi\u0107 trudniejsze zadania; je\u015bli nie dostaj\u0119 dodatkowe dzia\u0142ania do rozwi\u0105zania i pomoc nauczyciela.<br \/>\nJest pe\u0142na indywidualizacja&#8221;.<\/em><\/p>\n<p><em>&#8222;Na pocz\u0105tku trudno by\u0142o si\u0119 przestawi\u0107, teraz jest ju\u017c OK. Bardzo doceniam to, \u017ce mog\u0119 skupi\u0107 si\u0119 na swoich pasjach. Wa\u017cny jest dla mnie te\u017c kontakt z tutorem &#8211; najwa\u017cniejsze jest to, \u017ce mnie bardzo skutecznie motywuje, a poza tym udzieli\u0142 mi naprawd\u0119 wa\u017cnych rad dotycz\u0105cych wyboru rozszerzenia&#8221;.<\/em><\/p>\n<p>Ameryka\u0144ski pisarz Tom Peters, powiedzia\u0142: \u201eNie ma \u017cadnego usprawiedliwienia, by nie sta\u0107 si\u0119 wielkim\u201d &#8211; w naszym liceum przyjmowane s\u0105 r\u00f3\u017cne usprawiedliwienia, za wyj\u0105tkiem jednego \u2013 nie mo\u017cna przesta\u0107 si\u0119 rozwija\u0107.<br \/>\nTutoring to system, kt\u00f3ry wspiera nas w wyzwaniu, jakim jest w\u0142asny rozw\u00f3j.<\/p>\n<p>Je\u015bli chcesz dowiedzie\u0107 si\u0119 wi\u0119cej, zapraszamy na stron\u0119 naszego\u00a0Edukuriera.<\/p>\n<!-- AddThis Advanced Settings generic via filter on the_content --><!-- AddThis Share Buttons generic via filter on the_content -->","protected":false},"excerpt":{"rendered":"<p>\u201eNa szcz\u0119\u015bcie mamy tutoring\u2026\u201d \u017bycie licealisty nie jest \u0142atwe \u2013 wyzwania dnia codziennego, widmo zbli\u017caj\u0105cej si\u0119 matury, zagubienie w g\u0105szczu ludzkich relacji\u2026 Ale w naszej szkole mamy co\u015b, dzi\u0119ki czemu ka\u017cd\u0105 przeszkod\u0119 potrafimy przekszta\u0142ci\u0107 w pozytywne wyzwanie; to tutoring! Na czym polega? Tutoring to metoda w edukacji, kt\u00f3ra na pierwszym miejscu stawia zindywidualizowany kontakt mi\u0119dzy &hellip;<!-- AddThis Advanced Settings generic via filter on get_the_excerpt --><!-- AddThis Share Buttons generic via filter on get_the_excerpt --><\/p>\n","protected":false},"author":1,"featured_media":0,"parent":491,"menu_order":0,"comment_status":"closed","ping_status":"closed","template":"","meta":{"inline_featured_image":false,"ngg_post_thumbnail":0,"footnotes":""},"class_list":["post-500","page","type-page","status-publish","hentry"],"yoast_head":"<!-- This site is optimized with the Yoast SEO plugin v27.4 - https:\/\/yoast.com\/product\/yoast-seo-wordpress\/ -->\n<title>Tutoring w liceum - PSPO<\/title>\n<meta name=\"robots\" content=\"index, follow, max-snippet:-1, max-image-preview:large, max-video-preview:-1\" \/>\n<link rel=\"canonical\" href=\"https:\/\/www.pspo.edu.pl\/pspo\/o-nas\/metody-nauczania\/tutoring-w-liceum\/\" \/>\n<meta property=\"og:locale\" content=\"pl_PL\" \/>\n<meta property=\"og:type\" content=\"article\" \/>\n<meta property=\"og:title\" content=\"Tutoring w liceum - PSPO\" \/>\n<meta property=\"og:description\" content=\"\u201eNa szcz\u0119\u015bcie mamy tutoring\u2026\u201d \u017bycie licealisty nie jest \u0142atwe \u2013 wyzwania dnia codziennego, widmo zbli\u017caj\u0105cej si\u0119 matury, zagubienie w g\u0105szczu ludzkich relacji\u2026 Ale w naszej szkole mamy co\u015b, dzi\u0119ki czemu ka\u017cd\u0105 przeszkod\u0119 potrafimy przekszta\u0142ci\u0107 w pozytywne wyzwanie; to tutoring! Na czym polega? Tutoring to metoda w edukacji, kt\u00f3ra na pierwszym miejscu stawia zindywidualizowany kontakt mi\u0119dzy &hellip;\" \/>\n<meta property=\"og:url\" content=\"https:\/\/www.pspo.edu.pl\/pspo\/o-nas\/metody-nauczania\/tutoring-w-liceum\/\" \/>\n<meta property=\"og:site_name\" content=\"PSPO\" \/>\n<meta property=\"article:modified_time\" content=\"2022-10-26T10:54:58+00:00\" \/>\n<meta name=\"twitter:card\" content=\"summary_large_image\" \/>\n<meta name=\"twitter:label1\" content=\"Szacowany czas czytania\" \/>\n\t<meta name=\"twitter:data1\" content=\"3 minuty\" \/>\n<script type=\"application\/ld+json\" class=\"yoast-schema-graph\">{\"@context\":\"https:\\\/\\\/schema.org\",\"@graph\":[{\"@type\":\"WebPage\",\"@id\":\"https:\\\/\\\/www.pspo.edu.pl\\\/pspo\\\/o-nas\\\/metody-nauczania\\\/tutoring-w-liceum\\\/\",\"url\":\"https:\\\/\\\/www.pspo.edu.pl\\\/pspo\\\/o-nas\\\/metody-nauczania\\\/tutoring-w-liceum\\\/\",\"name\":\"Tutoring w liceum - PSPO\",\"isPartOf\":{\"@id\":\"https:\\\/\\\/www.pspo.edu.pl\\\/pspo\\\/#website\"},\"datePublished\":\"2022-10-13T09:36:27+00:00\",\"dateModified\":\"2022-10-26T10:54:58+00:00\",\"breadcrumb\":{\"@id\":\"https:\\\/\\\/www.pspo.edu.pl\\\/pspo\\\/o-nas\\\/metody-nauczania\\\/tutoring-w-liceum\\\/#breadcrumb\"},\"inLanguage\":\"pl-PL\",\"potentialAction\":[{\"@type\":\"ReadAction\",\"target\":[\"https:\\\/\\\/www.pspo.edu.pl\\\/pspo\\\/o-nas\\\/metody-nauczania\\\/tutoring-w-liceum\\\/\"]}]},{\"@type\":\"BreadcrumbList\",\"@id\":\"https:\\\/\\\/www.pspo.edu.pl\\\/pspo\\\/o-nas\\\/metody-nauczania\\\/tutoring-w-liceum\\\/#breadcrumb\",\"itemListElement\":[{\"@type\":\"ListItem\",\"position\":1,\"name\":\"Strona g\u0142\u00f3wna\",\"item\":\"https:\\\/\\\/www.pspo.edu.pl\\\/pspo\\\/\"},{\"@type\":\"ListItem\",\"position\":2,\"name\":\"O nas\",\"item\":\"https:\\\/\\\/www.pspo.edu.pl\\\/pspo\\\/o-nas\\\/\"},{\"@type\":\"ListItem\",\"position\":3,\"name\":\"Metody nauczania\",\"item\":\"https:\\\/\\\/www.pspo.edu.pl\\\/pspo\\\/o-nas\\\/metody-nauczania\\\/\"},{\"@type\":\"ListItem\",\"position\":4,\"name\":\"Tutoring w liceum\"}]},{\"@type\":\"WebSite\",\"@id\":\"https:\\\/\\\/www.pspo.edu.pl\\\/pspo\\\/#website\",\"url\":\"https:\\\/\\\/www.pspo.edu.pl\\\/pspo\\\/\",\"name\":\"PSPO\",\"description\":\"Polskie Stowarzyszenie Promocji O\u015bwiatowych\",\"potentialAction\":[{\"@type\":\"SearchAction\",\"target\":{\"@type\":\"EntryPoint\",\"urlTemplate\":\"https:\\\/\\\/www.pspo.edu.pl\\\/pspo\\\/?s={search_term_string}\"},\"query-input\":{\"@type\":\"PropertyValueSpecification\",\"valueRequired\":true,\"valueName\":\"search_term_string\"}}],\"inLanguage\":\"pl-PL\"}]}<\/script>\n<!-- \/ Yoast SEO plugin. -->","yoast_head_json":{"title":"Tutoring w liceum - PSPO","robots":{"index":"index","follow":"follow","max-snippet":"max-snippet:-1","max-image-preview":"max-image-preview:large","max-video-preview":"max-video-preview:-1"},"canonical":"https:\/\/www.pspo.edu.pl\/pspo\/o-nas\/metody-nauczania\/tutoring-w-liceum\/","og_locale":"pl_PL","og_type":"article","og_title":"Tutoring w liceum - PSPO","og_description":"\u201eNa szcz\u0119\u015bcie mamy tutoring\u2026\u201d \u017bycie licealisty nie jest \u0142atwe \u2013 wyzwania dnia codziennego, widmo zbli\u017caj\u0105cej si\u0119 matury, zagubienie w g\u0105szczu ludzkich relacji\u2026 Ale w naszej szkole mamy co\u015b, dzi\u0119ki czemu ka\u017cd\u0105 przeszkod\u0119 potrafimy przekszta\u0142ci\u0107 w pozytywne wyzwanie; to tutoring! Na czym polega? Tutoring to metoda w edukacji, kt\u00f3ra na pierwszym miejscu stawia zindywidualizowany kontakt mi\u0119dzy &hellip;","og_url":"https:\/\/www.pspo.edu.pl\/pspo\/o-nas\/metody-nauczania\/tutoring-w-liceum\/","og_site_name":"PSPO","article_modified_time":"2022-10-26T10:54:58+00:00","twitter_card":"summary_large_image","twitter_misc":{"Szacowany czas czytania":"3 minuty"},"schema":{"@context":"https:\/\/schema.org","@graph":[{"@type":"WebPage","@id":"https:\/\/www.pspo.edu.pl\/pspo\/o-nas\/metody-nauczania\/tutoring-w-liceum\/","url":"https:\/\/www.pspo.edu.pl\/pspo\/o-nas\/metody-nauczania\/tutoring-w-liceum\/","name":"Tutoring w liceum - PSPO","isPartOf":{"@id":"https:\/\/www.pspo.edu.pl\/pspo\/#website"},"datePublished":"2022-10-13T09:36:27+00:00","dateModified":"2022-10-26T10:54:58+00:00","breadcrumb":{"@id":"https:\/\/www.pspo.edu.pl\/pspo\/o-nas\/metody-nauczania\/tutoring-w-liceum\/#breadcrumb"},"inLanguage":"pl-PL","potentialAction":[{"@type":"ReadAction","target":["https:\/\/www.pspo.edu.pl\/pspo\/o-nas\/metody-nauczania\/tutoring-w-liceum\/"]}]},{"@type":"BreadcrumbList","@id":"https:\/\/www.pspo.edu.pl\/pspo\/o-nas\/metody-nauczania\/tutoring-w-liceum\/#breadcrumb","itemListElement":[{"@type":"ListItem","position":1,"name":"Strona g\u0142\u00f3wna","item":"https:\/\/www.pspo.edu.pl\/pspo\/"},{"@type":"ListItem","position":2,"name":"O nas","item":"https:\/\/www.pspo.edu.pl\/pspo\/o-nas\/"},{"@type":"ListItem","position":3,"name":"Metody nauczania","item":"https:\/\/www.pspo.edu.pl\/pspo\/o-nas\/metody-nauczania\/"},{"@type":"ListItem","position":4,"name":"Tutoring w liceum"}]},{"@type":"WebSite","@id":"https:\/\/www.pspo.edu.pl\/pspo\/#website","url":"https:\/\/www.pspo.edu.pl\/pspo\/","name":"PSPO","description":"Polskie Stowarzyszenie Promocji O\u015bwiatowych","potentialAction":[{"@type":"SearchAction","target":{"@type":"EntryPoint","urlTemplate":"https:\/\/www.pspo.edu.pl\/pspo\/?s={search_term_string}"},"query-input":{"@type":"PropertyValueSpecification","valueRequired":true,"valueName":"search_term_string"}}],"inLanguage":"pl-PL"}]}},"_links":{"self":[{"href":"https:\/\/www.pspo.edu.pl\/pspo\/wp-json\/wp\/v2\/pages\/500","targetHints":{"allow":["GET"]}}],"collection":[{"href":"https:\/\/www.pspo.edu.pl\/pspo\/wp-json\/wp\/v2\/pages"}],"about":[{"href":"https:\/\/www.pspo.edu.pl\/pspo\/wp-json\/wp\/v2\/types\/page"}],"author":[{"embeddable":true,"href":"https:\/\/www.pspo.edu.pl\/pspo\/wp-json\/wp\/v2\/users\/1"}],"replies":[{"embeddable":true,"href":"https:\/\/www.pspo.edu.pl\/pspo\/wp-json\/wp\/v2\/comments?post=500"}],"version-history":[{"count":5,"href":"https:\/\/www.pspo.edu.pl\/pspo\/wp-json\/wp\/v2\/pages\/500\/revisions"}],"predecessor-version":[{"id":772,"href":"https:\/\/www.pspo.edu.pl\/pspo\/wp-json\/wp\/v2\/pages\/500\/revisions\/772"}],"up":[{"embeddable":true,"href":"https:\/\/www.pspo.edu.pl\/pspo\/wp-json\/wp\/v2\/pages\/491"}],"wp:attachment":[{"href":"https:\/\/www.pspo.edu.pl\/pspo\/wp-json\/wp\/v2\/media?parent=500"}],"curies":[{"name":"wp","href":"https:\/\/api.w.org\/{rel}","templated":true}]}}