{"id":502,"date":"2022-10-13T11:37:03","date_gmt":"2022-10-13T09:37:03","guid":{"rendered":"https:\/\/webfach.vxm.pl\/pspo\/?page_id=502"},"modified":"2022-10-26T12:53:46","modified_gmt":"2022-10-26T10:53:46","slug":"jezyki-obce","status":"publish","type":"page","link":"https:\/\/www.pspo.edu.pl\/pspo\/o-nas\/metody-nauczania\/jezyki-obce\/","title":{"rendered":"J\u0119zyki obce"},"content":{"rendered":"<p>B\u0119d\u0105c obywatelami wsp\u00f3\u0142czesnego \u015bwiata staramy si\u0119 swobodnie komunikowa\u0107 z ka\u017cdym, kogo spotkamy na naszej drodze. Uczymy si\u0119 porozumiewa\u0107 w r\u00f3\u017cnych j\u0119zykach, wiedz\u0105c \u017ce j\u0119zyki obce s\u0105\u00a0 niezb\u0119dnym\u00a0 narz\u0119dziem komunikacji w pracy, na polu naukowym, artystycznym i sportowym, ale tak\u017ce coraz cz\u0119\u015bciej prywatnym. To dzi\u0119ki nim mo\u017cemy rozmawia\u0107 z obcokrajowcami, rozumie\u0107 filmy oraz teksty piosenek, pozna\u0107 literatur\u0119\u00a0w j\u0119zyku jej autor\u00f3w czy wyszuka\u0107 w sieci potrzebne nam informacje.<\/p>\n<p><strong>Od pocz\u0105tku istnienia naszego liceum j\u0119zyki obce s\u0105 jego siln\u0105 stron\u0105.<\/strong><\/p>\n<h3>J\u0119zyk angielski<\/h3>\n<p>J\u0119zyk angielski jest pierwszym j\u0119zykiem obcym, nauczanym na poziomie rozszerzonym.<br \/>\nStanowi r\u00f3wnie\u017c pierwszy wyb\u00f3r przy zdawaniu egzaminu maturalnego.<br \/>\nTo w tym j\u0119zyku uczniowie\u00a0czytaj\u0105 lektury i czasopisma, ogl\u0105daj\u0105 spektakle grup teatralnych z Wielkiej Brytanii,<br \/>\nzdaj\u0105 egzaminy potrzebne do dalszego rozwoju i najch\u0119tniej porozumiewaj\u0105 si\u0119 z obcokrajowcami.<br \/>\nZaj\u0119cia j\u0119zyka angielskiego urozmaicone s\u0105 konwersacjami z native speakerem czy zaj\u0119ciami z kultury kraj\u00f3w angloj\u0119zycznych, a tak\u017ce warsztatami prowadzonymi w j\u0119zyku obcym.<br \/>\nZnajomo\u015b\u0107 j\u0119zyka na odpowiednim poziomie przydaje\u00a0si\u0119 nie tylko w czasie wyjazd\u00f3w edukacyjnych do kraj\u00f3w Unii Europejskiej organizowanych wiosn\u0105, w czasie wizyt w ramach mi\u0119dzynarodowej wymiany mi\u0119dzyszkolnej,<br \/>\nale te\u017c w trakcie wielu egzamin\u00f3w ( w tym Certyfikaty Cambridge)\u00a0czy\u00a0rekrutacji na wy\u017csze uczelnie za granic\u0105.<\/p>\n<p>Opr\u00f3cz\u00a0 j\u0119zyka angielskiego w szkole mo\u017cna wybra\u0107 nauk\u0119 j\u0119zyka niemieckiego, hiszpa\u0144skiego lub francuskiego,<br \/>\na w niekt\u00f3rych latach odbywa\u0142y si\u0119 r\u00f3wnie\u017c zaj\u0119cia z j\u0119zyka rosyjskiego czy \u0142aciny.<\/p>\n<h3>J\u0119zyk francuski<\/h3>\n<p>Jest w naszej szkole tzw. \u201edrugim\u201d j\u0119zykiem obcym. Jego nauka rozpoczyna si\u0119 w pierwszej klasie liceum.<br \/>\nPoszerzamy wiedz\u0119 z j\u0119zyka francuskiego, korzystaj\u0105c ze sprawdzonych podr\u0119cznik\u00f3w serii \u201e En Action 1 &amp; 2\u201d.<br \/>\nW czasie zaj\u0119\u0107, g\u0142\u00f3wny nacisk stawiany jest na komunikacj\u0119, a u\u0142atwia to prowadzenie tych zaj\u0119\u0107 przez native speaker.<br \/>\nUczniowie zainteresowani poszerzaniem wiedzy o j\u0119zyku francuskim mog\u0105 przyst\u0105pi\u0107 do egzaminu sprawdzaj\u0105cego wiedz\u0119 z tego zakresu DELF\/DALF<\/p>\n<h3>J\u0119zyk niemiecki<\/h3>\n<p>Drugim j\u0119zykiem obcym w naszej szkole jest niemiecki, kt\u00f3rego uczymy z powodzeniem od lat.<br \/>\nKorzystamy ze sprawdzonych podr\u0119cznik\u00f3w wydawnictwa LektorKlett.<br \/>\nUmo\u017cliwiamy przyst\u0105pienie do egzamin\u00f3w, kt\u00f3re pozwol\u0105 zdoby\u0107 certyfikat potwierdzaj\u0105cy znajomo\u015b\u0107 j\u0119zyka<br \/>\nna danym poziomie (TELC). K\u0142adziemy nacisk na swobod\u0119 wypowiedzi i codzienn\u0105 komunikacj\u0119.<br \/>\nZale\u017cy nam na tym, aby uczniowie nie bali m\u00f3wi\u0107 si\u0119 po niemiecku i chcieli doskonali\u0107 znajomo\u015b\u0107 tego j\u0119zyka.<br \/>\nMamy \u015bwiadomo\u015b\u0107, \u017ce nawet bardzo dobra znajomo\u015b\u0107 angielskiego to ju\u017c za ma\u0142o, dlatego k\u0142adziemy nacisk na drugi j\u0119zyk obcy.<\/p>\n<p><em>Lernt mit uns.<\/em><\/p>\n<h3>J\u0119zyk hiszpa\u0144ski<\/h3>\n<p>J\u0119zyk hiszpa\u0144ski\u00a0jest w naszej szkole tzw. &#8222;drugim j\u0119zykiem&#8221;. Prowadzony jest od 1 klasy liceum, a poziom lekcji<br \/>\njest dostosowywany do ka\u017cdej grupy indywidualnie i tak te\u017c dobierane s\u0105 podr\u0119czniki.<br \/>\nPodczas lekcji uczniowie \u0107wicz\u0105 przede wszystkim umiej\u0119tno\u015b\u0107 komunikacji oraz wypowiedzi ustnej,<br \/>\na dzi\u0119ki zastosowaniu r\u00f3\u017cnorodnych metod nauczania, gier i zabaw j\u0119zykowych oraz nowoczesnych technologii zaj\u0119cia nie ograniczaj\u0105 si\u0119 tylko do wype\u0142nienia kolejnej strony w podr\u0119czniku.<br \/>\nAby uczniowie mogli \u0107wiczy\u0107 j\u0119zyk w naturalnych warunkach co roku organizowane s\u0105 wyjazdy na kursy j\u0119zykowe<br \/>\ndo Hiszpanii.<\/p>\n<p>Dla zainteresowanych j\u0119zykiem hiszpa\u0144skim, w ramach ko\u0142a pozalekcyjnego, istnieje mo\u017cliwo\u015b\u0107 przygotowywania si\u0119 do egzamin\u00f3w DELE.<\/p>\n<!-- AddThis Advanced Settings generic via filter on the_content --><!-- AddThis Share Buttons generic via filter on the_content -->","protected":false},"excerpt":{"rendered":"<p>B\u0119d\u0105c obywatelami wsp\u00f3\u0142czesnego \u015bwiata staramy si\u0119 swobodnie komunikowa\u0107 z ka\u017cdym, kogo spotkamy na naszej drodze. Uczymy si\u0119 porozumiewa\u0107 w r\u00f3\u017cnych j\u0119zykach, wiedz\u0105c \u017ce j\u0119zyki obce s\u0105\u00a0 niezb\u0119dnym\u00a0 narz\u0119dziem komunikacji w pracy, na polu naukowym, artystycznym i sportowym, ale tak\u017ce coraz cz\u0119\u015bciej prywatnym. To dzi\u0119ki nim mo\u017cemy rozmawia\u0107 z obcokrajowcami, rozumie\u0107 filmy oraz teksty piosenek, pozna\u0107 &hellip;<!-- AddThis Advanced Settings generic via filter on get_the_excerpt --><!-- AddThis Share Buttons generic via filter on get_the_excerpt --><\/p>\n","protected":false},"author":1,"featured_media":0,"parent":491,"menu_order":0,"comment_status":"closed","ping_status":"closed","template":"","meta":{"inline_featured_image":false,"ngg_post_thumbnail":0,"footnotes":""},"class_list":["post-502","page","type-page","status-publish","hentry"],"yoast_head":"<!-- This site is optimized with the Yoast SEO plugin v27.4 - https:\/\/yoast.com\/product\/yoast-seo-wordpress\/ -->\n<title>J\u0119zyki obce - PSPO<\/title>\n<meta name=\"robots\" content=\"index, follow, max-snippet:-1, max-image-preview:large, max-video-preview:-1\" \/>\n<link rel=\"canonical\" href=\"https:\/\/www.pspo.edu.pl\/pspo\/o-nas\/metody-nauczania\/jezyki-obce\/\" \/>\n<meta property=\"og:locale\" content=\"pl_PL\" \/>\n<meta property=\"og:type\" content=\"article\" \/>\n<meta property=\"og:title\" content=\"J\u0119zyki obce - PSPO\" \/>\n<meta property=\"og:description\" content=\"B\u0119d\u0105c obywatelami wsp\u00f3\u0142czesnego \u015bwiata staramy si\u0119 swobodnie komunikowa\u0107 z ka\u017cdym, kogo spotkamy na naszej drodze. Uczymy si\u0119 porozumiewa\u0107 w r\u00f3\u017cnych j\u0119zykach, wiedz\u0105c \u017ce j\u0119zyki obce s\u0105\u00a0 niezb\u0119dnym\u00a0 narz\u0119dziem komunikacji w pracy, na polu naukowym, artystycznym i sportowym, ale tak\u017ce coraz cz\u0119\u015bciej prywatnym. To dzi\u0119ki nim mo\u017cemy rozmawia\u0107 z obcokrajowcami, rozumie\u0107 filmy oraz teksty piosenek, pozna\u0107 &hellip;\" \/>\n<meta property=\"og:url\" content=\"https:\/\/www.pspo.edu.pl\/pspo\/o-nas\/metody-nauczania\/jezyki-obce\/\" \/>\n<meta property=\"og:site_name\" content=\"PSPO\" \/>\n<meta property=\"article:modified_time\" content=\"2022-10-26T10:53:46+00:00\" \/>\n<meta name=\"twitter:card\" content=\"summary_large_image\" \/>\n<meta name=\"twitter:label1\" content=\"Szacowany czas czytania\" \/>\n\t<meta name=\"twitter:data1\" content=\"3 minuty\" \/>\n<script type=\"application\/ld+json\" class=\"yoast-schema-graph\">{\"@context\":\"https:\\\/\\\/schema.org\",\"@graph\":[{\"@type\":\"WebPage\",\"@id\":\"https:\\\/\\\/www.pspo.edu.pl\\\/pspo\\\/o-nas\\\/metody-nauczania\\\/jezyki-obce\\\/\",\"url\":\"https:\\\/\\\/www.pspo.edu.pl\\\/pspo\\\/o-nas\\\/metody-nauczania\\\/jezyki-obce\\\/\",\"name\":\"J\u0119zyki obce - PSPO\",\"isPartOf\":{\"@id\":\"https:\\\/\\\/www.pspo.edu.pl\\\/pspo\\\/#website\"},\"datePublished\":\"2022-10-13T09:37:03+00:00\",\"dateModified\":\"2022-10-26T10:53:46+00:00\",\"breadcrumb\":{\"@id\":\"https:\\\/\\\/www.pspo.edu.pl\\\/pspo\\\/o-nas\\\/metody-nauczania\\\/jezyki-obce\\\/#breadcrumb\"},\"inLanguage\":\"pl-PL\",\"potentialAction\":[{\"@type\":\"ReadAction\",\"target\":[\"https:\\\/\\\/www.pspo.edu.pl\\\/pspo\\\/o-nas\\\/metody-nauczania\\\/jezyki-obce\\\/\"]}]},{\"@type\":\"BreadcrumbList\",\"@id\":\"https:\\\/\\\/www.pspo.edu.pl\\\/pspo\\\/o-nas\\\/metody-nauczania\\\/jezyki-obce\\\/#breadcrumb\",\"itemListElement\":[{\"@type\":\"ListItem\",\"position\":1,\"name\":\"Strona g\u0142\u00f3wna\",\"item\":\"https:\\\/\\\/www.pspo.edu.pl\\\/pspo\\\/\"},{\"@type\":\"ListItem\",\"position\":2,\"name\":\"O nas\",\"item\":\"https:\\\/\\\/www.pspo.edu.pl\\\/pspo\\\/o-nas\\\/\"},{\"@type\":\"ListItem\",\"position\":3,\"name\":\"Metody nauczania\",\"item\":\"https:\\\/\\\/www.pspo.edu.pl\\\/pspo\\\/o-nas\\\/metody-nauczania\\\/\"},{\"@type\":\"ListItem\",\"position\":4,\"name\":\"J\u0119zyki obce\"}]},{\"@type\":\"WebSite\",\"@id\":\"https:\\\/\\\/www.pspo.edu.pl\\\/pspo\\\/#website\",\"url\":\"https:\\\/\\\/www.pspo.edu.pl\\\/pspo\\\/\",\"name\":\"PSPO\",\"description\":\"Polskie Stowarzyszenie Promocji O\u015bwiatowych\",\"potentialAction\":[{\"@type\":\"SearchAction\",\"target\":{\"@type\":\"EntryPoint\",\"urlTemplate\":\"https:\\\/\\\/www.pspo.edu.pl\\\/pspo\\\/?s={search_term_string}\"},\"query-input\":{\"@type\":\"PropertyValueSpecification\",\"valueRequired\":true,\"valueName\":\"search_term_string\"}}],\"inLanguage\":\"pl-PL\"}]}<\/script>\n<!-- \/ Yoast SEO plugin. -->","yoast_head_json":{"title":"J\u0119zyki obce - PSPO","robots":{"index":"index","follow":"follow","max-snippet":"max-snippet:-1","max-image-preview":"max-image-preview:large","max-video-preview":"max-video-preview:-1"},"canonical":"https:\/\/www.pspo.edu.pl\/pspo\/o-nas\/metody-nauczania\/jezyki-obce\/","og_locale":"pl_PL","og_type":"article","og_title":"J\u0119zyki obce - PSPO","og_description":"B\u0119d\u0105c obywatelami wsp\u00f3\u0142czesnego \u015bwiata staramy si\u0119 swobodnie komunikowa\u0107 z ka\u017cdym, kogo spotkamy na naszej drodze. Uczymy si\u0119 porozumiewa\u0107 w r\u00f3\u017cnych j\u0119zykach, wiedz\u0105c \u017ce j\u0119zyki obce s\u0105\u00a0 niezb\u0119dnym\u00a0 narz\u0119dziem komunikacji w pracy, na polu naukowym, artystycznym i sportowym, ale tak\u017ce coraz cz\u0119\u015bciej prywatnym. To dzi\u0119ki nim mo\u017cemy rozmawia\u0107 z obcokrajowcami, rozumie\u0107 filmy oraz teksty piosenek, pozna\u0107 &hellip;","og_url":"https:\/\/www.pspo.edu.pl\/pspo\/o-nas\/metody-nauczania\/jezyki-obce\/","og_site_name":"PSPO","article_modified_time":"2022-10-26T10:53:46+00:00","twitter_card":"summary_large_image","twitter_misc":{"Szacowany czas czytania":"3 minuty"},"schema":{"@context":"https:\/\/schema.org","@graph":[{"@type":"WebPage","@id":"https:\/\/www.pspo.edu.pl\/pspo\/o-nas\/metody-nauczania\/jezyki-obce\/","url":"https:\/\/www.pspo.edu.pl\/pspo\/o-nas\/metody-nauczania\/jezyki-obce\/","name":"J\u0119zyki obce - PSPO","isPartOf":{"@id":"https:\/\/www.pspo.edu.pl\/pspo\/#website"},"datePublished":"2022-10-13T09:37:03+00:00","dateModified":"2022-10-26T10:53:46+00:00","breadcrumb":{"@id":"https:\/\/www.pspo.edu.pl\/pspo\/o-nas\/metody-nauczania\/jezyki-obce\/#breadcrumb"},"inLanguage":"pl-PL","potentialAction":[{"@type":"ReadAction","target":["https:\/\/www.pspo.edu.pl\/pspo\/o-nas\/metody-nauczania\/jezyki-obce\/"]}]},{"@type":"BreadcrumbList","@id":"https:\/\/www.pspo.edu.pl\/pspo\/o-nas\/metody-nauczania\/jezyki-obce\/#breadcrumb","itemListElement":[{"@type":"ListItem","position":1,"name":"Strona g\u0142\u00f3wna","item":"https:\/\/www.pspo.edu.pl\/pspo\/"},{"@type":"ListItem","position":2,"name":"O nas","item":"https:\/\/www.pspo.edu.pl\/pspo\/o-nas\/"},{"@type":"ListItem","position":3,"name":"Metody nauczania","item":"https:\/\/www.pspo.edu.pl\/pspo\/o-nas\/metody-nauczania\/"},{"@type":"ListItem","position":4,"name":"J\u0119zyki obce"}]},{"@type":"WebSite","@id":"https:\/\/www.pspo.edu.pl\/pspo\/#website","url":"https:\/\/www.pspo.edu.pl\/pspo\/","name":"PSPO","description":"Polskie Stowarzyszenie Promocji O\u015bwiatowych","potentialAction":[{"@type":"SearchAction","target":{"@type":"EntryPoint","urlTemplate":"https:\/\/www.pspo.edu.pl\/pspo\/?s={search_term_string}"},"query-input":{"@type":"PropertyValueSpecification","valueRequired":true,"valueName":"search_term_string"}}],"inLanguage":"pl-PL"}]}},"_links":{"self":[{"href":"https:\/\/www.pspo.edu.pl\/pspo\/wp-json\/wp\/v2\/pages\/502","targetHints":{"allow":["GET"]}}],"collection":[{"href":"https:\/\/www.pspo.edu.pl\/pspo\/wp-json\/wp\/v2\/pages"}],"about":[{"href":"https:\/\/www.pspo.edu.pl\/pspo\/wp-json\/wp\/v2\/types\/page"}],"author":[{"embeddable":true,"href":"https:\/\/www.pspo.edu.pl\/pspo\/wp-json\/wp\/v2\/users\/1"}],"replies":[{"embeddable":true,"href":"https:\/\/www.pspo.edu.pl\/pspo\/wp-json\/wp\/v2\/comments?post=502"}],"version-history":[{"count":3,"href":"https:\/\/www.pspo.edu.pl\/pspo\/wp-json\/wp\/v2\/pages\/502\/revisions"}],"predecessor-version":[{"id":769,"href":"https:\/\/www.pspo.edu.pl\/pspo\/wp-json\/wp\/v2\/pages\/502\/revisions\/769"}],"up":[{"embeddable":true,"href":"https:\/\/www.pspo.edu.pl\/pspo\/wp-json\/wp\/v2\/pages\/491"}],"wp:attachment":[{"href":"https:\/\/www.pspo.edu.pl\/pspo\/wp-json\/wp\/v2\/media?parent=502"}],"curies":[{"name":"wp","href":"https:\/\/api.w.org\/{rel}","templated":true}]}}