{"id":507,"date":"2022-10-13T11:39:31","date_gmt":"2022-10-13T09:39:31","guid":{"rendered":"https:\/\/webfach.vxm.pl\/pspo\/?page_id=507"},"modified":"2022-10-19T13:56:14","modified_gmt":"2022-10-19T11:56:14","slug":"wartosci","status":"publish","type":"page","link":"https:\/\/www.pspo.edu.pl\/pspo\/o-nas\/budowanie-relacji\/wartosci\/","title":{"rendered":"Nasze Warto\u015bci"},"content":{"rendered":"<p>To, co nas wyr\u00f3\u017cnia to jasno okre\u015blone warto\u015bci. W naszej szkole przek\u0142adaj\u0105 si\u0119 one na codzienno\u015b\u0107, a nie stanowi\u0105 wy\u0142\u0105cznie pustych frazes\u00f3w w statucie szko\u0142y. Ustalamy je wsp\u00f3lnie, rozmawiamy o nich, \u017cyjemy nimi na co dzie\u0144. Wystarczy zapyta\u0107 naszych absolwent\u00f3w \u2013 zgodnie potwierdzaj\u0105, \u017ce nasze liceum wyr\u00f3\u017cniaj\u0105\u2026<\/p>\n<p><strong>\u2026 RELACJE \u2013\u00a0<\/strong>wszyscy cz\u0142onkowie szkolnej wsp\u00f3lnoty \u2013 zar\u00f3wno uczniowie, jak i nauczyciele i inni pracownicy \u2013 wszyscy dbamy o budowanie pozytywnych relacji. Przejawia si\u0119 w nich nasz wzajemny szacunek, poszanowanie dla godno\u015bci, tolerancja.<\/p>\n<p><strong>\u2026 PRZYJAZNA ATMOSFERA \u2013\u00a0<\/strong>dzi\u0119ki ciep\u0142ym i otwartym relacjom czujemy si\u0119 w liceum jak w domu. Nasi nauczyciele potrafi\u0105 z jednej strony m\u0105drze od nas wymaga\u0107, a z drugiej: m\u0105drze wspiera\u0107. Gdy w naszym \u017cyciu pojawiaj\u0105 si\u0119 jakiekolwiek zawirowania \u2013 mo\u017cemy liczy\u0107 na empatyczne podej\u015bcie i du\u017co zrozumienia.<\/p>\n<p><strong>\u2026 R\u00d3\u017bNORODNO\u015a\u0106 \u2013\u00a0<\/strong>w naszej szkole mo\u017cemy by\u0107 sob\u0105 i rozwija\u0107 swoje r\u00f3\u017cnorodne talenty; nikt nie blokuje naszej kreatywno\u015bci i indywidualno\u015bci. System szkolny (np. organizacja zaj\u0119\u0107, brak dzwonk\u00f3w, system blokowy) zapewnia nam czas na rozw\u00f3j pasji. Przekaz, kt\u00f3ry dostajemy od nauczycieli brzmi: \u201enie musicie by\u0107 najlepsi, b\u0105d\u017acie jacy\u015b\u201d.<\/p>\n<p>\u2026<strong>ELASTYCZNO\u015a\u0106<\/strong>\u00a0\u2013 jeste\u015bmy na tyle kameraln\u0105 szko\u0142\u0105, \u017ce mo\u017cemy sobie pozwoli\u0107 na bardzo elastyczne rozwi\u0105zania. Praktycznie ka\u017cda nasza inicjatywa otrzymuje aprobat\u0119 dyrekcji i nauczycieli. Najlepszym przyk\u0142adem elastyczno\u015bci<br \/>\njest nasz system tutoringu, dzi\u0119ki kt\u00f3remu efektywnie si\u0119 uczymy, a jednocze\u015bnie rozwijamy swoj\u0105 osobowo\u015b\u0107.<\/p>\n<p><strong>Jakie znaczenie maj\u0105 dla nas te warto\u015bci?<br \/>\n<\/strong>Te uniwersalne warto\u015bci przejawiaj\u0105 si\u0119 w ka\u017cdym naszym dzia\u0142aniu \u2013 zar\u00f3wno na co dzie\u0144, jak i w sytuacjach wyj\u0105tkowych. To po prostu cechy wyr\u00f3\u017cniaj\u0105ce naszej wsp\u00f3lnoty. Mo\u017ce tak\u017ce dzi\u0119ki nim w czerwcu potrafimy stwierdzi\u0107, \u017ce chodzenie do szko\u0142y przez kolejny miesi\u0105c nie by\u0142oby dla nas problemem. Do Lotnik\u00f3w po prostu chce si\u0119 przychodzi\u0107 przez ca\u0142y rok.<\/p>\n<!-- AddThis Advanced Settings generic via filter on the_content --><!-- AddThis Share Buttons generic via filter on the_content -->","protected":false},"excerpt":{"rendered":"<p>To, co nas wyr\u00f3\u017cnia to jasno okre\u015blone warto\u015bci. W naszej szkole przek\u0142adaj\u0105 si\u0119 one na codzienno\u015b\u0107, a nie stanowi\u0105 wy\u0142\u0105cznie pustych frazes\u00f3w w statucie szko\u0142y. Ustalamy je wsp\u00f3lnie, rozmawiamy o nich, \u017cyjemy nimi na co dzie\u0144. Wystarczy zapyta\u0107 naszych absolwent\u00f3w \u2013 zgodnie potwierdzaj\u0105, \u017ce nasze liceum wyr\u00f3\u017cniaj\u0105\u2026 \u2026 RELACJE \u2013\u00a0wszyscy cz\u0142onkowie szkolnej wsp\u00f3lnoty \u2013 zar\u00f3wno &hellip;<!-- AddThis Advanced Settings generic via filter on get_the_excerpt --><!-- AddThis Share Buttons generic via filter on get_the_excerpt --><\/p>\n","protected":false},"author":1,"featured_media":0,"parent":505,"menu_order":0,"comment_status":"closed","ping_status":"closed","template":"","meta":{"inline_featured_image":false,"ngg_post_thumbnail":0,"footnotes":""},"class_list":["post-507","page","type-page","status-publish","hentry"],"yoast_head":"<!-- This site is optimized with the Yoast SEO plugin v27.4 - https:\/\/yoast.com\/product\/yoast-seo-wordpress\/ -->\n<title>Nasze Warto\u015bci - PSPO<\/title>\n<meta name=\"robots\" content=\"index, follow, max-snippet:-1, max-image-preview:large, max-video-preview:-1\" \/>\n<link rel=\"canonical\" href=\"https:\/\/www.pspo.edu.pl\/pspo\/o-nas\/budowanie-relacji\/wartosci\/\" \/>\n<meta property=\"og:locale\" content=\"pl_PL\" \/>\n<meta property=\"og:type\" content=\"article\" \/>\n<meta property=\"og:title\" content=\"Nasze Warto\u015bci - PSPO\" \/>\n<meta property=\"og:description\" content=\"To, co nas wyr\u00f3\u017cnia to jasno okre\u015blone warto\u015bci. W naszej szkole przek\u0142adaj\u0105 si\u0119 one na codzienno\u015b\u0107, a nie stanowi\u0105 wy\u0142\u0105cznie pustych frazes\u00f3w w statucie szko\u0142y. Ustalamy je wsp\u00f3lnie, rozmawiamy o nich, \u017cyjemy nimi na co dzie\u0144. Wystarczy zapyta\u0107 naszych absolwent\u00f3w \u2013 zgodnie potwierdzaj\u0105, \u017ce nasze liceum wyr\u00f3\u017cniaj\u0105\u2026 \u2026 RELACJE \u2013\u00a0wszyscy cz\u0142onkowie szkolnej wsp\u00f3lnoty \u2013 zar\u00f3wno &hellip;\" \/>\n<meta property=\"og:url\" content=\"https:\/\/www.pspo.edu.pl\/pspo\/o-nas\/budowanie-relacji\/wartosci\/\" \/>\n<meta property=\"og:site_name\" content=\"PSPO\" \/>\n<meta property=\"article:modified_time\" content=\"2022-10-19T11:56:14+00:00\" \/>\n<meta name=\"twitter:card\" content=\"summary_large_image\" \/>\n<meta name=\"twitter:label1\" content=\"Szacowany czas czytania\" \/>\n\t<meta name=\"twitter:data1\" content=\"2 minuty\" \/>\n<script type=\"application\/ld+json\" class=\"yoast-schema-graph\">{\"@context\":\"https:\\\/\\\/schema.org\",\"@graph\":[{\"@type\":\"WebPage\",\"@id\":\"https:\\\/\\\/www.pspo.edu.pl\\\/pspo\\\/o-nas\\\/budowanie-relacji\\\/wartosci\\\/\",\"url\":\"https:\\\/\\\/www.pspo.edu.pl\\\/pspo\\\/o-nas\\\/budowanie-relacji\\\/wartosci\\\/\",\"name\":\"Nasze Warto\u015bci - PSPO\",\"isPartOf\":{\"@id\":\"https:\\\/\\\/www.pspo.edu.pl\\\/pspo\\\/#website\"},\"datePublished\":\"2022-10-13T09:39:31+00:00\",\"dateModified\":\"2022-10-19T11:56:14+00:00\",\"breadcrumb\":{\"@id\":\"https:\\\/\\\/www.pspo.edu.pl\\\/pspo\\\/o-nas\\\/budowanie-relacji\\\/wartosci\\\/#breadcrumb\"},\"inLanguage\":\"pl-PL\",\"potentialAction\":[{\"@type\":\"ReadAction\",\"target\":[\"https:\\\/\\\/www.pspo.edu.pl\\\/pspo\\\/o-nas\\\/budowanie-relacji\\\/wartosci\\\/\"]}]},{\"@type\":\"BreadcrumbList\",\"@id\":\"https:\\\/\\\/www.pspo.edu.pl\\\/pspo\\\/o-nas\\\/budowanie-relacji\\\/wartosci\\\/#breadcrumb\",\"itemListElement\":[{\"@type\":\"ListItem\",\"position\":1,\"name\":\"Strona g\u0142\u00f3wna\",\"item\":\"https:\\\/\\\/www.pspo.edu.pl\\\/pspo\\\/\"},{\"@type\":\"ListItem\",\"position\":2,\"name\":\"O nas\",\"item\":\"https:\\\/\\\/www.pspo.edu.pl\\\/pspo\\\/o-nas\\\/\"},{\"@type\":\"ListItem\",\"position\":3,\"name\":\"Budowanie relacji\",\"item\":\"https:\\\/\\\/www.pspo.edu.pl\\\/pspo\\\/o-nas\\\/budowanie-relacji\\\/\"},{\"@type\":\"ListItem\",\"position\":4,\"name\":\"Nasze Warto\u015bci\"}]},{\"@type\":\"WebSite\",\"@id\":\"https:\\\/\\\/www.pspo.edu.pl\\\/pspo\\\/#website\",\"url\":\"https:\\\/\\\/www.pspo.edu.pl\\\/pspo\\\/\",\"name\":\"PSPO\",\"description\":\"Polskie Stowarzyszenie Promocji O\u015bwiatowych\",\"potentialAction\":[{\"@type\":\"SearchAction\",\"target\":{\"@type\":\"EntryPoint\",\"urlTemplate\":\"https:\\\/\\\/www.pspo.edu.pl\\\/pspo\\\/?s={search_term_string}\"},\"query-input\":{\"@type\":\"PropertyValueSpecification\",\"valueRequired\":true,\"valueName\":\"search_term_string\"}}],\"inLanguage\":\"pl-PL\"}]}<\/script>\n<!-- \/ Yoast SEO plugin. -->","yoast_head_json":{"title":"Nasze Warto\u015bci - PSPO","robots":{"index":"index","follow":"follow","max-snippet":"max-snippet:-1","max-image-preview":"max-image-preview:large","max-video-preview":"max-video-preview:-1"},"canonical":"https:\/\/www.pspo.edu.pl\/pspo\/o-nas\/budowanie-relacji\/wartosci\/","og_locale":"pl_PL","og_type":"article","og_title":"Nasze Warto\u015bci - PSPO","og_description":"To, co nas wyr\u00f3\u017cnia to jasno okre\u015blone warto\u015bci. W naszej szkole przek\u0142adaj\u0105 si\u0119 one na codzienno\u015b\u0107, a nie stanowi\u0105 wy\u0142\u0105cznie pustych frazes\u00f3w w statucie szko\u0142y. Ustalamy je wsp\u00f3lnie, rozmawiamy o nich, \u017cyjemy nimi na co dzie\u0144. Wystarczy zapyta\u0107 naszych absolwent\u00f3w \u2013 zgodnie potwierdzaj\u0105, \u017ce nasze liceum wyr\u00f3\u017cniaj\u0105\u2026 \u2026 RELACJE \u2013\u00a0wszyscy cz\u0142onkowie szkolnej wsp\u00f3lnoty \u2013 zar\u00f3wno &hellip;","og_url":"https:\/\/www.pspo.edu.pl\/pspo\/o-nas\/budowanie-relacji\/wartosci\/","og_site_name":"PSPO","article_modified_time":"2022-10-19T11:56:14+00:00","twitter_card":"summary_large_image","twitter_misc":{"Szacowany czas czytania":"2 minuty"},"schema":{"@context":"https:\/\/schema.org","@graph":[{"@type":"WebPage","@id":"https:\/\/www.pspo.edu.pl\/pspo\/o-nas\/budowanie-relacji\/wartosci\/","url":"https:\/\/www.pspo.edu.pl\/pspo\/o-nas\/budowanie-relacji\/wartosci\/","name":"Nasze Warto\u015bci - PSPO","isPartOf":{"@id":"https:\/\/www.pspo.edu.pl\/pspo\/#website"},"datePublished":"2022-10-13T09:39:31+00:00","dateModified":"2022-10-19T11:56:14+00:00","breadcrumb":{"@id":"https:\/\/www.pspo.edu.pl\/pspo\/o-nas\/budowanie-relacji\/wartosci\/#breadcrumb"},"inLanguage":"pl-PL","potentialAction":[{"@type":"ReadAction","target":["https:\/\/www.pspo.edu.pl\/pspo\/o-nas\/budowanie-relacji\/wartosci\/"]}]},{"@type":"BreadcrumbList","@id":"https:\/\/www.pspo.edu.pl\/pspo\/o-nas\/budowanie-relacji\/wartosci\/#breadcrumb","itemListElement":[{"@type":"ListItem","position":1,"name":"Strona g\u0142\u00f3wna","item":"https:\/\/www.pspo.edu.pl\/pspo\/"},{"@type":"ListItem","position":2,"name":"O nas","item":"https:\/\/www.pspo.edu.pl\/pspo\/o-nas\/"},{"@type":"ListItem","position":3,"name":"Budowanie relacji","item":"https:\/\/www.pspo.edu.pl\/pspo\/o-nas\/budowanie-relacji\/"},{"@type":"ListItem","position":4,"name":"Nasze Warto\u015bci"}]},{"@type":"WebSite","@id":"https:\/\/www.pspo.edu.pl\/pspo\/#website","url":"https:\/\/www.pspo.edu.pl\/pspo\/","name":"PSPO","description":"Polskie Stowarzyszenie Promocji O\u015bwiatowych","potentialAction":[{"@type":"SearchAction","target":{"@type":"EntryPoint","urlTemplate":"https:\/\/www.pspo.edu.pl\/pspo\/?s={search_term_string}"},"query-input":{"@type":"PropertyValueSpecification","valueRequired":true,"valueName":"search_term_string"}}],"inLanguage":"pl-PL"}]}},"_links":{"self":[{"href":"https:\/\/www.pspo.edu.pl\/pspo\/wp-json\/wp\/v2\/pages\/507","targetHints":{"allow":["GET"]}}],"collection":[{"href":"https:\/\/www.pspo.edu.pl\/pspo\/wp-json\/wp\/v2\/pages"}],"about":[{"href":"https:\/\/www.pspo.edu.pl\/pspo\/wp-json\/wp\/v2\/types\/page"}],"author":[{"embeddable":true,"href":"https:\/\/www.pspo.edu.pl\/pspo\/wp-json\/wp\/v2\/users\/1"}],"replies":[{"embeddable":true,"href":"https:\/\/www.pspo.edu.pl\/pspo\/wp-json\/wp\/v2\/comments?post=507"}],"version-history":[{"count":3,"href":"https:\/\/www.pspo.edu.pl\/pspo\/wp-json\/wp\/v2\/pages\/507\/revisions"}],"predecessor-version":[{"id":611,"href":"https:\/\/www.pspo.edu.pl\/pspo\/wp-json\/wp\/v2\/pages\/507\/revisions\/611"}],"up":[{"embeddable":true,"href":"https:\/\/www.pspo.edu.pl\/pspo\/wp-json\/wp\/v2\/pages\/505"}],"wp:attachment":[{"href":"https:\/\/www.pspo.edu.pl\/pspo\/wp-json\/wp\/v2\/media?parent=507"}],"curies":[{"name":"wp","href":"https:\/\/api.w.org\/{rel}","templated":true}]}}