{"id":509,"date":"2022-10-13T11:39:58","date_gmt":"2022-10-13T09:39:58","guid":{"rendered":"https:\/\/webfach.vxm.pl\/pspo\/?page_id=509"},"modified":"2022-11-10T00:07:50","modified_gmt":"2022-11-09T23:07:50","slug":"rozwoj-indywidualny","status":"publish","type":"page","link":"https:\/\/www.pspo.edu.pl\/pspo\/o-nas\/rozwoj-indywidualny\/","title":{"rendered":"Rozw\u00f3j indywidualny"},"content":{"rendered":"<p>W naszych szko\u0142ach pracujemy r\u00f3\u017cnorodnymi metodami. Realizuj\u0105c program si\u0119gamy cz\u0119sto po metod\u0119 projektu, kt\u00f3ra pozwala rozwija\u0107 mi\u0119kkie kompetencje.<\/p>\n<p>Nie zapominamy jednak o wspieraniu indywidualnego rozwoju. <\/p>\n<p>Pomagamy naszym uczniom organizuj\u0105c r\u00f3\u017cnorodne zaj\u0119cia i konkursy. Wspieramy udzia\u0142 w og\u00f3lnopolskich olimpiadach przedmiotowych na poziomie krajowym, udzia\u0142 w zawodach sportowych i zdobywanie certyfikat\u00f3w z j\u0119zyk\u00f3w obcych. Ponadto organizujemy zaj\u0119cia z filozofii i etyki.<\/p>\n<p>W roku szkolnym 2016\/2017 wprowadzili\u015bmy w liceum Tutoring, dzi\u0119ki czemu m\u0142odzie\u017c uczy si\u0119 bardziej \u015bwiadomie i bierze odpowedzialno\u015b\u0107 za swoj\u0105 edukacj\u0119. <\/p>\n<p>Ka\u017cdy z uczni\u00f3w ma mo\u017cliwo\u015b\u0107 dowolnego wyboru rozszerze\u0144, wiele przedmiot\u00f3w po\u0142\u0105czono w bloki przedmiotowe. Uczniowie dzi\u0119ki znajomo\u015bci zagadnie\u0144 na ca\u0142y rok szkolny mog\u0105 dowolnie zaplanowa\u0107 ich zaliczanie, sami te\u017c decyduj\u0105, na jak\u0105 ocen\u0119 b\u0119d\u0105 zalicza\u0107 dan\u0105 parti\u0119 materia\u0142u. Dzi\u0119ki temu bior\u0105 odpowiedzialno\u015b\u0107 za swoje wykszta\u0142cenie i maj\u0105 wp\u0142yw na sw\u00f3j los w szkole. W wyborach drogi \u017cyciowej, opr\u00f3cz tutor\u00f3w pomaga im doradca zawodowy. W poszukiwaniu uzdolnie\u0144, talent\u00f3w, pasji i mocnych stron pomaga nasz autorski program Akademia Talent\u00f3w.<\/p>\n<p>Od lat efektywnie wspieramy uczni\u00f3w uzdolnionych (m.in. w ramach program\u00f3w Akademia Talent\u00f3w i Ku\u017ania Talent\u00f3w), a nasze gimnazjum otrzyma\u0142o Certyfikat Prezydenta m.st. Warszawy Wars i Sawa<\/p>\n<!-- AddThis Advanced Settings generic via filter on the_content --><!-- AddThis Share Buttons generic via filter on the_content -->","protected":false},"excerpt":{"rendered":"<p>W naszych szko\u0142ach pracujemy r\u00f3\u017cnorodnymi metodami. Realizuj\u0105c program si\u0119gamy cz\u0119sto po metod\u0119 projektu, kt\u00f3ra pozwala rozwija\u0107 mi\u0119kkie kompetencje. Nie zapominamy jednak o wspieraniu indywidualnego rozwoju. Pomagamy naszym uczniom organizuj\u0105c r\u00f3\u017cnorodne zaj\u0119cia i konkursy. Wspieramy udzia\u0142 w og\u00f3lnopolskich olimpiadach przedmiotowych na poziomie krajowym, udzia\u0142 w zawodach sportowych i zdobywanie certyfikat\u00f3w z j\u0119zyk\u00f3w obcych. Ponadto organizujemy zaj\u0119cia &hellip;<!-- AddThis Advanced Settings generic via filter on get_the_excerpt --><!-- AddThis Share Buttons generic via filter on get_the_excerpt --><\/p>\n","protected":false},"author":1,"featured_media":0,"parent":158,"menu_order":0,"comment_status":"closed","ping_status":"closed","template":"","meta":{"inline_featured_image":false,"ngg_post_thumbnail":0,"footnotes":""},"class_list":["post-509","page","type-page","status-publish","hentry"],"yoast_head":"<!-- This site is optimized with the Yoast SEO plugin v27.4 - https:\/\/yoast.com\/product\/yoast-seo-wordpress\/ -->\n<title>Rozw\u00f3j indywidualny - PSPO<\/title>\n<meta name=\"robots\" content=\"index, follow, max-snippet:-1, max-image-preview:large, max-video-preview:-1\" \/>\n<link rel=\"canonical\" href=\"https:\/\/www.pspo.edu.pl\/pspo\/o-nas\/rozwoj-indywidualny\/\" \/>\n<meta property=\"og:locale\" content=\"pl_PL\" \/>\n<meta property=\"og:type\" content=\"article\" \/>\n<meta property=\"og:title\" content=\"Rozw\u00f3j indywidualny - PSPO\" \/>\n<meta property=\"og:description\" content=\"W naszych szko\u0142ach pracujemy r\u00f3\u017cnorodnymi metodami. Realizuj\u0105c program si\u0119gamy cz\u0119sto po metod\u0119 projektu, kt\u00f3ra pozwala rozwija\u0107 mi\u0119kkie kompetencje. Nie zapominamy jednak o wspieraniu indywidualnego rozwoju. Pomagamy naszym uczniom organizuj\u0105c r\u00f3\u017cnorodne zaj\u0119cia i konkursy. Wspieramy udzia\u0142 w og\u00f3lnopolskich olimpiadach przedmiotowych na poziomie krajowym, udzia\u0142 w zawodach sportowych i zdobywanie certyfikat\u00f3w z j\u0119zyk\u00f3w obcych. Ponadto organizujemy zaj\u0119cia &hellip;\" \/>\n<meta property=\"og:url\" content=\"https:\/\/www.pspo.edu.pl\/pspo\/o-nas\/rozwoj-indywidualny\/\" \/>\n<meta property=\"og:site_name\" content=\"PSPO\" \/>\n<meta property=\"article:modified_time\" content=\"2022-11-09T23:07:50+00:00\" \/>\n<meta name=\"twitter:card\" content=\"summary_large_image\" \/>\n<meta name=\"twitter:label1\" content=\"Szacowany czas czytania\" \/>\n\t<meta name=\"twitter:data1\" content=\"1 minuta\" \/>\n<script type=\"application\/ld+json\" class=\"yoast-schema-graph\">{\"@context\":\"https:\\\/\\\/schema.org\",\"@graph\":[{\"@type\":\"WebPage\",\"@id\":\"https:\\\/\\\/www.pspo.edu.pl\\\/pspo\\\/o-nas\\\/rozwoj-indywidualny\\\/\",\"url\":\"https:\\\/\\\/www.pspo.edu.pl\\\/pspo\\\/o-nas\\\/rozwoj-indywidualny\\\/\",\"name\":\"Rozw\u00f3j indywidualny - PSPO\",\"isPartOf\":{\"@id\":\"https:\\\/\\\/www.pspo.edu.pl\\\/pspo\\\/#website\"},\"datePublished\":\"2022-10-13T09:39:58+00:00\",\"dateModified\":\"2022-11-09T23:07:50+00:00\",\"breadcrumb\":{\"@id\":\"https:\\\/\\\/www.pspo.edu.pl\\\/pspo\\\/o-nas\\\/rozwoj-indywidualny\\\/#breadcrumb\"},\"inLanguage\":\"pl-PL\",\"potentialAction\":[{\"@type\":\"ReadAction\",\"target\":[\"https:\\\/\\\/www.pspo.edu.pl\\\/pspo\\\/o-nas\\\/rozwoj-indywidualny\\\/\"]}]},{\"@type\":\"BreadcrumbList\",\"@id\":\"https:\\\/\\\/www.pspo.edu.pl\\\/pspo\\\/o-nas\\\/rozwoj-indywidualny\\\/#breadcrumb\",\"itemListElement\":[{\"@type\":\"ListItem\",\"position\":1,\"name\":\"Strona g\u0142\u00f3wna\",\"item\":\"https:\\\/\\\/www.pspo.edu.pl\\\/pspo\\\/\"},{\"@type\":\"ListItem\",\"position\":2,\"name\":\"O nas\",\"item\":\"https:\\\/\\\/www.pspo.edu.pl\\\/pspo\\\/o-nas\\\/\"},{\"@type\":\"ListItem\",\"position\":3,\"name\":\"Rozw\u00f3j indywidualny\"}]},{\"@type\":\"WebSite\",\"@id\":\"https:\\\/\\\/www.pspo.edu.pl\\\/pspo\\\/#website\",\"url\":\"https:\\\/\\\/www.pspo.edu.pl\\\/pspo\\\/\",\"name\":\"PSPO\",\"description\":\"Polskie Stowarzyszenie Promocji O\u015bwiatowych\",\"potentialAction\":[{\"@type\":\"SearchAction\",\"target\":{\"@type\":\"EntryPoint\",\"urlTemplate\":\"https:\\\/\\\/www.pspo.edu.pl\\\/pspo\\\/?s={search_term_string}\"},\"query-input\":{\"@type\":\"PropertyValueSpecification\",\"valueRequired\":true,\"valueName\":\"search_term_string\"}}],\"inLanguage\":\"pl-PL\"}]}<\/script>\n<!-- \/ Yoast SEO plugin. -->","yoast_head_json":{"title":"Rozw\u00f3j indywidualny - PSPO","robots":{"index":"index","follow":"follow","max-snippet":"max-snippet:-1","max-image-preview":"max-image-preview:large","max-video-preview":"max-video-preview:-1"},"canonical":"https:\/\/www.pspo.edu.pl\/pspo\/o-nas\/rozwoj-indywidualny\/","og_locale":"pl_PL","og_type":"article","og_title":"Rozw\u00f3j indywidualny - PSPO","og_description":"W naszych szko\u0142ach pracujemy r\u00f3\u017cnorodnymi metodami. Realizuj\u0105c program si\u0119gamy cz\u0119sto po metod\u0119 projektu, kt\u00f3ra pozwala rozwija\u0107 mi\u0119kkie kompetencje. Nie zapominamy jednak o wspieraniu indywidualnego rozwoju. Pomagamy naszym uczniom organizuj\u0105c r\u00f3\u017cnorodne zaj\u0119cia i konkursy. Wspieramy udzia\u0142 w og\u00f3lnopolskich olimpiadach przedmiotowych na poziomie krajowym, udzia\u0142 w zawodach sportowych i zdobywanie certyfikat\u00f3w z j\u0119zyk\u00f3w obcych. Ponadto organizujemy zaj\u0119cia &hellip;","og_url":"https:\/\/www.pspo.edu.pl\/pspo\/o-nas\/rozwoj-indywidualny\/","og_site_name":"PSPO","article_modified_time":"2022-11-09T23:07:50+00:00","twitter_card":"summary_large_image","twitter_misc":{"Szacowany czas czytania":"1 minuta"},"schema":{"@context":"https:\/\/schema.org","@graph":[{"@type":"WebPage","@id":"https:\/\/www.pspo.edu.pl\/pspo\/o-nas\/rozwoj-indywidualny\/","url":"https:\/\/www.pspo.edu.pl\/pspo\/o-nas\/rozwoj-indywidualny\/","name":"Rozw\u00f3j indywidualny - PSPO","isPartOf":{"@id":"https:\/\/www.pspo.edu.pl\/pspo\/#website"},"datePublished":"2022-10-13T09:39:58+00:00","dateModified":"2022-11-09T23:07:50+00:00","breadcrumb":{"@id":"https:\/\/www.pspo.edu.pl\/pspo\/o-nas\/rozwoj-indywidualny\/#breadcrumb"},"inLanguage":"pl-PL","potentialAction":[{"@type":"ReadAction","target":["https:\/\/www.pspo.edu.pl\/pspo\/o-nas\/rozwoj-indywidualny\/"]}]},{"@type":"BreadcrumbList","@id":"https:\/\/www.pspo.edu.pl\/pspo\/o-nas\/rozwoj-indywidualny\/#breadcrumb","itemListElement":[{"@type":"ListItem","position":1,"name":"Strona g\u0142\u00f3wna","item":"https:\/\/www.pspo.edu.pl\/pspo\/"},{"@type":"ListItem","position":2,"name":"O nas","item":"https:\/\/www.pspo.edu.pl\/pspo\/o-nas\/"},{"@type":"ListItem","position":3,"name":"Rozw\u00f3j indywidualny"}]},{"@type":"WebSite","@id":"https:\/\/www.pspo.edu.pl\/pspo\/#website","url":"https:\/\/www.pspo.edu.pl\/pspo\/","name":"PSPO","description":"Polskie Stowarzyszenie Promocji O\u015bwiatowych","potentialAction":[{"@type":"SearchAction","target":{"@type":"EntryPoint","urlTemplate":"https:\/\/www.pspo.edu.pl\/pspo\/?s={search_term_string}"},"query-input":{"@type":"PropertyValueSpecification","valueRequired":true,"valueName":"search_term_string"}}],"inLanguage":"pl-PL"}]}},"_links":{"self":[{"href":"https:\/\/www.pspo.edu.pl\/pspo\/wp-json\/wp\/v2\/pages\/509","targetHints":{"allow":["GET"]}}],"collection":[{"href":"https:\/\/www.pspo.edu.pl\/pspo\/wp-json\/wp\/v2\/pages"}],"about":[{"href":"https:\/\/www.pspo.edu.pl\/pspo\/wp-json\/wp\/v2\/types\/page"}],"author":[{"embeddable":true,"href":"https:\/\/www.pspo.edu.pl\/pspo\/wp-json\/wp\/v2\/users\/1"}],"replies":[{"embeddable":true,"href":"https:\/\/www.pspo.edu.pl\/pspo\/wp-json\/wp\/v2\/comments?post=509"}],"version-history":[{"count":3,"href":"https:\/\/www.pspo.edu.pl\/pspo\/wp-json\/wp\/v2\/pages\/509\/revisions"}],"predecessor-version":[{"id":851,"href":"https:\/\/www.pspo.edu.pl\/pspo\/wp-json\/wp\/v2\/pages\/509\/revisions\/851"}],"up":[{"embeddable":true,"href":"https:\/\/www.pspo.edu.pl\/pspo\/wp-json\/wp\/v2\/pages\/158"}],"wp:attachment":[{"href":"https:\/\/www.pspo.edu.pl\/pspo\/wp-json\/wp\/v2\/media?parent=509"}],"curies":[{"name":"wp","href":"https:\/\/api.w.org\/{rel}","templated":true}]}}