{"id":511,"date":"2022-10-13T11:40:13","date_gmt":"2022-10-13T09:40:13","guid":{"rendered":"https:\/\/webfach.vxm.pl\/pspo\/?page_id=511"},"modified":"2022-10-19T15:51:28","modified_gmt":"2022-10-19T13:51:28","slug":"opieka","status":"publish","type":"page","link":"https:\/\/www.pspo.edu.pl\/pspo\/o-nas\/opieka\/","title":{"rendered":"Opieka"},"content":{"rendered":"<p><span style=\"font-size: 14pt; color: #003366;\"><strong>Wszyscy nasi nauczyciele uczestnicz\u0105 w licznych szkoleniach prowadzonych<br \/>\nprzez specjalist\u00f3w z dziedziny terapii pedagogicznej. <\/strong><strong>Wsp\u00f3\u0142pracujemy z Poradni\u0105<br \/>\nPsychologiczno \u2013 Pedagogiczn\u0105. Realizujemy zalecenia zawarte w orzeczeniach o dysleksji.<\/strong><\/span><\/p>\n<p><strong>Na terenie szko\u0142y Rodzicom i Uczniom pomoc\u0105 s\u0142u\u017c\u0105 r\u00f3wnie\u017c:<\/strong><\/p>\n<ul>\n<li>pedagog szkolny,<\/li>\n<li>psycholog,<\/li>\n<li>logopeda.<\/li>\n<\/ul>\n<p>Celem naszych dzia\u0142a\u0144 jest dostarczenie ka\u017cdemu uczniowi mo\u017cliwo\u015bci do prze\u017cywania sukces\u00f3w w szkole,<br \/>\nszukanie mocnych stron i zach\u0119canie do pracy nad tym, co sprawia trudno\u015b\u0107.<\/p>\n<p>Wa\u017cna jest te\u017c wsp\u00f3\u0142praca z Rodzicami, kt\u00f3rzy \u015bwiadomi trudno\u015bci, z kt\u00f3rymi boryka si\u0119 dziecko, stymuluj\u0105 funkcje poznawcze i stanowi\u0105 dla niego prawdziwe wsparcie.<\/p>\n<hr \/>\n<p><strong>W okresie pandemii zesp\u00f3\u0142 psychologiczno-pedagogiczny naszej szko\u0142y oferuje:<\/strong><\/p>\n<p>&#8211; codzienn\u0105, mailow\u0105, telefoniczn\u0105 wsp\u00f3\u0142prac\u0119 z nauczycielami (dzia\u0142ania o charakterze wspieraj\u0105cym, doradczym);<br \/>\n&#8211; rozmowy wspieraj\u0105ce z rodzicami uczni\u00f3w, w tym uczni\u00f3w posiadaj\u0105cych opinie i orzeczenia o kszta\u0142ceniu specjalnym (rozmowy telefoniczne uprzedzone wcze\u015bniejszym kontaktem mailowym);<br \/>\n&#8211; przygotowanie materia\u0142\u00f3w edukacyjnych, informacyjnych, kt\u00f3re umieszczane b\u0119d\u0105 na stronie szko\u0142y, blogu<br \/>\nlub clasroomie, w tym:<br \/>\n1. Jak zadba\u0107 o zdrowie psychiczne w obliczu pandemii koronowirusa;<br \/>\n2. Jak radzi\u0107 sobie z niepokojem, strachem, l\u0119kiem i panik\u0105;<br \/>\n3. Jak konstruktywnie sp\u0119dza\u0107 czas w okresie pandemii ( gry, \u0107wiczenia);<br \/>\n4. Jak wspiera\u0107 dziecko w tym trudnym czasie;<br \/>\n5. Jak rozmawia\u0107 z dzieckiem o koronowirusie.<\/p>\n<p><strong>Obecnie utrzymujemy sta\u0142y kontakt z:<\/strong><br \/>\n&#8211; uczniami i rodzicami\u00a0 kt\u00f3rzy ju\u017c si\u0119 zg\u0142osili po pomoc;<br \/>\n&#8211; psychologami i pedagogami zewn\u0119trznymi w celach konsultacyjnych.<\/p>\n<p><strong>Pracujemy nad ujednolicaniem dzia\u0142a\u0144 wspieraj\u0105cych dla rodzic\u00f3w i nauczycieli:<\/strong><br \/>\n&#8211; tworzymy bazy platform \/ stron\u00a0 internetowych z propozycjami gier, \u0107wicze\u0144, zabaw, sprzyjaj\u0105cych budowaniu relacji rodzic &#8211; dziecko;<br \/>\n&#8211; bierzemy udzia\u0142 w wideokonferencjach z udzia\u0142em dyrekcji oraz koordynator\u00f3w zespo\u0142\u00f3w przedmiotowych;<br \/>\n&#8211; s\u0142u\u017cymy dora\u017an\u0105 pomoc\u0105 nauczycielom przedszkolnym.<\/p>\n<p><strong>Zapraszamy uczni\u00f3w i rodzic\u00f3w do konsultacji, je\u017celi tylko czuj\u0105 Pa\u0144stwo tak\u0105 potrzeb\u0119!<\/strong><\/p>\n<!-- AddThis Advanced Settings generic via filter on the_content --><!-- AddThis Share Buttons generic via filter on the_content -->","protected":false},"excerpt":{"rendered":"<p>Wszyscy nasi nauczyciele uczestnicz\u0105 w licznych szkoleniach prowadzonych przez specjalist\u00f3w z dziedziny terapii pedagogicznej. Wsp\u00f3\u0142pracujemy z Poradni\u0105 Psychologiczno \u2013 Pedagogiczn\u0105. Realizujemy zalecenia zawarte w orzeczeniach o dysleksji. Na terenie szko\u0142y Rodzicom i Uczniom pomoc\u0105 s\u0142u\u017c\u0105 r\u00f3wnie\u017c: pedagog szkolny, psycholog, logopeda. Celem naszych dzia\u0142a\u0144 jest dostarczenie ka\u017cdemu uczniowi mo\u017cliwo\u015bci do prze\u017cywania sukces\u00f3w w szkole, szukanie mocnych &hellip;<!-- AddThis Advanced Settings generic via filter on get_the_excerpt --><!-- AddThis Share Buttons generic via filter on get_the_excerpt --><\/p>\n","protected":false},"author":1,"featured_media":0,"parent":158,"menu_order":0,"comment_status":"closed","ping_status":"closed","template":"","meta":{"inline_featured_image":false,"ngg_post_thumbnail":0,"footnotes":""},"class_list":["post-511","page","type-page","status-publish","hentry"],"yoast_head":"<!-- This site is optimized with the Yoast SEO plugin v27.4 - https:\/\/yoast.com\/product\/yoast-seo-wordpress\/ -->\n<title>Opieka - PSPO<\/title>\n<meta name=\"robots\" content=\"index, follow, max-snippet:-1, max-image-preview:large, max-video-preview:-1\" \/>\n<link rel=\"canonical\" href=\"https:\/\/www.pspo.edu.pl\/pspo\/o-nas\/opieka\/\" \/>\n<meta property=\"og:locale\" content=\"pl_PL\" \/>\n<meta property=\"og:type\" content=\"article\" \/>\n<meta property=\"og:title\" content=\"Opieka - PSPO\" \/>\n<meta property=\"og:description\" content=\"Wszyscy nasi nauczyciele uczestnicz\u0105 w licznych szkoleniach prowadzonych przez specjalist\u00f3w z dziedziny terapii pedagogicznej. Wsp\u00f3\u0142pracujemy z Poradni\u0105 Psychologiczno \u2013 Pedagogiczn\u0105. Realizujemy zalecenia zawarte w orzeczeniach o dysleksji. Na terenie szko\u0142y Rodzicom i Uczniom pomoc\u0105 s\u0142u\u017c\u0105 r\u00f3wnie\u017c: pedagog szkolny, psycholog, logopeda. Celem naszych dzia\u0142a\u0144 jest dostarczenie ka\u017cdemu uczniowi mo\u017cliwo\u015bci do prze\u017cywania sukces\u00f3w w szkole, szukanie mocnych &hellip;\" \/>\n<meta property=\"og:url\" content=\"https:\/\/www.pspo.edu.pl\/pspo\/o-nas\/opieka\/\" \/>\n<meta property=\"og:site_name\" content=\"PSPO\" \/>\n<meta property=\"article:modified_time\" content=\"2022-10-19T13:51:28+00:00\" \/>\n<meta name=\"twitter:card\" content=\"summary_large_image\" \/>\n<meta name=\"twitter:label1\" content=\"Szacowany czas czytania\" \/>\n\t<meta name=\"twitter:data1\" content=\"2 minuty\" \/>\n<script type=\"application\/ld+json\" class=\"yoast-schema-graph\">{\"@context\":\"https:\\\/\\\/schema.org\",\"@graph\":[{\"@type\":\"WebPage\",\"@id\":\"https:\\\/\\\/www.pspo.edu.pl\\\/pspo\\\/o-nas\\\/opieka\\\/\",\"url\":\"https:\\\/\\\/www.pspo.edu.pl\\\/pspo\\\/o-nas\\\/opieka\\\/\",\"name\":\"Opieka - PSPO\",\"isPartOf\":{\"@id\":\"https:\\\/\\\/www.pspo.edu.pl\\\/pspo\\\/#website\"},\"datePublished\":\"2022-10-13T09:40:13+00:00\",\"dateModified\":\"2022-10-19T13:51:28+00:00\",\"breadcrumb\":{\"@id\":\"https:\\\/\\\/www.pspo.edu.pl\\\/pspo\\\/o-nas\\\/opieka\\\/#breadcrumb\"},\"inLanguage\":\"pl-PL\",\"potentialAction\":[{\"@type\":\"ReadAction\",\"target\":[\"https:\\\/\\\/www.pspo.edu.pl\\\/pspo\\\/o-nas\\\/opieka\\\/\"]}]},{\"@type\":\"BreadcrumbList\",\"@id\":\"https:\\\/\\\/www.pspo.edu.pl\\\/pspo\\\/o-nas\\\/opieka\\\/#breadcrumb\",\"itemListElement\":[{\"@type\":\"ListItem\",\"position\":1,\"name\":\"Strona g\u0142\u00f3wna\",\"item\":\"https:\\\/\\\/www.pspo.edu.pl\\\/pspo\\\/\"},{\"@type\":\"ListItem\",\"position\":2,\"name\":\"O nas\",\"item\":\"https:\\\/\\\/www.pspo.edu.pl\\\/pspo\\\/o-nas\\\/\"},{\"@type\":\"ListItem\",\"position\":3,\"name\":\"Opieka\"}]},{\"@type\":\"WebSite\",\"@id\":\"https:\\\/\\\/www.pspo.edu.pl\\\/pspo\\\/#website\",\"url\":\"https:\\\/\\\/www.pspo.edu.pl\\\/pspo\\\/\",\"name\":\"PSPO\",\"description\":\"Polskie Stowarzyszenie Promocji O\u015bwiatowych\",\"potentialAction\":[{\"@type\":\"SearchAction\",\"target\":{\"@type\":\"EntryPoint\",\"urlTemplate\":\"https:\\\/\\\/www.pspo.edu.pl\\\/pspo\\\/?s={search_term_string}\"},\"query-input\":{\"@type\":\"PropertyValueSpecification\",\"valueRequired\":true,\"valueName\":\"search_term_string\"}}],\"inLanguage\":\"pl-PL\"}]}<\/script>\n<!-- \/ Yoast SEO plugin. -->","yoast_head_json":{"title":"Opieka - PSPO","robots":{"index":"index","follow":"follow","max-snippet":"max-snippet:-1","max-image-preview":"max-image-preview:large","max-video-preview":"max-video-preview:-1"},"canonical":"https:\/\/www.pspo.edu.pl\/pspo\/o-nas\/opieka\/","og_locale":"pl_PL","og_type":"article","og_title":"Opieka - PSPO","og_description":"Wszyscy nasi nauczyciele uczestnicz\u0105 w licznych szkoleniach prowadzonych przez specjalist\u00f3w z dziedziny terapii pedagogicznej. Wsp\u00f3\u0142pracujemy z Poradni\u0105 Psychologiczno \u2013 Pedagogiczn\u0105. Realizujemy zalecenia zawarte w orzeczeniach o dysleksji. Na terenie szko\u0142y Rodzicom i Uczniom pomoc\u0105 s\u0142u\u017c\u0105 r\u00f3wnie\u017c: pedagog szkolny, psycholog, logopeda. Celem naszych dzia\u0142a\u0144 jest dostarczenie ka\u017cdemu uczniowi mo\u017cliwo\u015bci do prze\u017cywania sukces\u00f3w w szkole, szukanie mocnych &hellip;","og_url":"https:\/\/www.pspo.edu.pl\/pspo\/o-nas\/opieka\/","og_site_name":"PSPO","article_modified_time":"2022-10-19T13:51:28+00:00","twitter_card":"summary_large_image","twitter_misc":{"Szacowany czas czytania":"2 minuty"},"schema":{"@context":"https:\/\/schema.org","@graph":[{"@type":"WebPage","@id":"https:\/\/www.pspo.edu.pl\/pspo\/o-nas\/opieka\/","url":"https:\/\/www.pspo.edu.pl\/pspo\/o-nas\/opieka\/","name":"Opieka - PSPO","isPartOf":{"@id":"https:\/\/www.pspo.edu.pl\/pspo\/#website"},"datePublished":"2022-10-13T09:40:13+00:00","dateModified":"2022-10-19T13:51:28+00:00","breadcrumb":{"@id":"https:\/\/www.pspo.edu.pl\/pspo\/o-nas\/opieka\/#breadcrumb"},"inLanguage":"pl-PL","potentialAction":[{"@type":"ReadAction","target":["https:\/\/www.pspo.edu.pl\/pspo\/o-nas\/opieka\/"]}]},{"@type":"BreadcrumbList","@id":"https:\/\/www.pspo.edu.pl\/pspo\/o-nas\/opieka\/#breadcrumb","itemListElement":[{"@type":"ListItem","position":1,"name":"Strona g\u0142\u00f3wna","item":"https:\/\/www.pspo.edu.pl\/pspo\/"},{"@type":"ListItem","position":2,"name":"O nas","item":"https:\/\/www.pspo.edu.pl\/pspo\/o-nas\/"},{"@type":"ListItem","position":3,"name":"Opieka"}]},{"@type":"WebSite","@id":"https:\/\/www.pspo.edu.pl\/pspo\/#website","url":"https:\/\/www.pspo.edu.pl\/pspo\/","name":"PSPO","description":"Polskie Stowarzyszenie Promocji O\u015bwiatowych","potentialAction":[{"@type":"SearchAction","target":{"@type":"EntryPoint","urlTemplate":"https:\/\/www.pspo.edu.pl\/pspo\/?s={search_term_string}"},"query-input":{"@type":"PropertyValueSpecification","valueRequired":true,"valueName":"search_term_string"}}],"inLanguage":"pl-PL"}]}},"_links":{"self":[{"href":"https:\/\/www.pspo.edu.pl\/pspo\/wp-json\/wp\/v2\/pages\/511","targetHints":{"allow":["GET"]}}],"collection":[{"href":"https:\/\/www.pspo.edu.pl\/pspo\/wp-json\/wp\/v2\/pages"}],"about":[{"href":"https:\/\/www.pspo.edu.pl\/pspo\/wp-json\/wp\/v2\/types\/page"}],"author":[{"embeddable":true,"href":"https:\/\/www.pspo.edu.pl\/pspo\/wp-json\/wp\/v2\/users\/1"}],"replies":[{"embeddable":true,"href":"https:\/\/www.pspo.edu.pl\/pspo\/wp-json\/wp\/v2\/comments?post=511"}],"version-history":[{"count":5,"href":"https:\/\/www.pspo.edu.pl\/pspo\/wp-json\/wp\/v2\/pages\/511\/revisions"}],"predecessor-version":[{"id":638,"href":"https:\/\/www.pspo.edu.pl\/pspo\/wp-json\/wp\/v2\/pages\/511\/revisions\/638"}],"up":[{"embeddable":true,"href":"https:\/\/www.pspo.edu.pl\/pspo\/wp-json\/wp\/v2\/pages\/158"}],"wp:attachment":[{"href":"https:\/\/www.pspo.edu.pl\/pspo\/wp-json\/wp\/v2\/media?parent=511"}],"curies":[{"name":"wp","href":"https:\/\/api.w.org\/{rel}","templated":true}]}}