{"id":513,"date":"2022-10-13T11:40:57","date_gmt":"2022-10-13T09:40:57","guid":{"rendered":"https:\/\/webfach.vxm.pl\/pspo\/?page_id=513"},"modified":"2022-10-19T15:41:27","modified_gmt":"2022-10-19T13:41:27","slug":"logopeda","status":"publish","type":"page","link":"https:\/\/www.pspo.edu.pl\/pspo\/o-nas\/opieka\/logopeda\/","title":{"rendered":"Logopeda"},"content":{"rendered":"<p>W Spo\u0142ecznej Szkole Podstawowej nr 13 terapi\u0119 logopedyczn\u0105 prowadz\u0119 8 lat. Uko\u0144czy\u0142am pedagogik\u0119 na Uniwersytecie M. Kopernika w Toruniu oraz filologi\u0119 polsk\u0105 i logopedi\u0119. Przez wiele lat uczy\u0142am j\u0119zyka polskiego.<br \/>\nOd ponad 15 lat moje zainteresowania koncentruj\u0105 si\u0119 na logopedii. Poszukuj\u0119 nowych, bardziej efektywnych metod terapii oraz doskonal\u0119 sw\u00f3j warsztat pracy, mi\u0119dzy innymi w\u0142\u0105czam logopedyczne elementy integracji sensorycznej. Prywatnie lubi\u0119 pisa\u0107 wiersze, uwielbiam kontakt z przyrod\u0105 i kajakarstwo.<\/p>\n<p><span style=\"font-size: 18pt;\"><strong><span style=\"color: #003366;\">Logopeda\u00a0&#8211;\u00a0<a style=\"color: #003366;\" href=\"mailto:Irena.Szymanska@pspo.edu.pl\">Irena Szyma\u0144ska<\/a><\/span><\/strong><\/span><\/p>\n<h2><span style=\"font-size: 18pt;\"><strong>Terapia logopedyczna<\/strong><\/span><\/h2>\n<p>G\u0142\u00f3wnym celem terapii logopedycznej jest korygowanie zaburze\u0144 mowy. Nie u wszystkich dzieci, kt\u00f3re rozpoczynaj\u0105 nauk\u0119 w szkole podstawowej, prawid\u0142owo przebiega proces rozwoju mowy. Wiele z nich ma zak\u0142\u00f3cenia b\u0105d\u017a zaburzenia mowy wynikaj\u0105ce z r\u00f3\u017cnych przyczyn. Logopeda w szkole diagnozuje problem, opracowuje indywidualny program terapii, prowadzi \u0107wiczenia maj\u0105ce na celu skorygowanie wad mowy, kszta\u0142tuje prawid\u0142ow\u0105 wymow\u0119 oraz umiej\u0119tno\u015bci j\u0119zykowego porozumiewania si\u0119. Kwalifikowanie dzieci na terapi\u0119 logopedyczn\u0105 odbywa si\u0119 na pocz\u0105tku roku szkolnego podczas bada\u0144 przesiewowych. Z uwagi na fakt, \u017ce ka\u017cde dziecko jest innym przypadkiem terapeutycznym, zaj\u0119cia prowadzone s\u0105 indywidualnie. Ucz\u0119szczaj\u0105 na nie dzieci zapisane przez rodzic\u00f3w, a zaj\u0119cia s\u0105 odp\u0142atne.<\/p>\n<h3><span style=\"font-size: 18pt;\"><strong>W roku szkolnym 2019 \/ 2020\u00a0logopeda dy\u017curuje w nast\u0119puj\u0105cych godzinach:<\/strong><\/span><\/h3>\n<ul>\n<li>Poniedzia\u0142ek 08:00 &#8211; 16:30<\/li>\n<li>Wtorek 08:00 &#8211; 16:30<\/li>\n<li>\u015aroda 08:00\u00a0&#8211; 14:00<\/li>\n<li>Czwartek 8:00 &#8211; 11:00<\/li>\n<\/ul>\n<p>Pami\u0119tajmy o tym, \u017ce logopedyczny sukces dziecka musi by\u0107 poprzedzony systematyczn\u0105 i wytrwa\u0142\u0105 prac\u0105,<br \/>\nzar\u00f3wno w gabinecie logopedycznym jak i w domu przy wsp\u00f3\u0142udziale Rodzica.<\/p>\n<!-- AddThis Advanced Settings generic via filter on the_content --><!-- AddThis Share Buttons generic via filter on the_content -->","protected":false},"excerpt":{"rendered":"<p>W Spo\u0142ecznej Szkole Podstawowej nr 13 terapi\u0119 logopedyczn\u0105 prowadz\u0119 8 lat. Uko\u0144czy\u0142am pedagogik\u0119 na Uniwersytecie M. Kopernika w Toruniu oraz filologi\u0119 polsk\u0105 i logopedi\u0119. Przez wiele lat uczy\u0142am j\u0119zyka polskiego. Od ponad 15 lat moje zainteresowania koncentruj\u0105 si\u0119 na logopedii. Poszukuj\u0119 nowych, bardziej efektywnych metod terapii oraz doskonal\u0119 sw\u00f3j warsztat pracy, mi\u0119dzy innymi w\u0142\u0105czam logopedyczne &hellip;<!-- AddThis Advanced Settings generic via filter on get_the_excerpt --><!-- AddThis Share Buttons generic via filter on get_the_excerpt --><\/p>\n","protected":false},"author":1,"featured_media":0,"parent":511,"menu_order":0,"comment_status":"closed","ping_status":"closed","template":"","meta":{"inline_featured_image":false,"ngg_post_thumbnail":0,"footnotes":""},"class_list":["post-513","page","type-page","status-publish","hentry"],"yoast_head":"<!-- This site is optimized with the Yoast SEO plugin v27.4 - https:\/\/yoast.com\/product\/yoast-seo-wordpress\/ -->\n<title>Logopeda - PSPO<\/title>\n<meta name=\"robots\" content=\"index, follow, max-snippet:-1, max-image-preview:large, max-video-preview:-1\" \/>\n<link rel=\"canonical\" href=\"https:\/\/www.pspo.edu.pl\/pspo\/o-nas\/opieka\/logopeda\/\" \/>\n<meta property=\"og:locale\" content=\"pl_PL\" \/>\n<meta property=\"og:type\" content=\"article\" \/>\n<meta property=\"og:title\" content=\"Logopeda - PSPO\" \/>\n<meta property=\"og:description\" content=\"W Spo\u0142ecznej Szkole Podstawowej nr 13 terapi\u0119 logopedyczn\u0105 prowadz\u0119 8 lat. Uko\u0144czy\u0142am pedagogik\u0119 na Uniwersytecie M. Kopernika w Toruniu oraz filologi\u0119 polsk\u0105 i logopedi\u0119. Przez wiele lat uczy\u0142am j\u0119zyka polskiego. Od ponad 15 lat moje zainteresowania koncentruj\u0105 si\u0119 na logopedii. Poszukuj\u0119 nowych, bardziej efektywnych metod terapii oraz doskonal\u0119 sw\u00f3j warsztat pracy, mi\u0119dzy innymi w\u0142\u0105czam logopedyczne &hellip;\" \/>\n<meta property=\"og:url\" content=\"https:\/\/www.pspo.edu.pl\/pspo\/o-nas\/opieka\/logopeda\/\" \/>\n<meta property=\"og:site_name\" content=\"PSPO\" \/>\n<meta property=\"article:modified_time\" content=\"2022-10-19T13:41:27+00:00\" \/>\n<meta name=\"twitter:card\" content=\"summary_large_image\" \/>\n<meta name=\"twitter:label1\" content=\"Szacowany czas czytania\" \/>\n\t<meta name=\"twitter:data1\" content=\"2 minuty\" \/>\n<script type=\"application\/ld+json\" class=\"yoast-schema-graph\">{\"@context\":\"https:\\\/\\\/schema.org\",\"@graph\":[{\"@type\":\"WebPage\",\"@id\":\"https:\\\/\\\/www.pspo.edu.pl\\\/pspo\\\/o-nas\\\/opieka\\\/logopeda\\\/\",\"url\":\"https:\\\/\\\/www.pspo.edu.pl\\\/pspo\\\/o-nas\\\/opieka\\\/logopeda\\\/\",\"name\":\"Logopeda - PSPO\",\"isPartOf\":{\"@id\":\"https:\\\/\\\/www.pspo.edu.pl\\\/pspo\\\/#website\"},\"datePublished\":\"2022-10-13T09:40:57+00:00\",\"dateModified\":\"2022-10-19T13:41:27+00:00\",\"breadcrumb\":{\"@id\":\"https:\\\/\\\/www.pspo.edu.pl\\\/pspo\\\/o-nas\\\/opieka\\\/logopeda\\\/#breadcrumb\"},\"inLanguage\":\"pl-PL\",\"potentialAction\":[{\"@type\":\"ReadAction\",\"target\":[\"https:\\\/\\\/www.pspo.edu.pl\\\/pspo\\\/o-nas\\\/opieka\\\/logopeda\\\/\"]}]},{\"@type\":\"BreadcrumbList\",\"@id\":\"https:\\\/\\\/www.pspo.edu.pl\\\/pspo\\\/o-nas\\\/opieka\\\/logopeda\\\/#breadcrumb\",\"itemListElement\":[{\"@type\":\"ListItem\",\"position\":1,\"name\":\"Strona g\u0142\u00f3wna\",\"item\":\"https:\\\/\\\/www.pspo.edu.pl\\\/pspo\\\/\"},{\"@type\":\"ListItem\",\"position\":2,\"name\":\"O nas\",\"item\":\"https:\\\/\\\/www.pspo.edu.pl\\\/pspo\\\/o-nas\\\/\"},{\"@type\":\"ListItem\",\"position\":3,\"name\":\"Opieka\",\"item\":\"https:\\\/\\\/www.pspo.edu.pl\\\/pspo\\\/o-nas\\\/opieka\\\/\"},{\"@type\":\"ListItem\",\"position\":4,\"name\":\"Logopeda\"}]},{\"@type\":\"WebSite\",\"@id\":\"https:\\\/\\\/www.pspo.edu.pl\\\/pspo\\\/#website\",\"url\":\"https:\\\/\\\/www.pspo.edu.pl\\\/pspo\\\/\",\"name\":\"PSPO\",\"description\":\"Polskie Stowarzyszenie Promocji O\u015bwiatowych\",\"potentialAction\":[{\"@type\":\"SearchAction\",\"target\":{\"@type\":\"EntryPoint\",\"urlTemplate\":\"https:\\\/\\\/www.pspo.edu.pl\\\/pspo\\\/?s={search_term_string}\"},\"query-input\":{\"@type\":\"PropertyValueSpecification\",\"valueRequired\":true,\"valueName\":\"search_term_string\"}}],\"inLanguage\":\"pl-PL\"}]}<\/script>\n<!-- \/ Yoast SEO plugin. -->","yoast_head_json":{"title":"Logopeda - PSPO","robots":{"index":"index","follow":"follow","max-snippet":"max-snippet:-1","max-image-preview":"max-image-preview:large","max-video-preview":"max-video-preview:-1"},"canonical":"https:\/\/www.pspo.edu.pl\/pspo\/o-nas\/opieka\/logopeda\/","og_locale":"pl_PL","og_type":"article","og_title":"Logopeda - PSPO","og_description":"W Spo\u0142ecznej Szkole Podstawowej nr 13 terapi\u0119 logopedyczn\u0105 prowadz\u0119 8 lat. Uko\u0144czy\u0142am pedagogik\u0119 na Uniwersytecie M. Kopernika w Toruniu oraz filologi\u0119 polsk\u0105 i logopedi\u0119. Przez wiele lat uczy\u0142am j\u0119zyka polskiego. Od ponad 15 lat moje zainteresowania koncentruj\u0105 si\u0119 na logopedii. Poszukuj\u0119 nowych, bardziej efektywnych metod terapii oraz doskonal\u0119 sw\u00f3j warsztat pracy, mi\u0119dzy innymi w\u0142\u0105czam logopedyczne &hellip;","og_url":"https:\/\/www.pspo.edu.pl\/pspo\/o-nas\/opieka\/logopeda\/","og_site_name":"PSPO","article_modified_time":"2022-10-19T13:41:27+00:00","twitter_card":"summary_large_image","twitter_misc":{"Szacowany czas czytania":"2 minuty"},"schema":{"@context":"https:\/\/schema.org","@graph":[{"@type":"WebPage","@id":"https:\/\/www.pspo.edu.pl\/pspo\/o-nas\/opieka\/logopeda\/","url":"https:\/\/www.pspo.edu.pl\/pspo\/o-nas\/opieka\/logopeda\/","name":"Logopeda - PSPO","isPartOf":{"@id":"https:\/\/www.pspo.edu.pl\/pspo\/#website"},"datePublished":"2022-10-13T09:40:57+00:00","dateModified":"2022-10-19T13:41:27+00:00","breadcrumb":{"@id":"https:\/\/www.pspo.edu.pl\/pspo\/o-nas\/opieka\/logopeda\/#breadcrumb"},"inLanguage":"pl-PL","potentialAction":[{"@type":"ReadAction","target":["https:\/\/www.pspo.edu.pl\/pspo\/o-nas\/opieka\/logopeda\/"]}]},{"@type":"BreadcrumbList","@id":"https:\/\/www.pspo.edu.pl\/pspo\/o-nas\/opieka\/logopeda\/#breadcrumb","itemListElement":[{"@type":"ListItem","position":1,"name":"Strona g\u0142\u00f3wna","item":"https:\/\/www.pspo.edu.pl\/pspo\/"},{"@type":"ListItem","position":2,"name":"O nas","item":"https:\/\/www.pspo.edu.pl\/pspo\/o-nas\/"},{"@type":"ListItem","position":3,"name":"Opieka","item":"https:\/\/www.pspo.edu.pl\/pspo\/o-nas\/opieka\/"},{"@type":"ListItem","position":4,"name":"Logopeda"}]},{"@type":"WebSite","@id":"https:\/\/www.pspo.edu.pl\/pspo\/#website","url":"https:\/\/www.pspo.edu.pl\/pspo\/","name":"PSPO","description":"Polskie Stowarzyszenie Promocji O\u015bwiatowych","potentialAction":[{"@type":"SearchAction","target":{"@type":"EntryPoint","urlTemplate":"https:\/\/www.pspo.edu.pl\/pspo\/?s={search_term_string}"},"query-input":{"@type":"PropertyValueSpecification","valueRequired":true,"valueName":"search_term_string"}}],"inLanguage":"pl-PL"}]}},"_links":{"self":[{"href":"https:\/\/www.pspo.edu.pl\/pspo\/wp-json\/wp\/v2\/pages\/513","targetHints":{"allow":["GET"]}}],"collection":[{"href":"https:\/\/www.pspo.edu.pl\/pspo\/wp-json\/wp\/v2\/pages"}],"about":[{"href":"https:\/\/www.pspo.edu.pl\/pspo\/wp-json\/wp\/v2\/types\/page"}],"author":[{"embeddable":true,"href":"https:\/\/www.pspo.edu.pl\/pspo\/wp-json\/wp\/v2\/users\/1"}],"replies":[{"embeddable":true,"href":"https:\/\/www.pspo.edu.pl\/pspo\/wp-json\/wp\/v2\/comments?post=513"}],"version-history":[{"count":3,"href":"https:\/\/www.pspo.edu.pl\/pspo\/wp-json\/wp\/v2\/pages\/513\/revisions"}],"predecessor-version":[{"id":633,"href":"https:\/\/www.pspo.edu.pl\/pspo\/wp-json\/wp\/v2\/pages\/513\/revisions\/633"}],"up":[{"embeddable":true,"href":"https:\/\/www.pspo.edu.pl\/pspo\/wp-json\/wp\/v2\/pages\/511"}],"wp:attachment":[{"href":"https:\/\/www.pspo.edu.pl\/pspo\/wp-json\/wp\/v2\/media?parent=513"}],"curies":[{"name":"wp","href":"https:\/\/api.w.org\/{rel}","templated":true}]}}