{"id":515,"date":"2022-10-13T11:41:16","date_gmt":"2022-10-13T09:41:16","guid":{"rendered":"https:\/\/webfach.vxm.pl\/pspo\/?page_id=515"},"modified":"2022-10-19T15:52:09","modified_gmt":"2022-10-19T13:52:09","slug":"pedagog","status":"publish","type":"page","link":"https:\/\/www.pspo.edu.pl\/pspo\/o-nas\/opieka\/pedagog\/","title":{"rendered":"Pedagog"},"content":{"rendered":"<p><strong><a href=\"mailto:Iwona.Swiatkowska@pspo.edu.pl\">Iwona \u015awi\u0105tkowska<\/a>\u00a0<\/strong>&#8211; pedagog w szkole podstawowej (klasy 1 &#8211; 6),\u00a0kontakt telefoniczny w godzinach pracy<br \/>\npod numerem<strong>\u00a0690 003 430\u00a0<\/strong><\/p>\n<p><strong>Plan zaj\u0119\u0107 pedagoga:<\/strong><br \/>\nwtorek &#8211; pi\u0105tek 8.00 &#8211; 15.00.<\/p>\n<p><strong><a href=\"mailto:Joanna.Sandomierska@pspo.edu.pl\">Joanna Sandomierska<\/a>\u00a0<\/strong>&#8211; pedagog w klasach VII i VIII oraz\u00a0liceum &#8211;\u00a0kontakt telefoniczny w godzinach pracy<br \/>\npod numerem\u00a0<strong>690 001 420\u00a0<\/strong><\/p>\n<p><strong>Plan zaj\u0119\u0107 pedagoga:<\/strong><br \/>\nponiedzia\u0142ek i wtorek 8.30 &#8211; 16.00;<br \/>\nczwartek 11.30 &#8211; 16.00;<br \/>\npi\u0105tek 8.30 &#8211; 16.00.<\/p>\n<h1 class=\"entry-title \"><span style=\"font-size: 18pt;\"><strong><span style=\"color: #003366;\">Terapia pedagogiczna<\/span><\/strong><\/span><\/h1>\n<p>Ka\u017cde dziecko rozwija si\u0119 we w\u0142asnym tempie, w szczeg\u00f3lny dla siebie spos\u00f3b. Zdarza si\u0119 jednak, \u017ce mimo dobrej<br \/>\n(a cz\u0119sto ponadprzeci\u0119tnej ) sprawno\u015bci intelektualnej napotyka na trudno\u015bci szkolne. Jest to sygna\u0142, by poszuka\u0107 przyczyny tych niepowodze\u0144.<\/p>\n<p>Zw\u0142aszcza w pocz\u0105tkowym okresie nauki szkolnej konieczne jest indywidualne rozpoznawanie potrzeb i mo\u017cliwo\u015bci dzieci, dopasowywanie metod i tempa pracy do specyfiki rozwoju ka\u017cdego z uczni\u00f3w. Dlatego tworzymy szko\u0142\u0119 przyjazn\u0105 uczniom z dysleksj\u0105.<\/p>\n<p>Szczeg\u00f3ln\u0105 trosk\u0105 obejmujemy dzieci z tzw. grupy ryzyka dysleksji. Nauczyciele edukacji wczesnoszkolnej:<\/p>\n<ul>\n<li>rozpoznaj\u0105 specyficzne trudno\u015bci w nauce ju\u017c u uczni\u00f3w kl. 1, poprzez dokonanie wczesnej diagnozy (kwestionariusz opracowany przez prof. M. Bogdanowicz ),<\/li>\n<li>udzielaj\u0105 pomocy uczniom w postaci programu wsparcia dostosowanego do indywidualnych potrzeb,<\/li>\n<li>prowadz\u0105 zaj\u0119cia korekcyjno \u2013 kompensacyjne ( indywidualne lub grupowe ) dla uczni\u00f3w kl. 1 \u2013 6,<\/li>\n<li>dokonuj\u0105 oceny skuteczno\u015bci udzielonego wsparcia poprzez zastosowanie test\u00f3w umiej\u0119tno\u015bci szkolnych.<\/li>\n<\/ul>\n<!-- AddThis Advanced Settings generic via filter on the_content --><!-- AddThis Share Buttons generic via filter on the_content -->","protected":false},"excerpt":{"rendered":"<p>Iwona \u015awi\u0105tkowska\u00a0&#8211; pedagog w szkole podstawowej (klasy 1 &#8211; 6),\u00a0kontakt telefoniczny w godzinach pracy pod numerem\u00a0690 003 430\u00a0 Plan zaj\u0119\u0107 pedagoga: wtorek &#8211; pi\u0105tek 8.00 &#8211; 15.00. Joanna Sandomierska\u00a0&#8211; pedagog w klasach VII i VIII oraz\u00a0liceum &#8211;\u00a0kontakt telefoniczny w godzinach pracy pod numerem\u00a0690 001 420\u00a0 Plan zaj\u0119\u0107 pedagoga: poniedzia\u0142ek i wtorek 8.30 &#8211; 16.00; czwartek &hellip;<!-- AddThis Advanced Settings generic via filter on get_the_excerpt --><!-- AddThis Share Buttons generic via filter on get_the_excerpt --><\/p>\n","protected":false},"author":1,"featured_media":0,"parent":511,"menu_order":0,"comment_status":"closed","ping_status":"closed","template":"","meta":{"inline_featured_image":false,"ngg_post_thumbnail":0,"footnotes":""},"class_list":["post-515","page","type-page","status-publish","hentry"],"yoast_head":"<!-- This site is optimized with the Yoast SEO plugin v27.4 - https:\/\/yoast.com\/product\/yoast-seo-wordpress\/ -->\n<title>Pedagog - PSPO<\/title>\n<meta name=\"robots\" content=\"index, follow, max-snippet:-1, max-image-preview:large, max-video-preview:-1\" \/>\n<link rel=\"canonical\" href=\"https:\/\/www.pspo.edu.pl\/pspo\/o-nas\/opieka\/pedagog\/\" \/>\n<meta property=\"og:locale\" content=\"pl_PL\" \/>\n<meta property=\"og:type\" content=\"article\" \/>\n<meta property=\"og:title\" content=\"Pedagog - PSPO\" \/>\n<meta property=\"og:description\" content=\"Iwona \u015awi\u0105tkowska\u00a0&#8211; pedagog w szkole podstawowej (klasy 1 &#8211; 6),\u00a0kontakt telefoniczny w godzinach pracy pod numerem\u00a0690 003 430\u00a0 Plan zaj\u0119\u0107 pedagoga: wtorek &#8211; pi\u0105tek 8.00 &#8211; 15.00. Joanna Sandomierska\u00a0&#8211; pedagog w klasach VII i VIII oraz\u00a0liceum &#8211;\u00a0kontakt telefoniczny w godzinach pracy pod numerem\u00a0690 001 420\u00a0 Plan zaj\u0119\u0107 pedagoga: poniedzia\u0142ek i wtorek 8.30 &#8211; 16.00; czwartek &hellip;\" \/>\n<meta property=\"og:url\" content=\"https:\/\/www.pspo.edu.pl\/pspo\/o-nas\/opieka\/pedagog\/\" \/>\n<meta property=\"og:site_name\" content=\"PSPO\" \/>\n<meta property=\"article:modified_time\" content=\"2022-10-19T13:52:09+00:00\" \/>\n<meta name=\"twitter:card\" content=\"summary_large_image\" \/>\n<meta name=\"twitter:label1\" content=\"Szacowany czas czytania\" \/>\n\t<meta name=\"twitter:data1\" content=\"2 minuty\" \/>\n<script type=\"application\/ld+json\" class=\"yoast-schema-graph\">{\"@context\":\"https:\\\/\\\/schema.org\",\"@graph\":[{\"@type\":\"WebPage\",\"@id\":\"https:\\\/\\\/www.pspo.edu.pl\\\/pspo\\\/o-nas\\\/opieka\\\/pedagog\\\/\",\"url\":\"https:\\\/\\\/www.pspo.edu.pl\\\/pspo\\\/o-nas\\\/opieka\\\/pedagog\\\/\",\"name\":\"Pedagog - PSPO\",\"isPartOf\":{\"@id\":\"https:\\\/\\\/www.pspo.edu.pl\\\/pspo\\\/#website\"},\"datePublished\":\"2022-10-13T09:41:16+00:00\",\"dateModified\":\"2022-10-19T13:52:09+00:00\",\"breadcrumb\":{\"@id\":\"https:\\\/\\\/www.pspo.edu.pl\\\/pspo\\\/o-nas\\\/opieka\\\/pedagog\\\/#breadcrumb\"},\"inLanguage\":\"pl-PL\",\"potentialAction\":[{\"@type\":\"ReadAction\",\"target\":[\"https:\\\/\\\/www.pspo.edu.pl\\\/pspo\\\/o-nas\\\/opieka\\\/pedagog\\\/\"]}]},{\"@type\":\"BreadcrumbList\",\"@id\":\"https:\\\/\\\/www.pspo.edu.pl\\\/pspo\\\/o-nas\\\/opieka\\\/pedagog\\\/#breadcrumb\",\"itemListElement\":[{\"@type\":\"ListItem\",\"position\":1,\"name\":\"Strona g\u0142\u00f3wna\",\"item\":\"https:\\\/\\\/www.pspo.edu.pl\\\/pspo\\\/\"},{\"@type\":\"ListItem\",\"position\":2,\"name\":\"O nas\",\"item\":\"https:\\\/\\\/www.pspo.edu.pl\\\/pspo\\\/o-nas\\\/\"},{\"@type\":\"ListItem\",\"position\":3,\"name\":\"Opieka\",\"item\":\"https:\\\/\\\/www.pspo.edu.pl\\\/pspo\\\/o-nas\\\/opieka\\\/\"},{\"@type\":\"ListItem\",\"position\":4,\"name\":\"Pedagog\"}]},{\"@type\":\"WebSite\",\"@id\":\"https:\\\/\\\/www.pspo.edu.pl\\\/pspo\\\/#website\",\"url\":\"https:\\\/\\\/www.pspo.edu.pl\\\/pspo\\\/\",\"name\":\"PSPO\",\"description\":\"Polskie Stowarzyszenie Promocji O\u015bwiatowych\",\"potentialAction\":[{\"@type\":\"SearchAction\",\"target\":{\"@type\":\"EntryPoint\",\"urlTemplate\":\"https:\\\/\\\/www.pspo.edu.pl\\\/pspo\\\/?s={search_term_string}\"},\"query-input\":{\"@type\":\"PropertyValueSpecification\",\"valueRequired\":true,\"valueName\":\"search_term_string\"}}],\"inLanguage\":\"pl-PL\"}]}<\/script>\n<!-- \/ Yoast SEO plugin. -->","yoast_head_json":{"title":"Pedagog - PSPO","robots":{"index":"index","follow":"follow","max-snippet":"max-snippet:-1","max-image-preview":"max-image-preview:large","max-video-preview":"max-video-preview:-1"},"canonical":"https:\/\/www.pspo.edu.pl\/pspo\/o-nas\/opieka\/pedagog\/","og_locale":"pl_PL","og_type":"article","og_title":"Pedagog - PSPO","og_description":"Iwona \u015awi\u0105tkowska\u00a0&#8211; pedagog w szkole podstawowej (klasy 1 &#8211; 6),\u00a0kontakt telefoniczny w godzinach pracy pod numerem\u00a0690 003 430\u00a0 Plan zaj\u0119\u0107 pedagoga: wtorek &#8211; pi\u0105tek 8.00 &#8211; 15.00. Joanna Sandomierska\u00a0&#8211; pedagog w klasach VII i VIII oraz\u00a0liceum &#8211;\u00a0kontakt telefoniczny w godzinach pracy pod numerem\u00a0690 001 420\u00a0 Plan zaj\u0119\u0107 pedagoga: poniedzia\u0142ek i wtorek 8.30 &#8211; 16.00; czwartek &hellip;","og_url":"https:\/\/www.pspo.edu.pl\/pspo\/o-nas\/opieka\/pedagog\/","og_site_name":"PSPO","article_modified_time":"2022-10-19T13:52:09+00:00","twitter_card":"summary_large_image","twitter_misc":{"Szacowany czas czytania":"2 minuty"},"schema":{"@context":"https:\/\/schema.org","@graph":[{"@type":"WebPage","@id":"https:\/\/www.pspo.edu.pl\/pspo\/o-nas\/opieka\/pedagog\/","url":"https:\/\/www.pspo.edu.pl\/pspo\/o-nas\/opieka\/pedagog\/","name":"Pedagog - PSPO","isPartOf":{"@id":"https:\/\/www.pspo.edu.pl\/pspo\/#website"},"datePublished":"2022-10-13T09:41:16+00:00","dateModified":"2022-10-19T13:52:09+00:00","breadcrumb":{"@id":"https:\/\/www.pspo.edu.pl\/pspo\/o-nas\/opieka\/pedagog\/#breadcrumb"},"inLanguage":"pl-PL","potentialAction":[{"@type":"ReadAction","target":["https:\/\/www.pspo.edu.pl\/pspo\/o-nas\/opieka\/pedagog\/"]}]},{"@type":"BreadcrumbList","@id":"https:\/\/www.pspo.edu.pl\/pspo\/o-nas\/opieka\/pedagog\/#breadcrumb","itemListElement":[{"@type":"ListItem","position":1,"name":"Strona g\u0142\u00f3wna","item":"https:\/\/www.pspo.edu.pl\/pspo\/"},{"@type":"ListItem","position":2,"name":"O nas","item":"https:\/\/www.pspo.edu.pl\/pspo\/o-nas\/"},{"@type":"ListItem","position":3,"name":"Opieka","item":"https:\/\/www.pspo.edu.pl\/pspo\/o-nas\/opieka\/"},{"@type":"ListItem","position":4,"name":"Pedagog"}]},{"@type":"WebSite","@id":"https:\/\/www.pspo.edu.pl\/pspo\/#website","url":"https:\/\/www.pspo.edu.pl\/pspo\/","name":"PSPO","description":"Polskie Stowarzyszenie Promocji O\u015bwiatowych","potentialAction":[{"@type":"SearchAction","target":{"@type":"EntryPoint","urlTemplate":"https:\/\/www.pspo.edu.pl\/pspo\/?s={search_term_string}"},"query-input":{"@type":"PropertyValueSpecification","valueRequired":true,"valueName":"search_term_string"}}],"inLanguage":"pl-PL"}]}},"_links":{"self":[{"href":"https:\/\/www.pspo.edu.pl\/pspo\/wp-json\/wp\/v2\/pages\/515","targetHints":{"allow":["GET"]}}],"collection":[{"href":"https:\/\/www.pspo.edu.pl\/pspo\/wp-json\/wp\/v2\/pages"}],"about":[{"href":"https:\/\/www.pspo.edu.pl\/pspo\/wp-json\/wp\/v2\/types\/page"}],"author":[{"embeddable":true,"href":"https:\/\/www.pspo.edu.pl\/pspo\/wp-json\/wp\/v2\/users\/1"}],"replies":[{"embeddable":true,"href":"https:\/\/www.pspo.edu.pl\/pspo\/wp-json\/wp\/v2\/comments?post=515"}],"version-history":[{"count":6,"href":"https:\/\/www.pspo.edu.pl\/pspo\/wp-json\/wp\/v2\/pages\/515\/revisions"}],"predecessor-version":[{"id":639,"href":"https:\/\/www.pspo.edu.pl\/pspo\/wp-json\/wp\/v2\/pages\/515\/revisions\/639"}],"up":[{"embeddable":true,"href":"https:\/\/www.pspo.edu.pl\/pspo\/wp-json\/wp\/v2\/pages\/511"}],"wp:attachment":[{"href":"https:\/\/www.pspo.edu.pl\/pspo\/wp-json\/wp\/v2\/media?parent=515"}],"curies":[{"name":"wp","href":"https:\/\/api.w.org\/{rel}","templated":true}]}}