{"id":518,"date":"2022-10-13T11:41:38","date_gmt":"2022-10-13T09:41:38","guid":{"rendered":"https:\/\/webfach.vxm.pl\/pspo\/?page_id=518"},"modified":"2022-10-19T15:39:03","modified_gmt":"2022-10-19T13:39:03","slug":"psycholog","status":"publish","type":"page","link":"https:\/\/www.pspo.edu.pl\/pspo\/o-nas\/opieka\/psycholog\/","title":{"rendered":"Psycholog"},"content":{"rendered":"<p><strong><a href=\"mailto:magdalena.glowinska@pspo.edu.pl\">Magdalena G\u0142owi\u0144ska<\/a>\u00a0<\/strong>psycholog w SSP13\u00a0(klasy 1 &#8211; 6),\u00a0kontakt telefoniczny w godzinach pracy<br \/>\npod numerem\u00a0<strong>690 003 430\u00a0<\/strong><\/p>\n<p><strong>Plan zaj\u0119\u0107 psychologa:<\/strong><\/p>\n<ul>\n<li>poniedzia\u0142ek \u00a008.00 &#8211; 15.00<\/li>\n<li>wtorek 7.30 &#8211; 13.00<\/li>\n<li>\u015broda 08.00 &#8211; 9.30 + 11.30 &#8211; 15.30<\/li>\n<li>czwartek 8.00 &#8211; 11.00 + 13.00 &#8211; 14.30<\/li>\n<li>pi\u0105tek 7.30 &#8211; 11.00<\/li>\n<\/ul>\n<p><strong>Dominika Urba\u0144czyk<\/strong> psycholog w przedszkolu, klasach VII, VIII i liceum &#8211; kontakt telefoniczny w godzinach pracy<br \/>\npod numerem\u00a0<strong>690 003 770<\/strong><\/p>\n<p><strong>Plan zaj\u0119\u0107 psychologa:<\/strong><\/p>\n<ul>\n<li>wtorek 8.00 &#8211; 17.00 (klasy VII i VIII, liceum)<\/li>\n<li>\u015broda 8.00\u00a0&#8211; 17.00\u00a0(klasy VII i VIII, liceum)<\/li>\n<li>czwartek 7.45\u00a0&#8211; 16.00\u00a0(klasy VII i VIII, liceum); 16.00 &#8211; 17.00 (przedszkole)<\/li>\n<li>pi\u0105tek 7.45\u00a0&#8211; 11.30\u00a0(klasy VII i VIII, liceum); 11.30 &#8211; 12.30 (przedszkole)<\/li>\n<\/ul>\n<p><strong><a class=\" \" href=\"http:\/\/www.pspo.edu.pl\/o-nas\/nauczyciele\/natalia-boszczyk\/\">Natalia Boszczyk<\/a><\/strong>\u00a0psycholog w klasach VII, VIII i liceum<\/p>\n<p><strong>Plan zaj\u0119\u0107 psychologa:<\/strong><\/p>\n<ul>\n<li>wtorek 8.30 &#8211; 9.15<\/li>\n<li>\u015broda 8.30 &#8211; 9.15<\/li>\n<li>czwartek 9.30 &#8211; 11.00<\/li>\n<\/ul>\n<!-- AddThis Advanced Settings generic via filter on the_content --><!-- AddThis Share Buttons generic via filter on the_content -->","protected":false},"excerpt":{"rendered":"<p>Magdalena G\u0142owi\u0144ska\u00a0psycholog w SSP13\u00a0(klasy 1 &#8211; 6),\u00a0kontakt telefoniczny w godzinach pracy pod numerem\u00a0690 003 430\u00a0 Plan zaj\u0119\u0107 psychologa: poniedzia\u0142ek \u00a008.00 &#8211; 15.00 wtorek 7.30 &#8211; 13.00 \u015broda 08.00 &#8211; 9.30 + 11.30 &#8211; 15.30 czwartek 8.00 &#8211; 11.00 + 13.00 &#8211; 14.30 pi\u0105tek 7.30 &#8211; 11.00 Dominika Urba\u0144czyk psycholog w przedszkolu, klasach VII, VIII i &hellip;<!-- AddThis Advanced Settings generic via filter on get_the_excerpt --><!-- AddThis Share Buttons generic via filter on get_the_excerpt --><\/p>\n","protected":false},"author":1,"featured_media":0,"parent":511,"menu_order":0,"comment_status":"closed","ping_status":"closed","template":"","meta":{"inline_featured_image":false,"ngg_post_thumbnail":0,"footnotes":""},"class_list":["post-518","page","type-page","status-publish","hentry"],"yoast_head":"<!-- This site is optimized with the Yoast SEO plugin v27.4 - https:\/\/yoast.com\/product\/yoast-seo-wordpress\/ -->\n<title>Psycholog - PSPO<\/title>\n<meta name=\"robots\" content=\"index, follow, max-snippet:-1, max-image-preview:large, max-video-preview:-1\" \/>\n<link rel=\"canonical\" href=\"https:\/\/www.pspo.edu.pl\/pspo\/o-nas\/opieka\/psycholog\/\" \/>\n<meta property=\"og:locale\" content=\"pl_PL\" \/>\n<meta property=\"og:type\" content=\"article\" \/>\n<meta property=\"og:title\" content=\"Psycholog - PSPO\" \/>\n<meta property=\"og:description\" content=\"Magdalena G\u0142owi\u0144ska\u00a0psycholog w SSP13\u00a0(klasy 1 &#8211; 6),\u00a0kontakt telefoniczny w godzinach pracy pod numerem\u00a0690 003 430\u00a0 Plan zaj\u0119\u0107 psychologa: poniedzia\u0142ek \u00a008.00 &#8211; 15.00 wtorek 7.30 &#8211; 13.00 \u015broda 08.00 &#8211; 9.30 + 11.30 &#8211; 15.30 czwartek 8.00 &#8211; 11.00 + 13.00 &#8211; 14.30 pi\u0105tek 7.30 &#8211; 11.00 Dominika Urba\u0144czyk psycholog w przedszkolu, klasach VII, VIII i &hellip;\" \/>\n<meta property=\"og:url\" content=\"https:\/\/www.pspo.edu.pl\/pspo\/o-nas\/opieka\/psycholog\/\" \/>\n<meta property=\"og:site_name\" content=\"PSPO\" \/>\n<meta property=\"article:modified_time\" content=\"2022-10-19T13:39:03+00:00\" \/>\n<meta name=\"twitter:card\" content=\"summary_large_image\" \/>\n<meta name=\"twitter:label1\" content=\"Szacowany czas czytania\" \/>\n\t<meta name=\"twitter:data1\" content=\"1 minuta\" \/>\n<script type=\"application\/ld+json\" class=\"yoast-schema-graph\">{\"@context\":\"https:\\\/\\\/schema.org\",\"@graph\":[{\"@type\":\"WebPage\",\"@id\":\"https:\\\/\\\/www.pspo.edu.pl\\\/pspo\\\/o-nas\\\/opieka\\\/psycholog\\\/\",\"url\":\"https:\\\/\\\/www.pspo.edu.pl\\\/pspo\\\/o-nas\\\/opieka\\\/psycholog\\\/\",\"name\":\"Psycholog - PSPO\",\"isPartOf\":{\"@id\":\"https:\\\/\\\/www.pspo.edu.pl\\\/pspo\\\/#website\"},\"datePublished\":\"2022-10-13T09:41:38+00:00\",\"dateModified\":\"2022-10-19T13:39:03+00:00\",\"breadcrumb\":{\"@id\":\"https:\\\/\\\/www.pspo.edu.pl\\\/pspo\\\/o-nas\\\/opieka\\\/psycholog\\\/#breadcrumb\"},\"inLanguage\":\"pl-PL\",\"potentialAction\":[{\"@type\":\"ReadAction\",\"target\":[\"https:\\\/\\\/www.pspo.edu.pl\\\/pspo\\\/o-nas\\\/opieka\\\/psycholog\\\/\"]}]},{\"@type\":\"BreadcrumbList\",\"@id\":\"https:\\\/\\\/www.pspo.edu.pl\\\/pspo\\\/o-nas\\\/opieka\\\/psycholog\\\/#breadcrumb\",\"itemListElement\":[{\"@type\":\"ListItem\",\"position\":1,\"name\":\"Strona g\u0142\u00f3wna\",\"item\":\"https:\\\/\\\/www.pspo.edu.pl\\\/pspo\\\/\"},{\"@type\":\"ListItem\",\"position\":2,\"name\":\"O nas\",\"item\":\"https:\\\/\\\/www.pspo.edu.pl\\\/pspo\\\/o-nas\\\/\"},{\"@type\":\"ListItem\",\"position\":3,\"name\":\"Opieka\",\"item\":\"https:\\\/\\\/www.pspo.edu.pl\\\/pspo\\\/o-nas\\\/opieka\\\/\"},{\"@type\":\"ListItem\",\"position\":4,\"name\":\"Psycholog\"}]},{\"@type\":\"WebSite\",\"@id\":\"https:\\\/\\\/www.pspo.edu.pl\\\/pspo\\\/#website\",\"url\":\"https:\\\/\\\/www.pspo.edu.pl\\\/pspo\\\/\",\"name\":\"PSPO\",\"description\":\"Polskie Stowarzyszenie Promocji O\u015bwiatowych\",\"potentialAction\":[{\"@type\":\"SearchAction\",\"target\":{\"@type\":\"EntryPoint\",\"urlTemplate\":\"https:\\\/\\\/www.pspo.edu.pl\\\/pspo\\\/?s={search_term_string}\"},\"query-input\":{\"@type\":\"PropertyValueSpecification\",\"valueRequired\":true,\"valueName\":\"search_term_string\"}}],\"inLanguage\":\"pl-PL\"}]}<\/script>\n<!-- \/ Yoast SEO plugin. -->","yoast_head_json":{"title":"Psycholog - PSPO","robots":{"index":"index","follow":"follow","max-snippet":"max-snippet:-1","max-image-preview":"max-image-preview:large","max-video-preview":"max-video-preview:-1"},"canonical":"https:\/\/www.pspo.edu.pl\/pspo\/o-nas\/opieka\/psycholog\/","og_locale":"pl_PL","og_type":"article","og_title":"Psycholog - PSPO","og_description":"Magdalena G\u0142owi\u0144ska\u00a0psycholog w SSP13\u00a0(klasy 1 &#8211; 6),\u00a0kontakt telefoniczny w godzinach pracy pod numerem\u00a0690 003 430\u00a0 Plan zaj\u0119\u0107 psychologa: poniedzia\u0142ek \u00a008.00 &#8211; 15.00 wtorek 7.30 &#8211; 13.00 \u015broda 08.00 &#8211; 9.30 + 11.30 &#8211; 15.30 czwartek 8.00 &#8211; 11.00 + 13.00 &#8211; 14.30 pi\u0105tek 7.30 &#8211; 11.00 Dominika Urba\u0144czyk psycholog w przedszkolu, klasach VII, VIII i &hellip;","og_url":"https:\/\/www.pspo.edu.pl\/pspo\/o-nas\/opieka\/psycholog\/","og_site_name":"PSPO","article_modified_time":"2022-10-19T13:39:03+00:00","twitter_card":"summary_large_image","twitter_misc":{"Szacowany czas czytania":"1 minuta"},"schema":{"@context":"https:\/\/schema.org","@graph":[{"@type":"WebPage","@id":"https:\/\/www.pspo.edu.pl\/pspo\/o-nas\/opieka\/psycholog\/","url":"https:\/\/www.pspo.edu.pl\/pspo\/o-nas\/opieka\/psycholog\/","name":"Psycholog - PSPO","isPartOf":{"@id":"https:\/\/www.pspo.edu.pl\/pspo\/#website"},"datePublished":"2022-10-13T09:41:38+00:00","dateModified":"2022-10-19T13:39:03+00:00","breadcrumb":{"@id":"https:\/\/www.pspo.edu.pl\/pspo\/o-nas\/opieka\/psycholog\/#breadcrumb"},"inLanguage":"pl-PL","potentialAction":[{"@type":"ReadAction","target":["https:\/\/www.pspo.edu.pl\/pspo\/o-nas\/opieka\/psycholog\/"]}]},{"@type":"BreadcrumbList","@id":"https:\/\/www.pspo.edu.pl\/pspo\/o-nas\/opieka\/psycholog\/#breadcrumb","itemListElement":[{"@type":"ListItem","position":1,"name":"Strona g\u0142\u00f3wna","item":"https:\/\/www.pspo.edu.pl\/pspo\/"},{"@type":"ListItem","position":2,"name":"O nas","item":"https:\/\/www.pspo.edu.pl\/pspo\/o-nas\/"},{"@type":"ListItem","position":3,"name":"Opieka","item":"https:\/\/www.pspo.edu.pl\/pspo\/o-nas\/opieka\/"},{"@type":"ListItem","position":4,"name":"Psycholog"}]},{"@type":"WebSite","@id":"https:\/\/www.pspo.edu.pl\/pspo\/#website","url":"https:\/\/www.pspo.edu.pl\/pspo\/","name":"PSPO","description":"Polskie Stowarzyszenie Promocji O\u015bwiatowych","potentialAction":[{"@type":"SearchAction","target":{"@type":"EntryPoint","urlTemplate":"https:\/\/www.pspo.edu.pl\/pspo\/?s={search_term_string}"},"query-input":{"@type":"PropertyValueSpecification","valueRequired":true,"valueName":"search_term_string"}}],"inLanguage":"pl-PL"}]}},"_links":{"self":[{"href":"https:\/\/www.pspo.edu.pl\/pspo\/wp-json\/wp\/v2\/pages\/518","targetHints":{"allow":["GET"]}}],"collection":[{"href":"https:\/\/www.pspo.edu.pl\/pspo\/wp-json\/wp\/v2\/pages"}],"about":[{"href":"https:\/\/www.pspo.edu.pl\/pspo\/wp-json\/wp\/v2\/types\/page"}],"author":[{"embeddable":true,"href":"https:\/\/www.pspo.edu.pl\/pspo\/wp-json\/wp\/v2\/users\/1"}],"replies":[{"embeddable":true,"href":"https:\/\/www.pspo.edu.pl\/pspo\/wp-json\/wp\/v2\/comments?post=518"}],"version-history":[{"count":4,"href":"https:\/\/www.pspo.edu.pl\/pspo\/wp-json\/wp\/v2\/pages\/518\/revisions"}],"predecessor-version":[{"id":630,"href":"https:\/\/www.pspo.edu.pl\/pspo\/wp-json\/wp\/v2\/pages\/518\/revisions\/630"}],"up":[{"embeddable":true,"href":"https:\/\/www.pspo.edu.pl\/pspo\/wp-json\/wp\/v2\/pages\/511"}],"wp:attachment":[{"href":"https:\/\/www.pspo.edu.pl\/pspo\/wp-json\/wp\/v2\/media?parent=518"}],"curies":[{"name":"wp","href":"https:\/\/api.w.org\/{rel}","templated":true}]}}