{"id":520,"date":"2022-10-13T11:41:56","date_gmt":"2022-10-13T09:41:56","guid":{"rendered":"https:\/\/webfach.vxm.pl\/pspo\/?page_id=520"},"modified":"2023-03-21T15:45:20","modified_gmt":"2023-03-21T14:45:20","slug":"historia-pspo","status":"publish","type":"page","link":"https:\/\/www.pspo.edu.pl\/pspo\/o-nas\/historia-pspo\/","title":{"rendered":"Historia PSPO"},"content":{"rendered":"<h1 class=\"entry-title \"><strong><span style=\"font-size: 24pt;\">Historia szko\u0142y &#8211; 25 lat do\u015bwiadczenia<\/span><\/strong><\/h1>\n<div id=\"main\">\n<p>Pocz\u0105tki szk\u00f3\u0142 prowadzonych przez Polskie Stowarzyszenie Promocji O\u015bwiatowych Oddzia\u0142 I si\u0119gaj\u0105 2 stycznia 1990r. Wtedy to powsta\u0142a Fundacja \u201eNowa Szko\u0142a\u201d, kt\u00f3ra by\u0142a inicjatorem powo\u0142ania Spo\u0142ecznej Szko\u0142y Podstawowej nr 13.<\/p>\n<p>Szko\u0142a rozpocz\u0119\u0142a swoj\u0105 dzia\u0142alno\u015b\u0107 1 wrze\u015bnia 1990r. Nauk\u0119 podj\u0119li uczniowie klas 0 \u2013 6. Warunki nauczania by\u0142y trudne, gdy\u017c baraki przy ulicy Improwizacji nie by\u0142y przystosowane do zaj\u0119\u0107 szkolnych. By\u0142 to jeden z powod\u00f3w przej\u0119cia szko\u0142y przez grup\u0119 rodzic\u00f3w, kt\u00f3rzy postanowili utworzy\u0107 Polskie Stowarzyszenie Promocji O\u015bwiatowych &#8211; PSPO. Stowarzyszenie zosta\u0142o wpisane do rejestru stowarzysze\u0144 15 maja 1991 r. W tym samym dniu szko\u0142a otrzyma\u0142a imi\u0119 \u201eLotnik\u00f3w Ameryka\u0144skich\u201d. Pocz\u0105tkowo Stowarzyszenie liczy\u0142o trzy Oddzia\u0142y. Oddzia\u0142 I przej\u0105\u0142 od Fundacji \u201eNowa Szko\u0142a\u201d prowadzenie Spo\u0142ecznej Szko\u0142y Podstawowej nr 13. Dzi\u0119ki staraniom Zarz\u0105du PSPO Oddzia\u0142 I i pomocy finansowej prywatnej firmy jednego z rodzic\u00f3w uda\u0142o si\u0119 znale\u017a\u0107 now\u0105 siedzib\u0119 szko\u0142y \u2013 budynek nr 13 przy ul. W\u00f3ycickiego 1\/3, u\u017cytkowany poprzednio przez jednostk\u0119 wojskow\u0105.<\/p>\n<p>Nowa siedziba szko\u0142y wymaga\u0142a generalnego remontu. Cz\u0142onkowie Stowarzyszenia w\u0142o\u017cyli ogromn\u0105 prac\u0119<br \/>\nw modernizacj\u0119 budynku. Rodzice uczni\u00f3w pomagali anga\u017cuj\u0105c w\u0142asne firmy np. w wykonanie instalacji wodno-kanalizacyjnej.<\/p>\n<p>W roku szkolnym 1992\/1993 na I i II pi\u0119trze nowej siedziby nauk\u0119 rozpocz\u0119\u0142o 190 uczni\u00f3w.<\/p>\n<p>Najd\u0142u\u017cej trwa\u0142y prace remontowe na parterze, kt\u00f3ry by\u0142 najbardziej zniszczony. Po odnowieniu III &#8211; go pi\u0119tra mo\u017cliwe sta\u0142o si\u0119 utworzenie Liceum Og\u00f3lnokszta\u0142c\u0105cego.<\/p>\n<p>Liceum Og\u00f3lnokszta\u0142c\u0105ce Niepubliczne nr 43 rozpocz\u0119\u0142o swoj\u0105 dzia\u0142alno\u015b\u0107 1 wrze\u015bnia 1993r.<br \/>\nNa pocz\u0105tku ucz\u0119szcza\u0142 do niego 1 ucze\u0144. By\u0142a to najmniejsza szko\u0142a w Polsce, wkr\u00f3tce do\u0142\u0105czyli do niego inni uczniowie.<\/p>\n<p>W roku szkolnym 1995\/1996 pierwsi absolwenci Spo\u0142ecznej Szko\u0142y Podstawowej nr 13 podj\u0119li nauk\u0119 w naszym liceum.<\/p>\n<p>Uczniowie obu szk\u00f3\u0142 nie mogli doczeka\u0107 si\u0119 oddania do u\u017cytku nowej sali gimnastycznej, kt\u00f3rej budow\u0119 rozpocz\u0119to jesieni\u0105 1995r. Ca\u0142o\u015b\u0107 prac sfinansowano ze \u015brodk\u00f3w w\u0142asnych PSPO Oddzia\u0142 I oraz dotacji otrzymanej od Gminy Bielany.<\/p>\n<p>Wigili\u0119 szkoln\u0105 w 1996r. obchodzono ju\u017c w nowej sali gimnastycznej.<\/p>\n<p>Wiosn\u0105 1998r. ruszy\u0142y prace wyko\u0144czeniowe na basenie, ich zako\u0144czenie nie by\u0142oby mo\u017cliwe bez finansowego wsparcia rodzic\u00f3w.<\/p>\n<p>Zaj\u0119cia na basenie uczniowie mogli rozpocz\u0105\u0107 jesieni\u0105 1999r.<\/p>\n<p>W 1999r. przeniesiono Liceum Og\u00f3lnokszta\u0142c\u0105ce osobnego budynku, nr 18, w kt\u00f3rym do dzisiaj si\u0119 znajduje. Tutaj r\u00f3wnie\u017c ma siedzib\u0119 nasze Gimnazjum Niepubliczne nr 12, kt\u00f3re po reformie o\u015bwiatowej zosta\u0142o utworzone w roku 1999r.<\/p>\n<p>W 2011r. wychodz\u0105c naprzeciw oczekiwaniom rodzic\u00f3w powsta\u0142 Niepubliczny Punkt Przedszkolny &#8222;Motylkowa Akademia&#8221;.<\/p>\n<p>Bezpieczna szko\u0142a &#8211; tak m\u00f3wi\u0105 o nas rodzice uczni\u00f3w, kt\u00f3rzy do niej ucz\u0119szczaj\u0105 (wyposa\u017cenie sal lekcyjnych dostosowane do wieku uczni\u00f3w, odpowiednio zabezpieczone wyposa\u017cenie pracowni przedmiotowych, domofon,<br \/>\ndy\u017cury nauczycieli na korytarzach szkolnych).<\/p>\n<p>Absolwent\u00f3w naszych szk\u00f3\u0142 mo\u017cna spotka\u0107 w\u015br\u00f3d student\u00f3w wielu uczelni, zar\u00f3wno w kraju, jak i za granic\u0105.<\/p>\n<\/div>\n<!-- AddThis Advanced Settings generic via filter on the_content --><!-- AddThis Share Buttons generic via filter on the_content -->","protected":false},"excerpt":{"rendered":"<p>Historia szko\u0142y &#8211; 25 lat do\u015bwiadczenia Pocz\u0105tki szk\u00f3\u0142 prowadzonych przez Polskie Stowarzyszenie Promocji O\u015bwiatowych Oddzia\u0142 I si\u0119gaj\u0105 2 stycznia 1990r. Wtedy to powsta\u0142a Fundacja \u201eNowa Szko\u0142a\u201d, kt\u00f3ra by\u0142a inicjatorem powo\u0142ania Spo\u0142ecznej Szko\u0142y Podstawowej nr 13. Szko\u0142a rozpocz\u0119\u0142a swoj\u0105 dzia\u0142alno\u015b\u0107 1 wrze\u015bnia 1990r. Nauk\u0119 podj\u0119li uczniowie klas 0 \u2013 6. Warunki nauczania by\u0142y trudne, gdy\u017c baraki &hellip;<!-- AddThis Advanced Settings generic via filter on get_the_excerpt --><!-- AddThis Share Buttons generic via filter on get_the_excerpt --><\/p>\n","protected":false},"author":1,"featured_media":0,"parent":158,"menu_order":0,"comment_status":"closed","ping_status":"closed","template":"","meta":{"inline_featured_image":false,"ngg_post_thumbnail":0,"footnotes":""},"class_list":["post-520","page","type-page","status-publish","hentry"],"yoast_head":"<!-- This site is optimized with the Yoast SEO plugin v27.4 - https:\/\/yoast.com\/product\/yoast-seo-wordpress\/ -->\n<title>Historia PSPO - PSPO<\/title>\n<meta name=\"description\" content=\"Historia Polskiego Stowarzyszenia Promocji O\u015bwiatowych\" \/>\n<meta name=\"robots\" content=\"index, follow, max-snippet:-1, max-image-preview:large, max-video-preview:-1\" \/>\n<link rel=\"canonical\" href=\"https:\/\/www.pspo.edu.pl\/pspo\/o-nas\/historia-pspo\/\" \/>\n<meta property=\"og:locale\" content=\"pl_PL\" \/>\n<meta property=\"og:type\" content=\"article\" \/>\n<meta property=\"og:title\" content=\"Historia PSPO - PSPO\" \/>\n<meta property=\"og:description\" content=\"Historia Polskiego Stowarzyszenia Promocji O\u015bwiatowych\" \/>\n<meta property=\"og:url\" content=\"https:\/\/www.pspo.edu.pl\/pspo\/o-nas\/historia-pspo\/\" \/>\n<meta property=\"og:site_name\" content=\"PSPO\" \/>\n<meta property=\"article:modified_time\" content=\"2023-03-21T14:45:20+00:00\" \/>\n<meta name=\"twitter:card\" content=\"summary_large_image\" \/>\n<meta name=\"twitter:label1\" content=\"Szacowany czas czytania\" \/>\n\t<meta name=\"twitter:data1\" content=\"3 minuty\" \/>\n<script type=\"application\/ld+json\" class=\"yoast-schema-graph\">{\"@context\":\"https:\\\/\\\/schema.org\",\"@graph\":[{\"@type\":\"WebPage\",\"@id\":\"https:\\\/\\\/www.pspo.edu.pl\\\/pspo\\\/o-nas\\\/historia-pspo\\\/\",\"url\":\"https:\\\/\\\/www.pspo.edu.pl\\\/pspo\\\/o-nas\\\/historia-pspo\\\/\",\"name\":\"Historia PSPO - PSPO\",\"isPartOf\":{\"@id\":\"https:\\\/\\\/www.pspo.edu.pl\\\/pspo\\\/#website\"},\"datePublished\":\"2022-10-13T09:41:56+00:00\",\"dateModified\":\"2023-03-21T14:45:20+00:00\",\"description\":\"Historia Polskiego Stowarzyszenia Promocji O\u015bwiatowych\",\"breadcrumb\":{\"@id\":\"https:\\\/\\\/www.pspo.edu.pl\\\/pspo\\\/o-nas\\\/historia-pspo\\\/#breadcrumb\"},\"inLanguage\":\"pl-PL\",\"potentialAction\":[{\"@type\":\"ReadAction\",\"target\":[\"https:\\\/\\\/www.pspo.edu.pl\\\/pspo\\\/o-nas\\\/historia-pspo\\\/\"]}]},{\"@type\":\"BreadcrumbList\",\"@id\":\"https:\\\/\\\/www.pspo.edu.pl\\\/pspo\\\/o-nas\\\/historia-pspo\\\/#breadcrumb\",\"itemListElement\":[{\"@type\":\"ListItem\",\"position\":1,\"name\":\"Strona g\u0142\u00f3wna\",\"item\":\"https:\\\/\\\/www.pspo.edu.pl\\\/pspo\\\/\"},{\"@type\":\"ListItem\",\"position\":2,\"name\":\"O nas\",\"item\":\"https:\\\/\\\/www.pspo.edu.pl\\\/pspo\\\/o-nas\\\/\"},{\"@type\":\"ListItem\",\"position\":3,\"name\":\"Historia PSPO\"}]},{\"@type\":\"WebSite\",\"@id\":\"https:\\\/\\\/www.pspo.edu.pl\\\/pspo\\\/#website\",\"url\":\"https:\\\/\\\/www.pspo.edu.pl\\\/pspo\\\/\",\"name\":\"PSPO\",\"description\":\"Polskie Stowarzyszenie Promocji O\u015bwiatowych\",\"potentialAction\":[{\"@type\":\"SearchAction\",\"target\":{\"@type\":\"EntryPoint\",\"urlTemplate\":\"https:\\\/\\\/www.pspo.edu.pl\\\/pspo\\\/?s={search_term_string}\"},\"query-input\":{\"@type\":\"PropertyValueSpecification\",\"valueRequired\":true,\"valueName\":\"search_term_string\"}}],\"inLanguage\":\"pl-PL\"}]}<\/script>\n<!-- \/ Yoast SEO plugin. -->","yoast_head_json":{"title":"Historia PSPO - PSPO","description":"Historia Polskiego Stowarzyszenia Promocji O\u015bwiatowych","robots":{"index":"index","follow":"follow","max-snippet":"max-snippet:-1","max-image-preview":"max-image-preview:large","max-video-preview":"max-video-preview:-1"},"canonical":"https:\/\/www.pspo.edu.pl\/pspo\/o-nas\/historia-pspo\/","og_locale":"pl_PL","og_type":"article","og_title":"Historia PSPO - PSPO","og_description":"Historia Polskiego Stowarzyszenia Promocji O\u015bwiatowych","og_url":"https:\/\/www.pspo.edu.pl\/pspo\/o-nas\/historia-pspo\/","og_site_name":"PSPO","article_modified_time":"2023-03-21T14:45:20+00:00","twitter_card":"summary_large_image","twitter_misc":{"Szacowany czas czytania":"3 minuty"},"schema":{"@context":"https:\/\/schema.org","@graph":[{"@type":"WebPage","@id":"https:\/\/www.pspo.edu.pl\/pspo\/o-nas\/historia-pspo\/","url":"https:\/\/www.pspo.edu.pl\/pspo\/o-nas\/historia-pspo\/","name":"Historia PSPO - PSPO","isPartOf":{"@id":"https:\/\/www.pspo.edu.pl\/pspo\/#website"},"datePublished":"2022-10-13T09:41:56+00:00","dateModified":"2023-03-21T14:45:20+00:00","description":"Historia Polskiego Stowarzyszenia Promocji O\u015bwiatowych","breadcrumb":{"@id":"https:\/\/www.pspo.edu.pl\/pspo\/o-nas\/historia-pspo\/#breadcrumb"},"inLanguage":"pl-PL","potentialAction":[{"@type":"ReadAction","target":["https:\/\/www.pspo.edu.pl\/pspo\/o-nas\/historia-pspo\/"]}]},{"@type":"BreadcrumbList","@id":"https:\/\/www.pspo.edu.pl\/pspo\/o-nas\/historia-pspo\/#breadcrumb","itemListElement":[{"@type":"ListItem","position":1,"name":"Strona g\u0142\u00f3wna","item":"https:\/\/www.pspo.edu.pl\/pspo\/"},{"@type":"ListItem","position":2,"name":"O nas","item":"https:\/\/www.pspo.edu.pl\/pspo\/o-nas\/"},{"@type":"ListItem","position":3,"name":"Historia PSPO"}]},{"@type":"WebSite","@id":"https:\/\/www.pspo.edu.pl\/pspo\/#website","url":"https:\/\/www.pspo.edu.pl\/pspo\/","name":"PSPO","description":"Polskie Stowarzyszenie Promocji O\u015bwiatowych","potentialAction":[{"@type":"SearchAction","target":{"@type":"EntryPoint","urlTemplate":"https:\/\/www.pspo.edu.pl\/pspo\/?s={search_term_string}"},"query-input":{"@type":"PropertyValueSpecification","valueRequired":true,"valueName":"search_term_string"}}],"inLanguage":"pl-PL"}]}},"_links":{"self":[{"href":"https:\/\/www.pspo.edu.pl\/pspo\/wp-json\/wp\/v2\/pages\/520","targetHints":{"allow":["GET"]}}],"collection":[{"href":"https:\/\/www.pspo.edu.pl\/pspo\/wp-json\/wp\/v2\/pages"}],"about":[{"href":"https:\/\/www.pspo.edu.pl\/pspo\/wp-json\/wp\/v2\/types\/page"}],"author":[{"embeddable":true,"href":"https:\/\/www.pspo.edu.pl\/pspo\/wp-json\/wp\/v2\/users\/1"}],"replies":[{"embeddable":true,"href":"https:\/\/www.pspo.edu.pl\/pspo\/wp-json\/wp\/v2\/comments?post=520"}],"version-history":[{"count":4,"href":"https:\/\/www.pspo.edu.pl\/pspo\/wp-json\/wp\/v2\/pages\/520\/revisions"}],"predecessor-version":[{"id":642,"href":"https:\/\/www.pspo.edu.pl\/pspo\/wp-json\/wp\/v2\/pages\/520\/revisions\/642"}],"up":[{"embeddable":true,"href":"https:\/\/www.pspo.edu.pl\/pspo\/wp-json\/wp\/v2\/pages\/158"}],"wp:attachment":[{"href":"https:\/\/www.pspo.edu.pl\/pspo\/wp-json\/wp\/v2\/media?parent=520"}],"curies":[{"name":"wp","href":"https:\/\/api.w.org\/{rel}","templated":true}]}}