{"id":528,"date":"2022-10-13T11:44:48","date_gmt":"2022-10-13T09:44:48","guid":{"rendered":"https:\/\/webfach.vxm.pl\/pspo\/?page_id=528"},"modified":"2023-01-26T03:05:34","modified_gmt":"2023-01-26T02:05:34","slug":"dyrekcja","status":"publish","type":"page","link":"https:\/\/www.pspo.edu.pl\/pspo\/kontakt\/dyrekcja\/","title":{"rendered":"Dyrekcja"},"content":{"rendered":"<p>Pytania i uwagi do dyrekcji mo\u017cna kierowa\u0107 na adres:&nbsp;<a href=\"mailto:dyrekcja@pspo.edu.pl\">dyrekcja@pspo.edu.pl <\/a>lub bezpo\u015brednio do dyrektor\u00f3w.<\/p>\n<div class=\"clearfix\">\n<p><img decoding=\"async\" class=\"alignleft\" src=\"https:\/\/www.pspo.edu.pl\/pspo\/wp-content\/uploads\/sites\/2\/2023\/01\/image-150x150.jpeg\" alt=\"\" width=\"154\" height=\"154\"><\/p>\n<h2>Anna Wojda<\/h2>\n<p>Dyrektor Zespo\u0142u Edukacyjnego im. Lotnik\u00f3w Ameryka\u0144skich<br \/>\nDyrektor Liceum Og\u00f3lnokszta\u0142c\u0105cego Niepublicznego nr 43 z Oddzia\u0142ami Dwuj\u0119zycznymi.<br \/>\n<a href=\"mailto:anna.wojda@pspo.edu.pl\">anna.wojda@pspo.edu.pl<\/a><\/p>\n<\/div>\n<div class=\"clearfix\">\n<p><img decoding=\"async\" class=\"alignleft\" src=\"\/pspo\/wp-content\/uploads\/sites\/2\/2023\/01\/img_0930.jpg\" alt=\"\" width=\"154\" height=\"154\"><\/p>\n<h2>Romuald Kufel<\/h2>\n<p>Wicedyrektor Liceum Og\u00f3lnokszta\u0142c\u0105cego Niepublicznego nr 43 z Oddzia\u0142ami Dwuj\u0119zycznymi.<br \/>\n<a href=\"mailto:romuald.kufel@pspo.edu.pl\">romuald.kufel@pspo.edu.pl<\/a><\/p>\n<\/div>\n<div class=\"clearfix\">\n<p><img decoding=\"async\" class=\"alignleft\" src=\"http:\/\/lh3.ggpht.com\/yzr70fmJm5ci0dbRTEekHs9iflcEJ-Uc5eh46OlSCg4sFABeQ8QfHgEQH9SvIJQxPK380MPsnY_iYTU_rQ=s150\" alt=\"\" width=\"150\" height=\"150\"><\/p>\n<h2>Anna Ludwicka<\/h2>\n<p>Dyrektor Spo\u0142ecznej Szko\u0142y Podstawowej Nr 13 z Oddzia\u0142ami Dwuj\u0119zycznymi.<br \/>\n<a href=\"mailto:Anna.Ludwicka@pspo.edu.pl\">anna.ludwicka@pspo.edu.pl<\/a><\/p>\n<\/div>\n<div class=\"clearfix\">\n<p><img decoding=\"async\" class=\"alignleft\" src=\"http:\/\/lh6.ggpht.com\/GID7m0pg0GsxlJiP3d4PMS-BipmlZ1f790XeIlkZb-zlk5LLcCHzlYTcmysL1sxHS6kmsrA-kQm8SfKoRnSZ=s150\" alt=\"\" width=\"150\" height=\"150\"><\/p>\n<h2>Anna Fa\u0142dowska<\/h2>\n<p>Wicedyrektor Spo\u0142ecznej Szko\u0142y Podstawowej nr 13 z Oddzia\u0142ami Dwuj\u0119zycznymi, nauczyciel j\u0119zyka polskiego w szkole podstawowej.<br \/>\n<a href=\"mailto:anna.faldowska@pspo.edu.pl\">anna.faldowska@pspo.edu.pl<\/a><\/p>\n<\/div>\n<div class=\"clearfix\">\n<p><img decoding=\"async\" class=\"alignleft\" src=\"http:\/\/lh5.ggpht.com\/dleN5_WfKKw4MhrzJtrrb9sQTxOSeJXFozZ4EgVubv18utj3rB2ExrM4VYQ60GlGAOO3PSv2CMbunLbAiUAq=s150\" alt=\"\" width=\"150\" height=\"150\"><\/p>\n<h2>Anna Lange<\/h2>\n<p>Dyrektor Przedszkola Niepublicznego &#8222;Motylkowa Akademia&#8221; , nauczyciel kszta\u0142cenia zintegrowanego.<br \/>\n<a href=\"mailto:Anna.Lange@pspo.edu.pl\">anna.lange@pspo.edu.pl<\/a><\/p>\n<\/div>\n<div class=\"clearfix\">\n<p><img decoding=\"async\" class=\"alignleft\" src=\"http:\/\/lh5.ggpht.com\/PwbVNiNwzLS_Opzfqxma2vrK-azNpHd4J_dnFQ-8ewzupf_-2K3ON0DTsJE_r-fgOkHsUQRg54wMqmiUd8jJ=s150-c\" alt=\"\" width=\"150\" height=\"150\"><\/p>\n<h2>Agnieszka Berus<\/h2>\n<p>Dyrektor ds. Administracji i Marketingu PSPO ODDZ.I<br \/>\n<a href=\"mailto:Agnieszka.Berus@pspo.edu.pl\">agnieszka.berus@pspo.edu.pl<\/a><\/p>\n<\/div>\n<!-- AddThis Advanced Settings generic via filter on the_content --><!-- AddThis Share Buttons generic via filter on the_content -->","protected":false},"excerpt":{"rendered":"<p>Pytania i uwagi do dyrekcji mo\u017cna kierowa\u0107 na adres:&nbsp;dyrekcja@pspo.edu.pl lub bezpo\u015brednio do dyrektor\u00f3w. Anna Wojda Dyrektor Zespo\u0142u Edukacyjnego im. Lotnik\u00f3w Ameryka\u0144skich Dyrektor Liceum Og\u00f3lnokszta\u0142c\u0105cego Niepublicznego nr 43 z Oddzia\u0142ami Dwuj\u0119zycznymi. anna.wojda@pspo.edu.pl Romuald Kufel Wicedyrektor Liceum Og\u00f3lnokszta\u0142c\u0105cego Niepublicznego nr 43 z Oddzia\u0142ami Dwuj\u0119zycznymi. romuald.kufel@pspo.edu.pl Anna Ludwicka Dyrektor Spo\u0142ecznej Szko\u0142y Podstawowej Nr 13 z Oddzia\u0142ami Dwuj\u0119zycznymi. anna.ludwicka@pspo.edu.pl &hellip;<!-- AddThis Advanced Settings generic via filter on get_the_excerpt --><!-- AddThis Share Buttons generic via filter on get_the_excerpt --><\/p>\n","protected":false},"author":1,"featured_media":0,"parent":167,"menu_order":0,"comment_status":"closed","ping_status":"closed","template":"","meta":{"inline_featured_image":false,"ngg_post_thumbnail":0,"footnotes":""},"class_list":["post-528","page","type-page","status-publish","hentry"],"yoast_head":"<!-- This site is optimized with the Yoast SEO plugin v27.4 - https:\/\/yoast.com\/product\/yoast-seo-wordpress\/ -->\n<title>Dyrekcja - PSPO<\/title>\n<meta name=\"robots\" content=\"index, follow, max-snippet:-1, max-image-preview:large, max-video-preview:-1\" \/>\n<link rel=\"canonical\" href=\"https:\/\/www.pspo.edu.pl\/pspo\/kontakt\/dyrekcja\/\" \/>\n<meta property=\"og:locale\" content=\"pl_PL\" \/>\n<meta property=\"og:type\" content=\"article\" \/>\n<meta property=\"og:title\" content=\"Dyrekcja - PSPO\" \/>\n<meta property=\"og:description\" content=\"Pytania i uwagi do dyrekcji mo\u017cna kierowa\u0107 na adres:&nbsp;dyrekcja@pspo.edu.pl lub bezpo\u015brednio do dyrektor\u00f3w. Anna Wojda Dyrektor Zespo\u0142u Edukacyjnego im. Lotnik\u00f3w Ameryka\u0144skich Dyrektor Liceum Og\u00f3lnokszta\u0142c\u0105cego Niepublicznego nr 43 z Oddzia\u0142ami Dwuj\u0119zycznymi. anna.wojda@pspo.edu.pl Romuald Kufel Wicedyrektor Liceum Og\u00f3lnokszta\u0142c\u0105cego Niepublicznego nr 43 z Oddzia\u0142ami Dwuj\u0119zycznymi. romuald.kufel@pspo.edu.pl Anna Ludwicka Dyrektor Spo\u0142ecznej Szko\u0142y Podstawowej Nr 13 z Oddzia\u0142ami Dwuj\u0119zycznymi. anna.ludwicka@pspo.edu.pl &hellip;\" \/>\n<meta property=\"og:url\" content=\"https:\/\/www.pspo.edu.pl\/pspo\/kontakt\/dyrekcja\/\" \/>\n<meta property=\"og:site_name\" content=\"PSPO\" \/>\n<meta property=\"article:modified_time\" content=\"2023-01-26T02:05:34+00:00\" \/>\n<meta property=\"og:image\" content=\"https:\/\/www.pspo.edu.pl\/pspo\/wp-content\/uploads\/sites\/2\/2023\/01\/image-150x150.jpeg\" \/>\n<meta name=\"twitter:card\" content=\"summary_large_image\" \/>\n<meta name=\"twitter:label1\" content=\"Szacowany czas czytania\" \/>\n\t<meta name=\"twitter:data1\" content=\"2 minuty\" \/>\n<script type=\"application\/ld+json\" class=\"yoast-schema-graph\">{\"@context\":\"https:\\\/\\\/schema.org\",\"@graph\":[{\"@type\":\"WebPage\",\"@id\":\"https:\\\/\\\/www.pspo.edu.pl\\\/pspo\\\/kontakt\\\/dyrekcja\\\/\",\"url\":\"https:\\\/\\\/www.pspo.edu.pl\\\/pspo\\\/kontakt\\\/dyrekcja\\\/\",\"name\":\"Dyrekcja - PSPO\",\"isPartOf\":{\"@id\":\"https:\\\/\\\/www.pspo.edu.pl\\\/pspo\\\/#website\"},\"primaryImageOfPage\":{\"@id\":\"https:\\\/\\\/www.pspo.edu.pl\\\/pspo\\\/kontakt\\\/dyrekcja\\\/#primaryimage\"},\"image\":{\"@id\":\"https:\\\/\\\/www.pspo.edu.pl\\\/pspo\\\/kontakt\\\/dyrekcja\\\/#primaryimage\"},\"thumbnailUrl\":\"https:\\\/\\\/www.pspo.edu.pl\\\/pspo\\\/wp-content\\\/uploads\\\/sites\\\/2\\\/2023\\\/01\\\/image-150x150.jpeg\",\"datePublished\":\"2022-10-13T09:44:48+00:00\",\"dateModified\":\"2023-01-26T02:05:34+00:00\",\"breadcrumb\":{\"@id\":\"https:\\\/\\\/www.pspo.edu.pl\\\/pspo\\\/kontakt\\\/dyrekcja\\\/#breadcrumb\"},\"inLanguage\":\"pl-PL\",\"potentialAction\":[{\"@type\":\"ReadAction\",\"target\":[\"https:\\\/\\\/www.pspo.edu.pl\\\/pspo\\\/kontakt\\\/dyrekcja\\\/\"]}]},{\"@type\":\"ImageObject\",\"inLanguage\":\"pl-PL\",\"@id\":\"https:\\\/\\\/www.pspo.edu.pl\\\/pspo\\\/kontakt\\\/dyrekcja\\\/#primaryimage\",\"url\":\"https:\\\/\\\/www.pspo.edu.pl\\\/pspo\\\/wp-content\\\/uploads\\\/sites\\\/2\\\/2023\\\/01\\\/image.jpeg\",\"contentUrl\":\"https:\\\/\\\/www.pspo.edu.pl\\\/pspo\\\/wp-content\\\/uploads\\\/sites\\\/2\\\/2023\\\/01\\\/image.jpeg\",\"width\":1138,\"height\":1138,\"caption\":\"IMG_0018-25\"},{\"@type\":\"BreadcrumbList\",\"@id\":\"https:\\\/\\\/www.pspo.edu.pl\\\/pspo\\\/kontakt\\\/dyrekcja\\\/#breadcrumb\",\"itemListElement\":[{\"@type\":\"ListItem\",\"position\":1,\"name\":\"Strona g\u0142\u00f3wna\",\"item\":\"https:\\\/\\\/www.pspo.edu.pl\\\/pspo\\\/\"},{\"@type\":\"ListItem\",\"position\":2,\"name\":\"Kontakt\",\"item\":\"https:\\\/\\\/www.pspo.edu.pl\\\/pspo\\\/kontakt\\\/\"},{\"@type\":\"ListItem\",\"position\":3,\"name\":\"Dyrekcja\"}]},{\"@type\":\"WebSite\",\"@id\":\"https:\\\/\\\/www.pspo.edu.pl\\\/pspo\\\/#website\",\"url\":\"https:\\\/\\\/www.pspo.edu.pl\\\/pspo\\\/\",\"name\":\"PSPO\",\"description\":\"Polskie Stowarzyszenie Promocji O\u015bwiatowych\",\"potentialAction\":[{\"@type\":\"SearchAction\",\"target\":{\"@type\":\"EntryPoint\",\"urlTemplate\":\"https:\\\/\\\/www.pspo.edu.pl\\\/pspo\\\/?s={search_term_string}\"},\"query-input\":{\"@type\":\"PropertyValueSpecification\",\"valueRequired\":true,\"valueName\":\"search_term_string\"}}],\"inLanguage\":\"pl-PL\"}]}<\/script>\n<!-- \/ Yoast SEO plugin. -->","yoast_head_json":{"title":"Dyrekcja - PSPO","robots":{"index":"index","follow":"follow","max-snippet":"max-snippet:-1","max-image-preview":"max-image-preview:large","max-video-preview":"max-video-preview:-1"},"canonical":"https:\/\/www.pspo.edu.pl\/pspo\/kontakt\/dyrekcja\/","og_locale":"pl_PL","og_type":"article","og_title":"Dyrekcja - PSPO","og_description":"Pytania i uwagi do dyrekcji mo\u017cna kierowa\u0107 na adres:&nbsp;dyrekcja@pspo.edu.pl lub bezpo\u015brednio do dyrektor\u00f3w. Anna Wojda Dyrektor Zespo\u0142u Edukacyjnego im. Lotnik\u00f3w Ameryka\u0144skich Dyrektor Liceum Og\u00f3lnokszta\u0142c\u0105cego Niepublicznego nr 43 z Oddzia\u0142ami Dwuj\u0119zycznymi. anna.wojda@pspo.edu.pl Romuald Kufel Wicedyrektor Liceum Og\u00f3lnokszta\u0142c\u0105cego Niepublicznego nr 43 z Oddzia\u0142ami Dwuj\u0119zycznymi. romuald.kufel@pspo.edu.pl Anna Ludwicka Dyrektor Spo\u0142ecznej Szko\u0142y Podstawowej Nr 13 z Oddzia\u0142ami Dwuj\u0119zycznymi. anna.ludwicka@pspo.edu.pl &hellip;","og_url":"https:\/\/www.pspo.edu.pl\/pspo\/kontakt\/dyrekcja\/","og_site_name":"PSPO","article_modified_time":"2023-01-26T02:05:34+00:00","og_image":[{"url":"https:\/\/www.pspo.edu.pl\/pspo\/wp-content\/uploads\/sites\/2\/2023\/01\/image-150x150.jpeg","type":"","width":"","height":""}],"twitter_card":"summary_large_image","twitter_misc":{"Szacowany czas czytania":"2 minuty"},"schema":{"@context":"https:\/\/schema.org","@graph":[{"@type":"WebPage","@id":"https:\/\/www.pspo.edu.pl\/pspo\/kontakt\/dyrekcja\/","url":"https:\/\/www.pspo.edu.pl\/pspo\/kontakt\/dyrekcja\/","name":"Dyrekcja - PSPO","isPartOf":{"@id":"https:\/\/www.pspo.edu.pl\/pspo\/#website"},"primaryImageOfPage":{"@id":"https:\/\/www.pspo.edu.pl\/pspo\/kontakt\/dyrekcja\/#primaryimage"},"image":{"@id":"https:\/\/www.pspo.edu.pl\/pspo\/kontakt\/dyrekcja\/#primaryimage"},"thumbnailUrl":"https:\/\/www.pspo.edu.pl\/pspo\/wp-content\/uploads\/sites\/2\/2023\/01\/image-150x150.jpeg","datePublished":"2022-10-13T09:44:48+00:00","dateModified":"2023-01-26T02:05:34+00:00","breadcrumb":{"@id":"https:\/\/www.pspo.edu.pl\/pspo\/kontakt\/dyrekcja\/#breadcrumb"},"inLanguage":"pl-PL","potentialAction":[{"@type":"ReadAction","target":["https:\/\/www.pspo.edu.pl\/pspo\/kontakt\/dyrekcja\/"]}]},{"@type":"ImageObject","inLanguage":"pl-PL","@id":"https:\/\/www.pspo.edu.pl\/pspo\/kontakt\/dyrekcja\/#primaryimage","url":"https:\/\/www.pspo.edu.pl\/pspo\/wp-content\/uploads\/sites\/2\/2023\/01\/image.jpeg","contentUrl":"https:\/\/www.pspo.edu.pl\/pspo\/wp-content\/uploads\/sites\/2\/2023\/01\/image.jpeg","width":1138,"height":1138,"caption":"IMG_0018-25"},{"@type":"BreadcrumbList","@id":"https:\/\/www.pspo.edu.pl\/pspo\/kontakt\/dyrekcja\/#breadcrumb","itemListElement":[{"@type":"ListItem","position":1,"name":"Strona g\u0142\u00f3wna","item":"https:\/\/www.pspo.edu.pl\/pspo\/"},{"@type":"ListItem","position":2,"name":"Kontakt","item":"https:\/\/www.pspo.edu.pl\/pspo\/kontakt\/"},{"@type":"ListItem","position":3,"name":"Dyrekcja"}]},{"@type":"WebSite","@id":"https:\/\/www.pspo.edu.pl\/pspo\/#website","url":"https:\/\/www.pspo.edu.pl\/pspo\/","name":"PSPO","description":"Polskie Stowarzyszenie Promocji O\u015bwiatowych","potentialAction":[{"@type":"SearchAction","target":{"@type":"EntryPoint","urlTemplate":"https:\/\/www.pspo.edu.pl\/pspo\/?s={search_term_string}"},"query-input":{"@type":"PropertyValueSpecification","valueRequired":true,"valueName":"search_term_string"}}],"inLanguage":"pl-PL"}]}},"_links":{"self":[{"href":"https:\/\/www.pspo.edu.pl\/pspo\/wp-json\/wp\/v2\/pages\/528","targetHints":{"allow":["GET"]}}],"collection":[{"href":"https:\/\/www.pspo.edu.pl\/pspo\/wp-json\/wp\/v2\/pages"}],"about":[{"href":"https:\/\/www.pspo.edu.pl\/pspo\/wp-json\/wp\/v2\/types\/page"}],"author":[{"embeddable":true,"href":"https:\/\/www.pspo.edu.pl\/pspo\/wp-json\/wp\/v2\/users\/1"}],"replies":[{"embeddable":true,"href":"https:\/\/www.pspo.edu.pl\/pspo\/wp-json\/wp\/v2\/comments?post=528"}],"version-history":[{"count":15,"href":"https:\/\/www.pspo.edu.pl\/pspo\/wp-json\/wp\/v2\/pages\/528\/revisions"}],"predecessor-version":[{"id":584,"href":"https:\/\/www.pspo.edu.pl\/pspo\/wp-json\/wp\/v2\/pages\/528\/revisions\/584"}],"up":[{"embeddable":true,"href":"https:\/\/www.pspo.edu.pl\/pspo\/wp-json\/wp\/v2\/pages\/167"}],"wp:attachment":[{"href":"https:\/\/www.pspo.edu.pl\/pspo\/wp-json\/wp\/v2\/media?parent=528"}],"curies":[{"name":"wp","href":"https:\/\/api.w.org\/{rel}","templated":true}]}}