{"id":530,"date":"2022-10-13T11:45:09","date_gmt":"2022-10-13T09:45:09","guid":{"rendered":"https:\/\/webfach.vxm.pl\/pspo\/?page_id=530"},"modified":"2024-09-12T17:37:25","modified_gmt":"2024-09-12T15:37:25","slug":"administracja","status":"publish","type":"page","link":"https:\/\/www.pspo.edu.pl\/pspo\/kontakt\/administracja\/","title":{"rendered":"Administracja"},"content":{"rendered":"<h2>Administracja<\/h2>\n<p><strong>Ma\u0142gorzata Woch<\/strong><br \/>\n<a href=\"mailto:malgorzata.woch@pspo.edu.pl\">malgorzata.woch@pspo.edu.pl<\/a><\/p>\n<p>575 000 614<\/p>\n<p><strong>Katarzyna Szlaska<\/strong><br \/>\n<a href=\"mailto:katarzyna.szlaska@pspo.edu.pl\">katarzyna.szlaska@pspo.edu.pl<\/a><\/p>\n<p>451 618 823<\/p>\n<p><em><strong>Adres:\u00a0<\/strong><\/em>ul. W\u00f3ycickiego 1\/3 bud.18, 01-938 Warszawa<\/p>\n<p><em><strong>Godziny pracy:<\/strong><\/em>\u00a08:00-16:00<\/p>\n<h2><\/h2>\n<h2>Pomoc techniczna IT<\/h2>\n<p><a class=\" \" href=\"mailto:pomoc@pspo.edu.pl\">pomoc@pspo.edu.pl<\/a><\/p>\n<h2>Inspektor Ochrony Danych<\/h2>\n<p><a class=\" \" href=\"mailto:ios@pspo.edu.pl\">iod@pspo.edu.pl<\/a><\/p>\n<h2>Strona internetowa<\/h2>\n<p>Artyku\u0142y i informacje do zamieszczenia na stron\u0119 internetow\u0105 prosz\u0119 przesy\u0142a\u0107 na adres: <a href=\"mailto:redakcja@pspo.edu.pl\">redakcja@pspo.edu.pl<\/a><\/p>\n<h2>Dziennik elektroniczny<\/h2>\n<p>Pomoc techniczn\u0105 dla dziennika elektronicznego \u015bwiadczy producent.<\/p>\n<p>Telefon:\u00a032 350 85 85 wew. 6<br \/>\n<a href=\"mailto:pomoc@librus.pl\">pomoc@librus.pl<\/a><\/p>\n<!-- AddThis Advanced Settings generic via filter on the_content --><!-- AddThis Share Buttons generic via filter on the_content -->","protected":false},"excerpt":{"rendered":"<p>Administracja Ma\u0142gorzata Woch malgorzata.woch@pspo.edu.pl 575 000 614 Katarzyna Szlaska katarzyna.szlaska@pspo.edu.pl 451 618 823 Adres:\u00a0ul. W\u00f3ycickiego 1\/3 bud.18, 01-938 Warszawa Godziny pracy:\u00a08:00-16:00 Pomoc techniczna IT pomoc@pspo.edu.pl Inspektor Ochrony Danych iod@pspo.edu.pl Strona internetowa Artyku\u0142y i informacje do zamieszczenia na stron\u0119 internetow\u0105 prosz\u0119 przesy\u0142a\u0107 na adres: redakcja@pspo.edu.pl Dziennik elektroniczny Pomoc techniczn\u0105 dla dziennika elektronicznego \u015bwiadczy producent. Telefon:\u00a032 350 &hellip;<!-- AddThis Advanced Settings generic via filter on get_the_excerpt --><!-- AddThis Share Buttons generic via filter on get_the_excerpt --><\/p>\n","protected":false},"author":1,"featured_media":0,"parent":167,"menu_order":0,"comment_status":"closed","ping_status":"closed","template":"","meta":{"inline_featured_image":false,"ngg_post_thumbnail":0,"footnotes":""},"class_list":["post-530","page","type-page","status-publish","hentry"],"yoast_head":"<!-- This site is optimized with the Yoast SEO plugin v27.4 - https:\/\/yoast.com\/product\/yoast-seo-wordpress\/ -->\n<title>Administracja - PSPO<\/title>\n<meta name=\"robots\" content=\"index, follow, max-snippet:-1, max-image-preview:large, max-video-preview:-1\" \/>\n<link rel=\"canonical\" href=\"https:\/\/www.pspo.edu.pl\/pspo\/kontakt\/administracja\/\" \/>\n<meta property=\"og:locale\" content=\"pl_PL\" \/>\n<meta property=\"og:type\" content=\"article\" \/>\n<meta property=\"og:title\" content=\"Administracja - PSPO\" \/>\n<meta property=\"og:description\" content=\"Administracja Ma\u0142gorzata Woch malgorzata.woch@pspo.edu.pl 575 000 614 Katarzyna Szlaska katarzyna.szlaska@pspo.edu.pl 451 618 823 Adres:\u00a0ul. W\u00f3ycickiego 1\/3 bud.18, 01-938 Warszawa Godziny pracy:\u00a08:00-16:00 Pomoc techniczna IT pomoc@pspo.edu.pl Inspektor Ochrony Danych iod@pspo.edu.pl Strona internetowa Artyku\u0142y i informacje do zamieszczenia na stron\u0119 internetow\u0105 prosz\u0119 przesy\u0142a\u0107 na adres: redakcja@pspo.edu.pl Dziennik elektroniczny Pomoc techniczn\u0105 dla dziennika elektronicznego \u015bwiadczy producent. Telefon:\u00a032 350 &hellip;\" \/>\n<meta property=\"og:url\" content=\"https:\/\/www.pspo.edu.pl\/pspo\/kontakt\/administracja\/\" \/>\n<meta property=\"og:site_name\" content=\"PSPO\" \/>\n<meta property=\"article:modified_time\" content=\"2024-09-12T15:37:25+00:00\" \/>\n<meta name=\"twitter:card\" content=\"summary_large_image\" \/>\n<meta name=\"twitter:label1\" content=\"Szacowany czas czytania\" \/>\n\t<meta name=\"twitter:data1\" content=\"1 minuta\" \/>\n<script type=\"application\/ld+json\" class=\"yoast-schema-graph\">{\"@context\":\"https:\\\/\\\/schema.org\",\"@graph\":[{\"@type\":\"WebPage\",\"@id\":\"https:\\\/\\\/www.pspo.edu.pl\\\/pspo\\\/kontakt\\\/administracja\\\/\",\"url\":\"https:\\\/\\\/www.pspo.edu.pl\\\/pspo\\\/kontakt\\\/administracja\\\/\",\"name\":\"Administracja - PSPO\",\"isPartOf\":{\"@id\":\"https:\\\/\\\/www.pspo.edu.pl\\\/pspo\\\/#website\"},\"datePublished\":\"2022-10-13T09:45:09+00:00\",\"dateModified\":\"2024-09-12T15:37:25+00:00\",\"breadcrumb\":{\"@id\":\"https:\\\/\\\/www.pspo.edu.pl\\\/pspo\\\/kontakt\\\/administracja\\\/#breadcrumb\"},\"inLanguage\":\"pl-PL\",\"potentialAction\":[{\"@type\":\"ReadAction\",\"target\":[\"https:\\\/\\\/www.pspo.edu.pl\\\/pspo\\\/kontakt\\\/administracja\\\/\"]}]},{\"@type\":\"BreadcrumbList\",\"@id\":\"https:\\\/\\\/www.pspo.edu.pl\\\/pspo\\\/kontakt\\\/administracja\\\/#breadcrumb\",\"itemListElement\":[{\"@type\":\"ListItem\",\"position\":1,\"name\":\"Strona g\u0142\u00f3wna\",\"item\":\"https:\\\/\\\/www.pspo.edu.pl\\\/pspo\\\/\"},{\"@type\":\"ListItem\",\"position\":2,\"name\":\"Kontakt\",\"item\":\"https:\\\/\\\/www.pspo.edu.pl\\\/pspo\\\/kontakt\\\/\"},{\"@type\":\"ListItem\",\"position\":3,\"name\":\"Administracja\"}]},{\"@type\":\"WebSite\",\"@id\":\"https:\\\/\\\/www.pspo.edu.pl\\\/pspo\\\/#website\",\"url\":\"https:\\\/\\\/www.pspo.edu.pl\\\/pspo\\\/\",\"name\":\"PSPO\",\"description\":\"Polskie Stowarzyszenie Promocji O\u015bwiatowych\",\"potentialAction\":[{\"@type\":\"SearchAction\",\"target\":{\"@type\":\"EntryPoint\",\"urlTemplate\":\"https:\\\/\\\/www.pspo.edu.pl\\\/pspo\\\/?s={search_term_string}\"},\"query-input\":{\"@type\":\"PropertyValueSpecification\",\"valueRequired\":true,\"valueName\":\"search_term_string\"}}],\"inLanguage\":\"pl-PL\"}]}<\/script>\n<!-- \/ Yoast SEO plugin. -->","yoast_head_json":{"title":"Administracja - PSPO","robots":{"index":"index","follow":"follow","max-snippet":"max-snippet:-1","max-image-preview":"max-image-preview:large","max-video-preview":"max-video-preview:-1"},"canonical":"https:\/\/www.pspo.edu.pl\/pspo\/kontakt\/administracja\/","og_locale":"pl_PL","og_type":"article","og_title":"Administracja - PSPO","og_description":"Administracja Ma\u0142gorzata Woch malgorzata.woch@pspo.edu.pl 575 000 614 Katarzyna Szlaska katarzyna.szlaska@pspo.edu.pl 451 618 823 Adres:\u00a0ul. W\u00f3ycickiego 1\/3 bud.18, 01-938 Warszawa Godziny pracy:\u00a08:00-16:00 Pomoc techniczna IT pomoc@pspo.edu.pl Inspektor Ochrony Danych iod@pspo.edu.pl Strona internetowa Artyku\u0142y i informacje do zamieszczenia na stron\u0119 internetow\u0105 prosz\u0119 przesy\u0142a\u0107 na adres: redakcja@pspo.edu.pl Dziennik elektroniczny Pomoc techniczn\u0105 dla dziennika elektronicznego \u015bwiadczy producent. Telefon:\u00a032 350 &hellip;","og_url":"https:\/\/www.pspo.edu.pl\/pspo\/kontakt\/administracja\/","og_site_name":"PSPO","article_modified_time":"2024-09-12T15:37:25+00:00","twitter_card":"summary_large_image","twitter_misc":{"Szacowany czas czytania":"1 minuta"},"schema":{"@context":"https:\/\/schema.org","@graph":[{"@type":"WebPage","@id":"https:\/\/www.pspo.edu.pl\/pspo\/kontakt\/administracja\/","url":"https:\/\/www.pspo.edu.pl\/pspo\/kontakt\/administracja\/","name":"Administracja - PSPO","isPartOf":{"@id":"https:\/\/www.pspo.edu.pl\/pspo\/#website"},"datePublished":"2022-10-13T09:45:09+00:00","dateModified":"2024-09-12T15:37:25+00:00","breadcrumb":{"@id":"https:\/\/www.pspo.edu.pl\/pspo\/kontakt\/administracja\/#breadcrumb"},"inLanguage":"pl-PL","potentialAction":[{"@type":"ReadAction","target":["https:\/\/www.pspo.edu.pl\/pspo\/kontakt\/administracja\/"]}]},{"@type":"BreadcrumbList","@id":"https:\/\/www.pspo.edu.pl\/pspo\/kontakt\/administracja\/#breadcrumb","itemListElement":[{"@type":"ListItem","position":1,"name":"Strona g\u0142\u00f3wna","item":"https:\/\/www.pspo.edu.pl\/pspo\/"},{"@type":"ListItem","position":2,"name":"Kontakt","item":"https:\/\/www.pspo.edu.pl\/pspo\/kontakt\/"},{"@type":"ListItem","position":3,"name":"Administracja"}]},{"@type":"WebSite","@id":"https:\/\/www.pspo.edu.pl\/pspo\/#website","url":"https:\/\/www.pspo.edu.pl\/pspo\/","name":"PSPO","description":"Polskie Stowarzyszenie Promocji O\u015bwiatowych","potentialAction":[{"@type":"SearchAction","target":{"@type":"EntryPoint","urlTemplate":"https:\/\/www.pspo.edu.pl\/pspo\/?s={search_term_string}"},"query-input":{"@type":"PropertyValueSpecification","valueRequired":true,"valueName":"search_term_string"}}],"inLanguage":"pl-PL"}]}},"_links":{"self":[{"href":"https:\/\/www.pspo.edu.pl\/pspo\/wp-json\/wp\/v2\/pages\/530","targetHints":{"allow":["GET"]}}],"collection":[{"href":"https:\/\/www.pspo.edu.pl\/pspo\/wp-json\/wp\/v2\/pages"}],"about":[{"href":"https:\/\/www.pspo.edu.pl\/pspo\/wp-json\/wp\/v2\/types\/page"}],"author":[{"embeddable":true,"href":"https:\/\/www.pspo.edu.pl\/pspo\/wp-json\/wp\/v2\/users\/1"}],"replies":[{"embeddable":true,"href":"https:\/\/www.pspo.edu.pl\/pspo\/wp-json\/wp\/v2\/comments?post=530"}],"version-history":[{"count":14,"href":"https:\/\/www.pspo.edu.pl\/pspo\/wp-json\/wp\/v2\/pages\/530\/revisions"}],"predecessor-version":[{"id":1302,"href":"https:\/\/www.pspo.edu.pl\/pspo\/wp-json\/wp\/v2\/pages\/530\/revisions\/1302"}],"up":[{"embeddable":true,"href":"https:\/\/www.pspo.edu.pl\/pspo\/wp-json\/wp\/v2\/pages\/167"}],"wp:attachment":[{"href":"https:\/\/www.pspo.edu.pl\/pspo\/wp-json\/wp\/v2\/media?parent=530"}],"curies":[{"name":"wp","href":"https:\/\/api.w.org\/{rel}","templated":true}]}}