{"id":532,"date":"2022-10-13T11:45:29","date_gmt":"2022-10-13T09:45:29","guid":{"rendered":"https:\/\/webfach.vxm.pl\/pspo\/?page_id=532"},"modified":"2023-02-08T10:18:13","modified_gmt":"2023-02-08T09:18:13","slug":"ksiegowosc","status":"publish","type":"page","link":"https:\/\/www.pspo.edu.pl\/pspo\/kontakt\/ksiegowosc\/","title":{"rendered":"Ksi\u0119gowo\u015b\u0107"},"content":{"rendered":"<h2>Ksi\u0119gowo\u015b\u0107<\/h2>\n<p><strong>G\u0142\u00f3wny Ksi\u0119gowy<\/strong><br \/>\nMiros\u0142aw Pluta<br \/>\n<a class=\" \" href=\"https:\/\/www.pspo.edu.pl\/kontakt\/ksiegowosc\/\">finanse@pspo.edu.pl<\/a><\/p>\n<p><strong>Ksi\u0119gowa<\/strong><br \/>\nMonika Radomska<br \/>\n<a href=\"mailto:finanse@pspo.edu.pl\">finanse@pspo.edu.pl<\/a><\/p>\n<p><strong>Kadry<\/strong><br \/>\nAnna Giermasz<br \/>\n<a class=\" \" href=\"https:\/\/www.pspo.edu.pl\/kontakt\/ksiegowosc\/\">kadry@pspo.edu.pl<\/a><\/p>\n<p>ul. W\u00f3ycickiego 1\/3 bud.18<br \/>\ntel. 22 835 49 25<br \/>\ngodz. pracy: 8:00-16:00<\/p>\n<h2>Rachunek bankowy<\/h2>\n<p>ING Bank \u015al\u0105ski S.A.<br \/>\n56 1050 1025 1000 0090 3093 7313<\/p>\n<h2>Obiady i sto\u0142\u00f3wka<\/h2>\n<p>W zakresie op\u0142at za posi\u0142ki prosimy zapozna\u0107 si\u0119 z informacj\u0105 na&nbsp;podstronie sto\u0142\u00f3wki.<\/p>\n<h2>P\u0142atno\u015bci<\/h2>\n<p>P\u0142atno\u015bci nale\u017cy dokonywa\u0107 na indywidulany numer konta ucznia&nbsp;z podaniem imienia i nazwiska dziecka,<br \/>\nkwoty&nbsp;oraz wyszczeg\u00f3lnienia za co dokonywana jest wp\u0142ata:<\/p>\n<ul>\n<li>wpisowe<\/li>\n<li>czesne<\/li>\n<li>zaj\u0119cia dodatkowe<\/li>\n<li>podr\u0119czniki<\/li>\n<\/ul>\n<p>Polskie Stowarzyszenie Promocji O\u015bwiatowych Oddzia\u0142 I jest organizacj\u0105 po\u017cytku publicznego wpisan\u0105 do Krajowego Rejestru S\u0105dowego pod numerem KRS.<\/p>\n<p>KRS:&nbsp;0000050337<br \/>\nNIP 118-00-37-435<br \/>\nREGON 012100666<\/p>\n<!-- AddThis Advanced Settings generic via filter on the_content --><!-- AddThis Share Buttons generic via filter on the_content -->","protected":false},"excerpt":{"rendered":"<p>Ksi\u0119gowo\u015b\u0107 G\u0142\u00f3wny Ksi\u0119gowy Miros\u0142aw Pluta finanse@pspo.edu.pl Ksi\u0119gowa Monika Radomska finanse@pspo.edu.pl Kadry Anna Giermasz kadry@pspo.edu.pl ul. W\u00f3ycickiego 1\/3 bud.18 tel. 22 835 49 25 godz. pracy: 8:00-16:00 Rachunek bankowy ING Bank \u015al\u0105ski S.A. 56 1050 1025 1000 0090 3093 7313 Obiady i sto\u0142\u00f3wka W zakresie op\u0142at za posi\u0142ki prosimy zapozna\u0107 si\u0119 z informacj\u0105 na&nbsp;podstronie sto\u0142\u00f3wki. P\u0142atno\u015bci &hellip;<!-- AddThis Advanced Settings generic via filter on get_the_excerpt --><!-- AddThis Share Buttons generic via filter on get_the_excerpt --><\/p>\n","protected":false},"author":1,"featured_media":0,"parent":167,"menu_order":0,"comment_status":"closed","ping_status":"closed","template":"","meta":{"inline_featured_image":false,"ngg_post_thumbnail":0,"footnotes":""},"class_list":["post-532","page","type-page","status-publish","hentry"],"yoast_head":"<!-- This site is optimized with the Yoast SEO plugin v27.4 - https:\/\/yoast.com\/product\/yoast-seo-wordpress\/ -->\n<title>Ksi\u0119gowo\u015b\u0107 - PSPO<\/title>\n<meta name=\"robots\" content=\"index, follow, max-snippet:-1, max-image-preview:large, max-video-preview:-1\" \/>\n<link rel=\"canonical\" href=\"https:\/\/www.pspo.edu.pl\/pspo\/kontakt\/ksiegowosc\/\" \/>\n<meta property=\"og:locale\" content=\"pl_PL\" \/>\n<meta property=\"og:type\" content=\"article\" \/>\n<meta property=\"og:title\" content=\"Ksi\u0119gowo\u015b\u0107 - PSPO\" \/>\n<meta property=\"og:description\" content=\"Ksi\u0119gowo\u015b\u0107 G\u0142\u00f3wny Ksi\u0119gowy Miros\u0142aw Pluta finanse@pspo.edu.pl Ksi\u0119gowa Monika Radomska finanse@pspo.edu.pl Kadry Anna Giermasz kadry@pspo.edu.pl ul. W\u00f3ycickiego 1\/3 bud.18 tel. 22 835 49 25 godz. pracy: 8:00-16:00 Rachunek bankowy ING Bank \u015al\u0105ski S.A. 56 1050 1025 1000 0090 3093 7313 Obiady i sto\u0142\u00f3wka W zakresie op\u0142at za posi\u0142ki prosimy zapozna\u0107 si\u0119 z informacj\u0105 na&nbsp;podstronie sto\u0142\u00f3wki. P\u0142atno\u015bci &hellip;\" \/>\n<meta property=\"og:url\" content=\"https:\/\/www.pspo.edu.pl\/pspo\/kontakt\/ksiegowosc\/\" \/>\n<meta property=\"og:site_name\" content=\"PSPO\" \/>\n<meta property=\"article:modified_time\" content=\"2023-02-08T09:18:13+00:00\" \/>\n<meta name=\"twitter:card\" content=\"summary_large_image\" \/>\n<meta name=\"twitter:label1\" content=\"Szacowany czas czytania\" \/>\n\t<meta name=\"twitter:data1\" content=\"1 minuta\" \/>\n<script type=\"application\/ld+json\" class=\"yoast-schema-graph\">{\"@context\":\"https:\\\/\\\/schema.org\",\"@graph\":[{\"@type\":\"WebPage\",\"@id\":\"https:\\\/\\\/www.pspo.edu.pl\\\/pspo\\\/kontakt\\\/ksiegowosc\\\/\",\"url\":\"https:\\\/\\\/www.pspo.edu.pl\\\/pspo\\\/kontakt\\\/ksiegowosc\\\/\",\"name\":\"Ksi\u0119gowo\u015b\u0107 - PSPO\",\"isPartOf\":{\"@id\":\"https:\\\/\\\/www.pspo.edu.pl\\\/pspo\\\/#website\"},\"datePublished\":\"2022-10-13T09:45:29+00:00\",\"dateModified\":\"2023-02-08T09:18:13+00:00\",\"breadcrumb\":{\"@id\":\"https:\\\/\\\/www.pspo.edu.pl\\\/pspo\\\/kontakt\\\/ksiegowosc\\\/#breadcrumb\"},\"inLanguage\":\"pl-PL\",\"potentialAction\":[{\"@type\":\"ReadAction\",\"target\":[\"https:\\\/\\\/www.pspo.edu.pl\\\/pspo\\\/kontakt\\\/ksiegowosc\\\/\"]}]},{\"@type\":\"BreadcrumbList\",\"@id\":\"https:\\\/\\\/www.pspo.edu.pl\\\/pspo\\\/kontakt\\\/ksiegowosc\\\/#breadcrumb\",\"itemListElement\":[{\"@type\":\"ListItem\",\"position\":1,\"name\":\"Strona g\u0142\u00f3wna\",\"item\":\"https:\\\/\\\/www.pspo.edu.pl\\\/pspo\\\/\"},{\"@type\":\"ListItem\",\"position\":2,\"name\":\"Kontakt\",\"item\":\"https:\\\/\\\/www.pspo.edu.pl\\\/pspo\\\/kontakt\\\/\"},{\"@type\":\"ListItem\",\"position\":3,\"name\":\"Ksi\u0119gowo\u015b\u0107\"}]},{\"@type\":\"WebSite\",\"@id\":\"https:\\\/\\\/www.pspo.edu.pl\\\/pspo\\\/#website\",\"url\":\"https:\\\/\\\/www.pspo.edu.pl\\\/pspo\\\/\",\"name\":\"PSPO\",\"description\":\"Polskie Stowarzyszenie Promocji O\u015bwiatowych\",\"potentialAction\":[{\"@type\":\"SearchAction\",\"target\":{\"@type\":\"EntryPoint\",\"urlTemplate\":\"https:\\\/\\\/www.pspo.edu.pl\\\/pspo\\\/?s={search_term_string}\"},\"query-input\":{\"@type\":\"PropertyValueSpecification\",\"valueRequired\":true,\"valueName\":\"search_term_string\"}}],\"inLanguage\":\"pl-PL\"}]}<\/script>\n<!-- \/ Yoast SEO plugin. -->","yoast_head_json":{"title":"Ksi\u0119gowo\u015b\u0107 - PSPO","robots":{"index":"index","follow":"follow","max-snippet":"max-snippet:-1","max-image-preview":"max-image-preview:large","max-video-preview":"max-video-preview:-1"},"canonical":"https:\/\/www.pspo.edu.pl\/pspo\/kontakt\/ksiegowosc\/","og_locale":"pl_PL","og_type":"article","og_title":"Ksi\u0119gowo\u015b\u0107 - PSPO","og_description":"Ksi\u0119gowo\u015b\u0107 G\u0142\u00f3wny Ksi\u0119gowy Miros\u0142aw Pluta finanse@pspo.edu.pl Ksi\u0119gowa Monika Radomska finanse@pspo.edu.pl Kadry Anna Giermasz kadry@pspo.edu.pl ul. W\u00f3ycickiego 1\/3 bud.18 tel. 22 835 49 25 godz. pracy: 8:00-16:00 Rachunek bankowy ING Bank \u015al\u0105ski S.A. 56 1050 1025 1000 0090 3093 7313 Obiady i sto\u0142\u00f3wka W zakresie op\u0142at za posi\u0142ki prosimy zapozna\u0107 si\u0119 z informacj\u0105 na&nbsp;podstronie sto\u0142\u00f3wki. P\u0142atno\u015bci &hellip;","og_url":"https:\/\/www.pspo.edu.pl\/pspo\/kontakt\/ksiegowosc\/","og_site_name":"PSPO","article_modified_time":"2023-02-08T09:18:13+00:00","twitter_card":"summary_large_image","twitter_misc":{"Szacowany czas czytania":"1 minuta"},"schema":{"@context":"https:\/\/schema.org","@graph":[{"@type":"WebPage","@id":"https:\/\/www.pspo.edu.pl\/pspo\/kontakt\/ksiegowosc\/","url":"https:\/\/www.pspo.edu.pl\/pspo\/kontakt\/ksiegowosc\/","name":"Ksi\u0119gowo\u015b\u0107 - PSPO","isPartOf":{"@id":"https:\/\/www.pspo.edu.pl\/pspo\/#website"},"datePublished":"2022-10-13T09:45:29+00:00","dateModified":"2023-02-08T09:18:13+00:00","breadcrumb":{"@id":"https:\/\/www.pspo.edu.pl\/pspo\/kontakt\/ksiegowosc\/#breadcrumb"},"inLanguage":"pl-PL","potentialAction":[{"@type":"ReadAction","target":["https:\/\/www.pspo.edu.pl\/pspo\/kontakt\/ksiegowosc\/"]}]},{"@type":"BreadcrumbList","@id":"https:\/\/www.pspo.edu.pl\/pspo\/kontakt\/ksiegowosc\/#breadcrumb","itemListElement":[{"@type":"ListItem","position":1,"name":"Strona g\u0142\u00f3wna","item":"https:\/\/www.pspo.edu.pl\/pspo\/"},{"@type":"ListItem","position":2,"name":"Kontakt","item":"https:\/\/www.pspo.edu.pl\/pspo\/kontakt\/"},{"@type":"ListItem","position":3,"name":"Ksi\u0119gowo\u015b\u0107"}]},{"@type":"WebSite","@id":"https:\/\/www.pspo.edu.pl\/pspo\/#website","url":"https:\/\/www.pspo.edu.pl\/pspo\/","name":"PSPO","description":"Polskie Stowarzyszenie Promocji O\u015bwiatowych","potentialAction":[{"@type":"SearchAction","target":{"@type":"EntryPoint","urlTemplate":"https:\/\/www.pspo.edu.pl\/pspo\/?s={search_term_string}"},"query-input":{"@type":"PropertyValueSpecification","valueRequired":true,"valueName":"search_term_string"}}],"inLanguage":"pl-PL"}]}},"_links":{"self":[{"href":"https:\/\/www.pspo.edu.pl\/pspo\/wp-json\/wp\/v2\/pages\/532","targetHints":{"allow":["GET"]}}],"collection":[{"href":"https:\/\/www.pspo.edu.pl\/pspo\/wp-json\/wp\/v2\/pages"}],"about":[{"href":"https:\/\/www.pspo.edu.pl\/pspo\/wp-json\/wp\/v2\/types\/page"}],"author":[{"embeddable":true,"href":"https:\/\/www.pspo.edu.pl\/pspo\/wp-json\/wp\/v2\/users\/1"}],"replies":[{"embeddable":true,"href":"https:\/\/www.pspo.edu.pl\/pspo\/wp-json\/wp\/v2\/comments?post=532"}],"version-history":[{"count":7,"href":"https:\/\/www.pspo.edu.pl\/pspo\/wp-json\/wp\/v2\/pages\/532\/revisions"}],"predecessor-version":[{"id":959,"href":"https:\/\/www.pspo.edu.pl\/pspo\/wp-json\/wp\/v2\/pages\/532\/revisions\/959"}],"up":[{"embeddable":true,"href":"https:\/\/www.pspo.edu.pl\/pspo\/wp-json\/wp\/v2\/pages\/167"}],"wp:attachment":[{"href":"https:\/\/www.pspo.edu.pl\/pspo\/wp-json\/wp\/v2\/media?parent=532"}],"curies":[{"name":"wp","href":"https:\/\/api.w.org\/{rel}","templated":true}]}}