{"id":852,"date":"2022-11-10T00:09:24","date_gmt":"2022-11-09T23:09:24","guid":{"rendered":"https:\/\/webfach.vxm.pl\/pspo\/?page_id=852"},"modified":"2022-11-10T17:51:34","modified_gmt":"2022-11-10T16:51:34","slug":"akademia-talentow","status":"publish","type":"page","link":"https:\/\/www.pspo.edu.pl\/pspo\/o-nas\/rozwoj-indywidualny\/akademia-talentow\/","title":{"rendered":"Akademia Talent\u00f3w"},"content":{"rendered":"<p><a href=\"https:\/\/www.pspo.edu.pl\/pspo\/wp-content\/uploads\/sites\/2\/2022\/11\/talent.jpg__897x598_q85_crop_subsampling-2_upscale.jpg\"><img decoding=\"async\" class=\"alignleft wp-image-855 size-medium\" src=\"https:\/\/www.pspo.edu.pl\/pspo\/wp-content\/uploads\/sites\/2\/2022\/11\/talent.jpg__897x598_q85_crop_subsampling-2_upscale-300x200.jpg\" alt=\"\" width=\"300\" height=\"200\" srcset=\"https:\/\/www.pspo.edu.pl\/pspo\/wp-content\/uploads\/sites\/2\/2022\/11\/talent.jpg__897x598_q85_crop_subsampling-2_upscale-300x200.jpg 300w, https:\/\/www.pspo.edu.pl\/pspo\/wp-content\/uploads\/sites\/2\/2022\/11\/talent.jpg__897x598_q85_crop_subsampling-2_upscale-768x512.jpg 768w, https:\/\/www.pspo.edu.pl\/pspo\/wp-content\/uploads\/sites\/2\/2022\/11\/talent.jpg__897x598_q85_crop_subsampling-2_upscale.jpg 897w\" sizes=\"(max-width: 300px) 100vw, 300px\" \/><\/a><strong>\u201eAkademia Talent\u00f3w\u201d, czyli aktywne wsparcie rozwoju uzdolnie\u0144 w naszych szko\u0142ach<\/strong><br \/>\n\u201eAkademia Talent\u00f3w\u201d to autorski program wspierania uzdolnie\u0144, jaki realizujemy w naszych szko\u0142ach. Wykorzystujemy w nim nasze wieloletnie do\u015bwiadczenia we wspieraniu uzdolnie\u0144, a tak\u017ce wnioski z ewaluacji programu \u201eWars i Sawa\u201d, kt\u00f3ry realizowany by\u0142 w naszym gimnazjum w ci\u0105gu ostatnich trzech lat.<br \/>\nJaka wizja przy\u015bwieca programowi? Chcemy, by nasi uczniowie:<\/p>\n<ul>\n<li>byli otwarci i ciekawi,<\/li>\n<li>pragn\u0119li eksperymentowa\u0107,<\/li>\n<li>nie bali si\u0119 wieloznaczno\u015bci obserwowanych zjawisk,<\/li>\n<li>byli \u015bwiadomi swoich mocnych stron,<\/li>\n<li>z pasj\u0105 podchodzili do ka\u017cdego zadania i problemu, a tak\u017ce czerpali przyjemno\u015b\u0107 z pracy i z nauki przez ca\u0142e \u017cycie (zgodnie z ide\u0105 life-long learning).<\/li>\n<\/ul>\n<p>Cech\u0105 wyr\u00f3\u017cniaj\u0105c\u0105 programu b\u0119dzie spos\u00f3b doj\u015bcia do takiego stanu. Chcemy dzia\u0142a\u0107 dwutorowo: <strong>z jednej strony<\/strong> b\u0119dziemy wspiera\u0107 tak zwanych \u201eolimpijczyk\u00f3w\u201d, czyli rozpoznawa\u0107 wybitne osi\u0105gni\u0119cia uczni\u00f3w i oferowa\u0107 im indywidualne wsparcie tutorskie, a <strong>z drugiej strony<\/strong> za pomoc\u0105 warsztat\u00f3w i r\u00f3\u017cnorodnych dzia\u0142a\u0144 dodatkowych postaramy si\u0119 pom\u00f3c ka\u017cdemu uczniowi rozpozna\u0107 w\u0142asne mocne strony i rozwija\u0107 si\u0119 zgodnie z w\u0142asnymi predyspozycjami.<\/p>\n<p><a href=\"https:\/\/www.pspo.edu.pl\/pspo\/wp-content\/uploads\/sites\/2\/2022\/11\/beztytulu.jpg__649x245_q85_subsampling-2_upscale.jpg\"><img decoding=\"async\" class=\"aligncenter size-full wp-image-860\" src=\"https:\/\/www.pspo.edu.pl\/pspo\/wp-content\/uploads\/sites\/2\/2022\/11\/beztytulu.jpg__649x245_q85_subsampling-2_upscale.jpg\" alt=\"\" width=\"647\" height=\"245\" srcset=\"https:\/\/www.pspo.edu.pl\/pspo\/wp-content\/uploads\/sites\/2\/2022\/11\/beztytulu.jpg__649x245_q85_subsampling-2_upscale.jpg 647w, https:\/\/www.pspo.edu.pl\/pspo\/wp-content\/uploads\/sites\/2\/2022\/11\/beztytulu.jpg__649x245_q85_subsampling-2_upscale-300x114.jpg 300w\" sizes=\"(max-width: 647px) 100vw, 647px\" \/><\/a><\/p>\n<p>Program skierowany jest do uczni\u00f3w klas si\u00f3dmych i \u00f3smych i licealist\u00f3w. Na pocz\u0105tku roku skupiamy si\u0119 na wytypowaniu uczni\u00f3w wybitnie uzdolnionych i wdro\u017ceniu ich do pracy w relacji tutorskiej (w ramach \u201eKu\u017ani Talent\u00f3w\u201d). Dla pozosta\u0142ych uczni\u00f3w przygotowana zostaje (co roku aktualizowana) bogata oferta k\u00f3\u0142 zainteresowa\u0144, warsztaty tematyczne, imprezy promuj\u0105ce talenty i zainteresowania oraz zaj\u0119cia z doradc\u0105 zawodowym. Co roku zmieniaj\u0105 si\u0119 te\u017c projekty realizowane w klasach: za nami cykl spotka\u0144 \u201eKim b\u0119d\u0119 w przysz\u0142o\u015bci?\u201d, aktualnie zaczynamy realizacj\u0119 serii \u201eNasze pasje podczas godzin wychowawczych\u201d. Skupiamy si\u0119 tak\u017ce na tym, by nauczy\u0107 uczni\u00f3w skutecznego uczenia si\u0119 &#8211; oczywi\u015bcie z wykorzystaniem wiedzy o w\u0142asnych mocnych stronach.<\/p>\n<p>Liceali\u015bci maj\u0105 skupi\u0107 si\u0119 g\u0142\u00f3wnie na zdobyciu umiej\u0119tno\u015bci zarz\u0105dzania w\u0142asnymi talentami i efektywnej organizacji w\u0142asnego czasu, by indywidualne uzdolnienia przydawa\u0142y si\u0119 w planowaniu \u017cyciowej drogi \u2013 nie tylko zawodowej. Sami wybior\u0105 oni tematyk\u0119 warsztat\u00f3w. Podczas spotka\u0144 z tutorami pracuj\u0105 oni nad realizacj\u0105 w\u0142asnych cel\u00f3w. Zadbamy te\u017c o warto\u015bciowe spotkania z inspiruj\u0105cymi lud\u017ami.<\/p>\n<p>Program to nie wy\u0142\u0105cznie dzia\u0142ania skupione na uczniach \u2013 nie zapomnieli\u015bmy o tak wa\u017cnych \u201eogniwach procesu edukacyjnego\u201d, jakimi s\u0105 rodzice i nauczyciele. Spotkania ze specjalistami, warsztaty, dzielenie si\u0119 ciekaw\u0105 literatur\u0105, wsp\u00f3\u0142praca w organizacji imprez promuj\u0105cych talenty naszych uczni\u00f3w \u2013 to tylko niekt\u00f3re z dzia\u0142a\u0144, jakie zaoferujemy doros\u0142ym zaanga\u017cowanym we wspieranie uzdolnie\u0144 dzieci.<\/p>\n<p><em>Tom Peters<\/em> &#8211; ameryka\u0144ski pisarz i specjalista od zarz\u0105dzania napisa\u0142: <em>Nie ma \u017cadnego usprawiedliwienia, by nie sta\u0107 si\u0119 wielkim<\/em> &#8211; te s\u0142owa k\u0142ad\u0105 nacisk na indywidualny wysi\u0142ek w podejmowaniu wielkich wyzwa\u0144. Dzia\u0142ania wpisane w program Akademia Talent\u00f3w zach\u0119caj\u0105 dzieci i m\u0142odzie\u017c do podejmowania takich zada\u0144, a jednocze\u015bnie podkre\u015blaj\u0105, jak wa\u017cna jest przyjazna i wspieraj\u0105ca obecno\u015b\u0107 doros\u0142ego. Przewodnika, kt\u00f3ry umiej\u0119tnie takie wyzwania stawia, ale te\u017c pozwala na z\u0142apanie oddechu w trudnej walce o w\u0142asn\u0105 wielko\u015b\u0107.<\/p>\n<!-- AddThis Advanced Settings generic via filter on the_content --><!-- AddThis Share Buttons generic via filter on the_content -->","protected":false},"excerpt":{"rendered":"<p>\u201eAkademia Talent\u00f3w\u201d, czyli aktywne wsparcie rozwoju uzdolnie\u0144 w naszych szko\u0142ach \u201eAkademia Talent\u00f3w\u201d to autorski program wspierania uzdolnie\u0144, jaki realizujemy w naszych szko\u0142ach. Wykorzystujemy w nim nasze wieloletnie do\u015bwiadczenia we wspieraniu uzdolnie\u0144, a tak\u017ce wnioski z ewaluacji programu \u201eWars i Sawa\u201d, kt\u00f3ry realizowany by\u0142 w naszym gimnazjum w ci\u0105gu ostatnich trzech lat. Jaka wizja przy\u015bwieca programowi? &hellip;<!-- AddThis Advanced Settings generic via filter on get_the_excerpt --><!-- AddThis Share Buttons generic via filter on get_the_excerpt --><\/p>\n","protected":false},"author":1,"featured_media":0,"parent":509,"menu_order":0,"comment_status":"closed","ping_status":"closed","template":"","meta":{"inline_featured_image":false,"ngg_post_thumbnail":0,"footnotes":""},"class_list":["post-852","page","type-page","status-publish","hentry"],"yoast_head":"<!-- This site is optimized with the Yoast SEO plugin v27.4 - https:\/\/yoast.com\/product\/yoast-seo-wordpress\/ -->\n<title>Akademia Talent\u00f3w - PSPO<\/title>\n<meta name=\"robots\" content=\"index, follow, max-snippet:-1, max-image-preview:large, max-video-preview:-1\" \/>\n<link rel=\"canonical\" href=\"https:\/\/www.pspo.edu.pl\/pspo\/o-nas\/rozwoj-indywidualny\/akademia-talentow\/\" \/>\n<meta property=\"og:locale\" content=\"pl_PL\" \/>\n<meta property=\"og:type\" content=\"article\" \/>\n<meta property=\"og:title\" content=\"Akademia Talent\u00f3w - PSPO\" \/>\n<meta property=\"og:description\" content=\"\u201eAkademia Talent\u00f3w\u201d, czyli aktywne wsparcie rozwoju uzdolnie\u0144 w naszych szko\u0142ach \u201eAkademia Talent\u00f3w\u201d to autorski program wspierania uzdolnie\u0144, jaki realizujemy w naszych szko\u0142ach. Wykorzystujemy w nim nasze wieloletnie do\u015bwiadczenia we wspieraniu uzdolnie\u0144, a tak\u017ce wnioski z ewaluacji programu \u201eWars i Sawa\u201d, kt\u00f3ry realizowany by\u0142 w naszym gimnazjum w ci\u0105gu ostatnich trzech lat. Jaka wizja przy\u015bwieca programowi? &hellip;\" \/>\n<meta property=\"og:url\" content=\"https:\/\/www.pspo.edu.pl\/pspo\/o-nas\/rozwoj-indywidualny\/akademia-talentow\/\" \/>\n<meta property=\"og:site_name\" content=\"PSPO\" \/>\n<meta property=\"article:modified_time\" content=\"2022-11-10T16:51:34+00:00\" \/>\n<meta property=\"og:image\" content=\"https:\/\/www.pspo.edu.pl\/pspo\/wp-content\/uploads\/sites\/2\/2022\/11\/talent.jpg__897x598_q85_crop_subsampling-2_upscale-300x200.jpg\" \/>\n<meta name=\"twitter:card\" content=\"summary_large_image\" \/>\n<meta name=\"twitter:label1\" content=\"Szacowany czas czytania\" \/>\n\t<meta name=\"twitter:data1\" content=\"4 minuty\" \/>\n<script type=\"application\/ld+json\" class=\"yoast-schema-graph\">{\"@context\":\"https:\\\/\\\/schema.org\",\"@graph\":[{\"@type\":\"WebPage\",\"@id\":\"https:\\\/\\\/www.pspo.edu.pl\\\/pspo\\\/o-nas\\\/rozwoj-indywidualny\\\/akademia-talentow\\\/\",\"url\":\"https:\\\/\\\/www.pspo.edu.pl\\\/pspo\\\/o-nas\\\/rozwoj-indywidualny\\\/akademia-talentow\\\/\",\"name\":\"Akademia Talent\u00f3w - PSPO\",\"isPartOf\":{\"@id\":\"https:\\\/\\\/www.pspo.edu.pl\\\/pspo\\\/#website\"},\"primaryImageOfPage\":{\"@id\":\"https:\\\/\\\/www.pspo.edu.pl\\\/pspo\\\/o-nas\\\/rozwoj-indywidualny\\\/akademia-talentow\\\/#primaryimage\"},\"image\":{\"@id\":\"https:\\\/\\\/www.pspo.edu.pl\\\/pspo\\\/o-nas\\\/rozwoj-indywidualny\\\/akademia-talentow\\\/#primaryimage\"},\"thumbnailUrl\":\"https:\\\/\\\/www.pspo.edu.pl\\\/pspo\\\/wp-content\\\/uploads\\\/sites\\\/2\\\/2022\\\/11\\\/talent.jpg__897x598_q85_crop_subsampling-2_upscale-300x200.jpg\",\"datePublished\":\"2022-11-09T23:09:24+00:00\",\"dateModified\":\"2022-11-10T16:51:34+00:00\",\"breadcrumb\":{\"@id\":\"https:\\\/\\\/www.pspo.edu.pl\\\/pspo\\\/o-nas\\\/rozwoj-indywidualny\\\/akademia-talentow\\\/#breadcrumb\"},\"inLanguage\":\"pl-PL\",\"potentialAction\":[{\"@type\":\"ReadAction\",\"target\":[\"https:\\\/\\\/www.pspo.edu.pl\\\/pspo\\\/o-nas\\\/rozwoj-indywidualny\\\/akademia-talentow\\\/\"]}]},{\"@type\":\"ImageObject\",\"inLanguage\":\"pl-PL\",\"@id\":\"https:\\\/\\\/www.pspo.edu.pl\\\/pspo\\\/o-nas\\\/rozwoj-indywidualny\\\/akademia-talentow\\\/#primaryimage\",\"url\":\"https:\\\/\\\/www.pspo.edu.pl\\\/pspo\\\/wp-content\\\/uploads\\\/sites\\\/2\\\/2022\\\/11\\\/talent.jpg__897x598_q85_crop_subsampling-2_upscale.jpg\",\"contentUrl\":\"https:\\\/\\\/www.pspo.edu.pl\\\/pspo\\\/wp-content\\\/uploads\\\/sites\\\/2\\\/2022\\\/11\\\/talent.jpg__897x598_q85_crop_subsampling-2_upscale.jpg\",\"width\":897,\"height\":598},{\"@type\":\"BreadcrumbList\",\"@id\":\"https:\\\/\\\/www.pspo.edu.pl\\\/pspo\\\/o-nas\\\/rozwoj-indywidualny\\\/akademia-talentow\\\/#breadcrumb\",\"itemListElement\":[{\"@type\":\"ListItem\",\"position\":1,\"name\":\"Strona g\u0142\u00f3wna\",\"item\":\"https:\\\/\\\/www.pspo.edu.pl\\\/pspo\\\/\"},{\"@type\":\"ListItem\",\"position\":2,\"name\":\"O nas\",\"item\":\"https:\\\/\\\/www.pspo.edu.pl\\\/pspo\\\/o-nas\\\/\"},{\"@type\":\"ListItem\",\"position\":3,\"name\":\"Rozw\u00f3j indywidualny\",\"item\":\"https:\\\/\\\/www.pspo.edu.pl\\\/pspo\\\/o-nas\\\/rozwoj-indywidualny\\\/\"},{\"@type\":\"ListItem\",\"position\":4,\"name\":\"Akademia Talent\u00f3w\"}]},{\"@type\":\"WebSite\",\"@id\":\"https:\\\/\\\/www.pspo.edu.pl\\\/pspo\\\/#website\",\"url\":\"https:\\\/\\\/www.pspo.edu.pl\\\/pspo\\\/\",\"name\":\"PSPO\",\"description\":\"Polskie Stowarzyszenie Promocji O\u015bwiatowych\",\"potentialAction\":[{\"@type\":\"SearchAction\",\"target\":{\"@type\":\"EntryPoint\",\"urlTemplate\":\"https:\\\/\\\/www.pspo.edu.pl\\\/pspo\\\/?s={search_term_string}\"},\"query-input\":{\"@type\":\"PropertyValueSpecification\",\"valueRequired\":true,\"valueName\":\"search_term_string\"}}],\"inLanguage\":\"pl-PL\"}]}<\/script>\n<!-- \/ Yoast SEO plugin. -->","yoast_head_json":{"title":"Akademia Talent\u00f3w - PSPO","robots":{"index":"index","follow":"follow","max-snippet":"max-snippet:-1","max-image-preview":"max-image-preview:large","max-video-preview":"max-video-preview:-1"},"canonical":"https:\/\/www.pspo.edu.pl\/pspo\/o-nas\/rozwoj-indywidualny\/akademia-talentow\/","og_locale":"pl_PL","og_type":"article","og_title":"Akademia Talent\u00f3w - PSPO","og_description":"\u201eAkademia Talent\u00f3w\u201d, czyli aktywne wsparcie rozwoju uzdolnie\u0144 w naszych szko\u0142ach \u201eAkademia Talent\u00f3w\u201d to autorski program wspierania uzdolnie\u0144, jaki realizujemy w naszych szko\u0142ach. Wykorzystujemy w nim nasze wieloletnie do\u015bwiadczenia we wspieraniu uzdolnie\u0144, a tak\u017ce wnioski z ewaluacji programu \u201eWars i Sawa\u201d, kt\u00f3ry realizowany by\u0142 w naszym gimnazjum w ci\u0105gu ostatnich trzech lat. Jaka wizja przy\u015bwieca programowi? &hellip;","og_url":"https:\/\/www.pspo.edu.pl\/pspo\/o-nas\/rozwoj-indywidualny\/akademia-talentow\/","og_site_name":"PSPO","article_modified_time":"2022-11-10T16:51:34+00:00","og_image":[{"url":"https:\/\/www.pspo.edu.pl\/pspo\/wp-content\/uploads\/sites\/2\/2022\/11\/talent.jpg__897x598_q85_crop_subsampling-2_upscale-300x200.jpg","type":"","width":"","height":""}],"twitter_card":"summary_large_image","twitter_misc":{"Szacowany czas czytania":"4 minuty"},"schema":{"@context":"https:\/\/schema.org","@graph":[{"@type":"WebPage","@id":"https:\/\/www.pspo.edu.pl\/pspo\/o-nas\/rozwoj-indywidualny\/akademia-talentow\/","url":"https:\/\/www.pspo.edu.pl\/pspo\/o-nas\/rozwoj-indywidualny\/akademia-talentow\/","name":"Akademia Talent\u00f3w - PSPO","isPartOf":{"@id":"https:\/\/www.pspo.edu.pl\/pspo\/#website"},"primaryImageOfPage":{"@id":"https:\/\/www.pspo.edu.pl\/pspo\/o-nas\/rozwoj-indywidualny\/akademia-talentow\/#primaryimage"},"image":{"@id":"https:\/\/www.pspo.edu.pl\/pspo\/o-nas\/rozwoj-indywidualny\/akademia-talentow\/#primaryimage"},"thumbnailUrl":"https:\/\/www.pspo.edu.pl\/pspo\/wp-content\/uploads\/sites\/2\/2022\/11\/talent.jpg__897x598_q85_crop_subsampling-2_upscale-300x200.jpg","datePublished":"2022-11-09T23:09:24+00:00","dateModified":"2022-11-10T16:51:34+00:00","breadcrumb":{"@id":"https:\/\/www.pspo.edu.pl\/pspo\/o-nas\/rozwoj-indywidualny\/akademia-talentow\/#breadcrumb"},"inLanguage":"pl-PL","potentialAction":[{"@type":"ReadAction","target":["https:\/\/www.pspo.edu.pl\/pspo\/o-nas\/rozwoj-indywidualny\/akademia-talentow\/"]}]},{"@type":"ImageObject","inLanguage":"pl-PL","@id":"https:\/\/www.pspo.edu.pl\/pspo\/o-nas\/rozwoj-indywidualny\/akademia-talentow\/#primaryimage","url":"https:\/\/www.pspo.edu.pl\/pspo\/wp-content\/uploads\/sites\/2\/2022\/11\/talent.jpg__897x598_q85_crop_subsampling-2_upscale.jpg","contentUrl":"https:\/\/www.pspo.edu.pl\/pspo\/wp-content\/uploads\/sites\/2\/2022\/11\/talent.jpg__897x598_q85_crop_subsampling-2_upscale.jpg","width":897,"height":598},{"@type":"BreadcrumbList","@id":"https:\/\/www.pspo.edu.pl\/pspo\/o-nas\/rozwoj-indywidualny\/akademia-talentow\/#breadcrumb","itemListElement":[{"@type":"ListItem","position":1,"name":"Strona g\u0142\u00f3wna","item":"https:\/\/www.pspo.edu.pl\/pspo\/"},{"@type":"ListItem","position":2,"name":"O nas","item":"https:\/\/www.pspo.edu.pl\/pspo\/o-nas\/"},{"@type":"ListItem","position":3,"name":"Rozw\u00f3j indywidualny","item":"https:\/\/www.pspo.edu.pl\/pspo\/o-nas\/rozwoj-indywidualny\/"},{"@type":"ListItem","position":4,"name":"Akademia Talent\u00f3w"}]},{"@type":"WebSite","@id":"https:\/\/www.pspo.edu.pl\/pspo\/#website","url":"https:\/\/www.pspo.edu.pl\/pspo\/","name":"PSPO","description":"Polskie Stowarzyszenie Promocji O\u015bwiatowych","potentialAction":[{"@type":"SearchAction","target":{"@type":"EntryPoint","urlTemplate":"https:\/\/www.pspo.edu.pl\/pspo\/?s={search_term_string}"},"query-input":{"@type":"PropertyValueSpecification","valueRequired":true,"valueName":"search_term_string"}}],"inLanguage":"pl-PL"}]}},"_links":{"self":[{"href":"https:\/\/www.pspo.edu.pl\/pspo\/wp-json\/wp\/v2\/pages\/852","targetHints":{"allow":["GET"]}}],"collection":[{"href":"https:\/\/www.pspo.edu.pl\/pspo\/wp-json\/wp\/v2\/pages"}],"about":[{"href":"https:\/\/www.pspo.edu.pl\/pspo\/wp-json\/wp\/v2\/types\/page"}],"author":[{"embeddable":true,"href":"https:\/\/www.pspo.edu.pl\/pspo\/wp-json\/wp\/v2\/users\/1"}],"replies":[{"embeddable":true,"href":"https:\/\/www.pspo.edu.pl\/pspo\/wp-json\/wp\/v2\/comments?post=852"}],"version-history":[{"count":7,"href":"https:\/\/www.pspo.edu.pl\/pspo\/wp-json\/wp\/v2\/pages\/852\/revisions"}],"predecessor-version":[{"id":864,"href":"https:\/\/www.pspo.edu.pl\/pspo\/wp-json\/wp\/v2\/pages\/852\/revisions\/864"}],"up":[{"embeddable":true,"href":"https:\/\/www.pspo.edu.pl\/pspo\/wp-json\/wp\/v2\/pages\/509"}],"wp:attachment":[{"href":"https:\/\/www.pspo.edu.pl\/pspo\/wp-json\/wp\/v2\/media?parent=852"}],"curies":[{"name":"wp","href":"https:\/\/api.w.org\/{rel}","templated":true}]}}